{"id":4003,"date":"2026-03-10T09:27:53","date_gmt":"2026-03-10T08:27:53","guid":{"rendered":"https:\/\/destination-commingespyrenees.prep.faire-savoir.eu\/turismo-sostenible\/un-museo-al-aire-libre\/"},"modified":"2026-04-22T09:14:38","modified_gmt":"2026-04-22T07:14:38","slug":"un-museo-al-aire-libre","status":"publish","type":"page","link":"https:\/\/destination-commingespyrenees.prep.faire-savoir.eu\/es\/turismo-sostenible\/las-experiencias\/un-museo-al-aire-libre\/","title":{"rendered":"Un museo al aire libre"},"content":{"rendered":"\n<section class=\"wp-block-cover alignfull is-light pattern-hero-section\"><img loading=\"lazy\" decoding=\"async\" width=\"1600\" height=\"900\" class=\"wp-block-cover__image-background wp-image-1448 size-full\" alt=\"Un mus\u00e9e \u00e0 ciel ouvert.\nOrchid\u00e9e \" src=\"https:\/\/destination-commingespyrenees.prep.faire-savoir.eu\/wp-content\/uploads\/2026\/03\/orchidee-sauvage-solamoure-1600x900-1.jpg\" data-object-fit=\"cover\" srcset=\"https:\/\/destination-commingespyrenees.prep.faire-savoir.eu\/wp-content\/uploads\/2026\/03\/orchidee-sauvage-solamoure-1600x900-1.jpg 1600w, https:\/\/destination-commingespyrenees.prep.faire-savoir.eu\/wp-content\/uploads\/2026\/03\/orchidee-sauvage-solamoure-1600x900-1-800x450.jpg 800w, https:\/\/destination-commingespyrenees.prep.faire-savoir.eu\/wp-content\/uploads\/2026\/03\/orchidee-sauvage-solamoure-1600x900-1-768x432.jpg 768w, https:\/\/destination-commingespyrenees.prep.faire-savoir.eu\/wp-content\/uploads\/2026\/03\/orchidee-sauvage-solamoure-1600x900-1-1536x864.jpg 1536w\" sizes=\"auto, (max-width: 1600px) 100vw, 1600px\" \/><span aria-hidden=\"true\" class=\"wp-block-cover__background has-sustainable-contrast-background-color has-background-dim-40 has-background-dim\"><\/span><div class=\"wp-block-cover__inner-container has-global-padding is-layout-constrained wp-block-cover-is-layout-constrained\">\n<div class=\"wp-block-group alignwide is-layout-flow wp-block-group-is-layout-flow\"><h1 class=\"has-link-color wp-elements-1f73820135701125b82a0d4162906c6e wp-block-post-title has-text-color has-base-color\">Un museo al aire libre<\/h1>\n\n\n<p class=\"has-base-color has-text-color has-link-color has-medium-font-size wp-elements-908f2ced2dd2667d8d4b6c4265df22fc\" style=\"font-style:normal;font-weight:700\">La Granja de Solamoure, un sitio excepcional con el sello de la Fundaci\u00f3n del Patrimonio, clasificado como Espacio Natural Sensible en 2020 y bajo contrato ORE (Obligaci\u00f3n Real Ambiental) durante 99 a\u00f1os.<\/p>\n\n\n\n<p class=\"has-base-color has-text-color has-link-color wp-elements-efd2e6426889ff7c3aac8d8aac8d97dd\" style=\"font-style:normal;font-weight:700\">Esta granja de 21,61 ha, restaurada de forma id\u00e9ntica respetando la autenticidad de sus materiales, tanto en la ejecuci\u00f3n como en los acabados, pertenece al se\u00f1or Julien Bisognin Sauveterre, conocido como Julien de Coueilles. Su apellido \u00abSauveterre\u00bb le predestinaba a proteger sus tierras y toda la biodiversidad, fauna y flora, presente en este lugar. La gesti\u00f3n est\u00e1 a cargo del Conservatorio de Espacios Naturales de Occitania.  <\/p>\n<\/div>\n<\/div><\/section>\n\n<p>Solamoure, una aventura ecol\u00f3gica que comienza en 1948.<\/p>\n\n<p>Desde 2012, el Conservatorio de Espacios Naturales de Occitania (CEN) realiza inventarios naturalistas y una gesti\u00f3n agroecol\u00f3gica en este aut\u00e9ntico museo al aire libre. Esto ha permitido registrar 201 especies animales, de las cuales 18 son de gran importancia, y 215 especies vegetales, de las cuales 5 son especies determinantes ZNIEFF (zona natural de inter\u00e9s ecol\u00f3gico, faun\u00edstico y flor\u00edstico), as\u00ed como los ropal\u00f3ceros (mariposas diurnas) como el damero de la succisa y la ni\u00f1a del serpol; los anfibios como el trit\u00f3n jaspeado, el trit\u00f3n palmeado, el sapillo moteado y la ranita meridional; los reptiles como la culebra de collar y el lagarto verde occidental; 13 quir\u00f3pteros (murci\u00e9lagos) como el peque\u00f1o y el gran rinolofo; y las aves como el escribano cerillo, el escribano montesino, el alcaud\u00f3n dorsirrojo y el abejaruco europeo.<\/p>\n\n<p>Cada a\u00f1o, durante el d\u00eda de la Naturaleza, el CEN organiza una ruta de senderismo con <strong>Marc Enjalbal<\/strong>, que es <strong>bot\u00e1nico<\/strong> y nos explica la particularidad de este lugar y la necesidad de protegerlo.<\/p>\n\n<h4 class=\"wp-block-heading\">Informaci\u00f3n pr\u00e1ctica<\/h4>\n\n<p>Visitas \u00fanicamente durante la semana de la naturaleza y las Jornadas Europeas del Patrimonio<br\/>Contacto: Conservatorio de espacios naturales de Occitania \u2013 Tel\u00e9fono: 05.81.60.81.90 <a href=\"https:\/\/www.cen-occitanie.org\/\" target=\"_blank\" rel=\"noreferrer noopener\">https:\/\/www.cen-occitanie.org<\/a><\/p>\n\n<figure class=\"wp-block-gallery has-nested-images columns-default is-cropped wp-block-gallery-1 is-layout-flex wp-block-gallery-is-layout-flex\">\n<figure data-wp-context=\"{&quot;imageId&quot;:&quot;69ff88f9d8b5c&quot;}\" data-wp-interactive=\"core\/image\" data-wp-key=\"69ff88f9d8b5c\" class=\"wp-block-image size-full wp-lightbox-container\"><img loading=\"lazy\" decoding=\"async\" width=\"1200\" height=\"757\" data-wp-class--hide=\"state.isContentHidden\" data-wp-class--show=\"state.isContentVisible\" data-wp-init=\"callbacks.setButtonStyles\" data-wp-on--click=\"actions.showLightbox\" data-wp-on--load=\"callbacks.setButtonStyles\" data-wp-on-window--resize=\"callbacks.setButtonStyles\" data-id=\"1609\" src=\"https:\/\/destination-commingespyrenees.prep.faire-savoir.eu\/wp-content\/uploads\/2026\/03\/damier-de-la-succise-1-1-1200x757-3.jpg\" alt=\"Un museo al aire libre.&#10;damero de la succisa\" class=\"wp-image-1609\" srcset=\"https:\/\/destination-commingespyrenees.prep.faire-savoir.eu\/wp-content\/uploads\/2026\/03\/damier-de-la-succise-1-1-1200x757-3.jpg 1200w, https:\/\/destination-commingespyrenees.prep.faire-savoir.eu\/wp-content\/uploads\/2026\/03\/damier-de-la-succise-1-1-1200x757-3-800x505.jpg 800w, https:\/\/destination-commingespyrenees.prep.faire-savoir.eu\/wp-content\/uploads\/2026\/03\/damier-de-la-succise-1-1-1200x757-3-768x484.jpg 768w\" sizes=\"auto, (max-width: 1200px) 100vw, 1200px\" \/><button\n\t\t\tclass=\"lightbox-trigger\"\n\t\t\ttype=\"button\"\n\t\t\taria-haspopup=\"dialog\"\n\t\t\taria-label=\"Agrandar\"\n\t\t\tdata-wp-init=\"callbacks.initTriggerButton\"\n\t\t\tdata-wp-on--click=\"actions.showLightbox\"\n\t\t\tdata-wp-style--right=\"state.imageButtonRight\"\n\t\t\tdata-wp-style--top=\"state.imageButtonTop\"\n\t\t>\n\t\t\t<svg xmlns=\"http:\/\/www.w3.org\/2000\/svg\" width=\"12\" height=\"12\" fill=\"none\" viewBox=\"0 0 12 12\">\n\t\t\t\t<path fill=\"#fff\" d=\"M2 0a2 2 0 0 0-2 2v2h1.5V2a.5.5 0 0 1 .5-.5h2V0H2Zm2 10.5H2a.5.5 0 0 1-.5-.5V8H0v2a2 2 0 0 0 2 2h2v-1.5ZM8 12v-1.5h2a.5.5 0 0 0 .5-.5V8H12v2a2 2 0 0 1-2 2H8Zm2-12a2 2 0 0 1 2 2v2h-1.5V2a.5.5 0 0 0-.5-.5H8V0h2Z\" \/>\n\t\t\t<\/svg>\n\t\t<\/button><\/figure>\n\n\n\n<figure data-wp-context=\"{&quot;imageId&quot;:&quot;69ff88f9d9122&quot;}\" data-wp-interactive=\"core\/image\" data-wp-key=\"69ff88f9d9122\" class=\"wp-block-image size-large wp-lightbox-container\"><img loading=\"lazy\" decoding=\"async\" width=\"1200\" height=\"900\" data-wp-class--hide=\"state.isContentHidden\" data-wp-class--show=\"state.isContentVisible\" data-wp-init=\"callbacks.setButtonStyles\" data-wp-on--click=\"actions.showLightbox\" data-wp-on--load=\"callbacks.setButtonStyles\" data-wp-on-window--resize=\"callbacks.setButtonStyles\" data-id=\"1606\" src=\"https:\/\/destination-commingespyrenees.prep.faire-savoir.eu\/wp-content\/uploads\/2026\/03\/coueille-ferme-solamoure-pyrenees-1200x900-2.jpg\" alt=\"un museo al aire libre.&#10;estanque \" class=\"wp-image-1606\" srcset=\"https:\/\/destination-commingespyrenees.prep.faire-savoir.eu\/wp-content\/uploads\/2026\/03\/coueille-ferme-solamoure-pyrenees-1200x900-2.jpg 1200w, https:\/\/destination-commingespyrenees.prep.faire-savoir.eu\/wp-content\/uploads\/2026\/03\/coueille-ferme-solamoure-pyrenees-1200x900-2-800x600.jpg 800w, https:\/\/destination-commingespyrenees.prep.faire-savoir.eu\/wp-content\/uploads\/2026\/03\/coueille-ferme-solamoure-pyrenees-1200x900-2-768x576.jpg 768w\" sizes=\"auto, (max-width: 1200px) 100vw, 1200px\" \/><button\n\t\t\tclass=\"lightbox-trigger\"\n\t\t\ttype=\"button\"\n\t\t\taria-haspopup=\"dialog\"\n\t\t\taria-label=\"Agrandar\"\n\t\t\tdata-wp-init=\"callbacks.initTriggerButton\"\n\t\t\tdata-wp-on--click=\"actions.showLightbox\"\n\t\t\tdata-wp-style--right=\"state.imageButtonRight\"\n\t\t\tdata-wp-style--top=\"state.imageButtonTop\"\n\t\t>\n\t\t\t<svg xmlns=\"http:\/\/www.w3.org\/2000\/svg\" width=\"12\" height=\"12\" fill=\"none\" viewBox=\"0 0 12 12\">\n\t\t\t\t<path fill=\"#fff\" d=\"M2 0a2 2 0 0 0-2 2v2h1.5V2a.5.5 0 0 1 .5-.5h2V0H2Zm2 10.5H2a.5.5 0 0 1-.5-.5V8H0v2a2 2 0 0 0 2 2h2v-1.5ZM8 12v-1.5h2a.5.5 0 0 0 .5-.5V8H12v2a2 2 0 0 1-2 2H8Zm2-12a2 2 0 0 1 2 2v2h-1.5V2a.5.5 0 0 0-.5-.5H8V0h2Z\" \/>\n\t\t\t<\/svg>\n\t\t<\/button><\/figure>\n\n\n\n<figure data-wp-context=\"{&quot;imageId&quot;:&quot;69ff88f9d970b&quot;}\" data-wp-interactive=\"core\/image\" data-wp-key=\"69ff88f9d970b\" class=\"wp-block-image size-full wp-lightbox-container\"><img loading=\"lazy\" decoding=\"async\" width=\"1200\" height=\"900\" data-wp-class--hide=\"state.isContentHidden\" data-wp-class--show=\"state.isContentVisible\" data-wp-init=\"callbacks.setButtonStyles\" data-wp-on--click=\"actions.showLightbox\" data-wp-on--load=\"callbacks.setButtonStyles\" data-wp-on-window--resize=\"callbacks.setButtonStyles\" data-id=\"1611\" src=\"https:\/\/destination-commingespyrenees.prep.faire-savoir.eu\/wp-content\/uploads\/2026\/03\/orchidee-sauvage-ferme-solamoure-pyrenees-1200x900-2.jpg\" alt=\"Un museo al aire libre.&#10;otro tipo de orqu&#xED;dea\" class=\"wp-image-1611\" srcset=\"https:\/\/destination-commingespyrenees.prep.faire-savoir.eu\/wp-content\/uploads\/2026\/03\/orchidee-sauvage-ferme-solamoure-pyrenees-1200x900-2.jpg 1200w, https:\/\/destination-commingespyrenees.prep.faire-savoir.eu\/wp-content\/uploads\/2026\/03\/orchidee-sauvage-ferme-solamoure-pyrenees-1200x900-2-800x600.jpg 800w, https:\/\/destination-commingespyrenees.prep.faire-savoir.eu\/wp-content\/uploads\/2026\/03\/orchidee-sauvage-ferme-solamoure-pyrenees-1200x900-2-768x576.jpg 768w\" sizes=\"auto, (max-width: 1200px) 100vw, 1200px\" \/><button\n\t\t\tclass=\"lightbox-trigger\"\n\t\t\ttype=\"button\"\n\t\t\taria-haspopup=\"dialog\"\n\t\t\taria-label=\"Agrandar\"\n\t\t\tdata-wp-init=\"callbacks.initTriggerButton\"\n\t\t\tdata-wp-on--click=\"actions.showLightbox\"\n\t\t\tdata-wp-style--right=\"state.imageButtonRight\"\n\t\t\tdata-wp-style--top=\"state.imageButtonTop\"\n\t\t>\n\t\t\t<svg xmlns=\"http:\/\/www.w3.org\/2000\/svg\" width=\"12\" height=\"12\" fill=\"none\" viewBox=\"0 0 12 12\">\n\t\t\t\t<path fill=\"#fff\" d=\"M2 0a2 2 0 0 0-2 2v2h1.5V2a.5.5 0 0 1 .5-.5h2V0H2Zm2 10.5H2a.5.5 0 0 1-.5-.5V8H0v2a2 2 0 0 0 2 2h2v-1.5ZM8 12v-1.5h2a.5.5 0 0 0 .5-.5V8H12v2a2 2 0 0 1-2 2H8Zm2-12a2 2 0 0 1 2 2v2h-1.5V2a.5.5 0 0 0-.5-.5H8V0h2Z\" \/>\n\t\t\t<\/svg>\n\t\t<\/button><\/figure>\n\n\n\n<figure data-wp-context=\"{&quot;imageId&quot;:&quot;69ff88f9d9ccf&quot;}\" data-wp-interactive=\"core\/image\" data-wp-key=\"69ff88f9d9ccf\" class=\"wp-block-image size-full wp-lightbox-container\"><img loading=\"lazy\" decoding=\"async\" width=\"1200\" height=\"900\" data-wp-class--hide=\"state.isContentHidden\" data-wp-class--show=\"state.isContentVisible\" data-wp-init=\"callbacks.setButtonStyles\" data-wp-on--click=\"actions.showLightbox\" data-wp-on--load=\"callbacks.setButtonStyles\" data-wp-on-window--resize=\"callbacks.setButtonStyles\" data-id=\"1610\" src=\"https:\/\/destination-commingespyrenees.prep.faire-savoir.eu\/wp-content\/uploads\/2026\/03\/ferme-solamoure-coueille-biodiversite-1200x900-3.jpg\" alt=\"un museo al aire libre.&#10;casa y propietario\" class=\"wp-image-1610\" srcset=\"https:\/\/destination-commingespyrenees.prep.faire-savoir.eu\/wp-content\/uploads\/2026\/03\/ferme-solamoure-coueille-biodiversite-1200x900-3.jpg 1200w, https:\/\/destination-commingespyrenees.prep.faire-savoir.eu\/wp-content\/uploads\/2026\/03\/ferme-solamoure-coueille-biodiversite-1200x900-3-800x600.jpg 800w, https:\/\/destination-commingespyrenees.prep.faire-savoir.eu\/wp-content\/uploads\/2026\/03\/ferme-solamoure-coueille-biodiversite-1200x900-3-768x576.jpg 768w\" sizes=\"auto, (max-width: 1200px) 100vw, 1200px\" \/><button\n\t\t\tclass=\"lightbox-trigger\"\n\t\t\ttype=\"button\"\n\t\t\taria-haspopup=\"dialog\"\n\t\t\taria-label=\"Agrandar\"\n\t\t\tdata-wp-init=\"callbacks.initTriggerButton\"\n\t\t\tdata-wp-on--click=\"actions.showLightbox\"\n\t\t\tdata-wp-style--right=\"state.imageButtonRight\"\n\t\t\tdata-wp-style--top=\"state.imageButtonTop\"\n\t\t>\n\t\t\t<svg xmlns=\"http:\/\/www.w3.org\/2000\/svg\" width=\"12\" height=\"12\" fill=\"none\" viewBox=\"0 0 12 12\">\n\t\t\t\t<path fill=\"#fff\" d=\"M2 0a2 2 0 0 0-2 2v2h1.5V2a.5.5 0 0 1 .5-.5h2V0H2Zm2 10.5H2a.5.5 0 0 1-.5-.5V8H0v2a2 2 0 0 0 2 2h2v-1.5ZM8 12v-1.5h2a.5.5 0 0 0 .5-.5V8H12v2a2 2 0 0 1-2 2H8Zm2-12a2 2 0 0 1 2 2v2h-1.5V2a.5.5 0 0 0-.5-.5H8V0h2Z\" \/>\n\t\t\t<\/svg>\n\t\t<\/button><\/figure>\n<\/figure>\n\n<div class=\"wp-block-buttons is-layout-flex wp-block-buttons-is-layout-flex\">\n<div class=\"wp-block-button is-style-fill\"><a class=\"wp-block-button__link wp-element-button\" href=\"https:\/\/destination-commingespyrenees.prep.faire-savoir.eu\/tourismedurable\/bonnespratiques\/\">Buenas pr\u00e1cticas en la naturaleza<\/a><\/div>\n<\/div>\n\n<p><\/p>\n\n<div class=\"wp-block-buttons is-layout-flex wp-block-buttons-is-layout-flex\">\n<div class=\"wp-block-button is-style-fill\"><a class=\"wp-block-button__link wp-element-button\" href=\"https:\/\/destination-commingespyrenees.prep.faire-savoir.eu\/agenda\/\">Consultez tout l&#8217;agenda de la destination<\/a><\/div>\n<\/div>\n","protected":false},"excerpt":{"rendered":"<p>Solamoure, una aventura ecol\u00f3gica que comienza en 1948. Desde 2012, el Conservatorio de Espacios Naturales de Occitania (CEN) realiza inventarios naturalistas y una gesti\u00f3n agroecol\u00f3gica en este aut\u00e9ntico museo al aire libre. Esto ha permitido registrar 201 especies animales, de las cuales 18 son de gran importancia, y 215 especies vegetales, de las cuales 5 [&hellip;]<\/p>\n","protected":false},"author":2,"featured_media":4002,"parent":3277,"menu_order":0,"comment_status":"closed","ping_status":"closed","template":"sustainable-development","meta":{"_acf_changed":false,"footnotes":""},"experience_category":[],"class_list":["post-4003","page","type-page","status-publish","has-post-thumbnail","hentry"],"acf":[],"_links":{"self":[{"href":"https:\/\/destination-commingespyrenees.prep.faire-savoir.eu\/es\/wp-json\/wp\/v2\/pages\/4003","targetHints":{"allow":["GET"]}}],"collection":[{"href":"https:\/\/destination-commingespyrenees.prep.faire-savoir.eu\/es\/wp-json\/wp\/v2\/pages"}],"about":[{"href":"https:\/\/destination-commingespyrenees.prep.faire-savoir.eu\/es\/wp-json\/wp\/v2\/types\/page"}],"author":[{"embeddable":true,"href":"https:\/\/destination-commingespyrenees.prep.faire-savoir.eu\/es\/wp-json\/wp\/v2\/users\/2"}],"replies":[{"embeddable":true,"href":"https:\/\/destination-commingespyrenees.prep.faire-savoir.eu\/es\/wp-json\/wp\/v2\/comments?post=4003"}],"version-history":[{"count":2,"href":"https:\/\/destination-commingespyrenees.prep.faire-savoir.eu\/es\/wp-json\/wp\/v2\/pages\/4003\/revisions"}],"predecessor-version":[{"id":4274,"href":"https:\/\/destination-commingespyrenees.prep.faire-savoir.eu\/es\/wp-json\/wp\/v2\/pages\/4003\/revisions\/4274"}],"up":[{"embeddable":true,"href":"https:\/\/destination-commingespyrenees.prep.faire-savoir.eu\/es\/wp-json\/wp\/v2\/pages\/3277"}],"wp:featuredmedia":[{"embeddable":true,"href":"https:\/\/destination-commingespyrenees.prep.faire-savoir.eu\/es\/wp-json\/wp\/v2\/media\/4002"}],"wp:attachment":[{"href":"https:\/\/destination-commingespyrenees.prep.faire-savoir.eu\/es\/wp-json\/wp\/v2\/media?parent=4003"}],"wp:term":[{"taxonomy":"experience_category","embeddable":true,"href":"https:\/\/destination-commingespyrenees.prep.faire-savoir.eu\/es\/wp-json\/wp\/v2\/experience_category?post=4003"}],"curies":[{"name":"wp","href":"https:\/\/api.w.org\/{rel}","templated":true}]}}