{"id":3980,"date":"2026-03-12T15:20:36","date_gmt":"2026-03-12T14:20:36","guid":{"rendered":"https:\/\/destination-commingespyrenees.prep.faire-savoir.eu\/aviso-legal\/"},"modified":"2026-04-20T14:30:10","modified_gmt":"2026-04-20T12:30:10","slug":"aviso-legal","status":"publish","type":"page","link":"https:\/\/destination-commingespyrenees.prep.faire-savoir.eu\/es\/aviso-legal\/","title":{"rendered":"Aviso legal"},"content":{"rendered":"\n<h2 class=\"wp-block-heading\">Informaci\u00f3n del editor<\/h2>\n\n<p><strong>Oficina de Turismo C\u0153ur et Coteaux du Comminges, designada bajo la marca Destination Comminges Pyr\u00e9n\u00e9es<\/strong><br\/>2, rue Thiers<br\/>31800 Saint-Gaudens<br\/>Tel.: 05 61 94 77 61<\/p>\n\n<p>La Oficina de Turismo C\u0153ur et Coteaux du Comminges pone a tu disposici\u00f3n un acceso de venta online.<br\/><strong>Forma jur\u00eddica<\/strong>: Asociaci\u00f3n Ley 1901 sin \u00e1nimo de lucro<br\/><strong>N.\u00ba SIRET<\/strong>: 77684271800020<br\/><strong>C\u00f3digo APE<\/strong>: 7990Z<br\/><strong>N.\u00ba de registro<\/strong>: IM031230002<br\/><strong>Garant\u00eda financiera<\/strong>: APST: la Asociaci\u00f3n Profesional de Solidaridad del Turismo (APST) 15 avenue Carnot, 75017 Par\u00eds<br\/><strong>Responsabilidad Civil Profesional<\/strong>: AXA France IARD, Audrey Cazaux y Eric Fourtanier Agentes Generales AXA, 9 avenue de Boulogne, 31800 Saint-Gaudens cuya sede est\u00e1 en 313 Terrasses de l&#8217;Arche 92727 Nanterre Cedex<\/p>\n\n<p><strong>Representante legal<\/strong>: El Presidente, David Cottereau<br\/><strong>Director de la publicaci\u00f3n<\/strong>: La Directora: Emmanuelle Gr\u00e8s<\/p>\n\n<p>La Oficina de Turismo C\u0153ur et Coteaux du Comminges presta especial atenci\u00f3n al cumplimiento de las obligaciones legales de todo editor de sitios web y sigue las recomendaciones de la CNIL.<\/p>\n\n<p>El uso de este sitio est\u00e1 sujeto al respeto de las leyes aplicables y de las presentes condiciones generales de acceso y uso. Nos reservamos el derecho de modificarlas en cualquier momento, por lo que invitamos a los usuarios a consultarlas regularmente. <\/p>\n\n<h2 class=\"wp-block-heading\">Sitio realizado por:<\/h2>\n\n<p><strong>Faire-Savoir<\/strong><br\/>Parc Horizon de la Haute Borne<br\/>2\/6 avenue de l&#8217;Horizon \u2013 B\u00e2timent 4 \u2013 59650 VILLENEUVE D&#8217;ASCQ<br\/>contact@faire-savoir.com<br\/><a href=\"http:\/\/www.faire-savoir.com\/\" target=\"_blank\" rel=\"noreferrer noopener\">www.faire-savoir.com<\/a><\/p>\n\n<h2 class=\"wp-block-heading\">Sitio alojado por:<\/h2>\n\n<p><strong>OVH<\/strong><br\/>2 rue Kellermann &#8211; 59100 Roubaix &#8211; Francia<br\/><a href=\"http:\/\/www.ovhcloud.com\" target=\"_blank\" rel=\"noopener\">www.ovhcloud.com<\/a><\/p>\n\n<h2 class=\"wp-block-heading\">Responsabilidad<\/h2>\n\n<p>La Oficina de Turismo C\u0153ur et Coteaux du Comminges declina toda responsabilidad respecto al contenido disponible en otros sitios web hacia los que haya creado enlaces o que pudieran haberse creado sin su conocimiento. El acceso a todos los dem\u00e1s sitios web vinculados a este sitio se realiza bajo la responsabilidad del usuario. La Oficina de Turismo C\u0153ur et Coteaux du Comminges tambi\u00e9n declina toda responsabilidad por toda la informaci\u00f3n contenida en sitios de terceros donde figuren enlaces que remitan al sitio <a href=\"http:\/\/www.destination-commingespyrenees.com\" target=\"_blank\" rel=\"noopener\">destination-commingespyrenees.com<\/a>  <\/p>\n\n<p>El sitio <a href=\"http:\/\/www.destination-commingespyrenees.com\" target=\"_blank\" rel=\"noopener\">destination-commingespyrenees.com<\/a> ofrece numerosos enlaces hacia otros sitios, principalmente sitios oficiales (instituciones, organismos p\u00fablicos\u2026) pero tambi\u00e9n hacia algunos sitios de asociaciones o empresas colaboradoras. Siempre nos esforzamos por indicar hacia qu\u00e9 sitio te proponemos ir. Dicho esto, estas p\u00e1ginas web cuyas direcciones se verifican regularmente, no forman parte del sitio p\u00fablico y oficial <a href=\"http:\/\/www.destination-commingespyrenees.com\" target=\"_blank\" rel=\"noopener\">destination-commingespyrenees.com<\/a>, su contenido no compromete la responsabilidad de la redacci\u00f3n del sitio.  <\/p>\n\n<p>Cuando los datos presentes en este sitio tengan car\u00e1cter nominativo, los usuarios deben hacer un uso conforme a las normativas vigentes y a las recomendaciones de la Comisi\u00f3n Nacional de Inform\u00e1tica y Libertades (CNIL). La informaci\u00f3n utilizada solo debe serlo con fines personales, asociativos o profesionales, quedando excluida toda difusi\u00f3n o uso con fines comerciales o publicitarios. <\/p>\n\n<p>La Oficina de Turismo C\u0153ur et Coteaux du Comminges no podr\u00e1 ser considerada responsable de los da\u00f1os directos o indirectos resultantes del uso de este sitio web, o de la imposibilidad de que un tercero lo utilice, o de un mal funcionamiento, una interrupci\u00f3n, un virus, resultante del acceso o del uso de este sitio o de cualquier sitio vinculado a \u00e9l.<br\/>La Oficina de Turismo C\u0153ur et Coteaux du Comminges no garantiza que el sitio, sus contenidos, los servidores que dan acceso a \u00e9l y\/o los sitios de terceros accesibles mediante enlaces de hipertexto desde el sitio, est\u00e9n exentos de virus u otros componentes susceptibles de causar un da\u00f1o a los bienes o a las personas. La Oficina de Turismo C\u0153ur et Coteaux du Comminges excluye toda garant\u00eda expresa o impl\u00edcita, en particular toda garant\u00eda de valor, de calidad, de correspondencia con la descripci\u00f3n, la adecuaci\u00f3n del sitio a un uso particular. La Oficina de Turismo C\u0153ur et Coteaux du Comminges no garantiza que el uso o el resultado del uso de los elementos disponibles a trav\u00e9s del sitio o de sitios de terceros sea correcto, preciso, oportuno, fiable o de cualquier calidad. En ning\u00fan caso la Oficina de Turismo C\u0153ur et Coteaux du Comminges podr\u00e1 ser considerada responsable de una p\u00e9rdida de datos o de un deterioro relacionado con estos datos. Toda informaci\u00f3n o consejo proporcionado por la Oficina de Turismo C\u0153ur et Coteaux du Comminges no podr\u00e1 interpretarse como ninguna garant\u00eda ni compromiso por su parte.    <\/p>\n\n<p><strong>Informaci\u00f3n que figura en el sitio<\/strong>:<\/p>\n\n<p>La Oficina de Turismo C\u0153ur et Coteaux du Comminges se esfuerza por controlar la calidad de la informaci\u00f3n y mantener el sitio actualizado. Sin embargo, no se ofrece ninguna garant\u00eda respecto a la exactitud, la precisi\u00f3n, la actualizaci\u00f3n o la exhaustividad de la informaci\u00f3n puesta a disposici\u00f3n en el sitio.<br\/>La mayor parte de la informaci\u00f3n tur\u00edstica procede de la base de datos departamental gestionada con la aplicaci\u00f3n Tourinsoft. Los contenidos se traducen de manera autom\u00e1tica mediante la API Deepl. La actualizaci\u00f3n la realizan los prestadores tur\u00edsticos, el Comit\u00e9 Departamental de Turismo, el Consejo departamental, las Oficinas de Turismo, las etiquetas departamentales G\u00eetes de France, Cl\u00e9vacances, Tables&amp;Auberges de France\u2026<br\/>Si eres prestador y deseas modificar informaci\u00f3n sobre tu oferta tur\u00edstica puedes enviar un correo a <a href=\"mailto:info@destination-commingespyrenees.com\">info@destination-commingespyrenees.com<\/a>. Del mismo modo si detectas un error de fecha, de tarifa\u2026 al navegar por el sitio.    <\/p>\n\n<p>Para las prestaciones tur\u00edsticas (ocio, alojamientos, sitios y monumentos), los precios y la informaci\u00f3n visibles en nuestro sitio no tienen valor contractual.<br\/><\/p>\n\n<h2 class=\"wp-block-heading\">Mensajer\u00eda<\/h2>\n\n<p>Los mensajes electr\u00f3nicos enviados a la Oficina de Turismo C\u0153ur et Coteaux du Comminges y las direcciones electr\u00f3nicas utilizadas para el env\u00edo de informaci\u00f3n complementaria son susceptibles de ser conservados.<br\/>De conformidad con la ley francesa (art\u00edculo 27 de la Ley n.\u00ba 78.17 de 6 de enero de 1978 relativa a la inform\u00e1tica, los archivos y las libertades), dispones de un derecho de oposici\u00f3n (art. 26), de acceso (art. 34 a 38), de rectificaci\u00f3n (art. 36) y de supresi\u00f3n de los datos que te conciernen. Puedes ejercer este derecho dirigi\u00e9ndote a la redacci\u00f3n del sitio por correo postal a la siguiente direcci\u00f3n: <br\/><strong>La Oficina de Turismo C\u0153ur et Coteaux du Comminges<\/strong> \u2013 2, rue Thiers &#8211; 31800 Saint-Gaudens<br\/><\/p>\n\n<p><strong>Propiedad intelectual:<\/strong><\/p>\n\n<p>Todas las im\u00e1genes, informaci\u00f3n en sentido amplio, marcas, logotipos y nombres de dominio que figuran en el sitio son propiedad de la Oficina de Turismo C\u0153ur et Coteaux du Comminges o son objeto de una autorizaci\u00f3n de uso. Toda utilizaci\u00f3n en forma de reproducci\u00f3n, modificaci\u00f3n, carga inform\u00e1tica, desnaturalizaci\u00f3n, transmisi\u00f3n o distribuci\u00f3n parcial o \u00edntegra de un documento o de una informaci\u00f3n que figure en el sitio est\u00e1 sujeta a la autorizaci\u00f3n escrita y previa de la Oficina de Turismo C\u0153ur et Coteaux du Comminges, con excepci\u00f3n de una copia para uso privado y no comercial y siempre que se respeten los derechos de propiedad intelectual y cualquier otro derecho de propiedad del que se haga menci\u00f3n. <\/p>\n\n<p>La siguiente menci\u00f3n deber\u00e1 figurar en toda copia de todo o parte del contenido del sitio: \u00abCopyright <strong>La Oficina de Turismo Destination Comminges Pyr\u00e9n\u00e9es<\/strong>, Todos los derechos reservados\u00bb <\/p>\n\n<p>Toda cesi\u00f3n o licencia de uno de los elementos constitutivos del sitio est\u00e1 sujeta a la autorizaci\u00f3n escrita de la Oficina de Turismo C\u0153ur et Coteaux du Comminges, todo infractor se expone a acciones judiciales.<\/p>\n\n<h3 class=\"wp-block-heading\">Las fotograf\u00edas e ilustraciones del sitio son de: <\/h3>\n\n<p>Las fotos presentes en el sitio pertenecen a la Oficina de Turismo. Cuando no pertenecen a la Oficina de Turismo, se indica un copyright. <\/p>\n\n<h2 class=\"wp-block-heading\">Inform\u00e1tica y libertades \u2013 Protecci\u00f3n de datos personales:<\/h2>\n\n<p>En Francia y en Europa, los datos personales est\u00e1n protegidos en particular por los siguientes textos: Ley de 6 de enero de 1978, art\u00edculo 226-13 del C\u00f3digo Penal, Directiva europea de 24 de octubre de 1995.<\/p>\n\n<p>La Oficina de Turismo C\u0153ur et Coteaux du Comminges se compromete a respetar el car\u00e1cter confidencial de la informaci\u00f3n personal proporcionada por los visitantes del sitio web de la Oficina de Turismo C\u0153ur et Coteaux du Comminges.<\/p>\n\n<p>A continuaci\u00f3n encontrar\u00e1s la informaci\u00f3n que la Oficina de Turismo C\u0153ur et Coteaux du Comminges puede recopilar cuando visitas su sitio web, as\u00ed como la manera en que se utilizar\u00e1 posteriormente.<\/p>\n\n<h4 class=\"wp-block-heading\"><strong>Recogida de datos personales:<\/strong><\/h4>\n\n<p>La informaci\u00f3n recogida en uno de nuestros sitios, durante un contacto en nuestros espacios de acogida, de un sal\u00f3n, de una manifestaci\u00f3n, de operaciones tur\u00edsticas\u2026 se registra en un archivo informatizado y protegido por la Oficina de Turismo C\u0153ur et Coteaux du Comminges.<br\/>Este procedimiento te permite recibir informaci\u00f3n tur\u00edstica, invitaciones a nuestros eventos, algunas de nuestras acciones comerciales\u2026<\/p>\n\n<p>De conformidad con la ley \u00abinform\u00e1tica y libertades\u00bb, puedes ejercer tu derecho de acceso a los datos que te conciernen y hacerlos rectificar o suprimir dirigi\u00e9ndonos tu solicitud por correo: <a href=\"mailto:direction@destination-commingespyrenees.com\">direction@destination-commingespyrenees.com<\/a><\/p>\n\n<p>Conservamos tus datos mientras no nos pidas que los suprimamos. Una funci\u00f3n de baja se encuentra al pie de cada uno de nuestros correos.<br\/>Tus datos pueden difundirse entre nuestros colaboradores (prestadores tur\u00edsticos, oficinas de turismo, Consejo departamental), \u00fanicamente si la solicitud nos parece pertinente y no perjudica en modo alguno tu tranquilidad. <\/p>\n\n<h4 class=\"wp-block-heading\"><strong>Recogida pasiva de datos personales: <\/strong><\/h4>\n\n<p>Algunos de los datos personales registrados en nuestro servidor son los que proporcionas voluntariamente cuando rellenas formularios online, y los dem\u00e1s se recogen autom\u00e1ticamente.<\/p>\n\n<p>La Oficina de Turismo C\u0153ur et Coteaux du Comminges har\u00e1 todo lo posible por mejorar regularmente su sitio. Durante tu visita, algunos datos se recogen autom\u00e1ticamente: <\/p>\n\n<ul class=\"wp-block-list\">\n<li>Tu direcci\u00f3n IP: tu proveedor de acceso a Internet asigna una direcci\u00f3n IP a tu ordenador para permitirte acceder a Internet. Esta direcci\u00f3n se considera generalmente una informaci\u00f3n no identificable personalmente porque cambia cada vez que te conectas. <\/li>\n\n\n\n<li>La direcci\u00f3n del sitio web desde el que te has conectado directamente al sitio<\/li>\n\n\n\n<li>La fecha y la hora de tu visita al sitio y las p\u00e1ginas que has consultado.<\/li>\n\n\n\n<li>El sistema operativo de tu ordenador y el software de navegaci\u00f3n.<\/li>\n\n\n\n<li>El sitio no hace uso de cookies persistentes que residan en tu disco duro. Algunos servicios del sitio web hacen uso de una cookie de sesi\u00f3n, generada con ocasi\u00f3n de la visita y destruida autom\u00e1ticamente al final de la visita o tras 30 minutos de inactividad por tu parte. <\/li>\n<\/ul>\n\n<p>Los datos no personales se recogen mediante las herramientas analytics y publicitarias que poseen sus propias condiciones generales de uso y pol\u00edtica de tratamiento de datos personales y no personales:<br\/>\u2022 <a href=\"https:\/\/privacy.google.com\/intl\/fr_fr\/businesses\/compliance\/#?modal_active=none\" target=\"_blank\" rel=\"noopener\">Google Analytics<\/a><br\/>\u2022 <a href=\"https:\/\/www.facebook.com\/policy.php?CAT_VISITOR_SESSION=c7b73ebc78d1681ade25473632eae199\" target=\"_blank\" rel=\"noopener\">Facebook<\/a><\/p>\n\n<h4 class=\"wp-block-heading\"><strong>Tratamientos de datos personales:<\/strong><\/h4>\n\n<p>Desde el 25 de mayo de 2018, el RGPD (Reglamento General de Protecci\u00f3n de Datos) pretende reforzar la importancia del desaf\u00edo de protecci\u00f3n de datos de los usuarios.<\/p>\n\n<p>Para cada uno de estos tratamientos, cada usuario dispone de un derecho de consulta, de acceso, de modificaci\u00f3n, de oposici\u00f3n y de rectificaci\u00f3n sobre los datos personales que le conciernen. Es posible solicitar que estos datos sean rectificados, completados, aclarados, actualizados o eliminados por correo postal: Oficina de Turismo C\u0153ur et Coteaux du Comminges o por correo electr\u00f3nico: <a href=\"mailto:direction@destination-commingespyrenees.com\" data-type=\"mailto\" data-id=\"mailto:direction@destination-commingespyrenees.com\">direction@destination-commingespyrenees.com<\/a> <\/p>\n\n<p>Los tratamientos mencionados a continuaci\u00f3n no son necesariamente todos tratamientos de datos personales en el sentido de la ley de 1978; sin embargo, con fines de transparencia hemos indicado los tratamientos de datos personales as\u00ed como la mayor\u00eda de los tratamientos an\u00f3nimos que realizamos.<\/p>\n\n<p><\/p>\n","protected":false},"excerpt":{"rendered":"<p>Informaci\u00f3n del editor Oficina de Turismo C\u0153ur et Coteaux du Comminges, designada bajo la marca Destination Comminges Pyr\u00e9n\u00e9es2, rue Thiers31800 Saint-GaudensTel.: 05 61 94 77 61 La Oficina de Turismo C\u0153ur et Coteaux du Comminges pone a tu disposici\u00f3n un acceso de venta online.Forma jur\u00eddica: Asociaci\u00f3n Ley 1901 sin \u00e1nimo de lucroN.\u00ba SIRET: 77684271800020C\u00f3digo APE: [&hellip;]<\/p>\n","protected":false},"author":2,"featured_media":0,"parent":0,"menu_order":0,"comment_status":"closed","ping_status":"closed","template":"","meta":{"_acf_changed":false,"footnotes":""},"experience_category":[],"class_list":["post-3980","page","type-page","status-publish","hentry"],"acf":[],"_links":{"self":[{"href":"https:\/\/destination-commingespyrenees.prep.faire-savoir.eu\/es\/wp-json\/wp\/v2\/pages\/3980","targetHints":{"allow":["GET"]}}],"collection":[{"href":"https:\/\/destination-commingespyrenees.prep.faire-savoir.eu\/es\/wp-json\/wp\/v2\/pages"}],"about":[{"href":"https:\/\/destination-commingespyrenees.prep.faire-savoir.eu\/es\/wp-json\/wp\/v2\/types\/page"}],"author":[{"embeddable":true,"href":"https:\/\/destination-commingespyrenees.prep.faire-savoir.eu\/es\/wp-json\/wp\/v2\/users\/2"}],"replies":[{"embeddable":true,"href":"https:\/\/destination-commingespyrenees.prep.faire-savoir.eu\/es\/wp-json\/wp\/v2\/comments?post=3980"}],"version-history":[{"count":1,"href":"https:\/\/destination-commingespyrenees.prep.faire-savoir.eu\/es\/wp-json\/wp\/v2\/pages\/3980\/revisions"}],"predecessor-version":[{"id":3981,"href":"https:\/\/destination-commingespyrenees.prep.faire-savoir.eu\/es\/wp-json\/wp\/v2\/pages\/3980\/revisions\/3981"}],"wp:attachment":[{"href":"https:\/\/destination-commingespyrenees.prep.faire-savoir.eu\/es\/wp-json\/wp\/v2\/media?parent=3980"}],"wp:term":[{"taxonomy":"experience_category","embeddable":true,"href":"https:\/\/destination-commingespyrenees.prep.faire-savoir.eu\/es\/wp-json\/wp\/v2\/experience_category?post=3980"}],"curies":[{"name":"wp","href":"https:\/\/api.w.org\/{rel}","templated":true}]}}