{"id":3945,"date":"2026-03-17T12:18:47","date_gmt":"2026-03-17T11:18:47","guid":{"rendered":"https:\/\/destination-commingespyrenees.prep.faire-savoir.eu\/el-comminges-durante-la-antiguedad\/"},"modified":"2026-04-20T14:04:28","modified_gmt":"2026-04-20T12:04:28","slug":"el-comminges-durante-la-antiguedad","status":"publish","type":"page","link":"https:\/\/destination-commingespyrenees.prep.faire-savoir.eu\/es\/el-comminges-durante-la-antiguedad\/","title":{"rendered":"el Comminges durante la Antig\u00fcedad"},"content":{"rendered":"\n<section class=\"wp-block-cover alignfull pattern-hero-section\"><img loading=\"lazy\" decoding=\"async\" width=\"680\" height=\"453\" class=\"wp-block-cover__image-background wp-image-439 size-full\" alt=\"le Comminges durant l'Antiquit\u00e9 - Image montrant la villa gallo romaine de Montmaurin vue du ciel\" src=\"https:\/\/destination-commingespyrenees.prep.faire-savoir.eu\/wp-content\/uploads\/2026\/01\/Vue-aerienne-de-la-villa-gallo-romaine-de-Lassalles-L.Fortin-CMN-680x453-1.jpg\" data-object-fit=\"cover\"\/><span aria-hidden=\"true\" class=\"wp-block-cover__background has-background-dim-40 has-background-dim wp-block-cover__gradient-background has-background-gradient\" style=\"background:linear-gradient(180deg,rgb(0,0,0) 0%,rgba(0,0,0,0) 50%,rgba(0,0,0) 100%)\"><\/span><div class=\"wp-block-cover__inner-container has-global-padding is-layout-constrained wp-block-cover-is-layout-constrained\">\n<div class=\"wp-block-group alignwide is-layout-flow wp-block-group-is-layout-flow\"><h1 class=\"is-style-decorated wp-block-post-title\">el Comminges durante la Antig\u00fcedad<\/h1><\/div>\n<\/div><\/section>\n\n<section class=\"wp-block-group alignfull pattern-text has-global-padding is-layout-constrained wp-block-group-is-layout-constrained\">\n<div class=\"wp-block-group has-global-padding is-layout-constrained wp-block-group-is-layout-constrained\">\n<section class=\"wp-block-group alignfull pattern-breadcrumb has-global-padding is-layout-constrained wp-block-group-is-layout-constrained\">\n<div class=\"wp-block-group alignwide is-layout-flow wp-block-group-is-layout-flow\"><nav aria-label=\"breadcrumbs\" class=\"rank-math-breadcrumb\"><p><span class=\"last\">Accueil<\/span><\/p><\/nav><\/div>\n<\/section>\n\n\n\n<h2 class=\"wp-block-heading is-style-underlined\">La Antig\u00fcedad en Comminges<\/h2>\n\n\n\n<p><strong>La Antig\u00fcedad comienza con la invenci\u00f3n de la escritura en Mesopotamia y en Egipto, hacia 3400-3200 a.<\/strong>ntes de <strong>C., hasta la ca\u00edda del Imperio romano de Occidente en 476<\/strong>.<\/p>\n\n\n\n<p>El Comminges en esta \u00e9poca es un territorio importante, como lo demuestra a\u00fan hoy su lugar emblem\u00e1tico, Saint-Bertrand-de-Comminges.<\/p>\n\n\n\n<p>Antes de la conquista romana, el Comminges est\u00e1 ocupado por un pueblo aquitano llamado los Conv\u00e8nes, diferente de los galos-celtas. Su territorio se extiende entre los Pirineos y el Garona; controlaba los pasos hacia los Pirineos y la pen\u00ednsula ib\u00e9rica, lo que lo convert\u00eda en un lugar estrat\u00e9gico para los intercambios y los desplazamientos.<\/p>\n\n\n\n<p>El Comminges entra en la historia romana en el siglo I a. C., durante la conquista de la Galia.<br\/>Hacia el 72 a. C., el general romano Pompeyo funda una ciudad para agrupar a distintas poblaciones locales y a soldados. Esta ciudad se convierte en Lugdunum Convenarum y m\u00e1s tarde en Saint-Bertrand-de-Comminges. La ciudad se convierte r\u00e1pidamente en el centro pol\u00edtico y administrativo de la regi\u00f3n.<\/p>\n\n\n\n<p>Con la presencia romana, la regi\u00f3n vive un proceso llamado romanizaci\u00f3n:<\/p>\n\n\n\n<ul class=\"wp-block-list\">\n<li>adopci\u00f3n de la lengua latina<\/li>\n\n\n\n<li>difusi\u00f3n de las instituciones romanas<\/li>\n\n\n\n<li>desarrollo de villas agr\u00edcolas<\/li>\n\n\n\n<li>construcci\u00f3n de carreteras e infraestructuras<\/li>\n\n\n\n<li>mezcla entre la cultura gala y la cultura romana<\/li>\n<\/ul>\n\n\n\n<p>Aparecen numerosas villas galorromanas en el campo commingeois. Son explotaciones agr\u00edcolas a menudo ricas, con casas, ba\u00f1os y mosaicos. <\/p>\n<\/div>\n<\/section>\n\n<section class=\"wp-block-group alignfull pattern-media-text has-global-padding is-layout-constrained wp-block-group-is-layout-constrained\">\n<div class=\"wp-block-columns are-vertically-aligned-center is-layout-flex wp-container-core-columns-is-layout-28f84493 wp-block-columns-is-layout-flex\">\n<div class=\"wp-block-column is-vertically-aligned-center is-layout-flow wp-block-column-is-layout-flow\" style=\"flex-basis:50%\">\n<figure data-wp-context=\"{&quot;imageId&quot;:&quot;69ff70fb48aa7&quot;}\" data-wp-interactive=\"core\/image\" data-wp-key=\"69ff70fb48aa7\" class=\"wp-block-image size-full wp-lightbox-container\"><img loading=\"lazy\" decoding=\"async\" width=\"1200\" height=\"900\" data-wp-class--hide=\"state.isContentHidden\" data-wp-class--show=\"state.isContentVisible\" data-wp-init=\"callbacks.setButtonStyles\" data-wp-on--click=\"actions.showLightbox\" data-wp-on--load=\"callbacks.setButtonStyles\" data-wp-on-window--resize=\"callbacks.setButtonStyles\" src=\"https:\/\/destination-commingespyrenees.prep.faire-savoir.eu\/wp-content\/uploads\/2026\/01\/montmaurin-1200x900-1.jpg\" alt=\"El Comminges durante la Antig&#xFC;edad Villa galorromana entrada\" class=\"wp-image-438\" srcset=\"https:\/\/destination-commingespyrenees.prep.faire-savoir.eu\/wp-content\/uploads\/2026\/01\/montmaurin-1200x900-1.jpg 1200w, https:\/\/destination-commingespyrenees.prep.faire-savoir.eu\/wp-content\/uploads\/2026\/01\/montmaurin-1200x900-1-800x600.jpg 800w, https:\/\/destination-commingespyrenees.prep.faire-savoir.eu\/wp-content\/uploads\/2026\/01\/montmaurin-1200x900-1-768x576.jpg 768w\" sizes=\"auto, (max-width: 1200px) 100vw, 1200px\" \/><button\n\t\t\tclass=\"lightbox-trigger\"\n\t\t\ttype=\"button\"\n\t\t\taria-haspopup=\"dialog\"\n\t\t\taria-label=\"Agrandar\"\n\t\t\tdata-wp-init=\"callbacks.initTriggerButton\"\n\t\t\tdata-wp-on--click=\"actions.showLightbox\"\n\t\t\tdata-wp-style--right=\"state.imageButtonRight\"\n\t\t\tdata-wp-style--top=\"state.imageButtonTop\"\n\t\t>\n\t\t\t<svg xmlns=\"http:\/\/www.w3.org\/2000\/svg\" width=\"12\" height=\"12\" fill=\"none\" viewBox=\"0 0 12 12\">\n\t\t\t\t<path fill=\"#fff\" d=\"M2 0a2 2 0 0 0-2 2v2h1.5V2a.5.5 0 0 1 .5-.5h2V0H2Zm2 10.5H2a.5.5 0 0 1-.5-.5V8H0v2a2 2 0 0 0 2 2h2v-1.5ZM8 12v-1.5h2a.5.5 0 0 0 .5-.5V8H12v2a2 2 0 0 1-2 2H8Zm2-12a2 2 0 0 1 2 2v2h-1.5V2a.5.5 0 0 0-.5-.5H8V0h2Z\" \/>\n\t\t\t<\/svg>\n\t\t<\/button><figcaption class=\"wp-element-caption\">Villa galorromana de Montmaurin <\/figcaption><\/figure>\n<\/div>\n\n\n\n<div class=\"wp-block-column is-vertically-aligned-center is-layout-flow wp-block-column-is-layout-flow\" style=\"flex-basis:50%\">\n<h2 class=\"wp-block-heading is-style-underlined\">Tras las huellas de los romanos<\/h2>\n\n\n\n<p><strong>Se encuentran huellas de este periodo romano en casi todos los pueblos del Comminges, desde el peque\u00f1o patrimonio como<\/strong> <strong>una piedra blanca grabada que cuenta una de las muchas epopeyas de esta \u00e9poca, hasta villas galorromanas como la de Montmaurin<\/strong>.<\/p>\n\n\n\n<p>Deteng\u00e1monos en Montmaurin y su yacimiento arqueol\u00f3gico, que incluye una de las villas galorromanas m\u00e1s grandes de Francia. Columnas y revestimientos de m\u00e1rmol, sistemas de calefacci\u00f3n&#8230; La visita a las villas galorromanas de Lassalles y La Hill\u00e8re, as\u00ed como al museo arqueol\u00f3gico, te lleva a un viaje en el tiempo para descubrir aut\u00e9nticos tesoros patrimoniales. <\/p>\n\n\n\n<p><\/p>\n<\/div>\n<\/div>\n<\/section>\n\n<div class=\"wp-block-columns are-vertically-aligned-center is-layout-flex wp-container-core-columns-is-layout-28f84493 wp-block-columns-is-layout-flex\">\n<div class=\"wp-block-column is-vertically-aligned-center is-layout-flow wp-block-column-is-layout-flow\" style=\"flex-basis:50%\">\n<figure data-wp-context=\"{&quot;imageId&quot;:&quot;69ff70fb49c56&quot;}\" data-wp-interactive=\"core\/image\" data-wp-key=\"69ff70fb49c56\" class=\"wp-block-image size-full wp-lightbox-container\"><img loading=\"lazy\" decoding=\"async\" width=\"809\" height=\"552\" data-wp-class--hide=\"state.isContentHidden\" data-wp-class--show=\"state.isContentVisible\" data-wp-init=\"callbacks.setButtonStyles\" data-wp-on--click=\"actions.showLightbox\" data-wp-on--load=\"callbacks.setButtonStyles\" data-wp-on-window--resize=\"callbacks.setButtonStyles\" src=\"https:\/\/destination-commingespyrenees.prep.faire-savoir.eu\/wp-content\/uploads\/2026\/01\/Saint-Bertrand2-1.jpg\" alt=\"el Comminges durante la Antig&#xFC;edad Vista a&#xE9;rea de Saint-Bertrand-de-Comminges\" class=\"wp-image-314\" srcset=\"https:\/\/destination-commingespyrenees.prep.faire-savoir.eu\/wp-content\/uploads\/2026\/01\/Saint-Bertrand2-1.jpg 809w, https:\/\/destination-commingespyrenees.prep.faire-savoir.eu\/wp-content\/uploads\/2026\/01\/Saint-Bertrand2-1-800x546.jpg 800w, https:\/\/destination-commingespyrenees.prep.faire-savoir.eu\/wp-content\/uploads\/2026\/01\/Saint-Bertrand2-1-768x524.jpg 768w\" sizes=\"auto, (max-width: 809px) 100vw, 809px\" \/><button\n\t\t\tclass=\"lightbox-trigger\"\n\t\t\ttype=\"button\"\n\t\t\taria-haspopup=\"dialog\"\n\t\t\taria-label=\"Agrandar\"\n\t\t\tdata-wp-init=\"callbacks.initTriggerButton\"\n\t\t\tdata-wp-on--click=\"actions.showLightbox\"\n\t\t\tdata-wp-style--right=\"state.imageButtonRight\"\n\t\t\tdata-wp-style--top=\"state.imageButtonTop\"\n\t\t>\n\t\t\t<svg xmlns=\"http:\/\/www.w3.org\/2000\/svg\" width=\"12\" height=\"12\" fill=\"none\" viewBox=\"0 0 12 12\">\n\t\t\t\t<path fill=\"#fff\" d=\"M2 0a2 2 0 0 0-2 2v2h1.5V2a.5.5 0 0 1 .5-.5h2V0H2Zm2 10.5H2a.5.5 0 0 1-.5-.5V8H0v2a2 2 0 0 0 2 2h2v-1.5ZM8 12v-1.5h2a.5.5 0 0 0 .5-.5V8H12v2a2 2 0 0 1-2 2H8Zm2-12a2 2 0 0 1 2 2v2h-1.5V2a.5.5 0 0 0-.5-.5H8V0h2Z\" \/>\n\t\t\t<\/svg>\n\t\t<\/button><figcaption class=\"wp-element-caption\">Saint-Bertrand-de-Comminges<\/figcaption><\/figure>\n<\/div>\n\n\n\n<div class=\"wp-block-column is-vertically-aligned-center is-layout-flow wp-block-column-is-layout-flow\" style=\"flex-basis:50%\">\n<h2 class=\"wp-block-heading is-style-underlined\">Saint-Bertrand-de-Comminges<\/h2>\n\n\n\n<p><strong>Durante la \u00e9poca galorromana, del siglo I al III, <a href=\"https:\/\/destination-commingespyrenees.prep.faire-savoir.eu\/es\/saint-bertrand-de-comminges-pueblo-medieval\/\">Lugdunum Convenarum<\/a> se convierte en una ciudad pr\u00f3spera<\/strong><\/p>\n\n\n\n<p>Aqu\u00ed se encuentran los principales elementos de una ciudad romana, como una red de calles y acueductos, un foro (centro pol\u00edtico y comercial), unas termas (ba\u00f1os p\u00fablicos), un teatro con capacidad para varios miles de espectadores, templos y santuarios.<br\/>La ciudad se sit\u00faa en una v\u00eda importante que une Toulouse con Espa\u00f1a, lo que favorece el comercio y la circulaci\u00f3n.<\/p>\n\n\n\n<p><\/p>\n<\/div>\n<\/div>\n\n<p><\/p>\n\n<div class=\"wp-block-columns are-vertically-aligned-center is-layout-flex wp-container-core-columns-is-layout-28f84493 wp-block-columns-is-layout-flex\">\n<div class=\"wp-block-column is-vertically-aligned-center is-layout-flow wp-block-column-is-layout-flow\" style=\"flex-basis:50%\">\n<figure data-wp-context=\"{&quot;imageId&quot;:&quot;69ff70fb4abc6&quot;}\" data-wp-interactive=\"core\/image\" data-wp-key=\"69ff70fb4abc6\" class=\"wp-block-image size-full wp-lightbox-container\"><img loading=\"lazy\" decoding=\"async\" width=\"680\" height=\"453\" data-wp-class--hide=\"state.isContentHidden\" data-wp-class--show=\"state.isContentVisible\" data-wp-init=\"callbacks.setButtonStyles\" data-wp-on--click=\"actions.showLightbox\" data-wp-on--load=\"callbacks.setButtonStyles\" data-wp-on-window--resize=\"callbacks.setButtonStyles\" src=\"https:\/\/destination-commingespyrenees.prep.faire-savoir.eu\/wp-content\/uploads\/2026\/01\/Montmaurin-villa-Lassalles-cour-interieure-D.Bordes-CMN-680x453-1.jpg\" alt=\"el Comminges durante la Antig&#xFC;edad &#10;La Villa Galorromana\" class=\"wp-image-445\"\/><button\n\t\t\tclass=\"lightbox-trigger\"\n\t\t\ttype=\"button\"\n\t\t\taria-haspopup=\"dialog\"\n\t\t\taria-label=\"Agrandar\"\n\t\t\tdata-wp-init=\"callbacks.initTriggerButton\"\n\t\t\tdata-wp-on--click=\"actions.showLightbox\"\n\t\t\tdata-wp-style--right=\"state.imageButtonRight\"\n\t\t\tdata-wp-style--top=\"state.imageButtonTop\"\n\t\t>\n\t\t\t<svg xmlns=\"http:\/\/www.w3.org\/2000\/svg\" width=\"12\" height=\"12\" fill=\"none\" viewBox=\"0 0 12 12\">\n\t\t\t\t<path fill=\"#fff\" d=\"M2 0a2 2 0 0 0-2 2v2h1.5V2a.5.5 0 0 1 .5-.5h2V0H2Zm2 10.5H2a.5.5 0 0 1-.5-.5V8H0v2a2 2 0 0 0 2 2h2v-1.5ZM8 12v-1.5h2a.5.5 0 0 0 .5-.5V8H12v2a2 2 0 0 1-2 2H8Zm2-12a2 2 0 0 1 2 2v2h-1.5V2a.5.5 0 0 0-.5-.5H8V0h2Z\" \/>\n\t\t\t<\/svg>\n\t\t<\/button><figcaption class=\"wp-element-caption\">Villa galorromana de Montmaurin<\/figcaption><\/figure>\n<\/div>\n\n\n\n<div class=\"wp-block-column is-vertically-aligned-center is-layout-flow wp-block-column-is-layout-flow\" style=\"flex-basis:50%\">\n<h2 class=\"wp-block-heading is-style-underlined\">El declive del Imperio romano<\/h2>\n\n\n\n<p><strong>A partir del siglo III, el Imperio romano atraviesa un periodo de crisis: invasiones, inestabilidad pol\u00edtica y dificultades econ\u00f3micas.<\/strong><\/p>\n\n\n\n<p>La ciudad de Lugdunum Convenarum decae progresivamente, lo que supone el fin de un periodo pr\u00f3spero del Comminges, que ve cambiar su territorio. En el siglo V, con la ca\u00edda del Imperio romano de Occidente, la regi\u00f3n pasa a estar bajo el control de los pueblos germ\u00e1nicos, en particular los visigodos, que crean un poderoso reino con su capital en Toulouse. El Comminges pasa entonces a formar parte del reino visigodo.  <\/p>\n<\/div>\n<\/div>\n\n<section class=\"wp-block-group alignfull pattern-text has-global-padding is-layout-constrained wp-block-group-is-layout-constrained\">\n<div class=\"wp-block-group has-global-padding is-layout-constrained wp-block-group-is-layout-constrained\">\n<p class=\"is-style-indented is-style-indented--1\">La Via Garona GR\u00ae 861: conectada a los caminos de Santiago ya existentes \u00abConques-Toulouse\u00bb, la \u00abV\u00eda de Arl\u00e9s\u00bb y la \u00abV\u00eda del Piedemonte Pirenaico\u00bb, la Via Garona es un sendero se\u00f1alizado como GR\u00ae de 170 km que te propone unir a pie, en entre 7 y 12 etapas, el centro de Toulouse con el pueblo de Saint-Bertrand-de-Comminges.<\/p>\n<\/div>\n<\/section>\n\n<div class=\"wp-block-columns is-layout-flex wp-container-core-columns-is-layout-28f84493 wp-block-columns-is-layout-flex\">\n<div class=\"wp-block-column is-layout-flow wp-block-column-is-layout-flow\" style=\"flex-basis:100%\"><\/div>\n<\/div>\n\n<section class=\"wp-block-group alignfull pattern-prepare-your-visit has-global-padding is-layout-constrained wp-block-group-is-layout-constrained\">\n<div class=\"wp-block-columns is-layout-flex wp-container-core-columns-is-layout-f5a44f5b wp-block-columns-is-layout-flex\">\n<div class=\"wp-block-column is-layout-flow wp-block-column-is-layout-flow\" style=\"flex-basis:50%\">\n<h2 class=\"wp-block-heading\">Yacimiento arqueol\u00f3gico de Montmaurin<\/h2>\n\n\n\n<p>Del 01-01-2026 al 30-04-2026<\/p>\n\n\n\n<ul class=\"wp-block-list\">\n<li>Mi\u00e9rcoles: de 10:00 a 12:30 y de 14:00 a 17:30<\/li>\n\n\n\n<li>Jueves: de 10:00 a 12:30 y de 14:00 a 17:30<\/li>\n\n\n\n<li>Viernes: de 10:00 a 18:00 y de 12:30 a 17:30<\/li>\n\n\n\n<li>S\u00e1bado: de 10:00 a 12:30 y de 14:00 a 17:30<\/li>\n\n\n\n<li>Domingo: de 10:00 a 12:30 y de 14:00 a 17:30<\/li>\n<\/ul>\n\n\n\n<p>Del 02-05-2026 al 31-08-2026<\/p>\n\n\n\n<ul class=\"wp-block-list is-style-indented\">\n<li>Domingo: de 10:00 a 18:00<\/li>\n\n\n\n<li>Martes: de 10:00 a 18:00<\/li>\n\n\n\n<li>Mi\u00e9rcoles: de 10:00 a 18:00<\/li>\n\n\n\n<li>Jueves: de 10:00 a 18:00<\/li>\n\n\n\n<li>Viernes: de 10:00 a 14:00<\/li>\n\n\n\n<li>S\u00e1bado: de 10:00 a 18:00<\/li>\n<\/ul>\n<\/div>\n\n\n\n<div class=\"wp-block-column is-vertically-aligned-center is-layout-flow wp-block-column-is-layout-flow\" style=\"flex-basis:50%\">\n<h3 class=\"wp-block-heading\">Informaci\u00f3n pr\u00e1ctica<\/h3>\n\n\n\n<ul class=\"wp-block-list\">\n<li>Aparcamiento en el recinto<\/li>\n\n\n\n<li>\u00c1rea de picnic en el lugar.<\/li>\n<\/ul>\n\n\n\n<h3 class=\"wp-block-heading\">Tarifas<\/h3>\n\n\n\n<ul class=\"wp-block-list\">\n<li>Grupos: 4 \u20ac por persona<\/li>\n\n\n\n<li>Adultos (a partir de 18 a\u00f1os): 5 \u20ac<\/li>\n\n\n\n<li>J\u00f3venes (menores de 18 a\u00f1os): Gratis<\/li>\n<\/ul>\n\n\n\n<div class=\"wp-block-group has-accent-3-background-color has-background has-global-padding is-layout-constrained wp-container-core-group-is-layout-ea39502d wp-block-group-is-layout-constrained\" style=\"border-top-left-radius:1rem;border-top-right-radius:1rem;border-bottom-left-radius:1rem;border-bottom-right-radius:1rem;padding-top:var(--wp--preset--spacing--50);padding-right:var(--wp--preset--spacing--50);padding-bottom:var(--wp--preset--spacing--50);padding-left:var(--wp--preset--spacing--50)\">\n<h4 class=\"wp-block-heading has-accent-1-color has-text-color has-link-color wp-elements-102b5e66a494cd3f72540494786f070c\"><strong><a href=\"https:\/\/www.montmaurin-archeo.fr\/\" target=\"_blank\" rel=\"noopener\">yacimiento arqueol\u00f3gico de Montmaurin<\/a><\/strong><\/h4>\n\n\n\n<p>1 route de Blajan \u2013 31350 Montmaurin<\/p>\n\n\n\n<div class=\"wp-block-bedrock-click-to-reveal has-abel-font-family\" style=\"text-transform:uppercase\"><div class=\"wp-element-bedrock-click-to-reveal\" role=\"button\" tabindex=\"0\" aria-expanded=\"false\" aria-live=\"polite\" data-hidden-content=\"+33 5 61 90 90 72\" data-link-url=\"https:\/\/www.musee-aurignacien.com\/fr\" data-link-target=\"_blank\" data-link-rel=\"noopener noreferrer\"><svg class=\"icon icon-phone-call-outgoing\" aria-hidden=\"true\" focusable=\"false\"><use href=\"https:\/\/destination-commingespyrenees.prep.faire-savoir.eu\/wp-content\/themes\/bedrock\/assets\/icons\/sprite.svg#phone-call-outgoing\"\/><\/svg><span><a href=\"tel:0561883994\">05 61 88 39 94<\/a><\/span><\/div><\/div>\n<\/div>\n<\/div>\n<\/div>\n\n\n\n<p><\/p>\n<\/section>\n\n<section class=\"wp-block-group alignfull pattern-prepare-your-visit has-global-padding is-layout-constrained wp-block-group-is-layout-constrained\">\n<div class=\"wp-block-columns is-layout-flex wp-container-core-columns-is-layout-f5a44f5b wp-block-columns-is-layout-flex\">\n<div class=\"wp-block-column is-layout-flow wp-block-column-is-layout-flow\" style=\"flex-basis:50%\">\n<h2 class=\"wp-block-heading\">Yacimiento de Saint-Bertrand-de-Comminges<\/h2>\n\n\n\n<p>El sitio de Saint Bertrand-de-Comminges \/ Valcabr\u00e8re es accesible durante todo el a\u00f1o.<\/p>\n\n\n\n<h3 class=\"wp-block-heading\"><strong>Horarios de apertura<\/strong><\/h3>\n\n\n\n<ul class=\"wp-block-list\">\n<li><strong>Junio, julio y agosto<\/strong>: de lunes a s\u00e1bado de 10:00 a 19:00 y domingos de 14:00 a 19:00.<\/li>\n\n\n\n<li><strong>Mayo y septiembre<\/strong>: de lunes a s\u00e1bado de 10:00 a 18:00 y domingos de 14:00 a 18:00.<\/li>\n\n\n\n<li><strong>Abril y octubre: <\/strong>de lunes a s\u00e1bado de 10:00 a 12:00 y de 14:00 a 18:00, y domingos de 14:00 a 18:00.<\/li>\n\n\n\n<li><strong>De noviembre a marzo:<\/strong> de lunes a s\u00e1bado de 10:00 a 12:00 y de 14:00 a 17:00.<\/li>\n<\/ul>\n\n\n\n<h4 class=\"wp-block-heading\"><strong>Informaci\u00f3n<\/strong><\/h4>\n\n\n\n<p>Centro cultural y tur\u00edstico \u00ab Les Oliv\u00e9tains \u00bb, situado en el atrio de la catedral de Sainte-Marie.<br\/>Tel.: <a href=\"tel:05%2061%2095%2044%2044\" target=\"_blank\" rel=\"noreferrer noopener\">05 61 95 44 44<\/a><\/p>\n<\/div>\n\n\n\n<div class=\"wp-block-column is-vertically-aligned-center is-layout-flow wp-block-column-is-layout-flow\" style=\"flex-basis:50%\">\n<h3 class=\"wp-block-heading\">Informaci\u00f3n pr\u00e1ctica<\/h3>\n\n\n\n<ul class=\"wp-block-list\">\n<li><strong>Visitas propuestas<\/strong><br\/>Visitas guiadas por gu\u00edas conferenciantes, con o sin comida (yacimiento antiguo, bas\u00edlica de Saint-Just, catedral de Sainte-Marie, ciudad medieval), con reserva previa.<br\/>Visitas libres de la catedral de Sainte-Marie y de la bas\u00edlica de Saint-Just de Valcabr\u00e8re con la ayuda de folletos o audiogu\u00edas en franc\u00e9s, ingl\u00e9s, espa\u00f1ol, italiano y alem\u00e1n.<\/li>\n\n\n\n<li><strong>Para las familias<\/strong><br\/>Un espacio juvenil en la librer\u00eda del Centro cultural y tur\u00edstico \u00ab Les Oliv\u00e9tains \u00bb<br\/><\/li>\n<\/ul>\n\n\n\n<div class=\"wp-block-group has-accent-3-background-color has-background has-global-padding is-layout-constrained wp-container-core-group-is-layout-ea39502d wp-block-group-is-layout-constrained\" style=\"border-top-left-radius:1rem;border-top-right-radius:1rem;border-bottom-left-radius:1rem;border-bottom-right-radius:1rem;padding-top:var(--wp--preset--spacing--50);padding-right:var(--wp--preset--spacing--50);padding-bottom:var(--wp--preset--spacing--50);padding-left:var(--wp--preset--spacing--50)\">\n<h4 class=\"wp-block-heading has-accent-1-color has-text-color has-link-color wp-elements-22c203373248d7349d6a262aca52d08d\"><strong><a href=\"https:\/\/www.hautegaronnetourisme.com\/organisme\/les-olivetains\/\" target=\"_blank\" rel=\"noopener\">les olivetains  <\/a><\/strong><\/h4>\n\n\n\n<p>31510 Saint-Bertrand-de-Comminges<\/p>\n\n\n\n<div class=\"wp-block-bedrock-click-to-reveal has-abel-font-family\" style=\"text-transform:uppercase\"><div class=\"wp-element-bedrock-click-to-reveal\" role=\"button\" tabindex=\"0\" aria-expanded=\"false\" aria-live=\"polite\" data-hidden-content=\"+33 5 61 90 90 72\" data-link-url=\"https:\/\/www.musee-aurignacien.com\/fr\" data-link-target=\"_blank\" data-link-rel=\"noopener noreferrer\"><svg class=\"icon icon-phone-call-outgoing\" aria-hidden=\"true\" focusable=\"false\"><use href=\"https:\/\/destination-commingespyrenees.prep.faire-savoir.eu\/wp-content\/themes\/bedrock\/assets\/icons\/sprite.svg#phone-call-outgoing\"\/><\/svg><span><a href=\"tel:0561954444\">05 61 95 44 44<\/a><\/span><\/div><\/div>\n\n\n\n<div class=\"wp-block-buttons has-abel-font-family is-layout-flex wp-block-buttons-is-layout-flex\" style=\"text-transform:uppercase\">\n<div class=\"wp-block-button is-style-text-only is-style-text-only--2 has-icon\"><a class=\"wp-block-button__link wp-element-button\" href=\"mail:olivetains@tourismehg.com\"><svg class=\"icon icon-email\" aria-hidden=\"true\" focusable=\"false\"><use href=\"https:\/\/destination-commingespyrenees.prep.faire-savoir.eu\/wp-content\/themes\/bedrock\/assets\/icons\/sprite.svg#email\"><\/use><\/svg>olivetains@tourismehg.com  <\/a><\/div>\n\n\n\n<div class=\"wp-block-button is-style-text-only is-style-text-only--3\"><a class=\"wp-block-button__link has-text-align-left wp-element-button\">www.tourisme-haute-garonne.com<\/a><\/div>\n<\/div>\n<\/div>\n<\/div>\n<\/div>\n\n\n\n<p><\/p>\n<\/section>\n","protected":false},"excerpt":{"rendered":"<p>La Antig\u00fcedad en Comminges La Antig\u00fcedad comienza con la invenci\u00f3n de la escritura en Mesopotamia y en Egipto, hacia 3400-3200 a.ntes de C., hasta la ca\u00edda del Imperio romano de Occidente en 476. El Comminges en esta \u00e9poca es un territorio importante, como lo demuestra a\u00fan hoy su lugar emblem\u00e1tico, Saint-Bertrand-de-Comminges. Antes de la conquista [&hellip;]<\/p>\n","protected":false},"author":4,"featured_media":3616,"parent":0,"menu_order":2,"comment_status":"closed","ping_status":"closed","template":"","meta":{"_acf_changed":false,"footnotes":""},"experience_category":[],"class_list":["post-3945","page","type-page","status-publish","has-post-thumbnail","hentry"],"acf":[],"_links":{"self":[{"href":"https:\/\/destination-commingespyrenees.prep.faire-savoir.eu\/es\/wp-json\/wp\/v2\/pages\/3945","targetHints":{"allow":["GET"]}}],"collection":[{"href":"https:\/\/destination-commingespyrenees.prep.faire-savoir.eu\/es\/wp-json\/wp\/v2\/pages"}],"about":[{"href":"https:\/\/destination-commingespyrenees.prep.faire-savoir.eu\/es\/wp-json\/wp\/v2\/types\/page"}],"author":[{"embeddable":true,"href":"https:\/\/destination-commingespyrenees.prep.faire-savoir.eu\/es\/wp-json\/wp\/v2\/users\/4"}],"replies":[{"embeddable":true,"href":"https:\/\/destination-commingespyrenees.prep.faire-savoir.eu\/es\/wp-json\/wp\/v2\/comments?post=3945"}],"version-history":[{"count":2,"href":"https:\/\/destination-commingespyrenees.prep.faire-savoir.eu\/es\/wp-json\/wp\/v2\/pages\/3945\/revisions"}],"predecessor-version":[{"id":3947,"href":"https:\/\/destination-commingespyrenees.prep.faire-savoir.eu\/es\/wp-json\/wp\/v2\/pages\/3945\/revisions\/3947"}],"wp:featuredmedia":[{"embeddable":true,"href":"https:\/\/destination-commingespyrenees.prep.faire-savoir.eu\/es\/wp-json\/wp\/v2\/media\/3616"}],"wp:attachment":[{"href":"https:\/\/destination-commingespyrenees.prep.faire-savoir.eu\/es\/wp-json\/wp\/v2\/media?parent=3945"}],"wp:term":[{"taxonomy":"experience_category","embeddable":true,"href":"https:\/\/destination-commingespyrenees.prep.faire-savoir.eu\/es\/wp-json\/wp\/v2\/experience_category?post=3945"}],"curies":[{"name":"wp","href":"https:\/\/api.w.org\/{rel}","templated":true}]}}