{"id":3924,"date":"2026-03-13T16:47:08","date_gmt":"2026-03-13T15:47:08","guid":{"rendered":"https:\/\/destination-commingespyrenees.prep.faire-savoir.eu\/el-comminges-en-la-edad-media\/"},"modified":"2026-04-28T16:45:51","modified_gmt":"2026-04-28T14:45:51","slug":"el-comminges-en-la-edad-media","status":"publish","type":"page","link":"https:\/\/destination-commingespyrenees.prep.faire-savoir.eu\/es\/el-comminges-en-la-edad-media\/","title":{"rendered":"El Comminges en la Edad Media"},"content":{"rendered":"\n<section class=\"wp-block-cover alignfull pattern-hero-section\"><img loading=\"lazy\" decoding=\"async\" width=\"2048\" height=\"1467\" class=\"wp-block-cover__image-background wp-image-776 size-full\" alt=\"Le Comminges au Moyen-\u00c2ge Coll\u00e9giale de Saint-Gaudens\" src=\"https:\/\/destination-commingespyrenees.prep.faire-savoir.eu\/wp-content\/uploads\/2026\/01\/Collegiale-leve-du-soleil-ete-2025-scaled.jpg\" data-object-fit=\"cover\" srcset=\"https:\/\/destination-commingespyrenees.prep.faire-savoir.eu\/wp-content\/uploads\/2026\/01\/Collegiale-leve-du-soleil-ete-2025-scaled.jpg 2048w, https:\/\/destination-commingespyrenees.prep.faire-savoir.eu\/wp-content\/uploads\/2026\/01\/Collegiale-leve-du-soleil-ete-2025-800x573.jpg 800w, https:\/\/destination-commingespyrenees.prep.faire-savoir.eu\/wp-content\/uploads\/2026\/01\/Collegiale-leve-du-soleil-ete-2025-1600x1146.jpg 1600w, https:\/\/destination-commingespyrenees.prep.faire-savoir.eu\/wp-content\/uploads\/2026\/01\/Collegiale-leve-du-soleil-ete-2025-768x550.jpg 768w, https:\/\/destination-commingespyrenees.prep.faire-savoir.eu\/wp-content\/uploads\/2026\/01\/Collegiale-leve-du-soleil-ete-2025-1536x1101.jpg 1536w\" sizes=\"auto, (max-width: 2048px) 100vw, 2048px\" \/><span aria-hidden=\"true\" class=\"wp-block-cover__background has-background-dim-40 has-background-dim wp-block-cover__gradient-background has-background-gradient\" style=\"background:linear-gradient(180deg,rgb(0,0,0) 0%,rgba(0,0,0,0) 50%,rgba(0,0,0) 100%)\"><\/span><div class=\"wp-block-cover__inner-container has-global-padding is-layout-constrained wp-block-cover-is-layout-constrained\">\n<div class=\"wp-block-group alignwide is-layout-flow wp-block-group-is-layout-flow\"><h1 class=\"is-style-decorated wp-block-post-title\">El Comminges en la Edad Media<\/h1><\/div>\n<\/div><\/section>\n\n<section class=\"wp-block-group alignfull pattern-text has-global-padding is-layout-constrained wp-block-group-is-layout-constrained\">\n<div class=\"wp-block-group has-global-padding is-layout-constrained wp-block-group-is-layout-constrained\">\n<section class=\"wp-block-group alignfull pattern-breadcrumb has-global-padding is-layout-constrained wp-block-group-is-layout-constrained\">\n<div class=\"wp-block-group alignwide is-layout-flow wp-block-group-is-layout-flow\"><nav aria-label=\"breadcrumbs\" class=\"rank-math-breadcrumb\"><p><span class=\"last\">Accueil<\/span><\/p><\/nav><\/div>\n<\/section>\n\n\n\n<h2 class=\"wp-block-heading is-style-underlined\">El Condado de Comminges<\/h2>\n\n\n\n<p><strong>En la Edad Media, el Comminges forma un <strong>condado poderoso y relativamente aut\u00f3nomo<\/strong>, centrado en torno a la ciudad de Saint-Bertrand-de-Comminges.<\/strong><\/p>\n\n\n\n<p>El origen del condado se remonta a los siglos IX y X. Tras la ca\u00edda del Imperio carolingio, la regi\u00f3n se estructura en torno a un condado feudal: el condado de Comminges. <\/p>\n\n\n\n<p>El territorio corresponde en gran parte a la antigua ciudad galorromana de Lugdunum Convenarum (la actual Saint-Bertrand).<br\/>Las familias nobles locales toman progresivamente el control del territorio.<br\/>El poder de los reyes francos es lejano: los condes gobiernan de manera casi independiente.<\/p>\n\n\n\n<p>La posici\u00f3n del Comminges es estrat\u00e9gica, en contacto con los Pirineos y Espa\u00f1a, y en las rutas comerciales entre Toulouse y Arag\u00f3n.<\/p>\n\n\n\n<p>La dinast\u00eda de los condes de Comminges domina la regi\u00f3n durante varios siglos.<br\/>Entre los m\u00e1s importantes destacan Bernardo IV de Comminges (siglo XII), que participa en las luchas feudales del Mediod\u00eda y refuerza la autoridad condal, as\u00ed como Bernardo V de Comminges, implicado en las rivalidades entre las grandes familias del sur.<br\/>Los condes deben negociar constantemente con vecinos poderosos como los condes de Toulouse, los reyes de Arag\u00f3n y los se\u00f1ores gascones.<\/p>\n\n\n\n<p>Los cambios en el Comminges tras la cruzada contra los albigenses en el siglo XIII.<br\/>El territorio se ve menos afectado que el Languedoc central, pero sigue implicado. Los condes intentan equilibrar sus relaciones entre los cruzados llegados del norte y las grandes familias occitanas. <\/p>\n\n\n\n<p>Despu\u00e9s de la cruzada, el poder real franc\u00e9s se extiende progresivamente por el sur y la autonom\u00eda de los peque\u00f1os condados disminuye.<\/p>\n\n\n\n<p>La sociedad medieval del Comminges es t\u00edpicamente feudal, con una nobleza que posee castillos en los valles pirenaicos y se mantiene fiel al conde. El clero, donde el obispado de Saint-Bertrand-de-Comminges desempe\u00f1a un papel central, tiene una influencia religiosa creciente y las peregrinaciones se multiplican. Los campesinos desarrollan la agricultura, especialmente en la monta\u00f1a, la ganader\u00eda y la explotaci\u00f3n forestal.<br\/>Los pueblos se organizan a menudo en torno a una iglesia y\/o un castillo o una mota feudal.   <\/p>\n\n\n\n<p>Varios factores debilitan el condado:<\/p>\n\n\n\n<ul class=\"wp-block-list\">\n<li>crisis demogr\u00e1ficas (peste negra)<\/li>\n\n\n\n<li>dificultades econ\u00f3micas<\/li>\n\n\n\n<li>extinci\u00f3n progresiva de la dinast\u00eda.<\/li>\n<\/ul>\n\n\n\n<p>En 1454, el Comminges se incorpora a la corona de Francia bajo el reinado de Carlos VII.<br\/>Se convierte entonces en una provincia integrada en el reino, manteniendo al mismo tiempo una fuerte identidad regional.<\/p>\n\n\n\n<p class=\"is-style-indented is-style-indented--1\">En nuestro destino existen 3 antiguas ciudades condales cuyos restos de esta \u00e9poca se pueden ver en el coraz\u00f3n de la villa: se trata de Saint-Marcet, Aurignac y L&#8217;Isle-en-Dodon. Cada uno de estos pueblos ten\u00eda su castillo; a\u00fan quedan restos en pie en Aurignac y Saint-Marcet, mientras que en L&#8217;Isle-en-Dodon solo es visible un muro del castillo en la calle Maubec. <\/p>\n\n\n\n<h2 class=\"wp-block-heading\">Los grandes castillos medievales del Comminges<\/h2>\n\n\n\n<div class=\"wp-block-columns are-vertically-aligned-center is-layout-flex wp-container-core-columns-is-layout-28f84493 wp-block-columns-is-layout-flex\">\n<div class=\"wp-block-column is-vertically-aligned-center is-layout-flow wp-block-column-is-layout-flow\" style=\"flex-basis:50%\">\n<figure data-wp-context=\"{&quot;imageId&quot;:&quot;69ff710ce4150&quot;}\" data-wp-interactive=\"core\/image\" data-wp-key=\"69ff710ce4150\" class=\"wp-block-image size-full wp-lightbox-container\"><img loading=\"lazy\" decoding=\"async\" width=\"640\" height=\"480\" data-wp-class--hide=\"state.isContentHidden\" data-wp-class--show=\"state.isContentVisible\" data-wp-init=\"callbacks.setButtonStyles\" data-wp-on--click=\"actions.showLightbox\" data-wp-on--load=\"callbacks.setButtonStyles\" data-wp-on-window--resize=\"callbacks.setButtonStyles\" src=\"https:\/\/destination-commingespyrenees.prep.faire-savoir.eu\/wp-content\/uploads\/2026\/03\/Chateau-fort-de-Saint-Marcet-640x480-1.jpg\" alt=\"El Comminges en la Edad Media Castillo de Saint-Marcet\" class=\"wp-image-2025\"\/><button\n\t\t\tclass=\"lightbox-trigger\"\n\t\t\ttype=\"button\"\n\t\t\taria-haspopup=\"dialog\"\n\t\t\taria-label=\"Agrandar\"\n\t\t\tdata-wp-init=\"callbacks.initTriggerButton\"\n\t\t\tdata-wp-on--click=\"actions.showLightbox\"\n\t\t\tdata-wp-style--right=\"state.imageButtonRight\"\n\t\t\tdata-wp-style--top=\"state.imageButtonTop\"\n\t\t>\n\t\t\t<svg xmlns=\"http:\/\/www.w3.org\/2000\/svg\" width=\"12\" height=\"12\" fill=\"none\" viewBox=\"0 0 12 12\">\n\t\t\t\t<path fill=\"#fff\" d=\"M2 0a2 2 0 0 0-2 2v2h1.5V2a.5.5 0 0 1 .5-.5h2V0H2Zm2 10.5H2a.5.5 0 0 1-.5-.5V8H0v2a2 2 0 0 0 2 2h2v-1.5ZM8 12v-1.5h2a.5.5 0 0 0 .5-.5V8H12v2a2 2 0 0 1-2 2H8Zm2-12a2 2 0 0 1 2 2v2h-1.5V2a.5.5 0 0 0-.5-.5H8V0h2Z\" \/>\n\t\t\t<\/svg>\n\t\t<\/button><\/figure>\n<\/div>\n\n\n\n<div class=\"wp-block-column is-vertically-aligned-center is-layout-flow wp-block-column-is-layout-flow\" style=\"flex-basis:50%\">\n<h2 class=\"wp-block-heading is-style-underlined\">el castillo de Saint-Marcet<\/h2>\n\n\n\n<p>El <strong>Castillo de Saint-Marcet<\/strong> <strong>es uno de los emplazamientos fortificados importantes del Comminges.<\/strong><\/p>\n\n\n\n<p>Su funci\u00f3n es el control de un territorio agr\u00edcola y de los ejes locales.<br\/>El propietario actual del castillo ha pasado gran parte de su vida renovando el recinto, que es privado. En su aspecto actual, aunque est\u00e9 en parte en ruinas, todav\u00eda se puede comprender la organizaci\u00f3n de un castillo medieval de la regi\u00f3n.  <\/p>\n<\/div>\n<\/div>\n<\/div>\n<\/section>\n\n<div class=\"wp-block-columns are-vertically-aligned-center is-layout-flex wp-container-core-columns-is-layout-28f84493 wp-block-columns-is-layout-flex\">\n<div class=\"wp-block-column is-vertically-aligned-center is-layout-flow wp-block-column-is-layout-flow\" style=\"flex-basis:50%\">\n<figure data-wp-context=\"{&quot;imageId&quot;:&quot;69ff710ce54dc&quot;}\" data-wp-interactive=\"core\/image\" data-wp-key=\"69ff710ce54dc\" class=\"wp-block-image size-full wp-lightbox-container\"><img loading=\"lazy\" decoding=\"async\" width=\"900\" height=\"675\" data-wp-class--hide=\"state.isContentHidden\" data-wp-class--show=\"state.isContentVisible\" data-wp-init=\"callbacks.setButtonStyles\" data-wp-on--click=\"actions.showLightbox\" data-wp-on--load=\"callbacks.setButtonStyles\" data-wp-on-window--resize=\"callbacks.setButtonStyles\" src=\"https:\/\/destination-commingespyrenees.prep.faire-savoir.eu\/wp-content\/uploads\/2026\/01\/donjon-aurignac-1-900x675-1.jpg\" alt=\"El Comminges en la Edad Media Torre del homenaje de Aurignac visita guiada &#xA9;OTI\" class=\"wp-image-250\" srcset=\"https:\/\/destination-commingespyrenees.prep.faire-savoir.eu\/wp-content\/uploads\/2026\/01\/donjon-aurignac-1-900x675-1.jpg 900w, https:\/\/destination-commingespyrenees.prep.faire-savoir.eu\/wp-content\/uploads\/2026\/01\/donjon-aurignac-1-900x675-1-800x600.jpg 800w, https:\/\/destination-commingespyrenees.prep.faire-savoir.eu\/wp-content\/uploads\/2026\/01\/donjon-aurignac-1-900x675-1-768x576.jpg 768w\" sizes=\"auto, (max-width: 900px) 100vw, 900px\" \/><button\n\t\t\tclass=\"lightbox-trigger\"\n\t\t\ttype=\"button\"\n\t\t\taria-haspopup=\"dialog\"\n\t\t\taria-label=\"Agrandar\"\n\t\t\tdata-wp-init=\"callbacks.initTriggerButton\"\n\t\t\tdata-wp-on--click=\"actions.showLightbox\"\n\t\t\tdata-wp-style--right=\"state.imageButtonRight\"\n\t\t\tdata-wp-style--top=\"state.imageButtonTop\"\n\t\t>\n\t\t\t<svg xmlns=\"http:\/\/www.w3.org\/2000\/svg\" width=\"12\" height=\"12\" fill=\"none\" viewBox=\"0 0 12 12\">\n\t\t\t\t<path fill=\"#fff\" d=\"M2 0a2 2 0 0 0-2 2v2h1.5V2a.5.5 0 0 1 .5-.5h2V0H2Zm2 10.5H2a.5.5 0 0 1-.5-.5V8H0v2a2 2 0 0 0 2 2h2v-1.5ZM8 12v-1.5h2a.5.5 0 0 0 .5-.5V8H12v2a2 2 0 0 1-2 2H8Zm2-12a2 2 0 0 1 2 2v2h-1.5V2a.5.5 0 0 0-.5-.5H8V0h2Z\" \/>\n\t\t\t<\/svg>\n\t\t<\/button><\/figure>\n<\/div>\n\n\n\n<div class=\"wp-block-column is-vertically-aligned-center is-layout-flow wp-block-column-is-layout-flow\" style=\"flex-basis:50%\">\n<h2 class=\"wp-block-heading is-style-underlined\">El castillo de Aurignac<\/h2>\n\n\n\n<p>Rodeado por muros de un grosor de entre 1,5 y 2 m, forma un recinto rectangular si se a\u00f1ade la parte noreste donde se encontraba la vivienda del Conde. Las murallas est\u00e1n reforzadas por cuatro torres de esquina cil\u00edndricas macizas, antiguamente coronadas por almenas. La torre del homenaje era una torre de vigilancia sin cubierta y hoy es el \u00fanico edificio de esa \u00e9poca que queda en pie. Se accede a ella por una escalera y por la puerta original. Esta    <strong> <\/strong>enorme edificaci\u00f3n, ligeramente troncoc\u00f3nica, se eleva a 18 m de altura con un di\u00e1metro exterior de 9,25 m en la base y 8,25 m en la cima. Consta de 3 salas superpuestas. Se sube por una estrecha escalera de caracol construida en el espesor de los muros, entre dos torres conc\u00e9ntricas.  <\/p>\n\n\n\n<div class=\"wp-block-buttons is-layout-flex wp-block-buttons-is-layout-flex\">\n<div class=\"wp-block-button is-style-fill\"><a class=\"wp-block-button__link wp-element-button\" href=\"https:\/\/destination-commingespyrenees.prep.faire-savoir.eu\/aurignac\/\">descubrir el pueblo medieval<\/a><\/div>\n<\/div>\n\n\n\n<p><\/p>\n<\/div>\n<\/div>\n\n<div class=\"wp-block-columns are-vertically-aligned-center is-layout-flex wp-container-core-columns-is-layout-28f84493 wp-block-columns-is-layout-flex\">\n<div class=\"wp-block-column is-vertically-aligned-center is-layout-flow wp-block-column-is-layout-flow\" style=\"flex-basis:50%\">\n<figure data-wp-context=\"{&quot;imageId&quot;:&quot;69ff710ce676e&quot;}\" data-wp-interactive=\"core\/image\" data-wp-key=\"69ff710ce676e\" class=\"wp-block-image size-full wp-lightbox-container\"><img loading=\"lazy\" decoding=\"async\" width=\"1920\" height=\"1440\" data-wp-class--hide=\"state.isContentHidden\" data-wp-class--show=\"state.isContentVisible\" data-wp-init=\"callbacks.setButtonStyles\" data-wp-on--click=\"actions.showLightbox\" data-wp-on--load=\"callbacks.setButtonStyles\" data-wp-on-window--resize=\"callbacks.setButtonStyles\" src=\"https:\/\/destination-commingespyrenees.prep.faire-savoir.eu\/wp-content\/uploads\/2026\/03\/IMG_3161.jpg\" alt=\"El Comminges en la Edad Media El castillo de Montespan\" class=\"wp-image-2026\" srcset=\"https:\/\/destination-commingespyrenees.prep.faire-savoir.eu\/wp-content\/uploads\/2026\/03\/IMG_3161.jpg 1920w, https:\/\/destination-commingespyrenees.prep.faire-savoir.eu\/wp-content\/uploads\/2026\/03\/IMG_3161-800x600.jpg 800w, https:\/\/destination-commingespyrenees.prep.faire-savoir.eu\/wp-content\/uploads\/2026\/03\/IMG_3161-1600x1200.jpg 1600w, https:\/\/destination-commingespyrenees.prep.faire-savoir.eu\/wp-content\/uploads\/2026\/03\/IMG_3161-768x576.jpg 768w, https:\/\/destination-commingespyrenees.prep.faire-savoir.eu\/wp-content\/uploads\/2026\/03\/IMG_3161-1536x1152.jpg 1536w\" sizes=\"auto, (max-width: 1920px) 100vw, 1920px\" \/><button\n\t\t\tclass=\"lightbox-trigger\"\n\t\t\ttype=\"button\"\n\t\t\taria-haspopup=\"dialog\"\n\t\t\taria-label=\"Agrandar\"\n\t\t\tdata-wp-init=\"callbacks.initTriggerButton\"\n\t\t\tdata-wp-on--click=\"actions.showLightbox\"\n\t\t\tdata-wp-style--right=\"state.imageButtonRight\"\n\t\t\tdata-wp-style--top=\"state.imageButtonTop\"\n\t\t>\n\t\t\t<svg xmlns=\"http:\/\/www.w3.org\/2000\/svg\" width=\"12\" height=\"12\" fill=\"none\" viewBox=\"0 0 12 12\">\n\t\t\t\t<path fill=\"#fff\" d=\"M2 0a2 2 0 0 0-2 2v2h1.5V2a.5.5 0 0 1 .5-.5h2V0H2Zm2 10.5H2a.5.5 0 0 1-.5-.5V8H0v2a2 2 0 0 0 2 2h2v-1.5ZM8 12v-1.5h2a.5.5 0 0 0 .5-.5V8H12v2a2 2 0 0 1-2 2H8Zm2-12a2 2 0 0 1 2 2v2h-1.5V2a.5.5 0 0 0-.5-.5H8V0h2Z\" \/>\n\t\t\t<\/svg>\n\t\t<\/button><\/figure>\n<\/div>\n\n\n\n<div class=\"wp-block-column is-vertically-aligned-center is-layout-flow wp-block-column-is-layout-flow\" style=\"flex-basis:50%\">\n<h2 class=\"wp-block-heading is-style-underlined\">El castillo de Montespan<\/h2>\n\n\n\n<p><strong>Las ruinas muestran su papel medieval, a la vez puesto de vigilancia estrat\u00e9gico y protecci\u00f3n de las rutas entre Saint-Gaudens y los valles pirenaicos.<\/strong><\/p>\n\n\n\n<p>Construido hacia el siglo XIII, pertenec\u00eda a una poderosa familia local, los Montespan, cuya marquesa de Montespan dej\u00f3 su huella en la Historia.<br\/>Hoy en d\u00eda, el lugar ofrece una panor\u00e1mica del Comminges.<\/p>\n<\/div>\n<\/div>\n\n<h2 class=\"wp-block-heading\">Otros vestigios medievales en Comminges, el patrimonio religioso<\/h2>\n\n<p>Much\u00edsimos pueblos peque\u00f1os tienen su iglesia que data de la Edad Media, como es el caso de Aurignac, L&#8217;Isle-en-Dodon, Boulogne-sur-Gesse, Saint-Marcet y muchos otros&#8230; Cabe destacar la majestuosa colegiata de San Pedro en Saint-Gaudens, la catedral de Santa Mar\u00eda en Saint-Bertrand-de-Comminges y la bas\u00edlica de San Justo en Valcabr\u00e8re.<br\/>Antiguos conventos, monasterios, abad\u00edas como la de Bonnefont, o el antiguo palacio de los obispos en Alan&#8230; todo un patrimonio que narra la historia del Comminges durante este periodo. <\/p>\n\n<figure class=\"wp-block-gallery has-nested-images columns-default is-cropped wp-block-gallery-2 is-layout-flex wp-block-gallery-is-layout-flex\">\n<figure data-wp-context=\"{&quot;imageId&quot;:&quot;69ff710ce7615&quot;}\" data-wp-interactive=\"core\/image\" data-wp-key=\"69ff710ce7615\" class=\"wp-block-image size-large wp-lightbox-container\"><img loading=\"lazy\" decoding=\"async\" width=\"1600\" height=\"1146\" data-wp-class--hide=\"state.isContentHidden\" data-wp-class--show=\"state.isContentVisible\" data-wp-init=\"callbacks.setButtonStyles\" data-wp-on--click=\"actions.showLightbox\" data-wp-on--load=\"callbacks.setButtonStyles\" data-wp-on-window--resize=\"callbacks.setButtonStyles\" data-id=\"776\" src=\"https:\/\/destination-commingespyrenees.prep.faire-savoir.eu\/wp-content\/uploads\/2026\/01\/Collegiale-leve-du-soleil-ete-2025-1600x1146.jpg\" alt=\"El Comminges en la Edad Media Colegiata de Saint-Gaudens\" class=\"wp-image-776\" srcset=\"https:\/\/destination-commingespyrenees.prep.faire-savoir.eu\/wp-content\/uploads\/2026\/01\/Collegiale-leve-du-soleil-ete-2025-1600x1146.jpg 1600w, https:\/\/destination-commingespyrenees.prep.faire-savoir.eu\/wp-content\/uploads\/2026\/01\/Collegiale-leve-du-soleil-ete-2025-800x573.jpg 800w, https:\/\/destination-commingespyrenees.prep.faire-savoir.eu\/wp-content\/uploads\/2026\/01\/Collegiale-leve-du-soleil-ete-2025-768x550.jpg 768w, https:\/\/destination-commingespyrenees.prep.faire-savoir.eu\/wp-content\/uploads\/2026\/01\/Collegiale-leve-du-soleil-ete-2025-1536x1101.jpg 1536w, https:\/\/destination-commingespyrenees.prep.faire-savoir.eu\/wp-content\/uploads\/2026\/01\/Collegiale-leve-du-soleil-ete-2025-scaled.jpg 2048w\" sizes=\"auto, (max-width: 1600px) 100vw, 1600px\" \/><button\n\t\t\tclass=\"lightbox-trigger\"\n\t\t\ttype=\"button\"\n\t\t\taria-haspopup=\"dialog\"\n\t\t\taria-label=\"Agrandar\"\n\t\t\tdata-wp-init=\"callbacks.initTriggerButton\"\n\t\t\tdata-wp-on--click=\"actions.showLightbox\"\n\t\t\tdata-wp-style--right=\"state.imageButtonRight\"\n\t\t\tdata-wp-style--top=\"state.imageButtonTop\"\n\t\t>\n\t\t\t<svg xmlns=\"http:\/\/www.w3.org\/2000\/svg\" width=\"12\" height=\"12\" fill=\"none\" viewBox=\"0 0 12 12\">\n\t\t\t\t<path fill=\"#fff\" d=\"M2 0a2 2 0 0 0-2 2v2h1.5V2a.5.5 0 0 1 .5-.5h2V0H2Zm2 10.5H2a.5.5 0 0 1-.5-.5V8H0v2a2 2 0 0 0 2 2h2v-1.5ZM8 12v-1.5h2a.5.5 0 0 0 .5-.5V8H12v2a2 2 0 0 1-2 2H8Zm2-12a2 2 0 0 1 2 2v2h-1.5V2a.5.5 0 0 0-.5-.5H8V0h2Z\" \/>\n\t\t\t<\/svg>\n\t\t<\/button><figcaption class=\"wp-element-caption\"><a href=\"https:\/\/destination-commingespyrenees.prep.faire-savoir.eu\/es\/la-colegiata-romanica-de-saint-gaudens\/\">Colegiata de San Pedro<\/a><\/figcaption><\/figure>\n\n\n\n<figure data-wp-context=\"{&quot;imageId&quot;:&quot;69ff710ce7b05&quot;}\" data-wp-interactive=\"core\/image\" data-wp-key=\"69ff710ce7b05\" class=\"wp-block-image size-large wp-lightbox-container\"><img loading=\"lazy\" decoding=\"async\" width=\"1600\" height=\"1066\" data-wp-class--hide=\"state.isContentHidden\" data-wp-class--show=\"state.isContentVisible\" data-wp-init=\"callbacks.setButtonStyles\" data-wp-on--click=\"actions.showLightbox\" data-wp-on--load=\"callbacks.setButtonStyles\" data-wp-on-window--resize=\"callbacks.setButtonStyles\" data-id=\"2334\" src=\"https:\/\/destination-commingespyrenees.prep.faire-savoir.eu\/wp-content\/uploads\/2026\/03\/SAINT-BERTRAND-DE-COMMMINGES-8650c4cff5a4469883051d253e4ee589-1600x1066.jpg\" alt=\"El Comminges en la Edad Media Catedral de Santa Mar&#xED;a Saint-Bertrand-de-Comminges\" class=\"wp-image-2334\" srcset=\"https:\/\/destination-commingespyrenees.prep.faire-savoir.eu\/wp-content\/uploads\/2026\/03\/SAINT-BERTRAND-DE-COMMMINGES-8650c4cff5a4469883051d253e4ee589-1600x1066.jpg 1600w, https:\/\/destination-commingespyrenees.prep.faire-savoir.eu\/wp-content\/uploads\/2026\/03\/SAINT-BERTRAND-DE-COMMMINGES-8650c4cff5a4469883051d253e4ee589-800x533.jpg 800w, https:\/\/destination-commingespyrenees.prep.faire-savoir.eu\/wp-content\/uploads\/2026\/03\/SAINT-BERTRAND-DE-COMMMINGES-8650c4cff5a4469883051d253e4ee589-768x512.jpg 768w, https:\/\/destination-commingespyrenees.prep.faire-savoir.eu\/wp-content\/uploads\/2026\/03\/SAINT-BERTRAND-DE-COMMMINGES-8650c4cff5a4469883051d253e4ee589-1536x1023.jpg 1536w, https:\/\/destination-commingespyrenees.prep.faire-savoir.eu\/wp-content\/uploads\/2026\/03\/SAINT-BERTRAND-DE-COMMMINGES-8650c4cff5a4469883051d253e4ee589-scaled.jpg 2048w\" sizes=\"auto, (max-width: 1600px) 100vw, 1600px\" \/><button\n\t\t\tclass=\"lightbox-trigger\"\n\t\t\ttype=\"button\"\n\t\t\taria-haspopup=\"dialog\"\n\t\t\taria-label=\"Agrandar\"\n\t\t\tdata-wp-init=\"callbacks.initTriggerButton\"\n\t\t\tdata-wp-on--click=\"actions.showLightbox\"\n\t\t\tdata-wp-style--right=\"state.imageButtonRight\"\n\t\t\tdata-wp-style--top=\"state.imageButtonTop\"\n\t\t>\n\t\t\t<svg xmlns=\"http:\/\/www.w3.org\/2000\/svg\" width=\"12\" height=\"12\" fill=\"none\" viewBox=\"0 0 12 12\">\n\t\t\t\t<path fill=\"#fff\" d=\"M2 0a2 2 0 0 0-2 2v2h1.5V2a.5.5 0 0 1 .5-.5h2V0H2Zm2 10.5H2a.5.5 0 0 1-.5-.5V8H0v2a2 2 0 0 0 2 2h2v-1.5ZM8 12v-1.5h2a.5.5 0 0 0 .5-.5V8H12v2a2 2 0 0 1-2 2H8Zm2-12a2 2 0 0 1 2 2v2h-1.5V2a.5.5 0 0 0-.5-.5H8V0h2Z\" \/>\n\t\t\t<\/svg>\n\t\t<\/button><figcaption class=\"wp-element-caption\"><a href=\"https:\/\/destination-commingespyrenees.prep.faire-savoir.eu\/es\/saint-bertrand-de-comminges-pueblo-medieval\/\">Catedral de Santa Mar\u00eda Saint-Bertrand-de-Comminges<\/a><\/figcaption><\/figure>\n\n\n\n<figure data-wp-context=\"{&quot;imageId&quot;:&quot;69ff710ce7fed&quot;}\" data-wp-interactive=\"core\/image\" data-wp-key=\"69ff710ce7fed\" class=\"wp-block-image size-large wp-lightbox-container\"><img loading=\"lazy\" decoding=\"async\" width=\"1600\" height=\"1067\" data-wp-class--hide=\"state.isContentHidden\" data-wp-class--show=\"state.isContentVisible\" data-wp-init=\"callbacks.setButtonStyles\" data-wp-on--click=\"actions.showLightbox\" data-wp-on--load=\"callbacks.setButtonStyles\" data-wp-on-window--resize=\"callbacks.setButtonStyles\" data-id=\"2335\" src=\"https:\/\/destination-commingespyrenees.prep.faire-savoir.eu\/wp-content\/uploads\/2026\/03\/SBC-Valca-1600x1067.jpg\" alt=\"El Comminges en la Edad Media Bas&#xED;lica de San Justo de Valcabr&#xE8;re\" class=\"wp-image-2335\" srcset=\"https:\/\/destination-commingespyrenees.prep.faire-savoir.eu\/wp-content\/uploads\/2026\/03\/SBC-Valca-1600x1067.jpg 1600w, https:\/\/destination-commingespyrenees.prep.faire-savoir.eu\/wp-content\/uploads\/2026\/03\/SBC-Valca-800x533.jpg 800w, https:\/\/destination-commingespyrenees.prep.faire-savoir.eu\/wp-content\/uploads\/2026\/03\/SBC-Valca-768x512.jpg 768w, https:\/\/destination-commingespyrenees.prep.faire-savoir.eu\/wp-content\/uploads\/2026\/03\/SBC-Valca-1536x1024.jpg 1536w, https:\/\/destination-commingespyrenees.prep.faire-savoir.eu\/wp-content\/uploads\/2026\/03\/SBC-Valca-scaled.jpg 2048w\" sizes=\"auto, (max-width: 1600px) 100vw, 1600px\" \/><button\n\t\t\tclass=\"lightbox-trigger\"\n\t\t\ttype=\"button\"\n\t\t\taria-haspopup=\"dialog\"\n\t\t\taria-label=\"Agrandar\"\n\t\t\tdata-wp-init=\"callbacks.initTriggerButton\"\n\t\t\tdata-wp-on--click=\"actions.showLightbox\"\n\t\t\tdata-wp-style--right=\"state.imageButtonRight\"\n\t\t\tdata-wp-style--top=\"state.imageButtonTop\"\n\t\t>\n\t\t\t<svg xmlns=\"http:\/\/www.w3.org\/2000\/svg\" width=\"12\" height=\"12\" fill=\"none\" viewBox=\"0 0 12 12\">\n\t\t\t\t<path fill=\"#fff\" d=\"M2 0a2 2 0 0 0-2 2v2h1.5V2a.5.5 0 0 1 .5-.5h2V0H2Zm2 10.5H2a.5.5 0 0 1-.5-.5V8H0v2a2 2 0 0 0 2 2h2v-1.5ZM8 12v-1.5h2a.5.5 0 0 0 .5-.5V8H12v2a2 2 0 0 1-2 2H8Zm2-12a2 2 0 0 1 2 2v2h-1.5V2a.5.5 0 0 0-.5-.5H8V0h2Z\" \/>\n\t\t\t<\/svg>\n\t\t<\/button><figcaption class=\"wp-element-caption\"><a href=\"https:\/\/destination-commingespyrenees.prep.faire-savoir.eu\/es\/saint-bertrand-de-comminges-pueblo-medieval\/\">Bas\u00edlica de San Justo de Valcabr\u00e8re<\/a><\/figcaption><\/figure>\n<\/figure>\n\n<p><\/p>\n","protected":false},"excerpt":{"rendered":"<p>El Condado de Comminges En la Edad Media, el Comminges forma un condado poderoso y relativamente aut\u00f3nomo, centrado en torno a la ciudad de Saint-Bertrand-de-Comminges. El origen del condado se remonta a los siglos IX y X. Tras la ca\u00edda del Imperio carolingio, la regi\u00f3n se estructura en torno a un condado feudal: el condado [&hellip;]<\/p>\n","protected":false},"author":4,"featured_media":3923,"parent":0,"menu_order":3,"comment_status":"closed","ping_status":"closed","template":"","meta":{"_acf_changed":false,"footnotes":""},"experience_category":[],"class_list":["post-3924","page","type-page","status-publish","has-post-thumbnail","hentry"],"acf":[],"_links":{"self":[{"href":"https:\/\/destination-commingespyrenees.prep.faire-savoir.eu\/es\/wp-json\/wp\/v2\/pages\/3924","targetHints":{"allow":["GET"]}}],"collection":[{"href":"https:\/\/destination-commingespyrenees.prep.faire-savoir.eu\/es\/wp-json\/wp\/v2\/pages"}],"about":[{"href":"https:\/\/destination-commingespyrenees.prep.faire-savoir.eu\/es\/wp-json\/wp\/v2\/types\/page"}],"author":[{"embeddable":true,"href":"https:\/\/destination-commingespyrenees.prep.faire-savoir.eu\/es\/wp-json\/wp\/v2\/users\/4"}],"replies":[{"embeddable":true,"href":"https:\/\/destination-commingespyrenees.prep.faire-savoir.eu\/es\/wp-json\/wp\/v2\/comments?post=3924"}],"version-history":[{"count":12,"href":"https:\/\/destination-commingespyrenees.prep.faire-savoir.eu\/es\/wp-json\/wp\/v2\/pages\/3924\/revisions"}],"predecessor-version":[{"id":5571,"href":"https:\/\/destination-commingespyrenees.prep.faire-savoir.eu\/es\/wp-json\/wp\/v2\/pages\/3924\/revisions\/5571"}],"wp:featuredmedia":[{"embeddable":true,"href":"https:\/\/destination-commingespyrenees.prep.faire-savoir.eu\/es\/wp-json\/wp\/v2\/media\/3923"}],"wp:attachment":[{"href":"https:\/\/destination-commingespyrenees.prep.faire-savoir.eu\/es\/wp-json\/wp\/v2\/media?parent=3924"}],"wp:term":[{"taxonomy":"experience_category","embeddable":true,"href":"https:\/\/destination-commingespyrenees.prep.faire-savoir.eu\/es\/wp-json\/wp\/v2\/experience_category?post=3924"}],"curies":[{"name":"wp","href":"https:\/\/api.w.org\/{rel}","templated":true}]}}