{"id":3911,"date":"2026-03-18T08:19:01","date_gmt":"2026-03-18T07:19:01","guid":{"rendered":"https:\/\/destination-commingespyrenees.prep.faire-savoir.eu\/el-comminges-en-la-era-industrial\/"},"modified":"2026-04-28T14:33:49","modified_gmt":"2026-04-28T12:33:49","slug":"el-comminges-en-la-era-industrial","status":"publish","type":"page","link":"https:\/\/destination-commingespyrenees.prep.faire-savoir.eu\/es\/el-comminges-en-la-era-industrial\/","title":{"rendered":"El Comminges en la era industrial"},"content":{"rendered":"\n<section class=\"wp-block-cover alignfull pattern-hero-section\"><img loading=\"lazy\" decoding=\"async\" width=\"1000\" height=\"625\" class=\"wp-block-cover__image-background wp-image-2331 size-full\" alt=\"Le Comminges \u00e0 l'\u00e8re industrielle. Marquise gare de Saint-gaudens\" src=\"https:\/\/destination-commingespyrenees.prep.faire-savoir.eu\/wp-content\/uploads\/2026\/03\/Marquise-de-la-Gare-de-Saint-Gaudens.jpg\" data-object-fit=\"cover\" srcset=\"https:\/\/destination-commingespyrenees.prep.faire-savoir.eu\/wp-content\/uploads\/2026\/03\/Marquise-de-la-Gare-de-Saint-Gaudens.jpg 1000w, https:\/\/destination-commingespyrenees.prep.faire-savoir.eu\/wp-content\/uploads\/2026\/03\/Marquise-de-la-Gare-de-Saint-Gaudens-800x500.jpg 800w, https:\/\/destination-commingespyrenees.prep.faire-savoir.eu\/wp-content\/uploads\/2026\/03\/Marquise-de-la-Gare-de-Saint-Gaudens-768x480.jpg 768w\" sizes=\"auto, (max-width: 1000px) 100vw, 1000px\" \/><span aria-hidden=\"true\" class=\"wp-block-cover__background has-background-dim-40 has-background-dim wp-block-cover__gradient-background has-background-gradient\" style=\"background:linear-gradient(180deg,rgb(0,0,0) 0%,rgba(0,0,0,0) 50%,rgba(0,0,0) 100%)\"><\/span><div class=\"wp-block-cover__inner-container has-global-padding is-layout-constrained wp-block-cover-is-layout-constrained\">\n<div class=\"wp-block-group alignwide is-layout-flow wp-block-group-is-layout-flow\"><h1 class=\"is-style-decorated wp-block-post-title\">El Comminges en la era industrial<\/h1><\/div>\n<\/div><\/section>\n\n<div class=\"wp-block-group alignwide is-layout-flow wp-block-group-is-layout-flow\"><nav aria-label=\"breadcrumbs\" class=\"rank-math-breadcrumb\"><p><span class=\"last\">Accueil<\/span><\/p><\/nav><\/div>\n\n<section class=\"wp-block-group alignfull pattern-text has-global-padding is-layout-constrained wp-block-group-is-layout-constrained\">\n<div class=\"wp-block-group has-global-padding is-layout-constrained wp-block-group-is-layout-constrained\">\n<h2 class=\"wp-block-heading\">La evoluci\u00f3n del Comminges en la era industrial<\/h2>\n\n\n\n<p><strong>En Francia, es el periodo que pasa progresivamente de una econom\u00eda agr\u00edcola y artesanal a una econom\u00eda industrial basada en las m\u00e1quinas y la producci\u00f3n en masa<\/strong>. <strong>El Comminges en la era industrial experimenta transformaciones importantes, pero la industrializaci\u00f3n sigue siendo limitada y ligada a los recursos locales<\/strong><\/p>\n\n\n\n<p>A principios del siglo XIX, el Comminges sigue siendo un territorio mayoritariamente agr\u00edcola. Los pueblos son numerosos y viven de la agricultura local. <\/p>\n\n\n\n<p>La industria del Comminges se desarrolla sobre todo gracias a los recursos del macizo pirenaico con las canteras de m\u00e1rmol alrededor de Saint-B\u00e9at-Lez (m\u00e1rmol utilizado en la arquitectura y la escultura); su explotaci\u00f3n ya es antigua, pero se moderniza en el siglo XIX. <br\/>Tambi\u00e9n est\u00e1n las forjas y la metalurgia que utilizan el mineral local.<br\/>La energ\u00eda hidr\u00e1ulica se desarrolla al igual que las serrer\u00edas y el trabajo de la madera, que est\u00e1n vinculados a la abundancia de bosques. Estas actividades siguen siendo artesanales o semiindustriales. <\/p>\n\n\n\n<p>La llegada del ferrocarril en el siglo XIX cambia mucho la regi\u00f3n con l\u00edneas m\u00e1s o menos grandes como la l\u00ednea Toulouse \u2013 Saint-Gaudens \u2013 Luchon (apertura de la estaci\u00f3n de Bagn\u00e8res-de-Luchon en 1873), y l\u00edneas m\u00e1s peque\u00f1as que conectan el Comminges con el Gers para enlazar con las grandes l\u00edneas (Boulogne-sur-Gesse\/L&#8217;Isle-en-Dodon\/Gimont&#8230;). Esto facilita el transporte m\u00e1s r\u00e1pido de mercanc\u00edas, por lo que hay un desarrollo del comercio y una nueva actividad con la llegada de visitantes y ba\u00f1istas.<\/p>\n\n\n\n<p>El siglo XIX ve el desarrollo del termalismo, muy importante en los Pirineos, como en Bagn\u00e8res-de-Luchon, que se convierte en una estaci\u00f3n termal reputada, frecuentada por la burgues\u00eda y la aristocracia europea; es necesario construir hoteles y, m\u00e1s tarde, casinos y establecimientos termales. El turismo se convierte en una actividad econ\u00f3mica de primer orden <\/p>\n\n\n\n<p>La industrializaci\u00f3n, aunque modesta, provoca progresivamente un \u00e9xodo rural de habitantes que abandonan las monta\u00f1as y el campo por las ciudades u otras regiones industriales, o incluso para probar suerte en el extranjero.<\/p>\n\n\n\n<p>Es en este momento cuando las ciudades peque\u00f1as evolucionan y ven aumentar su poblaci\u00f3n, como Saint-Gaudens, pero tambi\u00e9n Boulogne-sur-Gesse, Aurignac, L&#8217;Isle-en-Dodon, con un desarrollo del comercio y la artesan\u00eda.<\/p>\n\n\n\n<p>La evoluci\u00f3n de las t\u00e9cnicas y el aumento de la poblaci\u00f3n conllevan remodelaciones en los pueblos y ciudades del Comminges. Siempre nos adaptamos ampliando las iglesias, los monumentos, y se sigue renovando el patrimonio antiguo para mejorar su capacidad y usos. Las ciudades condales pierden sus fortificaciones, se rellenan los fosos que las rodeaban, se destruye y se reconstruye creando nuevos catastros, se desarrollan funciones administrativas en las ciudades y se construyen ayuntamientos como en Saint-Gaudens, L&#8217;Isle-en-Dodon, Boulogne-sur-Gesse, Montr\u00e9jeau&#8230;  <\/p>\n\n\n\n<p class=\"is-style-indented is-style-indented--1\">A nivel nacional, es en la era industrial cuando se presenta la <a href=\"https:\/\/www.toureiffel.paris\/fr\/le-monument\/exposition-universelle\" target=\"_blank\" rel=\"noopener\">Torre Eiffel<\/a> en la exposici\u00f3n universal de 1889, que ser\u00e1 la primera gran exposici\u00f3n universal y un gran \u00e9xito.<\/p>\n\n\n\n<h2 class=\"wp-block-heading\">Sitios creados en Comminges en esta \u00e9poca<\/h2>\n\n\n\n<div class=\"wp-block-columns are-vertically-aligned-center is-layout-flex wp-container-core-columns-is-layout-28f84493 wp-block-columns-is-layout-flex\">\n<div class=\"wp-block-column is-vertically-aligned-center is-layout-flow wp-block-column-is-layout-flow\" style=\"flex-basis:50%\">\n<figure data-wp-context=\"{&quot;imageId&quot;:&quot;69ff713f35721&quot;}\" data-wp-interactive=\"core\/image\" data-wp-key=\"69ff713f35721\" class=\"wp-block-image size-full wp-lightbox-container\"><img loading=\"lazy\" decoding=\"async\" width=\"1200\" height=\"900\" data-wp-class--hide=\"state.isContentHidden\" data-wp-class--show=\"state.isContentVisible\" data-wp-init=\"callbacks.setButtonStyles\" data-wp-on--click=\"actions.showLightbox\" data-wp-on--load=\"callbacks.setButtonStyles\" data-wp-on-window--resize=\"callbacks.setButtonStyles\" src=\"https:\/\/destination-commingespyrenees.prep.faire-savoir.eu\/wp-content\/uploads\/2026\/03\/halle-gourmande-saint-gaudens-1200x900-1.jpg\" alt=\"El Comminges en la era industrial. El mercado de cereales\/mercado gastron&#xF3;mico de Saint-Gaudens \" class=\"wp-image-2105\" srcset=\"https:\/\/destination-commingespyrenees.prep.faire-savoir.eu\/wp-content\/uploads\/2026\/03\/halle-gourmande-saint-gaudens-1200x900-1.jpg 1200w, https:\/\/destination-commingespyrenees.prep.faire-savoir.eu\/wp-content\/uploads\/2026\/03\/halle-gourmande-saint-gaudens-1200x900-1-800x600.jpg 800w, https:\/\/destination-commingespyrenees.prep.faire-savoir.eu\/wp-content\/uploads\/2026\/03\/halle-gourmande-saint-gaudens-1200x900-1-768x576.jpg 768w\" sizes=\"auto, (max-width: 1200px) 100vw, 1200px\" \/><button\n\t\t\tclass=\"lightbox-trigger\"\n\t\t\ttype=\"button\"\n\t\t\taria-haspopup=\"dialog\"\n\t\t\taria-label=\"Agrandar\"\n\t\t\tdata-wp-init=\"callbacks.initTriggerButton\"\n\t\t\tdata-wp-on--click=\"actions.showLightbox\"\n\t\t\tdata-wp-style--right=\"state.imageButtonRight\"\n\t\t\tdata-wp-style--top=\"state.imageButtonTop\"\n\t\t>\n\t\t\t<svg xmlns=\"http:\/\/www.w3.org\/2000\/svg\" width=\"12\" height=\"12\" fill=\"none\" viewBox=\"0 0 12 12\">\n\t\t\t\t<path fill=\"#fff\" d=\"M2 0a2 2 0 0 0-2 2v2h1.5V2a.5.5 0 0 1 .5-.5h2V0H2Zm2 10.5H2a.5.5 0 0 1-.5-.5V8H0v2a2 2 0 0 0 2 2h2v-1.5ZM8 12v-1.5h2a.5.5 0 0 0 .5-.5V8H12v2a2 2 0 0 1-2 2H8Zm2-12a2 2 0 0 1 2 2v2h-1.5V2a.5.5 0 0 0-.5-.5H8V0h2Z\" \/>\n\t\t\t<\/svg>\n\t\t<\/button><\/figure>\n<\/div>\n\n\n\n<div class=\"wp-block-column is-vertically-aligned-center is-layout-flow wp-block-column-is-layout-flow\" style=\"flex-basis:50%\">\n<h2 class=\"wp-block-heading is-style-underlined\">El mercado de cereales de Saint-Gaudens<\/h2>\n\n\n\n<p><strong>Creado en 1843, de estilo neocl\u00e1sico con columnas y arcadas, es un mercado cubierto para el comercio del trigo y de los productos agr\u00edcolas.<\/strong><br\/>Convertido hoy en el mercado gastron\u00f3mico (Halle gourmande), mantiene su funci\u00f3n de mercado cubierto y acoge a productores locales.<\/p>\n\n\n\n<div class=\"wp-block-buttons is-layout-flex wp-block-buttons-is-layout-flex\">\n<div class=\"wp-block-button is-style-fill\"><a class=\"wp-block-button__link wp-element-button\" href=\"https:\/\/destination-commingespyrenees.prep.faire-savoir.eu\/halle-gourmande\/\">SABER M\u00c1S<\/a><\/div>\n<\/div>\n\n\n\n<p><br\/><\/p>\n<\/div>\n<\/div>\n<\/div>\n<\/section>\n\n<div class=\"wp-block-columns are-vertically-aligned-center is-layout-flex wp-container-core-columns-is-layout-28f84493 wp-block-columns-is-layout-flex\">\n<div class=\"wp-block-column is-vertically-aligned-center is-layout-flow wp-block-column-is-layout-flow\" style=\"flex-basis:50%\">\n<figure data-wp-context=\"{&quot;imageId&quot;:&quot;69ff713f36fc0&quot;}\" data-wp-interactive=\"core\/image\" data-wp-key=\"69ff713f36fc0\" class=\"wp-block-image size-full wp-lightbox-container\"><img loading=\"lazy\" decoding=\"async\" width=\"1200\" height=\"1200\" data-wp-class--hide=\"state.isContentHidden\" data-wp-class--show=\"state.isContentVisible\" data-wp-init=\"callbacks.setButtonStyles\" data-wp-on--click=\"actions.showLightbox\" data-wp-on--load=\"callbacks.setButtonStyles\" data-wp-on-window--resize=\"callbacks.setButtonStyles\" src=\"https:\/\/destination-commingespyrenees.prep.faire-savoir.eu\/wp-content\/uploads\/2026\/03\/musee-arts-et-figures-des-pyrenees-centrales-1200x1200-1.jpg\" alt=\"El Comminges en la era industrial. El museo de Saint-Gaudens \" class=\"wp-image-2106\" srcset=\"https:\/\/destination-commingespyrenees.prep.faire-savoir.eu\/wp-content\/uploads\/2026\/03\/musee-arts-et-figures-des-pyrenees-centrales-1200x1200-1.jpg 1200w, https:\/\/destination-commingespyrenees.prep.faire-savoir.eu\/wp-content\/uploads\/2026\/03\/musee-arts-et-figures-des-pyrenees-centrales-1200x1200-1-800x800.jpg 800w, https:\/\/destination-commingespyrenees.prep.faire-savoir.eu\/wp-content\/uploads\/2026\/03\/musee-arts-et-figures-des-pyrenees-centrales-1200x1200-1-560x560.jpg 560w, https:\/\/destination-commingespyrenees.prep.faire-savoir.eu\/wp-content\/uploads\/2026\/03\/musee-arts-et-figures-des-pyrenees-centrales-1200x1200-1-768x768.jpg 768w\" sizes=\"auto, (max-width: 1200px) 100vw, 1200px\" \/><button\n\t\t\tclass=\"lightbox-trigger\"\n\t\t\ttype=\"button\"\n\t\t\taria-haspopup=\"dialog\"\n\t\t\taria-label=\"Agrandar\"\n\t\t\tdata-wp-init=\"callbacks.initTriggerButton\"\n\t\t\tdata-wp-on--click=\"actions.showLightbox\"\n\t\t\tdata-wp-style--right=\"state.imageButtonRight\"\n\t\t\tdata-wp-style--top=\"state.imageButtonTop\"\n\t\t>\n\t\t\t<svg xmlns=\"http:\/\/www.w3.org\/2000\/svg\" width=\"12\" height=\"12\" fill=\"none\" viewBox=\"0 0 12 12\">\n\t\t\t\t<path fill=\"#fff\" d=\"M2 0a2 2 0 0 0-2 2v2h1.5V2a.5.5 0 0 1 .5-.5h2V0H2Zm2 10.5H2a.5.5 0 0 1-.5-.5V8H0v2a2 2 0 0 0 2 2h2v-1.5ZM8 12v-1.5h2a.5.5 0 0 0 .5-.5V8H12v2a2 2 0 0 1-2 2H8Zm2-12a2 2 0 0 1 2 2v2h-1.5V2a.5.5 0 0 0-.5-.5H8V0h2Z\" \/>\n\t\t\t<\/svg>\n\t\t<\/button><\/figure>\n<\/div>\n\n\n\n<div class=\"wp-block-column is-vertically-aligned-center is-layout-flow wp-block-column-is-layout-flow\" style=\"flex-basis:50%\">\n<h2 class=\"wp-block-heading is-style-underlined\">El Museo de Saint-Gaudens<\/h2>\n\n\n\n<p><strong>El siglo XIX tambi\u00e9n ve aparecer nuevos edificios administrativos de arquitectura neocl\u00e1sica monumental, s\u00edmbolo del desarrollo de la ciudad.<\/strong><br\/>Antiguo ayuntamiento de Saint-Gaudens de 1870 a 1874, hoy es el museo Arts &amp; Figures des Pyr\u00e9n\u00e9es Centrales.<\/p>\n<\/div>\n<\/div>\n\n<div class=\"wp-block-columns are-vertically-aligned-center is-layout-flex wp-container-core-columns-is-layout-28f84493 wp-block-columns-is-layout-flex\">\n<div class=\"wp-block-column is-vertically-aligned-center is-layout-flow wp-block-column-is-layout-flow\" style=\"flex-basis:50%\">\n<figure data-wp-context=\"{&quot;imageId&quot;:&quot;69ff713f37dcb&quot;}\" data-wp-interactive=\"core\/image\" data-wp-key=\"69ff713f37dcb\" class=\"wp-block-image size-full wp-lightbox-container\"><img loading=\"lazy\" decoding=\"async\" width=\"2048\" height=\"1365\" data-wp-class--hide=\"state.isContentHidden\" data-wp-class--show=\"state.isContentVisible\" data-wp-init=\"callbacks.setButtonStyles\" data-wp-on--click=\"actions.showLightbox\" data-wp-on--load=\"callbacks.setButtonStyles\" data-wp-on-window--resize=\"callbacks.setButtonStyles\" src=\"https:\/\/destination-commingespyrenees.prep.faire-savoir.eu\/wp-content\/uploads\/2026\/01\/Visite-Vlamirande-Chateau.-@M.Berges-OTIDestinationCommingesPyrenees-23-scaled.jpg\" alt=\"El Comminges en la era industrial. Fachada sur del Castillo de Valmirande\" class=\"wp-image-433\" srcset=\"https:\/\/destination-commingespyrenees.prep.faire-savoir.eu\/wp-content\/uploads\/2026\/01\/Visite-Vlamirande-Chateau.-@M.Berges-OTIDestinationCommingesPyrenees-23-scaled.jpg 2048w, https:\/\/destination-commingespyrenees.prep.faire-savoir.eu\/wp-content\/uploads\/2026\/01\/Visite-Vlamirande-Chateau.-@M.Berges-OTIDestinationCommingesPyrenees-23-800x533.jpg 800w, https:\/\/destination-commingespyrenees.prep.faire-savoir.eu\/wp-content\/uploads\/2026\/01\/Visite-Vlamirande-Chateau.-@M.Berges-OTIDestinationCommingesPyrenees-23-1600x1067.jpg 1600w, https:\/\/destination-commingespyrenees.prep.faire-savoir.eu\/wp-content\/uploads\/2026\/01\/Visite-Vlamirande-Chateau.-@M.Berges-OTIDestinationCommingesPyrenees-23-768x512.jpg 768w, https:\/\/destination-commingespyrenees.prep.faire-savoir.eu\/wp-content\/uploads\/2026\/01\/Visite-Vlamirande-Chateau.-@M.Berges-OTIDestinationCommingesPyrenees-23-1536x1024.jpg 1536w\" sizes=\"auto, (max-width: 2048px) 100vw, 2048px\" \/><button\n\t\t\tclass=\"lightbox-trigger\"\n\t\t\ttype=\"button\"\n\t\t\taria-haspopup=\"dialog\"\n\t\t\taria-label=\"Agrandar\"\n\t\t\tdata-wp-init=\"callbacks.initTriggerButton\"\n\t\t\tdata-wp-on--click=\"actions.showLightbox\"\n\t\t\tdata-wp-style--right=\"state.imageButtonRight\"\n\t\t\tdata-wp-style--top=\"state.imageButtonTop\"\n\t\t>\n\t\t\t<svg xmlns=\"http:\/\/www.w3.org\/2000\/svg\" width=\"12\" height=\"12\" fill=\"none\" viewBox=\"0 0 12 12\">\n\t\t\t\t<path fill=\"#fff\" d=\"M2 0a2 2 0 0 0-2 2v2h1.5V2a.5.5 0 0 1 .5-.5h2V0H2Zm2 10.5H2a.5.5 0 0 1-.5-.5V8H0v2a2 2 0 0 0 2 2h2v-1.5ZM8 12v-1.5h2a.5.5 0 0 0 .5-.5V8H12v2a2 2 0 0 1-2 2H8Zm2-12a2 2 0 0 1 2 2v2h-1.5V2a.5.5 0 0 0-.5-.5H8V0h2Z\" \/>\n\t\t\t<\/svg>\n\t\t<\/button><\/figure>\n<\/div>\n\n\n\n<div class=\"wp-block-column is-vertically-aligned-center is-layout-flow wp-block-column-is-layout-flow\" style=\"flex-basis:50%\">\n<h2 class=\"wp-block-heading is-style-underlined\">El Castillo y finca de Valmirande<\/h2>\n\n\n\n<p><strong>Construido entre 1893 y 1899 por iniciativa de Bertrand De Lassus, obra del arquitecto Louis Garros, es de estilo neog\u00f3tico<\/strong>.<br\/>Cabe destacar las modificaciones del hotel De Lassus en esta \u00e9poca con la adici\u00f3n de una planta entera rematada con techos altos.<\/p>\n<\/div>\n<\/div>\n\n<section class=\"wp-block-group alignfull pattern-prepare-your-visit has-global-padding is-layout-constrained wp-block-group-is-layout-constrained\">\n<div class=\"wp-block-columns is-layout-flex wp-container-core-columns-is-layout-f5a44f5b wp-block-columns-is-layout-flex\">\n<div class=\"wp-block-column is-layout-flow wp-block-column-is-layout-flow\" style=\"flex-basis:50%\">\n<h2 class=\"wp-block-heading\">Qu\u00e9 ver<\/h2>\n\n\n\n<p class=\"is-style-indented is-style-indented--2\">La mayor\u00eda de los lugares mencionados anteriormente son hoy espacios culturales o administrativos, por lo que puedes verlos con acceso libre.<\/p>\n\n\n\n<h3 class=\"wp-block-heading\">Informaci\u00f3n pr\u00e1ctica<\/h3>\n\n\n\n<p>Para el museo, consulta los horarios de apertura y la tarifa aqu\u00ed. El castillo de Valmirande no se puede visitar por dentro, solo se visitan los exteriores en verano o en fechas determinadas.  Contacte con la oficina de turismo para m\u00e1s informaci\u00f3n.<\/p>\n<\/div>\n\n\n\n<div class=\"wp-block-column is-layout-flow wp-block-column-is-layout-flow\" style=\"flex-basis:50%\">\n<p><\/p>\n\n\n\n<p><\/p>\n\n\n\n<div class=\"wp-block-group has-accent-3-background-color has-background has-global-padding is-layout-constrained wp-container-core-group-is-layout-ea39502d wp-block-group-is-layout-constrained\" style=\"border-top-left-radius:1rem;border-top-right-radius:1rem;border-bottom-left-radius:1rem;border-bottom-right-radius:1rem;padding-top:var(--wp--preset--spacing--50);padding-right:var(--wp--preset--spacing--50);padding-bottom:var(--wp--preset--spacing--50);padding-left:var(--wp--preset--spacing--50)\">\n<h4 class=\"wp-block-heading has-accent-1-color has-text-color has-link-color wp-elements-dd69bfdcfdc1e26146357c117058a0ed\"><strong>Oficina de turismo Destination Comminges Pyr\u00e9n\u00e9es<\/strong><\/h4>\n\n\n\n<p>2 rue Thiers \u2013 31800 Saint-Gaudens<\/p>\n\n\n\n<div class=\"wp-block-bedrock-click-to-reveal has-abel-font-family\" style=\"text-transform:uppercase\"><div class=\"wp-element-bedrock-click-to-reveal\" role=\"button\" tabindex=\"0\" aria-expanded=\"false\" aria-live=\"polite\" data-hidden-content=\"+33 5 61 90 90 72\" data-link-url=\"https:\/\/www.musee-aurignacien.com\/fr\" data-link-target=\"_blank\" data-link-rel=\"noopener noreferrer\"><svg class=\"icon icon-phone-call-outgoing\" aria-hidden=\"true\" focusable=\"false\"><use href=\"https:\/\/destination-commingespyrenees.prep.faire-savoir.eu\/wp-content\/themes\/bedrock\/assets\/icons\/sprite.svg#phone-call-outgoing\"\/><\/svg><span><a href=\"tel:0561947761\">05 61 94 77 61<\/a><\/span><\/div><\/div>\n\n\n\n<div class=\"wp-block-buttons has-abel-font-family is-layout-flex wp-block-buttons-is-layout-flex\" style=\"text-transform:uppercase\">\n<div class=\"wp-block-button is-style-text-only is-style-text-only--3 has-icon\"><a class=\"wp-block-button__link has-text-align-left wp-element-button\" href=\"mail:info@destination-commingespyrenees.com\"><svg class=\"icon icon-email\" aria-hidden=\"true\" focusable=\"false\"><use href=\"https:\/\/destination-commingespyrenees.prep.faire-savoir.eu\/wp-content\/themes\/bedrock\/assets\/icons\/sprite.svg#email\"><\/use><\/svg>info@destination-commingespyrenees.com<\/a><\/div>\n<\/div>\n<\/div>\n<\/div>\n<\/div>\n<\/section>\n","protected":false},"excerpt":{"rendered":"<p>La evoluci\u00f3n del Comminges en la era industrial En Francia, es el periodo que pasa progresivamente de una econom\u00eda agr\u00edcola y artesanal a una econom\u00eda industrial basada en las m\u00e1quinas y la producci\u00f3n en masa. El Comminges en la era industrial experimenta transformaciones importantes, pero la industrializaci\u00f3n sigue siendo limitada y ligada a los recursos [&hellip;]<\/p>\n","protected":false},"author":4,"featured_media":3910,"parent":0,"menu_order":5,"comment_status":"closed","ping_status":"closed","template":"","meta":{"_acf_changed":false,"footnotes":""},"experience_category":[],"class_list":["post-3911","page","type-page","status-publish","has-post-thumbnail","hentry"],"acf":[],"_links":{"self":[{"href":"https:\/\/destination-commingespyrenees.prep.faire-savoir.eu\/es\/wp-json\/wp\/v2\/pages\/3911","targetHints":{"allow":["GET"]}}],"collection":[{"href":"https:\/\/destination-commingespyrenees.prep.faire-savoir.eu\/es\/wp-json\/wp\/v2\/pages"}],"about":[{"href":"https:\/\/destination-commingespyrenees.prep.faire-savoir.eu\/es\/wp-json\/wp\/v2\/types\/page"}],"author":[{"embeddable":true,"href":"https:\/\/destination-commingespyrenees.prep.faire-savoir.eu\/es\/wp-json\/wp\/v2\/users\/4"}],"replies":[{"embeddable":true,"href":"https:\/\/destination-commingespyrenees.prep.faire-savoir.eu\/es\/wp-json\/wp\/v2\/comments?post=3911"}],"version-history":[{"count":7,"href":"https:\/\/destination-commingespyrenees.prep.faire-savoir.eu\/es\/wp-json\/wp\/v2\/pages\/3911\/revisions"}],"predecessor-version":[{"id":5435,"href":"https:\/\/destination-commingespyrenees.prep.faire-savoir.eu\/es\/wp-json\/wp\/v2\/pages\/3911\/revisions\/5435"}],"wp:featuredmedia":[{"embeddable":true,"href":"https:\/\/destination-commingespyrenees.prep.faire-savoir.eu\/es\/wp-json\/wp\/v2\/media\/3910"}],"wp:attachment":[{"href":"https:\/\/destination-commingespyrenees.prep.faire-savoir.eu\/es\/wp-json\/wp\/v2\/media?parent=3911"}],"wp:term":[{"taxonomy":"experience_category","embeddable":true,"href":"https:\/\/destination-commingespyrenees.prep.faire-savoir.eu\/es\/wp-json\/wp\/v2\/experience_category?post=3911"}],"curies":[{"name":"wp","href":"https:\/\/api.w.org\/{rel}","templated":true}]}}