{"id":3898,"date":"2026-03-17T11:26:28","date_gmt":"2026-03-17T10:26:28","guid":{"rendered":"https:\/\/destination-commingespyrenees.prep.faire-savoir.eu\/el-comminges-en-la-epoca-moderna\/"},"modified":"2026-04-28T16:47:04","modified_gmt":"2026-04-28T14:47:04","slug":"el-comminges-en-la-epoca-moderna","status":"publish","type":"page","link":"https:\/\/destination-commingespyrenees.prep.faire-savoir.eu\/es\/el-comminges-en-la-epoca-moderna\/","title":{"rendered":"El Comminges en la \u00e9poca moderna"},"content":{"rendered":"\n<section class=\"wp-block-cover alignfull pattern-hero-section\"><img loading=\"lazy\" decoding=\"async\" width=\"1280\" height=\"914\" class=\"wp-block-cover__image-background wp-image-2087 size-full\" alt=\"Le Comminges \u00e0 l'\u00e9poque moderne - H\u00f4tel de Lassus activit\u00e9s estivales\" src=\"https:\/\/destination-commingespyrenees.prep.faire-savoir.eu\/wp-content\/uploads\/2026\/03\/hotel-de-lassus-a-montrejeau.jpg\" data-object-fit=\"cover\" srcset=\"https:\/\/destination-commingespyrenees.prep.faire-savoir.eu\/wp-content\/uploads\/2026\/03\/hotel-de-lassus-a-montrejeau.jpg 1280w, https:\/\/destination-commingespyrenees.prep.faire-savoir.eu\/wp-content\/uploads\/2026\/03\/hotel-de-lassus-a-montrejeau-800x571.jpg 800w, https:\/\/destination-commingespyrenees.prep.faire-savoir.eu\/wp-content\/uploads\/2026\/03\/hotel-de-lassus-a-montrejeau-768x548.jpg 768w\" sizes=\"auto, (max-width: 1280px) 100vw, 1280px\" \/><span aria-hidden=\"true\" class=\"wp-block-cover__background has-background-dim-40 has-background-dim wp-block-cover__gradient-background has-background-gradient\" style=\"background:linear-gradient(180deg,rgb(0,0,0) 0%,rgba(0,0,0,0) 50%,rgba(0,0,0) 100%)\"><\/span><div class=\"wp-block-cover__inner-container has-global-padding is-layout-constrained wp-block-cover-is-layout-constrained\">\n<div class=\"wp-block-group alignwide is-layout-flow wp-block-group-is-layout-flow\"><h1 class=\"is-style-decorated wp-block-post-title\">El Comminges en la \u00e9poca moderna<\/h1><\/div>\n<\/div><\/section>\n\n<section class=\"wp-block-group alignfull pattern-text has-global-padding is-layout-constrained wp-block-group-is-layout-constrained\">\n<div class=\"wp-block-group has-global-padding is-layout-constrained wp-block-group-is-layout-constrained\">\n<section class=\"wp-block-group alignfull pattern-breadcrumb has-global-padding is-layout-constrained wp-block-group-is-layout-constrained\">\n<div class=\"wp-block-group alignwide is-layout-flow wp-block-group-is-layout-flow\"><nav aria-label=\"breadcrumbs\" class=\"rank-math-breadcrumb\"><p><span class=\"last\">Accueil<\/span><\/p><\/nav><\/div>\n<\/section>\n\n\n\n<h2 class=\"wp-block-heading is-style-underlined\">La \u00e9poca moderna en el Comminges<\/h2>\n\n\n\n<p><strong>En Francia, es un periodo de <strong>grandes cambios pol\u00edticos, culturales, religiosos y econ\u00f3micos<\/strong> que marca la transici\u00f3n entre la Edad Media y la \u00e9poca contempor\u00e1nea.<\/strong> <strong>Se extiende del siglo XV al XVIII, m\u00e1s precisamente hasta la Revoluci\u00f3n Francesa.<\/strong> <strong>El Comminges en la \u00e9poca moderna no escapa a estas grandes transformaciones.<\/strong><\/p>\n\n\n\n<p>Siglo XV, es el reinado de Francisco I (1515-1547), estamos en el Renacimiento, la \u00e9poca de los grandes mecenas de las artes, especialmente los M\u00e9dici que apoyan a artistas importantes como Sandro Botticelli, Leonardo da Vinci, Miguel \u00c1ngel&#8230;<br\/>Tambi\u00e9n es Gutenberg en 1450 quien desarrolla la imprenta en Francia, es el siglo de los grandes descubrimientos con Crist\u00f3bal Col\u00f3n en 1492, Vasco de Gama en 1498, Magallanes en 1520&#8230; y el surgimiento del comercio internacional.<br\/>Tambi\u00e9n es el comienzo de la construcci\u00f3n de los castillos del Loira (Chambord&#8230;)<\/p>\n\n\n\n<p>Tambi\u00e9n es el gran periodo de las guerras de religi\u00f3n en el siglo XVI, el conflicto entre cat\u00f3licos y protestantes (llamados hugonotes y que son numerosos en el suroeste), cuya masacre de San Bartolom\u00e9, que tiene lugar en Par\u00eds en 1572, culmina con la matanza de varios miles de protestantes por los cat\u00f3licos.<\/p>\n\n\n\n<p>Siglo XVII, reinado de Luis XIV (1643-1715) que establece la monarqu\u00eda absoluta, el poder real se centraliza, es la construcci\u00f3n del Palacio de Versalles, desarrollo de la cultura que nos lleva al Siglo de las Luces en el siglo XVIII, cuyo movimiento critica la monarqu\u00eda absoluta y defiende la raz\u00f3n, la libertad y la igualdad. Es la crisis del Antiguo R\u00e9gimen que se prepara con fil\u00f3sofos importantes, como Voltaire, Rousseau o Montesquieu&#8230; Estas ideas contribuyen a cuestionar el Antiguo R\u00e9gimen, lo que finalmente conducir\u00e1 a la Revoluci\u00f3n Francesa.  <\/p>\n\n\n\n<p class=\"is-style-indented is-style-indented--1\">En el Comminges<strong> <\/strong>varios monumentos fueron construidos o profundamente transformados en la \u00e9poca moderna<strong>,<\/strong> no se escapa a la influencia del Renacimiento. Este periodo corresponde al tiempo de los obispos y de la nobleza local, as\u00ed como a las adaptaciones de las ciudades medievales.  <\/p>\n\n\n\n<h2 class=\"wp-block-heading\">En el Comminges nos adaptamos al movimiento y construimos<\/h2>\n\n\n\n<div class=\"wp-block-columns are-vertically-aligned-center is-layout-flex wp-container-core-columns-is-layout-28f84493 wp-block-columns-is-layout-flex\">\n<div class=\"wp-block-column is-vertically-aligned-center is-layout-flow wp-block-column-is-layout-flow\" style=\"flex-basis:50%\">\n<figure data-wp-context=\"{&quot;imageId&quot;:&quot;69ff71ced0b84&quot;}\" data-wp-interactive=\"core\/image\" data-wp-key=\"69ff71ced0b84\" class=\"wp-block-image aligncenter size-full is-resized wp-lightbox-container\"><img loading=\"lazy\" decoding=\"async\" width=\"420\" height=\"560\" data-wp-class--hide=\"state.isContentHidden\" data-wp-class--show=\"state.isContentVisible\" data-wp-init=\"callbacks.setButtonStyles\" data-wp-on--click=\"actions.showLightbox\" data-wp-on--load=\"callbacks.setButtonStyles\" data-wp-on-window--resize=\"callbacks.setButtonStyles\" src=\"https:\/\/destination-commingespyrenees.prep.faire-savoir.eu\/wp-content\/uploads\/2026\/03\/palais-des-eveque-ALAN-2.jpg\" alt=\"El Comminges en la &#xE9;poca moderna. El palacio episcopal de Alan \" class=\"wp-image-2094\" style=\"aspect-ratio:0.750012007108208;width:453px;height:auto\"\/><button\n\t\t\tclass=\"lightbox-trigger\"\n\t\t\ttype=\"button\"\n\t\t\taria-haspopup=\"dialog\"\n\t\t\taria-label=\"Agrandar\"\n\t\t\tdata-wp-init=\"callbacks.initTriggerButton\"\n\t\t\tdata-wp-on--click=\"actions.showLightbox\"\n\t\t\tdata-wp-style--right=\"state.imageButtonRight\"\n\t\t\tdata-wp-style--top=\"state.imageButtonTop\"\n\t\t>\n\t\t\t<svg xmlns=\"http:\/\/www.w3.org\/2000\/svg\" width=\"12\" height=\"12\" fill=\"none\" viewBox=\"0 0 12 12\">\n\t\t\t\t<path fill=\"#fff\" d=\"M2 0a2 2 0 0 0-2 2v2h1.5V2a.5.5 0 0 1 .5-.5h2V0H2Zm2 10.5H2a.5.5 0 0 1-.5-.5V8H0v2a2 2 0 0 0 2 2h2v-1.5ZM8 12v-1.5h2a.5.5 0 0 0 .5-.5V8H12v2a2 2 0 0 1-2 2H8Zm2-12a2 2 0 0 1 2 2v2h-1.5V2a.5.5 0 0 0-.5-.5H8V0h2Z\" \/>\n\t\t\t<\/svg>\n\t\t<\/button><\/figure>\n<\/div>\n\n\n\n<div class=\"wp-block-column is-vertically-aligned-center is-layout-flow wp-block-column-is-layout-flow\" style=\"flex-basis:50%\">\n<h2 class=\"wp-block-heading is-style-underlined\">el palacio episcopal de Alan <\/h2>\n\n\n\n<p><strong>Es la residencia de verano de los obispos de Comminges.<\/strong><\/p>\n\n\n\n<p>A finales del siglo XV, el obispo<strong> <\/strong>Jean de Foix de Grailly transforma la residencia en un palacio decorado con frescos y enriquecido con elementos arquitect\u00f3nicos flam\u00edgeros.<br\/>El elemento m\u00e1s c\u00e9lebre es la torre de escalera de caracol<strong> <\/strong>con un t\u00edmpano esculpido que representa una vaca (emblema de la familia de Foix).<br\/>Este palacio ilustra la residencia aristocr\u00e1tica y episcopal del Renacimiento en el Comminges.<\/p>\n<\/div>\n<\/div>\n<\/div>\n<\/section>\n\n<div class=\"wp-block-columns are-vertically-aligned-center is-layout-flex wp-container-core-columns-is-layout-28f84493 wp-block-columns-is-layout-flex\">\n<div class=\"wp-block-column is-vertically-aligned-center is-layout-flow wp-block-column-is-layout-flow\" style=\"flex-basis:50%\">\n<figure data-wp-context=\"{&quot;imageId&quot;:&quot;69ff71ced26c7&quot;}\" data-wp-interactive=\"core\/image\" data-wp-key=\"69ff71ced26c7\" class=\"wp-block-image aligncenter size-full wp-lightbox-container\"><img loading=\"lazy\" decoding=\"async\" width=\"1280\" height=\"914\" data-wp-class--hide=\"state.isContentHidden\" data-wp-class--show=\"state.isContentVisible\" data-wp-init=\"callbacks.setButtonStyles\" data-wp-on--click=\"actions.showLightbox\" data-wp-on--load=\"callbacks.setButtonStyles\" data-wp-on-window--resize=\"callbacks.setButtonStyles\" src=\"https:\/\/destination-commingespyrenees.prep.faire-savoir.eu\/wp-content\/uploads\/2026\/03\/hotel-de-lassus-a-montrejeau.jpg\" alt=\"el Comminges en la &#xE9;poca moderna. El H&#xF4;tel De Lassus \" class=\"wp-image-2087\" style=\"aspect-ratio:3\/2;object-fit:cover\" srcset=\"https:\/\/destination-commingespyrenees.prep.faire-savoir.eu\/wp-content\/uploads\/2026\/03\/hotel-de-lassus-a-montrejeau.jpg 1280w, https:\/\/destination-commingespyrenees.prep.faire-savoir.eu\/wp-content\/uploads\/2026\/03\/hotel-de-lassus-a-montrejeau-800x571.jpg 800w, https:\/\/destination-commingespyrenees.prep.faire-savoir.eu\/wp-content\/uploads\/2026\/03\/hotel-de-lassus-a-montrejeau-768x548.jpg 768w\" sizes=\"auto, (max-width: 1280px) 100vw, 1280px\" \/><button\n\t\t\tclass=\"lightbox-trigger\"\n\t\t\ttype=\"button\"\n\t\t\taria-haspopup=\"dialog\"\n\t\t\taria-label=\"Agrandar\"\n\t\t\tdata-wp-init=\"callbacks.initTriggerButton\"\n\t\t\tdata-wp-on--click=\"actions.showLightbox\"\n\t\t\tdata-wp-style--right=\"state.imageButtonRight\"\n\t\t\tdata-wp-style--top=\"state.imageButtonTop\"\n\t\t>\n\t\t\t<svg xmlns=\"http:\/\/www.w3.org\/2000\/svg\" width=\"12\" height=\"12\" fill=\"none\" viewBox=\"0 0 12 12\">\n\t\t\t\t<path fill=\"#fff\" d=\"M2 0a2 2 0 0 0-2 2v2h1.5V2a.5.5 0 0 1 .5-.5h2V0H2Zm2 10.5H2a.5.5 0 0 1-.5-.5V8H0v2a2 2 0 0 0 2 2h2v-1.5ZM8 12v-1.5h2a.5.5 0 0 0 .5-.5V8H12v2a2 2 0 0 1-2 2H8Zm2-12a2 2 0 0 1 2 2v2h-1.5V2a.5.5 0 0 0-.5-.5H8V0h2Z\" \/>\n\t\t\t<\/svg>\n\t\t<\/button><\/figure>\n<\/div>\n\n\n\n<div class=\"wp-block-column is-vertically-aligned-center is-layout-flow wp-block-column-is-layout-flow\" style=\"flex-basis:50%\">\n<h2 class=\"wp-block-heading is-style-underlined\">El H\u00f4tel de Lassus<\/h2>\n\n\n\n<p><strong>Situado en el coraz\u00f3n de Montr\u00e9jeau, el H\u00f4tel De Lassus fue edificado a mediados del siglo XVIII (comenzado en 1760) por el Bar\u00f3n de Lassus y luego fuertemente remodelado un siglo despu\u00e9s con la adici\u00f3n de un piso y tejados altos. <\/strong><\/p>\n\n\n\n<p>El H\u00f4tel De Lassus es un palacete, y habr\u00e1 otros en esta \u00e9poca que se construir\u00e1n en diferentes lugares de Montr\u00e9jeau.<br\/>A mediados del siglo XVIII, la familia Lassus es ennoblecida por el rey de Francia gracias al transporte de m\u00e1rmol de Saint-B\u00e9at, que se encuentra en algunos edificios parisinos. En esa \u00e9poca, el hotel ten\u00eda solo un piso y su techo estaba cubierto \u00fanicamente de tejas. Generaciones de la familia De Lassus habitaron este hotel. Y en el siglo XIX, construyeron el <a href=\"https:\/\/destination-commingespyrenees.prep.faire-savoir.eu\/es\/castillo-de-valmirande-impresionante\/\">Castillo de Valmirande<\/a>.   <\/p>\n<\/div>\n<\/div>\n\n<div class=\"wp-block-columns are-vertically-aligned-center is-layout-flex wp-container-core-columns-is-layout-28f84493 wp-block-columns-is-layout-flex\">\n<div class=\"wp-block-column is-vertically-aligned-center is-layout-flow wp-block-column-is-layout-flow\" style=\"flex-basis:50%\">\n<figure data-wp-context=\"{&quot;imageId&quot;:&quot;69ff71ced399f&quot;}\" data-wp-interactive=\"core\/image\" data-wp-key=\"69ff71ced399f\" class=\"wp-block-image size-full is-resized wp-lightbox-container\"><img loading=\"lazy\" decoding=\"async\" width=\"531\" height=\"408\" data-wp-class--hide=\"state.isContentHidden\" data-wp-class--show=\"state.isContentVisible\" data-wp-init=\"callbacks.setButtonStyles\" data-wp-on--click=\"actions.showLightbox\" data-wp-on--load=\"callbacks.setButtonStyles\" data-wp-on-window--resize=\"callbacks.setButtonStyles\" src=\"https:\/\/destination-commingespyrenees.prep.faire-savoir.eu\/wp-content\/uploads\/2026\/03\/Capture-decran-5.png\" alt=\"El Comminges en la &#xE9;poca moderna. La iglesia de L'Isle-en-Dodon \" class=\"wp-image-2099\" style=\"aspect-ratio:1.5;object-fit:cover;width:554px;height:auto\"\/><button\n\t\t\tclass=\"lightbox-trigger\"\n\t\t\ttype=\"button\"\n\t\t\taria-haspopup=\"dialog\"\n\t\t\taria-label=\"Agrandar\"\n\t\t\tdata-wp-init=\"callbacks.initTriggerButton\"\n\t\t\tdata-wp-on--click=\"actions.showLightbox\"\n\t\t\tdata-wp-style--right=\"state.imageButtonRight\"\n\t\t\tdata-wp-style--top=\"state.imageButtonTop\"\n\t\t>\n\t\t\t<svg xmlns=\"http:\/\/www.w3.org\/2000\/svg\" width=\"12\" height=\"12\" fill=\"none\" viewBox=\"0 0 12 12\">\n\t\t\t\t<path fill=\"#fff\" d=\"M2 0a2 2 0 0 0-2 2v2h1.5V2a.5.5 0 0 1 .5-.5h2V0H2Zm2 10.5H2a.5.5 0 0 1-.5-.5V8H0v2a2 2 0 0 0 2 2h2v-1.5ZM8 12v-1.5h2a.5.5 0 0 0 .5-.5V8H12v2a2 2 0 0 1-2 2H8Zm2-12a2 2 0 0 1 2 2v2h-1.5V2a.5.5 0 0 0-.5-.5H8V0h2Z\" \/>\n\t\t\t<\/svg>\n\t\t<\/button><\/figure>\n<\/div>\n\n\n\n<div class=\"wp-block-column is-vertically-aligned-center is-layout-flow wp-block-column-is-layout-flow\" style=\"flex-basis:50%\">\n<h2 class=\"wp-block-heading is-style-underlined\">Las Renovaciones de los edificios medievales<\/h2>\n\n\n\n<p><strong>La Edad Media dej\u00f3 numerosos edificios, especialmente religiosos, que tuvieron que ser modificados para adaptarse al crecimiento demogr\u00e1fico del Comminges, para modernizar los lugares y para paliar el desgaste del tiempo. Estos cambios se acentuar\u00e1n en los siglos XIX y XX. <\/strong><\/p>\n\n\n\n<p>Esto concierne a las murallas de Saint-Bertrand-de-Comminges que son de la Antig\u00fcedad y de la Edad Media, pero las puertas y accesos son remodelados en los siglos XVI y XVII para facilitar la circulaci\u00f3n. Se abren casas modernas en la muralla, modificando su aspecto defensivo. Esto muestra la evoluci\u00f3n de las ciudades fortificadas cuando las funciones militares se vuelven menos importantes.  <\/p>\n\n\n\n<p>Las iglesias como las de L&#8217;Isle-en-Dodon, Boulogne-sur-Gesse, Montr\u00e9jeau, Saint-Gaudens, Aurignac y otras en los peque\u00f1os pueblos de todo el Comminges ven su estructura modificada, se enriquecen con objetos y vidrieras religiosas&#8230;<\/p>\n\n\n\n<p>Las ciudades condales pierden el uso de sus fortificaciones, los muros pronto ser\u00e1n utilizados por la poblaci\u00f3n para construir sus casas y tiendas. Los castillos de los condes est\u00e1n abandonados y en ruinas, sus piedras, ladrillos y otros materiales servir\u00e1n a la poblaci\u00f3n para construir sus viviendas. <\/p>\n<\/div>\n<\/div>\n\n<p><\/p>\n","protected":false},"excerpt":{"rendered":"<p>La \u00e9poca moderna en el Comminges En Francia, es un periodo de grandes cambios pol\u00edticos, culturales, religiosos y econ\u00f3micos que marca la transici\u00f3n entre la Edad Media y la \u00e9poca contempor\u00e1nea. Se extiende del siglo XV al XVIII, m\u00e1s precisamente hasta la Revoluci\u00f3n Francesa. El Comminges en la \u00e9poca moderna no escapa a estas grandes [&hellip;]<\/p>\n","protected":false},"author":4,"featured_media":3896,"parent":0,"menu_order":4,"comment_status":"closed","ping_status":"closed","template":"","meta":{"_acf_changed":false,"footnotes":""},"experience_category":[],"class_list":["post-3898","page","type-page","status-publish","has-post-thumbnail","hentry"],"acf":[],"_links":{"self":[{"href":"https:\/\/destination-commingespyrenees.prep.faire-savoir.eu\/es\/wp-json\/wp\/v2\/pages\/3898","targetHints":{"allow":["GET"]}}],"collection":[{"href":"https:\/\/destination-commingespyrenees.prep.faire-savoir.eu\/es\/wp-json\/wp\/v2\/pages"}],"about":[{"href":"https:\/\/destination-commingespyrenees.prep.faire-savoir.eu\/es\/wp-json\/wp\/v2\/types\/page"}],"author":[{"embeddable":true,"href":"https:\/\/destination-commingespyrenees.prep.faire-savoir.eu\/es\/wp-json\/wp\/v2\/users\/4"}],"replies":[{"embeddable":true,"href":"https:\/\/destination-commingespyrenees.prep.faire-savoir.eu\/es\/wp-json\/wp\/v2\/comments?post=3898"}],"version-history":[{"count":10,"href":"https:\/\/destination-commingespyrenees.prep.faire-savoir.eu\/es\/wp-json\/wp\/v2\/pages\/3898\/revisions"}],"predecessor-version":[{"id":5581,"href":"https:\/\/destination-commingespyrenees.prep.faire-savoir.eu\/es\/wp-json\/wp\/v2\/pages\/3898\/revisions\/5581"}],"wp:featuredmedia":[{"embeddable":true,"href":"https:\/\/destination-commingespyrenees.prep.faire-savoir.eu\/es\/wp-json\/wp\/v2\/media\/3896"}],"wp:attachment":[{"href":"https:\/\/destination-commingespyrenees.prep.faire-savoir.eu\/es\/wp-json\/wp\/v2\/media?parent=3898"}],"wp:term":[{"taxonomy":"experience_category","embeddable":true,"href":"https:\/\/destination-commingespyrenees.prep.faire-savoir.eu\/es\/wp-json\/wp\/v2\/experience_category?post=3898"}],"curies":[{"name":"wp","href":"https:\/\/api.w.org\/{rel}","templated":true}]}}