{"id":3796,"date":"2026-01-13T11:04:56","date_gmt":"2026-01-13T10:04:56","guid":{"rendered":"https:\/\/destination-commingespyrenees.prep.faire-savoir.eu\/visitar-las-cuevas-de-gargas-el-pequeno-lascaux-de-los-pirineos\/"},"modified":"2026-04-20T13:41:18","modified_gmt":"2026-04-20T11:41:18","slug":"visitar-las-cuevas-de-gargas-el-pequeno-lascaux-de-los-pirineos","status":"publish","type":"page","link":"https:\/\/destination-commingespyrenees.prep.faire-savoir.eu\/es\/visitar-las-cuevas-de-gargas-el-pequeno-lascaux-de-los-pirineos\/","title":{"rendered":"Visitar las cuevas de Gargas: el peque\u00f1o Lascaux de los Pirineos"},"content":{"rendered":"\n<section class=\"wp-block-cover alignfull pattern-hero-section\"><img loading=\"lazy\" decoding=\"async\" width=\"1200\" height=\"803\" class=\"wp-block-cover__image-background wp-image-400 size-full\" alt=\"Grottes de Gargas: le petit Lascaux des Pyr\u00e9n\u00e9es\" src=\"https:\/\/destination-commingespyrenees.prep.faire-savoir.eu\/wp-content\/uploads\/2026\/01\/grottes-de-gargas-nestploria-aventignan-hautes-pyrenees-1200x803-1.jpg\" data-object-fit=\"cover\" srcset=\"https:\/\/destination-commingespyrenees.prep.faire-savoir.eu\/wp-content\/uploads\/2026\/01\/grottes-de-gargas-nestploria-aventignan-hautes-pyrenees-1200x803-1.jpg 1200w, https:\/\/destination-commingespyrenees.prep.faire-savoir.eu\/wp-content\/uploads\/2026\/01\/grottes-de-gargas-nestploria-aventignan-hautes-pyrenees-1200x803-1-800x535.jpg 800w, https:\/\/destination-commingespyrenees.prep.faire-savoir.eu\/wp-content\/uploads\/2026\/01\/grottes-de-gargas-nestploria-aventignan-hautes-pyrenees-1200x803-1-768x514.jpg 768w\" sizes=\"auto, (max-width: 1200px) 100vw, 1200px\" \/><span aria-hidden=\"true\" class=\"wp-block-cover__background has-background-dim-40 has-background-dim wp-block-cover__gradient-background has-background-gradient\" style=\"background:linear-gradient(180deg,rgb(0,0,0) 0%,rgba(0,0,0,0) 50%,rgba(0,0,0) 100%)\"><\/span><div class=\"wp-block-cover__inner-container has-global-padding is-layout-constrained wp-block-cover-is-layout-constrained\">\n<div class=\"wp-block-group alignwide is-layout-flow wp-block-group-is-layout-flow\"><h1 class=\"wp-block-post-title\">Visitar las cuevas de Gargas: el peque\u00f1o Lascaux de los Pirineos<\/h1>\n\n\n<p class=\"has-medium-font-size\" style=\"font-style:normal;font-weight:700\">\u00bfAmante de la prehistoria? Tras tu paso por el <a href=\"https:\/\/destination-commingespyrenees.prep.faire-savoir.eu\/aurignacien\/\" target=\"_blank\" rel=\"noreferrer noopener\">Museo de la Aurignacien<\/a>, pon rumbo a las cuevas de Gargas. Aunque est\u00e9s listo para jugar a ser explorador de la Prehistoria, no olvides llevar algo de abrigo: \u00a1la temperatura en el interior es de solo 11 grados!  <\/p>\n<\/div>\n<\/div><\/section>\n\n<section class=\"wp-block-group alignfull pattern-breadcrumb has-global-padding is-layout-constrained wp-block-group-is-layout-constrained\">\n<div class=\"wp-block-group alignwide is-layout-flow wp-block-group-is-layout-flow\"><nav aria-label=\"breadcrumbs\" class=\"rank-math-breadcrumb\"><p><span class=\"last\">Accueil<\/span><\/p><\/nav><\/div>\n<\/section>\n\n<section class=\"wp-block-group alignfull pattern-text has-global-padding is-layout-constrained wp-block-group-is-layout-constrained\">\n<div class=\"wp-block-group has-global-padding is-layout-constrained wp-block-group-is-layout-constrained\">\n<h3 class=\"wp-block-heading\">Sum\u00e9rgete en el ambiente m\u00edstico de las cuevas de Gargas<\/h3>\n\n\n\n<p>Sigue las huellas de los <strong>hombres de Cro-Magnon<\/strong> adentr\u00e1ndote en el laberinto de las <strong>cuevas de Gargas,<\/strong> uno de los santuarios del arte rupestre\u2026 A medida que avances por las entra\u00f1as de la tierra, descubrir\u00e1s numerosos dibujos rupestres: \u00a1algunos tienen m\u00e1s de 27.000 a\u00f1os! En la primera parte de tu visita, podr\u00e1s admirar siluetas de \u00edbices o bisontes que recuerdan a <strong><a href=\"https:\/\/lascaux.fr\/fr\/\" target=\"_blank\" rel=\"noopener\">Lascaux<\/a><\/strong>, pero es realmente al pasar la gran sala cuando te acercar\u00e1s al tesoro de Gargas.<br \/>\u00bfTe has fijado en las numerosas manos dibujadas con la t\u00e9cnica del estarcido? De hecho, existen hasta la fecha m\u00e1s de doscientas representaciones de manos negativas en las <strong>cuevas de Gargas<\/strong>. Se habla mucho de ciertos dibujos con falanges faltantes y \u00a1todas las interpretaciones son posibles! \u00bfMutilaci\u00f3n? \u00bfDedo doblado? \u00bfEnfermedad? El misterio sigue intacto y es seguramente lo que contribuye al ambiente m\u00edstico de estas cuevas tan especiales&#8230;       <\/p>\n<\/div>\n<\/section>\n\n<section class=\"wp-block-group alignfull pattern-media-text has-global-padding is-layout-constrained wp-block-group-is-layout-constrained\">\n<div class=\"wp-block-columns are-vertically-aligned-center is-layout-flex wp-container-core-columns-is-layout-28f84493 wp-block-columns-is-layout-flex\">\n<div class=\"wp-block-column is-vertically-aligned-center is-layout-flow wp-block-column-is-layout-flow\" style=\"flex-basis:50%\">\n<figure data-wp-context=\"{&quot;imageId&quot;:&quot;69ff73855258b&quot;}\" data-wp-interactive=\"core\/image\" data-wp-key=\"69ff73855258b\" class=\"wp-block-image size-full wp-lightbox-container\"><img loading=\"lazy\" decoding=\"async\" width=\"768\" height=\"1024\" data-wp-class--hide=\"state.isContentHidden\" data-wp-class--show=\"state.isContentVisible\" data-wp-init=\"callbacks.setButtonStyles\" data-wp-on--click=\"actions.showLightbox\" data-wp-on--load=\"callbacks.setButtonStyles\" data-wp-on-window--resize=\"callbacks.setButtonStyles\" src=\"https:\/\/destination-commingespyrenees.prep.faire-savoir.eu\/wp-content\/uploads\/2026\/01\/Gargas_main_pouce_replie-Y-768x1024-1.jpg\" alt=\"visitar las cuevas de gargas&#010; mano en paredes gargas\" class=\"wp-image-403\" \/><button\n\t\t\tclass=\"lightbox-trigger\"\n\t\t\ttype=\"button\"\n\t\t\taria-haspopup=\"dialog\"\n\t\t\taria-label=\"Agrandar\"\n\t\t\tdata-wp-init=\"callbacks.initTriggerButton\"\n\t\t\tdata-wp-on--click=\"actions.showLightbox\"\n\t\t\tdata-wp-style--right=\"state.imageButtonRight\"\n\t\t\tdata-wp-style--top=\"state.imageButtonTop\"\n\t\t>\n\t\t\t<svg xmlns=\"http:\/\/www.w3.org\/2000\/svg\" width=\"12\" height=\"12\" fill=\"none\" viewBox=\"0 0 12 12\">\n\t\t\t\t<path fill=\"#fff\" d=\"M2 0a2 2 0 0 0-2 2v2h1.5V2a.5.5 0 0 1 .5-.5h2V0H2Zm2 10.5H2a.5.5 0 0 1-.5-.5V8H0v2a2 2 0 0 0 2 2h2v-1.5ZM8 12v-1.5h2a.5.5 0 0 0 .5-.5V8H12v2a2 2 0 0 1-2 2H8Zm2-12a2 2 0 0 1 2 2v2h-1.5V2a.5.5 0 0 0-.5-.5H8V0h2Z\" \/>\n\t\t\t<\/svg>\n\t\t<\/button><\/figure>\n<\/div>\n\n\n\n<div class=\"wp-block-column is-vertically-aligned-center is-layout-flow wp-block-column-is-layout-flow\" style=\"flex-basis:50%\">\n<h3 class=\"wp-block-heading\">Visita Nestploria para convertirte en un experto en cuevas decoradas<\/h3>\n\n\n\n<p>Tras tu salto a la Prehistoria, \u00a1vuelve al presente en el <a href=\"https:\/\/grottesdegargas.fr\/nestploria\/\" target=\"_blank\" rel=\"noreferrer noopener\"><strong>centro de interpretaci\u00f3n Nestploria<\/strong><\/a>! Para completar tu visita, este espacio museogr\u00e1fico te ofrece todo un panel de actividades sobre las cuevas y sus antiguos habitantes. Gracias a los <strong>dispositivos interactivos<\/strong>, podr\u00e1s creerte un artista y dibujar un mamut (casi) tan bien como un hombre de Cro-Magnon o descubrir la historia de Gargas gracias a una <strong>pel\u00edcula en 3D<\/strong> proyectada en una pantalla espectacular. Antes de irte, deja tu huella virtual: \u00a1tu mano se unir\u00e1 a la de los dem\u00e1s visitantes en el inmenso fresco digital!  <\/p>\n<\/div>\n<\/div>\n<\/section>\n\n<section class=\"wp-block-group alignfull pattern-quote has-global-padding is-layout-constrained wp-block-group-is-layout-constrained\">\n<h3 class=\"wp-block-heading\">\u2665 Nuestros favoritos en las cuevas de Gargas \u2665<\/h3>\n\n\n\n<ul class=\"wp-block-list\">\n<li>Se trata de las \u00fanicas cuevas decoradas que se pueden visitar en los Altos Pirineos. \u00a1Te sentir\u00e1s un privilegiado durante tu visita! <\/li>\n\n\n\n<li>La visita guiada a las cuevas se realiza en grupos peque\u00f1os para preservar el sitio; es ideal para poder tomarte tu tiempo y disfrutar como se merece de este lugar tan especial.<\/li>\n\n\n\n<li>\u00bfVienes en familia? Se ofrecen numerosos talleres durante los periodos de vacaciones escolares; aprovecha para vivir un momento l\u00fadico con los ni\u00f1os. <\/li>\n<\/ul>\n<\/section>\n\n<section class=\"wp-block-group alignfull pattern-media-grid has-global-padding is-layout-constrained wp-block-group-is-layout-constrained\">\n<div class=\"wp-block-columns alignwide is-layout-flex wp-container-core-columns-is-layout-28f84493 wp-block-columns-is-layout-flex\">\n<div class=\"wp-block-column is-layout-flow wp-block-column-is-layout-flow\">\n<figure data-wp-context=\"{&quot;imageId&quot;:&quot;69ff7385537a7&quot;}\" data-wp-interactive=\"core\/image\" data-wp-key=\"69ff7385537a7\" class=\"wp-block-image size-full wp-lightbox-container\"><img decoding=\"async\" data-wp-class--hide=\"state.isContentHidden\" data-wp-class--show=\"state.isContentVisible\" data-wp-init=\"callbacks.setButtonStyles\" data-wp-on--click=\"actions.showLightbox\" data-wp-on--load=\"callbacks.setButtonStyles\" data-wp-on-window--resize=\"callbacks.setButtonStyles\" src=\"https:\/\/destination-commingespyrenees.prep.faire-savoir.eu\/wp-content\/uploads\/2026\/01\/Gargas_Sanctuaire-_mains-&#xA9;-Springinsfeld-1024x683-1.jpg\" alt=\"visitar las cuevas de gargas.&#010;manos  \" class=\"wp-image-402\" style=\"aspect-ratio:3\/2;object-fit:cover\" \/><button\n\t\t\tclass=\"lightbox-trigger\"\n\t\t\ttype=\"button\"\n\t\t\taria-haspopup=\"dialog\"\n\t\t\taria-label=\"Agrandar\"\n\t\t\tdata-wp-init=\"callbacks.initTriggerButton\"\n\t\t\tdata-wp-on--click=\"actions.showLightbox\"\n\t\t\tdata-wp-style--right=\"state.imageButtonRight\"\n\t\t\tdata-wp-style--top=\"state.imageButtonTop\"\n\t\t>\n\t\t\t<svg xmlns=\"http:\/\/www.w3.org\/2000\/svg\" width=\"12\" height=\"12\" fill=\"none\" viewBox=\"0 0 12 12\">\n\t\t\t\t<path fill=\"#fff\" d=\"M2 0a2 2 0 0 0-2 2v2h1.5V2a.5.5 0 0 1 .5-.5h2V0H2Zm2 10.5H2a.5.5 0 0 1-.5-.5V8H0v2a2 2 0 0 0 2 2h2v-1.5ZM8 12v-1.5h2a.5.5 0 0 0 .5-.5V8H12v2a2 2 0 0 1-2 2H8Zm2-12a2 2 0 0 1 2 2v2h-1.5V2a.5.5 0 0 0-.5-.5H8V0h2Z\" \/>\n\t\t\t<\/svg>\n\t\t<\/button><\/figure>\n<\/div>\n\n\n\n<div class=\"wp-block-column is-layout-flow wp-block-column-is-layout-flow\">\n<figure data-wp-context=\"{&quot;imageId&quot;:&quot;69ff738553ea4&quot;}\" data-wp-interactive=\"core\/image\" data-wp-key=\"69ff738553ea4\" class=\"wp-block-image size-full wp-lightbox-container\"><img decoding=\"async\" data-wp-class--hide=\"state.isContentHidden\" data-wp-class--show=\"state.isContentVisible\" data-wp-init=\"callbacks.setButtonStyles\" data-wp-on--click=\"actions.showLightbox\" data-wp-on--load=\"callbacks.setButtonStyles\" data-wp-on-window--resize=\"callbacks.setButtonStyles\" src=\"https:\/\/destination-commingespyrenees.prep.faire-savoir.eu\/wp-content\/uploads\/2026\/01\/Slide_Gal_Sup-&#xA9;-CCStlaurent-16-150x150-1.jpg\" alt=\"visitar las cuevas de gargas.&#010;interior de la cueva\" class=\"wp-image-407\" style=\"aspect-ratio:3\/2;object-fit:cover\" \/><button\n\t\t\tclass=\"lightbox-trigger\"\n\t\t\ttype=\"button\"\n\t\t\taria-haspopup=\"dialog\"\n\t\t\taria-label=\"Agrandar\"\n\t\t\tdata-wp-init=\"callbacks.initTriggerButton\"\n\t\t\tdata-wp-on--click=\"actions.showLightbox\"\n\t\t\tdata-wp-style--right=\"state.imageButtonRight\"\n\t\t\tdata-wp-style--top=\"state.imageButtonTop\"\n\t\t>\n\t\t\t<svg xmlns=\"http:\/\/www.w3.org\/2000\/svg\" width=\"12\" height=\"12\" fill=\"none\" viewBox=\"0 0 12 12\">\n\t\t\t\t<path fill=\"#fff\" d=\"M2 0a2 2 0 0 0-2 2v2h1.5V2a.5.5 0 0 1 .5-.5h2V0H2Zm2 10.5H2a.5.5 0 0 1-.5-.5V8H0v2a2 2 0 0 0 2 2h2v-1.5ZM8 12v-1.5h2a.5.5 0 0 0 .5-.5V8H12v2a2 2 0 0 1-2 2H8Zm2-12a2 2 0 0 1 2 2v2h-1.5V2a.5.5 0 0 0-.5-.5H8V0h2Z\" \/>\n\t\t\t<\/svg>\n\t\t<\/button><\/figure>\n\n\n\n<figure data-wp-context=\"{&quot;imageId&quot;:&quot;69ff738554352&quot;}\" data-wp-interactive=\"core\/image\" data-wp-key=\"69ff738554352\" class=\"wp-block-image size-full wp-lightbox-container\"><img decoding=\"async\" data-wp-class--hide=\"state.isContentHidden\" data-wp-class--show=\"state.isContentVisible\" data-wp-init=\"callbacks.setButtonStyles\" data-wp-on--click=\"actions.showLightbox\" data-wp-on--load=\"callbacks.setButtonStyles\" data-wp-on-window--resize=\"callbacks.setButtonStyles\" src=\"https:\/\/destination-commingespyrenees.prep.faire-savoir.eu\/wp-content\/uploads\/2026\/01\/Nestploria_monde_de_mains-&#xA9;-CCStlaurent-150x150-1.jpg\" alt=\"visitar cuevas de gargas.&#010;museo Nesploria\" class=\"wp-image-408\" style=\"aspect-ratio:3\/2;object-fit:cover\" \/><button\n\t\t\tclass=\"lightbox-trigger\"\n\t\t\ttype=\"button\"\n\t\t\taria-haspopup=\"dialog\"\n\t\t\taria-label=\"Agrandar\"\n\t\t\tdata-wp-init=\"callbacks.initTriggerButton\"\n\t\t\tdata-wp-on--click=\"actions.showLightbox\"\n\t\t\tdata-wp-style--right=\"state.imageButtonRight\"\n\t\t\tdata-wp-style--top=\"state.imageButtonTop\"\n\t\t>\n\t\t\t<svg xmlns=\"http:\/\/www.w3.org\/2000\/svg\" width=\"12\" height=\"12\" fill=\"none\" viewBox=\"0 0 12 12\">\n\t\t\t\t<path fill=\"#fff\" d=\"M2 0a2 2 0 0 0-2 2v2h1.5V2a.5.5 0 0 1 .5-.5h2V0H2Zm2 10.5H2a.5.5 0 0 1-.5-.5V8H0v2a2 2 0 0 0 2 2h2v-1.5ZM8 12v-1.5h2a.5.5 0 0 0 .5-.5V8H12v2a2 2 0 0 1-2 2H8Zm2-12a2 2 0 0 1 2 2v2h-1.5V2a.5.5 0 0 0-.5-.5H8V0h2Z\" \/>\n\t\t\t<\/svg>\n\t\t<\/button><\/figure>\n<\/div>\n<\/div>\n<\/section>\n\n<section class=\"wp-block-group alignfull pattern-prepare-your-visit has-global-padding is-layout-constrained wp-block-group-is-layout-constrained\">\n<div class=\"wp-block-columns is-layout-flex wp-container-core-columns-is-layout-f5a44f5b wp-block-columns-is-layout-flex\">\n<div class=\"wp-block-column is-layout-flow wp-block-column-is-layout-flow\" style=\"flex-basis:50%\">\n<h2 class=\"wp-block-heading\">Prepara tu visita<\/h2>\n\n\n\n<h4 class=\"wp-block-heading\"><strong>Horarios<\/strong> de atenci\u00f3n en Nestploria:<\/h4>\n\n\n\n<ul class=\"wp-block-list\">\n<li>de mayo a agosto: Abierto <strong>todos los d\u00edas<\/strong> y <strong>en horario ininterrumpido<\/strong>: de 10:30 a 17:30 del <strong>1 de mayo<\/strong> al <strong>4 de julio<\/strong> y de 10:00 a 18:00 del <strong>5 de julio<\/strong> al <strong>31 de agosto<\/strong>.<\/li>\n\n\n\n<li>de septiembre a abril: Abierto de <strong>martes<\/strong> a <strong>domingo<\/strong> de 10:30 a 17:30. Cierre semanal los lunes.<br \/>Abierto los <strong>d\u00edas festivos<\/strong> excepto el 25 de diciembre y el 1 de enero.<br \/>Durante las <strong>vacaciones escolares de la zona C<\/strong> (invierno, Semana Santa, Todos los Santos, Navidad): abierto de 10:30 a 17:30 <strong>todos los d\u00edas<\/strong> y <strong>en horario ininterrumpido<\/strong>.  <\/li>\n<\/ul>\n\n\n\n<h4 class=\"wp-block-heading\">Horarios de visita de las cuevas prehist\u00f3ricas de Gargas:<\/h4>\n\n\n\n<p>Las cuevas prehist\u00f3ricas de Gargas est\u00e1n sujetas a <strong>cupos diarios<\/strong> de visitantes para preservar sus tesoros. Por este motivo, e independientemente de la temporada, se recomienda <strong>reservar tu visita<\/strong> a las cuevas por tel\u00e9fono en el <strong>05 62 98 81 50<\/strong> <\/p>\n<\/div>\n\n\n\n<div class=\"wp-block-column is-layout-flow wp-block-column-is-layout-flow\" style=\"flex-basis:50%\">\n<h3 class=\"wp-block-heading\">tarifas<\/h3>\n\n\n\n<ul class=\"wp-block-list\">\n<li>Adulto: 12,50 \u20ac<\/li>\n\n\n\n<li>Ni\u00f1o de 6 a 16 a\u00f1os: 7,50 \u20ac<\/li>\n\n\n\n<li>Adolescente de 12 a 16 a\u00f1os: 5,50 \u20ac<\/li>\n\n\n\n<li>Otras tarifas: contactar con el sitio<\/li>\n<\/ul>\n\n\n\n<h3 class=\"wp-block-heading\">Informaci\u00f3n pr\u00e1ctica<\/h3>\n\n\n\n<ul class=\"wp-block-list\">\n<li>Aparcamiento en el recinto<\/li>\n\n\n\n<li>Presentarse en Nesploria al menos 30 minutos antes de la visita a las cuevas<\/li>\n\n\n\n<li>Llevar ropa de abrigo ya que la temperatura de las cuevas es de 11 \u00b0C todo el a\u00f1o<\/li>\n\n\n\n<li>Visitas de grupos y escolares solo con cita previa<\/li>\n\n\n\n<li>No se admiten perros.<\/li>\n\n\n\n<li>Fotos y v\u00eddeos estrictamente prohibidos en las cuevas de Gargas, pero autorizados en Nestploria.<\/li>\n<\/ul>\n\n\n\n<div class=\"wp-block-group has-accent-3-background-color has-background has-global-padding is-layout-constrained wp-container-core-group-is-layout-ea39502d wp-block-group-is-layout-constrained\" style=\"border-top-left-radius:1rem;border-top-right-radius:1rem;border-bottom-left-radius:1rem;border-bottom-right-radius:1rem;padding-top:var(--wp--preset--spacing--50);padding-right:var(--wp--preset--spacing--50);padding-bottom:var(--wp--preset--spacing--50);padding-left:var(--wp--preset--spacing--50)\">\n<h4 class=\"wp-block-heading has-accent-1-color has-text-color has-link-color wp-elements-177b5792c1bbaddc2a3cc471d18cffaa\">Las cuevas de Gargas Nesplori@<\/h4>\n\n\n\n<p>Route d\u00e9partementale 261 65660 Aventignan<br \/>Tel.: <a href=\"http:\/\/05%2062%2098%2081%2050\">05 62 98 81 50<\/a><br \/>Sitio web: <a href=\"https:\/\/grottesdegargas.fr\/\" data-type=\"link\" data-id=\"https:\/\/grottesdegargas.fr\/\" target=\"_blank\" rel=\"noopener\">grottesdegargas.fr<\/a><\/p>\n<\/div>\n<\/div>\n<\/div>\n<\/section>\n","protected":false},"excerpt":{"rendered":"<p>Sum\u00e9rgete en el ambiente m\u00edstico de las cuevas de Gargas Sigue las huellas de los hombres de Cro-Magnon adentr\u00e1ndote en el laberinto de las cuevas de Gargas, uno de los santuarios del arte rupestre\u2026 A medida que avances por las entra\u00f1as de la tierra, descubrir\u00e1s numerosos dibujos rupestres: \u00a1algunos tienen m\u00e1s de 27.000 a\u00f1os! En [&hellip;]<\/p>\n","protected":false},"author":3,"featured_media":4159,"parent":0,"menu_order":0,"comment_status":"closed","ping_status":"closed","template":"","meta":{"_acf_changed":false,"footnotes":""},"experience_category":[],"class_list":["post-3796","page","type-page","status-publish","has-post-thumbnail","hentry"],"acf":[],"_links":{"self":[{"href":"https:\/\/destination-commingespyrenees.prep.faire-savoir.eu\/es\/wp-json\/wp\/v2\/pages\/3796","targetHints":{"allow":["GET"]}}],"collection":[{"href":"https:\/\/destination-commingespyrenees.prep.faire-savoir.eu\/es\/wp-json\/wp\/v2\/pages"}],"about":[{"href":"https:\/\/destination-commingespyrenees.prep.faire-savoir.eu\/es\/wp-json\/wp\/v2\/types\/page"}],"author":[{"embeddable":true,"href":"https:\/\/destination-commingespyrenees.prep.faire-savoir.eu\/es\/wp-json\/wp\/v2\/users\/3"}],"replies":[{"embeddable":true,"href":"https:\/\/destination-commingespyrenees.prep.faire-savoir.eu\/es\/wp-json\/wp\/v2\/comments?post=3796"}],"version-history":[{"count":2,"href":"https:\/\/destination-commingespyrenees.prep.faire-savoir.eu\/es\/wp-json\/wp\/v2\/pages\/3796\/revisions"}],"predecessor-version":[{"id":3798,"href":"https:\/\/destination-commingespyrenees.prep.faire-savoir.eu\/es\/wp-json\/wp\/v2\/pages\/3796\/revisions\/3798"}],"wp:featuredmedia":[{"embeddable":true,"href":"https:\/\/destination-commingespyrenees.prep.faire-savoir.eu\/es\/wp-json\/wp\/v2\/media\/4159"}],"wp:attachment":[{"href":"https:\/\/destination-commingespyrenees.prep.faire-savoir.eu\/es\/wp-json\/wp\/v2\/media?parent=3796"}],"wp:term":[{"taxonomy":"experience_category","embeddable":true,"href":"https:\/\/destination-commingespyrenees.prep.faire-savoir.eu\/es\/wp-json\/wp\/v2\/experience_category?post=3796"}],"curies":[{"name":"wp","href":"https:\/\/api.w.org\/{rel}","templated":true}]}}