{"id":3717,"date":"2026-01-12T14:09:13","date_gmt":"2026-01-12T13:09:13","guid":{"rendered":"https:\/\/destination-commingespyrenees.prep.faire-savoir.eu\/visitar-boulogne-sur-gesse\/"},"modified":"2026-04-22T09:14:49","modified_gmt":"2026-04-22T07:14:49","slug":"visitar-boulogne-sur-gesse","status":"publish","type":"page","link":"https:\/\/destination-commingespyrenees.prep.faire-savoir.eu\/es\/visitar-boulogne-sur-gesse\/","title":{"rendered":"Visitar Boulogne-sur-Gesse"},"content":{"rendered":"\n<section class=\"wp-block-cover alignfull pattern-hero-section\"><img loading=\"lazy\" decoding=\"async\" width=\"2048\" height=\"1365\" class=\"wp-block-cover__image-background wp-image-476 size-full\" alt=\"visiter boulogne-sur-gesse.\nviaduc\" src=\"https:\/\/destination-commingespyrenees.prep.faire-savoir.eu\/wp-content\/uploads\/2026\/01\/Boulogne-Lespugue-Gimone-Peguilhan.-M.Berges-OTI-DestinationComminges-Pyrenees-17-scaled.jpg\" style=\"object-position:48% 37%\" data-object-fit=\"cover\" data-object-position=\"48% 37%\" srcset=\"https:\/\/destination-commingespyrenees.prep.faire-savoir.eu\/wp-content\/uploads\/2026\/01\/Boulogne-Lespugue-Gimone-Peguilhan.-M.Berges-OTI-DestinationComminges-Pyrenees-17-scaled.jpg 2048w, https:\/\/destination-commingespyrenees.prep.faire-savoir.eu\/wp-content\/uploads\/2026\/01\/Boulogne-Lespugue-Gimone-Peguilhan.-M.Berges-OTI-DestinationComminges-Pyrenees-17-800x533.jpg 800w, https:\/\/destination-commingespyrenees.prep.faire-savoir.eu\/wp-content\/uploads\/2026\/01\/Boulogne-Lespugue-Gimone-Peguilhan.-M.Berges-OTI-DestinationComminges-Pyrenees-17-1600x1067.jpg 1600w, https:\/\/destination-commingespyrenees.prep.faire-savoir.eu\/wp-content\/uploads\/2026\/01\/Boulogne-Lespugue-Gimone-Peguilhan.-M.Berges-OTI-DestinationComminges-Pyrenees-17-768x512.jpg 768w, https:\/\/destination-commingespyrenees.prep.faire-savoir.eu\/wp-content\/uploads\/2026\/01\/Boulogne-Lespugue-Gimone-Peguilhan.-M.Berges-OTI-DestinationComminges-Pyrenees-17-1536x1024.jpg 1536w\" sizes=\"auto, (max-width: 2048px) 100vw, 2048px\" \/><span aria-hidden=\"true\" class=\"wp-block-cover__background has-background-dim-40 has-background-dim wp-block-cover__gradient-background has-background-gradient\" style=\"background:linear-gradient(180deg,rgb(0,0,0) 0%,rgba(0,0,0,0) 50%,rgba(0,0,0) 100%)\"><\/span><div class=\"wp-block-cover__inner-container has-global-padding is-layout-constrained wp-block-cover-is-layout-constrained\">\n<div class=\"wp-block-group alignwide is-layout-flow wp-block-group-is-layout-flow\"><h1 class=\"wp-block-post-title\">Visitar Boulogne-sur-Gesse<\/h1>\n\n\n<p class=\"has-medium-font-size\" style=\"font-style:normal;font-weight:700\">Un peque\u00f1o pueblo de Comminges, en un entorno verde \u10e6 \u00a1Aqu\u00ed te tomas tu tiempo y disfrutas de la tranquilidad!<\/p>\n\n\n\n<p>La <strong>bastida<\/strong>, el <strong>mercado cubierto<\/strong>, la <strong>iglesia de Notre Dame de l\u2019Assomption<\/strong>. Descubre el pueblo de Boulogne-sur-Gesse a pie gracias al folleto disponible en la Oficina de Informaci\u00f3n Tur\u00edstica. <\/p>\n\n\n\n<p>Descubre el viaducto de los Coucuts, emblem\u00e1tico de la ciudad. A menudo llamado <strong>viaducto de Boulogne-sur-Gesse<\/strong>, es un viaducto ferroviario de la antigua l\u00ednea de Toulouse a Boulogne-sur-Gesse. Hoy en d\u00eda se disfruta recorri\u00e9ndolo a pie o en bicicleta. \u00a1Es el punto de encuentro de los habitantes de Boulogne y de los pueblos vecinos el fin de semana del 15 de agosto para los fuegos artificiales y la fiesta local!   <\/p>\n<\/div>\n<\/div><\/section>\n\n<section class=\"wp-block-group alignfull pattern-breadcrumb has-global-padding is-layout-constrained wp-block-group-is-layout-constrained\">\n<div class=\"wp-block-group alignwide is-layout-flow wp-block-group-is-layout-flow\"><nav aria-label=\"breadcrumbs\" class=\"rank-math-breadcrumb\"><p><span class=\"last\">Accueil<\/span><\/p><\/nav><\/div>\n<\/section>\n\n<section class=\"wp-block-group alignfull pattern-text has-global-padding is-layout-constrained wp-block-group-is-layout-constrained\">\n<div class=\"wp-block-group has-global-padding is-layout-constrained wp-block-group-is-layout-constrained\">\n<h3 class=\"wp-block-heading\">El centro hist\u00f3rico de Boulogne-sur-Gesse<\/h3>\n\n\n\n<p>La bastida, el mercado cubierto, la iglesia de Notre Dame de l\u2019Assomption; descubre el pueblo de Boulogne-sur-Gesse a pie gracias al folleto disponible en la Oficina de Informaci\u00f3n Tur\u00edstica.<\/p>\n\n\n\n<p>Descubre el viaducto de los Coucuts, emblem\u00e1tico de la ciudad. A menudo llamado viaducto de Boulogne-sur-Gesse, es un viaducto ferroviario de la antigua l\u00ednea de Toulouse a Boulogne-sur-Gesse. Hoy en d\u00eda se disfruta recorri\u00e9ndolo a pie o en bicicleta. \u00a1Es el punto de encuentro de los habitantes de Boulogne y de los pueblos vecinos el fin de semana del 15 de agosto para los fuegos artificiales y la fiesta local!   <\/p>\n\n\n\n<h3 class=\"wp-block-heading\">Degustar los productos locales<\/h3>\n\n\n\n<ul class=\"wp-block-list\">\n<li>Disfruta del <strong>mercadillo los mi\u00e9rcoles por la ma\u00f1ana<\/strong> en la plaza principal<\/li>\n\n\n\n<li><strong>Tienda de productos locales <\/strong>en la oficina de informaci\u00f3n tur\u00edstica<\/li>\n\n\n\n<li>Son muchos los <a href=\"https:\/\/www.tourisme-stgaudens.com\/decouvrir\/100-local\/les-producteurs-locaux\/tous-les-producteurs\/\" target=\"_blank\" rel=\"noreferrer noopener\">productores locales<\/a>, de los cuales aqu\u00ed tienes algunas especialidades: cerdo negro de Bigorra, alubias de Tarbes, buey gasc\u00f3n&#8230;<\/li>\n<\/ul>\n<\/div>\n<\/section>\n\n<section class=\"wp-block-group alignfull pattern-media-text has-global-padding is-layout-constrained wp-block-group-is-layout-constrained\">\n<div class=\"wp-block-columns are-vertically-aligned-center is-layout-flex wp-container-core-columns-is-layout-28f84493 wp-block-columns-is-layout-flex\">\n<div class=\"wp-block-column is-vertically-aligned-center is-layout-flow wp-block-column-is-layout-flow\" style=\"flex-basis:50%\">\n<figure data-wp-context=\"{&quot;imageId&quot;:&quot;69ff9a859cf5d&quot;}\" data-wp-interactive=\"core\/image\" data-wp-key=\"69ff9a859cf5d\" class=\"wp-block-image size-large wp-lightbox-container\"><img loading=\"lazy\" decoding=\"async\" width=\"1600\" height=\"1067\" data-wp-class--hide=\"state.isContentHidden\" data-wp-class--show=\"state.isContentVisible\" data-wp-init=\"callbacks.setButtonStyles\" data-wp-on--click=\"actions.showLightbox\" data-wp-on--load=\"callbacks.setButtonStyles\" data-wp-on-window--resize=\"callbacks.setButtonStyles\" src=\"https:\/\/destination-commingespyrenees.prep.faire-savoir.eu\/wp-content\/uploads\/2026\/01\/IMG_0521-1-1600x1067.jpg\" alt=\"Campo alrededor de Boulogne-sur-Gesse\" class=\"wp-image-483\" srcset=\"https:\/\/destination-commingespyrenees.prep.faire-savoir.eu\/wp-content\/uploads\/2026\/01\/IMG_0521-1-1600x1067.jpg 1600w, https:\/\/destination-commingespyrenees.prep.faire-savoir.eu\/wp-content\/uploads\/2026\/01\/IMG_0521-1-800x533.jpg 800w, https:\/\/destination-commingespyrenees.prep.faire-savoir.eu\/wp-content\/uploads\/2026\/01\/IMG_0521-1-768x512.jpg 768w, https:\/\/destination-commingespyrenees.prep.faire-savoir.eu\/wp-content\/uploads\/2026\/01\/IMG_0521-1-1536x1024.jpg 1536w, https:\/\/destination-commingespyrenees.prep.faire-savoir.eu\/wp-content\/uploads\/2026\/01\/IMG_0521-1-scaled.jpg 2048w\" sizes=\"auto, (max-width: 1600px) 100vw, 1600px\" \/><button\n\t\t\tclass=\"lightbox-trigger\"\n\t\t\ttype=\"button\"\n\t\t\taria-haspopup=\"dialog\"\n\t\t\taria-label=\"Agrandar\"\n\t\t\tdata-wp-init=\"callbacks.initTriggerButton\"\n\t\t\tdata-wp-on--click=\"actions.showLightbox\"\n\t\t\tdata-wp-style--right=\"state.imageButtonRight\"\n\t\t\tdata-wp-style--top=\"state.imageButtonTop\"\n\t\t>\n\t\t\t<svg xmlns=\"http:\/\/www.w3.org\/2000\/svg\" width=\"12\" height=\"12\" fill=\"none\" viewBox=\"0 0 12 12\">\n\t\t\t\t<path fill=\"#fff\" d=\"M2 0a2 2 0 0 0-2 2v2h1.5V2a.5.5 0 0 1 .5-.5h2V0H2Zm2 10.5H2a.5.5 0 0 1-.5-.5V8H0v2a2 2 0 0 0 2 2h2v-1.5ZM8 12v-1.5h2a.5.5 0 0 0 .5-.5V8H12v2a2 2 0 0 1-2 2H8Zm2-12a2 2 0 0 1 2 2v2h-1.5V2a.5.5 0 0 0-.5-.5H8V0h2Z\" \/>\n\t\t\t<\/svg>\n\t\t<\/button><\/figure>\n<\/div>\n\n\n\n<div class=\"wp-block-column is-vertically-aligned-center is-layout-flow wp-block-column-is-layout-flow\" style=\"flex-basis:50%\">\n<h3 class=\"wp-block-heading\">Naturaleza y biodiversidad<\/h3>\n\n\n\n<p><strong><a href=\"https:\/\/www.natura2000.fr\/carte-natura2000\" target=\"_blank\" rel=\"noopener\">Zona Natura 2000<\/a> C\u00f4te de Bieil y Montouss\u00e9<\/strong>: sitio preservado y representativo de paisajes de bocage en laderas secas. Los espacios abiertos, ricos en numerosas especies de orqu\u00eddeas, conviven armoniosamente con landas de enebro com\u00fan y con \u00e1rboles viejos, h\u00e1bitats de una entomofauna xil\u00f3faga y saproxil\u00f3faga diversificada. Se puede descubrir en un sendero a pie de 1h30.   <a href=\"https:\/\/rando.coeurcoteaux-comminges.fr\/trek\/7494-Boulogne-sur-Gesse-Cotes-de-Bieil-et-Montousse\" target=\"_blank\" rel=\"noreferrer noopener\">Ver el sendero<\/a><\/p>\n\n\n\n<p><strong>Lago de Boulogne-sur-Gesse<\/strong>: un lugar tranquilo donde da gusto pasear. Puedes dar la vuelta a pie. Tambi\u00e9n es el punto de partida de <a href=\"https:\/\/rando.coeurcoteaux-comminges.fr\/search?text=boulogne\" data-type=\"link\" data-id=\"https:\/\/rando.coeurcoteaux-comminges.fr\/search?text=boulogne\" target=\"_blank\" rel=\"noreferrer noopener\">senderos de caminata<\/a> para descubrir los alrededores.<br\/>\u2013 En julio y agosto: pistas de tenis, piscina climatizada con tobog\u00e1n, hidropedales, minigolf y fiesta local.<br\/>\u2013 Todo el a\u00f1o: zonas de juegos infantiles, recorridos de orientaci\u00f3n, pesca.  <\/p>\n<\/div>\n<\/div>\n\n\n\n<h3 class=\"wp-block-heading\">En familia en Boulogne-sur-Gesse<\/h3>\n\n\n\n<ul class=\"wp-block-list\">\n<li>Complejo de vacaciones<\/li>\n\n\n\n<li>Centro de ocio: golf, hidropedal, piscina<\/li>\n\n\n\n<li><a href=\"https:\/\/www.tourisme-stgaudens.com\/sejourner\/activites\/parcours-dorientation-permanents\/\" target=\"_blank\" rel=\"noreferrer noopener\">Recorridos de orientaci\u00f3n<\/a> de diferentes niveles<\/li>\n\n\n\n<li>Ludoteca y mediateca<\/li>\n\n\n\n<li><a href=\"https:\/\/www.tourisme-stgaudens.com\/sejourner\/activites\/cinemas\/\" target=\"_blank\" rel=\"noreferrer noopener\">Cine<\/a><\/li>\n<\/ul>\n<\/section>\n\n<div class=\"wp-block-buttons is-layout-flex wp-block-buttons-is-layout-flex\">\n<div class=\"wp-block-button\"><a class=\"wp-block-button__link wp-element-button\" href=\"https:\/\/destination-commingespyrenees.prep.faire-savoir.eu\/es\/visitar-lisle-en-dodon\/\">Descubre otro pueblo de las laderas<\/a><\/div>\n<\/div>\n\n<section class=\"wp-block-group alignfull pattern-media-grid has-global-padding is-layout-constrained wp-block-group-is-layout-constrained\">\n<div class=\"wp-block-columns alignwide is-layout-flex wp-container-core-columns-is-layout-28f84493 wp-block-columns-is-layout-flex\">\n<div class=\"wp-block-column is-layout-flow wp-block-column-is-layout-flow\">\n<figure data-wp-context=\"{&quot;imageId&quot;:&quot;69ff9a859e3ef&quot;}\" data-wp-interactive=\"core\/image\" data-wp-key=\"69ff9a859e3ef\" class=\"wp-block-image size-full wp-lightbox-container\"><img loading=\"lazy\" decoding=\"async\" width=\"672\" height=\"448\" data-wp-class--hide=\"state.isContentHidden\" data-wp-class--show=\"state.isContentVisible\" data-wp-init=\"callbacks.setButtonStyles\" data-wp-on--click=\"actions.showLightbox\" data-wp-on--load=\"callbacks.setButtonStyles\" data-wp-on-window--resize=\"callbacks.setButtonStyles\" src=\"https:\/\/destination-commingespyrenees.prep.faire-savoir.eu\/wp-content\/uploads\/2026\/01\/Boulogne-et-Pyrenees.jpg\" alt=\"boulogne sur gesse&#10;ciudad y pirineos\" class=\"wp-image-807\" style=\"aspect-ratio:3\/2;object-fit:cover\"\/><button\n\t\t\tclass=\"lightbox-trigger\"\n\t\t\ttype=\"button\"\n\t\t\taria-haspopup=\"dialog\"\n\t\t\taria-label=\"Agrandar\"\n\t\t\tdata-wp-init=\"callbacks.initTriggerButton\"\n\t\t\tdata-wp-on--click=\"actions.showLightbox\"\n\t\t\tdata-wp-style--right=\"state.imageButtonRight\"\n\t\t\tdata-wp-style--top=\"state.imageButtonTop\"\n\t\t>\n\t\t\t<svg xmlns=\"http:\/\/www.w3.org\/2000\/svg\" width=\"12\" height=\"12\" fill=\"none\" viewBox=\"0 0 12 12\">\n\t\t\t\t<path fill=\"#fff\" d=\"M2 0a2 2 0 0 0-2 2v2h1.5V2a.5.5 0 0 1 .5-.5h2V0H2Zm2 10.5H2a.5.5 0 0 1-.5-.5V8H0v2a2 2 0 0 0 2 2h2v-1.5ZM8 12v-1.5h2a.5.5 0 0 0 .5-.5V8H12v2a2 2 0 0 1-2 2H8Zm2-12a2 2 0 0 1 2 2v2h-1.5V2a.5.5 0 0 0-.5-.5H8V0h2Z\" \/>\n\t\t\t<\/svg>\n\t\t<\/button><\/figure>\n<\/div>\n\n\n\n<div class=\"wp-block-column is-layout-flow wp-block-column-is-layout-flow\">\n<figure data-wp-context=\"{&quot;imageId&quot;:&quot;69ff9a859eb99&quot;}\" data-wp-interactive=\"core\/image\" data-wp-key=\"69ff9a859eb99\" class=\"wp-block-image size-large wp-lightbox-container\"><img loading=\"lazy\" decoding=\"async\" width=\"1600\" height=\"1067\" data-wp-class--hide=\"state.isContentHidden\" data-wp-class--show=\"state.isContentVisible\" data-wp-init=\"callbacks.setButtonStyles\" data-wp-on--click=\"actions.showLightbox\" data-wp-on--load=\"callbacks.setButtonStyles\" data-wp-on-window--resize=\"callbacks.setButtonStyles\" src=\"https:\/\/destination-commingespyrenees.prep.faire-savoir.eu\/wp-content\/uploads\/2026\/01\/Boulogne-Lespugue-Gimone-Peguilhan.-M.Berges-OTI-DestinationComminges-Pyrenees-44-1600x1067.jpg\" alt=\"boulogne-sur-gesse.&#10;mercado ayuntamiento\" class=\"wp-image-486\" style=\"aspect-ratio:3\/2;object-fit:cover\" srcset=\"https:\/\/destination-commingespyrenees.prep.faire-savoir.eu\/wp-content\/uploads\/2026\/01\/Boulogne-Lespugue-Gimone-Peguilhan.-M.Berges-OTI-DestinationComminges-Pyrenees-44-1600x1067.jpg 1600w, https:\/\/destination-commingespyrenees.prep.faire-savoir.eu\/wp-content\/uploads\/2026\/01\/Boulogne-Lespugue-Gimone-Peguilhan.-M.Berges-OTI-DestinationComminges-Pyrenees-44-800x533.jpg 800w, https:\/\/destination-commingespyrenees.prep.faire-savoir.eu\/wp-content\/uploads\/2026\/01\/Boulogne-Lespugue-Gimone-Peguilhan.-M.Berges-OTI-DestinationComminges-Pyrenees-44-768x512.jpg 768w, https:\/\/destination-commingespyrenees.prep.faire-savoir.eu\/wp-content\/uploads\/2026\/01\/Boulogne-Lespugue-Gimone-Peguilhan.-M.Berges-OTI-DestinationComminges-Pyrenees-44-1536x1024.jpg 1536w, https:\/\/destination-commingespyrenees.prep.faire-savoir.eu\/wp-content\/uploads\/2026\/01\/Boulogne-Lespugue-Gimone-Peguilhan.-M.Berges-OTI-DestinationComminges-Pyrenees-44-scaled.jpg 2048w\" sizes=\"auto, (max-width: 1600px) 100vw, 1600px\" \/><button\n\t\t\tclass=\"lightbox-trigger\"\n\t\t\ttype=\"button\"\n\t\t\taria-haspopup=\"dialog\"\n\t\t\taria-label=\"Agrandar\"\n\t\t\tdata-wp-init=\"callbacks.initTriggerButton\"\n\t\t\tdata-wp-on--click=\"actions.showLightbox\"\n\t\t\tdata-wp-style--right=\"state.imageButtonRight\"\n\t\t\tdata-wp-style--top=\"state.imageButtonTop\"\n\t\t>\n\t\t\t<svg xmlns=\"http:\/\/www.w3.org\/2000\/svg\" width=\"12\" height=\"12\" fill=\"none\" viewBox=\"0 0 12 12\">\n\t\t\t\t<path fill=\"#fff\" d=\"M2 0a2 2 0 0 0-2 2v2h1.5V2a.5.5 0 0 1 .5-.5h2V0H2Zm2 10.5H2a.5.5 0 0 1-.5-.5V8H0v2a2 2 0 0 0 2 2h2v-1.5ZM8 12v-1.5h2a.5.5 0 0 0 .5-.5V8H12v2a2 2 0 0 1-2 2H8Zm2-12a2 2 0 0 1 2 2v2h-1.5V2a.5.5 0 0 0-.5-.5H8V0h2Z\" \/>\n\t\t\t<\/svg>\n\t\t<\/button><\/figure>\n\n\n\n<figure data-wp-context=\"{&quot;imageId&quot;:&quot;69ff9a859f0a2&quot;}\" data-wp-interactive=\"core\/image\" data-wp-key=\"69ff9a859f0a2\" class=\"wp-block-image size-large wp-lightbox-container\"><img loading=\"lazy\" decoding=\"async\" width=\"1600\" height=\"1200\" data-wp-class--hide=\"state.isContentHidden\" data-wp-class--show=\"state.isContentVisible\" data-wp-init=\"callbacks.setButtonStyles\" data-wp-on--click=\"actions.showLightbox\" data-wp-on--load=\"callbacks.setButtonStyles\" data-wp-on-window--resize=\"callbacks.setButtonStyles\" src=\"https:\/\/destination-commingespyrenees.prep.faire-savoir.eu\/wp-content\/uploads\/2026\/01\/Centre-bourg-comminges-Pyrenees-boulogne-1-1600x1200.jpg\" alt=\"boulogne-sur-gesse.&#10;ayuntamiento\" class=\"wp-image-802\" style=\"aspect-ratio:3\/2;object-fit:cover\" srcset=\"https:\/\/destination-commingespyrenees.prep.faire-savoir.eu\/wp-content\/uploads\/2026\/01\/Centre-bourg-comminges-Pyrenees-boulogne-1-1600x1200.jpg 1600w, https:\/\/destination-commingespyrenees.prep.faire-savoir.eu\/wp-content\/uploads\/2026\/01\/Centre-bourg-comminges-Pyrenees-boulogne-1-800x600.jpg 800w, https:\/\/destination-commingespyrenees.prep.faire-savoir.eu\/wp-content\/uploads\/2026\/01\/Centre-bourg-comminges-Pyrenees-boulogne-1-768x576.jpg 768w, https:\/\/destination-commingespyrenees.prep.faire-savoir.eu\/wp-content\/uploads\/2026\/01\/Centre-bourg-comminges-Pyrenees-boulogne-1-1536x1152.jpg 1536w, https:\/\/destination-commingespyrenees.prep.faire-savoir.eu\/wp-content\/uploads\/2026\/01\/Centre-bourg-comminges-Pyrenees-boulogne-1-scaled.jpg 2048w\" sizes=\"auto, (max-width: 1600px) 100vw, 1600px\" \/><button\n\t\t\tclass=\"lightbox-trigger\"\n\t\t\ttype=\"button\"\n\t\t\taria-haspopup=\"dialog\"\n\t\t\taria-label=\"Agrandar\"\n\t\t\tdata-wp-init=\"callbacks.initTriggerButton\"\n\t\t\tdata-wp-on--click=\"actions.showLightbox\"\n\t\t\tdata-wp-style--right=\"state.imageButtonRight\"\n\t\t\tdata-wp-style--top=\"state.imageButtonTop\"\n\t\t>\n\t\t\t<svg xmlns=\"http:\/\/www.w3.org\/2000\/svg\" width=\"12\" height=\"12\" fill=\"none\" viewBox=\"0 0 12 12\">\n\t\t\t\t<path fill=\"#fff\" d=\"M2 0a2 2 0 0 0-2 2v2h1.5V2a.5.5 0 0 1 .5-.5h2V0H2Zm2 10.5H2a.5.5 0 0 1-.5-.5V8H0v2a2 2 0 0 0 2 2h2v-1.5ZM8 12v-1.5h2a.5.5 0 0 0 .5-.5V8H12v2a2 2 0 0 1-2 2H8Zm2-12a2 2 0 0 1 2 2v2h-1.5V2a.5.5 0 0 0-.5-.5H8V0h2Z\" \/>\n\t\t\t<\/svg>\n\t\t<\/button><\/figure>\n<\/div>\n<\/div>\n<\/section>\n\n<section class=\"wp-block-group alignfull pattern-prepare-your-visit has-global-padding is-layout-constrained wp-block-group-is-layout-constrained\">\n<div class=\"wp-block-columns is-layout-flex wp-container-core-columns-is-layout-f5a44f5b wp-block-columns-is-layout-flex\">\n<div class=\"wp-block-column is-layout-flow wp-block-column-is-layout-flow\" style=\"flex-basis:50%\">\n<h2 class=\"wp-block-heading\">Prepara tu visita<\/h2>\n\n\n\n<h3 class=\"wp-block-heading\">DESCARGA NUESTROS FOLLETOS<\/h3>\n\n\n\n<ul class=\"wp-block-list\">\n<li>Juegos de pistas<\/li>\n\n\n\n<li>Folleto del Destino<\/li>\n\n\n\n<li>Mapas tur\u00edsticos<\/li>\n\n\n\n<li>Planos de ciudades<\/li>\n<\/ul>\n\n\n\n<h4 class=\"wp-block-heading\">\u00bfC\u00f3mo venir sin coche?<\/h4>\n<\/div>\n\n\n\n<div class=\"wp-block-column is-layout-flow wp-block-column-is-layout-flow\" style=\"flex-basis:50%\">\n<h3 class=\"wp-block-heading\">Informaci\u00f3n pr\u00e1ctica<\/h3>\n\n\n\n<ul class=\"wp-block-list\">\n<li>Numerosas plazas de aparcamiento en la ciudad.<\/li>\n\n\n\n<li>Zona de p\u00edcnic en el lago.<\/li>\n<\/ul>\n\n\n\n<h4 class=\"wp-block-heading\">Para familias<\/h4>\n\n\n\n<p>Espacio de juegos de 0 a 5 a\u00f1os alrededor del lago.<br\/><\/p>\n\n\n\n<div class=\"wp-block-group has-accent-3-background-color has-background has-global-padding is-layout-constrained wp-container-core-group-is-layout-ea39502d wp-block-group-is-layout-constrained\" style=\"border-top-left-radius:1rem;border-top-right-radius:1rem;border-bottom-left-radius:1rem;border-bottom-right-radius:1rem;padding-top:var(--wp--preset--spacing--50);padding-right:var(--wp--preset--spacing--50);padding-bottom:var(--wp--preset--spacing--50);padding-left:var(--wp--preset--spacing--50)\">\n<h4 class=\"wp-block-heading has-accent-1-color has-text-color has-link-color wp-elements-279a1f54747ba07c4668d3903f26e50c\"><strong>Oficina de Turismo de Destination Comminges Pyr\u00e9n\u00e9es &#8211; Oficina de informaci\u00f3n<\/strong> de Boulogne-sur-Gesse<\/h4>\n\n\n\n<p>Place de la Mairie 31350 Boulogne-sur-Gesse<br\/>Tel: <a href=\"tel:05%2061%2094%2077%2061\" target=\"_blank\" rel=\"noreferrer noopener\">05 61 94 77 61<\/a> \u2013 <a href=\"https:\/\/www.tourisme-stgaudens.com\/decouvrir\/incontournables\/visiter-boulogne-sur-gesse\/info@destination-commingespyrenees.com\" target=\"_blank\" rel=\"noreferrer noopener\">info@destination-commingespyrenees.com<\/a><\/p>\n<\/div>\n<\/div>\n<\/div>\n<\/section>\n\n<div class=\"wp-block-group has-accent-3-background-color has-background has-global-padding is-layout-constrained wp-container-core-group-is-layout-ea39502d wp-block-group-is-layout-constrained\" style=\"border-top-left-radius:1rem;border-top-right-radius:1rem;border-bottom-left-radius:1rem;border-bottom-right-radius:1rem;padding-top:var(--wp--preset--spacing--50);padding-right:var(--wp--preset--spacing--50);padding-bottom:var(--wp--preset--spacing--50);padding-left:var(--wp--preset--spacing--50)\">\n<h3 class=\"wp-block-heading has-text-align-center has-accent-1-color has-text-color has-link-color wp-elements-c3a2ebee0af1a639d7dbad16c5e5ed34\"><strong>Ir a Boulogne-sur-Gesse sin coche:<\/strong><\/h3>\n\n\n\n<p class=\"has-text-align-center has-contrast-color has-text-color has-link-color wp-elements-27a3b68077c47aca0d4f1e19ff0d6a37\"><strong><br\/><\/strong>Autob\u00fas <a href=\"https:\/\/www.lio-occitanie.fr\/horaires-et-plans\/\" target=\"_blank\" rel=\"noopener\">LIO 365 <\/a>desde Toulouse (directo)<\/p>\n\n\n\n<p class=\"has-text-align-center has-contrast-color has-text-color has-link-color wp-elements-bf42e13df9577aa955dfd55c04364928\">Autob\u00fas LIO 344 desde Saint-Gaudens (jard\u00edn p\u00fablico), correspondencia con el tren desde Toulouse, Bagn\u00e8res de Luchon o Tarbes<\/p>\n<\/div>\n\n<h3 class=\"wp-block-heading\">Para visitar cerca: <\/h3>\n\n<div class=\"wp-block-buttons is-layout-flex wp-block-buttons-is-layout-flex\">\n<div class=\"wp-block-button is-style-fill\"><a class=\"wp-block-button__link wp-element-button\" href=\"https:\/\/www.montmaurin-archeo.fr\/\" target=\"_blank\" rel=\"noopener\">Villa galorromana de Montmaurin<\/a><\/div>\n<\/div>\n\n<div class=\"wp-block-buttons is-layout-flex wp-block-buttons-is-layout-flex\">\n<div class=\"wp-block-button is-style-fill\"><a class=\"wp-block-button__link wp-element-button\" href=\"https:\/\/les-jardins-de-la-poterie-hillen.blogspot.com\/\" target=\"_blank\" rel=\"noopener\">Jardines de la alfarer\u00eda Hillen<\/a><\/div>\n<\/div>\n\n<p><\/p>\n\n<div class=\"wp-block-buttons is-layout-flex wp-block-buttons-is-layout-flex\">\n<div class=\"wp-block-button is-style-fill\"><a class=\"wp-block-button__link wp-element-button\" href=\"https:\/\/destination-commingespyrenees.prep.faire-savoir.eu\/agenda\/\">Consultez tout l&#8217;agenda de la destination<\/a><\/div>\n<\/div>\n","protected":false},"excerpt":{"rendered":"<p>El centro hist\u00f3rico de Boulogne-sur-Gesse La bastida, el mercado cubierto, la iglesia de Notre Dame de l\u2019Assomption; descubre el pueblo de Boulogne-sur-Gesse a pie gracias al folleto disponible en la Oficina de Informaci\u00f3n Tur\u00edstica. Descubre el viaducto de los Coucuts, emblem\u00e1tico de la ciudad. A menudo llamado viaducto de Boulogne-sur-Gesse, es un viaducto ferroviario de [&hellip;]<\/p>\n","protected":false},"author":2,"featured_media":3716,"parent":0,"menu_order":0,"comment_status":"closed","ping_status":"closed","template":"","meta":{"_acf_changed":false,"footnotes":""},"experience_category":[],"class_list":["post-3717","page","type-page","status-publish","has-post-thumbnail","hentry"],"acf":[],"_links":{"self":[{"href":"https:\/\/destination-commingespyrenees.prep.faire-savoir.eu\/es\/wp-json\/wp\/v2\/pages\/3717","targetHints":{"allow":["GET"]}}],"collection":[{"href":"https:\/\/destination-commingespyrenees.prep.faire-savoir.eu\/es\/wp-json\/wp\/v2\/pages"}],"about":[{"href":"https:\/\/destination-commingespyrenees.prep.faire-savoir.eu\/es\/wp-json\/wp\/v2\/types\/page"}],"author":[{"embeddable":true,"href":"https:\/\/destination-commingespyrenees.prep.faire-savoir.eu\/es\/wp-json\/wp\/v2\/users\/2"}],"replies":[{"embeddable":true,"href":"https:\/\/destination-commingespyrenees.prep.faire-savoir.eu\/es\/wp-json\/wp\/v2\/comments?post=3717"}],"version-history":[{"count":5,"href":"https:\/\/destination-commingespyrenees.prep.faire-savoir.eu\/es\/wp-json\/wp\/v2\/pages\/3717\/revisions"}],"predecessor-version":[{"id":4291,"href":"https:\/\/destination-commingespyrenees.prep.faire-savoir.eu\/es\/wp-json\/wp\/v2\/pages\/3717\/revisions\/4291"}],"wp:featuredmedia":[{"embeddable":true,"href":"https:\/\/destination-commingespyrenees.prep.faire-savoir.eu\/es\/wp-json\/wp\/v2\/media\/3716"}],"wp:attachment":[{"href":"https:\/\/destination-commingespyrenees.prep.faire-savoir.eu\/es\/wp-json\/wp\/v2\/media?parent=3717"}],"wp:term":[{"taxonomy":"experience_category","embeddable":true,"href":"https:\/\/destination-commingespyrenees.prep.faire-savoir.eu\/es\/wp-json\/wp\/v2\/experience_category?post=3717"}],"curies":[{"name":"wp","href":"https:\/\/api.w.org\/{rel}","templated":true}]}}