{"id":3650,"date":"2026-01-12T16:19:40","date_gmt":"2026-01-12T15:19:40","guid":{"rendered":"https:\/\/destination-commingespyrenees.prep.faire-savoir.eu\/saint-bertrand-de-comminges-pueblo-medieval\/"},"modified":"2026-04-22T09:14:40","modified_gmt":"2026-04-22T07:14:40","slug":"saint-bertrand-de-comminges-pueblo-medieval","status":"publish","type":"page","link":"https:\/\/destination-commingespyrenees.prep.faire-savoir.eu\/es\/saint-bertrand-de-comminges-pueblo-medieval\/","title":{"rendered":"Saint-Bertrand-de-Comminges, pueblo medieval"},"content":{"rendered":"\n<section class=\"wp-block-cover alignfull pattern-hero-section\"><img loading=\"lazy\" decoding=\"async\" width=\"1332\" height=\"888\" class=\"wp-block-cover__image-background wp-image-461 size-full\" alt=\"Saint-Bertrand de Comminges\" src=\"https:\/\/destination-commingespyrenees.prep.faire-savoir.eu\/wp-content\/uploads\/2026\/01\/alamoureuxacomminges-saint-bertrand-de-comminges-pyrenees.jpg\" data-object-fit=\"cover\" srcset=\"https:\/\/destination-commingespyrenees.prep.faire-savoir.eu\/wp-content\/uploads\/2026\/01\/alamoureuxacomminges-saint-bertrand-de-comminges-pyrenees.jpg 1332w, https:\/\/destination-commingespyrenees.prep.faire-savoir.eu\/wp-content\/uploads\/2026\/01\/alamoureuxacomminges-saint-bertrand-de-comminges-pyrenees-800x533.jpg 800w, https:\/\/destination-commingespyrenees.prep.faire-savoir.eu\/wp-content\/uploads\/2026\/01\/alamoureuxacomminges-saint-bertrand-de-comminges-pyrenees-768x512.jpg 768w\" sizes=\"auto, (max-width: 1332px) 100vw, 1332px\" \/><span aria-hidden=\"true\" class=\"wp-block-cover__background has-background-dim-40 has-background-dim wp-block-cover__gradient-background has-background-gradient\" style=\"background:linear-gradient(180deg,rgb(0,0,0) 0%,rgba(0,0,0,0) 50%,rgba(0,0,0) 100%)\"><\/span><div class=\"wp-block-cover__inner-container has-global-padding is-layout-constrained wp-block-cover-is-layout-constrained\">\n<div class=\"wp-block-group alignwide is-layout-flow wp-block-group-is-layout-flow\"><h1 class=\"wp-block-post-title\">Saint-Bertrand-de-Comminges, pueblo medieval<\/h1>\n\n\n<h2 class=\"wp-block-heading\">El Mont Saint-Michel de los Pirineos<\/h2>\n\n\n\n<p class=\"has-medium-font-size\" style=\"font-style:normal;font-weight:700\">Visita <strong>Saint-Bertrand-de-Comminges<\/strong> y haz un viaje en el tiempo, a solo 18 km de <strong>Saint-Gaudens<\/strong>. Apodado el Mont Saint-Michel de los Pirineos, \u00a1este peque\u00f1o pueblo no tiene nada que envidiar a su hermano mayor! \u00bfNos acompa\u00f1as?  <\/p>\n<\/div>\n<\/div><\/section>\n\n<section class=\"wp-block-group alignfull pattern-breadcrumb has-global-padding is-layout-constrained wp-block-group-is-layout-constrained\">\n<div class=\"wp-block-group alignwide is-layout-flow wp-block-group-is-layout-flow\"><nav aria-label=\"breadcrumbs\" class=\"rank-math-breadcrumb\"><p><span class=\"last\">Accueil<\/span><\/p><\/nav><\/div>\n<\/section>\n\n<section class=\"wp-block-group alignfull pattern-text has-global-padding is-layout-constrained wp-block-group-is-layout-constrained\">\n<div class=\"wp-block-group has-global-padding is-layout-constrained wp-block-group-is-layout-constrained\">\n<h3 class=\"wp-block-heading\">Retroceder en el tiempo en Saint-Bertrand-de-Comminges<\/h3>\n\n\n\n<p>Tu viaje comienza en la Antig\u00fcedad, en la ciudad romana de Lugdunum, fundada hace m\u00e1s de 2.000 a\u00f1os\u2026 \u00a1Ya en aquella \u00e9poca, la ciudad era apreciada por su ubicaci\u00f3n ideal al pie de los Pirineos, entre llanuras y monta\u00f1as! \u00bfQuieres saber m\u00e1s sobre la antigua ciudad de los Convenas? Puedes visitar el hermoso Museo Arqueol\u00f3gico Departamental, pero tambi\u00e9n ir directamente al yacimiento de Saint-Bertrand-de-Comminges. Aunque todav\u00eda se est\u00e1n realizando excavaciones arqueol\u00f3gicas, podr\u00e1s disfrutar descubriendo los restos de las termas, del mercado y del antiguo teatro romano.   <\/p>\n<\/div>\n<\/section>\n\n<section class=\"wp-block-group alignfull pattern-media-text has-global-padding is-layout-constrained wp-block-group-is-layout-constrained\">\n<div class=\"wp-block-columns are-vertically-aligned-center is-layout-flex wp-container-core-columns-is-layout-28f84493 wp-block-columns-is-layout-flex\">\n<div class=\"wp-block-column is-vertically-aligned-center is-layout-flow wp-block-column-is-layout-flow\" style=\"flex-basis:50%\">\n<figure data-wp-context=\"{&quot;imageId&quot;:&quot;69ff840f7994d&quot;}\" data-wp-interactive=\"core\/image\" data-wp-key=\"69ff840f7994d\" class=\"wp-block-image aligncenter size-full is-resized wp-lightbox-container\"><img loading=\"lazy\" decoding=\"async\" width=\"350\" height=\"318\" data-wp-class--hide=\"state.isContentHidden\" data-wp-class--show=\"state.isContentVisible\" data-wp-init=\"callbacks.setButtonStyles\" data-wp-on--click=\"actions.showLightbox\" data-wp-on--load=\"callbacks.setButtonStyles\" data-wp-on-window--resize=\"callbacks.setButtonStyles\" src=\"https:\/\/destination-commingespyrenees.prep.faire-savoir.eu\/wp-content\/uploads\/2026\/01\/alamoureuxacomminges-saint-bertrand-de-comminges-haute-garonne-comminges-pyrenees-350x318-1.jpg\" alt=\"Saint-Bertrand de Comminges &#10;Pueblo medieval&#10;Vista a&#xE9;rea fot&#xF3;grafo profesional\" class=\"wp-image-462\" style=\"aspect-ratio:1.1006621885570007;width:575px;height:auto\"\/><button\n\t\t\tclass=\"lightbox-trigger\"\n\t\t\ttype=\"button\"\n\t\t\taria-haspopup=\"dialog\"\n\t\t\taria-label=\"Agrandar\"\n\t\t\tdata-wp-init=\"callbacks.initTriggerButton\"\n\t\t\tdata-wp-on--click=\"actions.showLightbox\"\n\t\t\tdata-wp-style--right=\"state.imageButtonRight\"\n\t\t\tdata-wp-style--top=\"state.imageButtonTop\"\n\t\t>\n\t\t\t<svg xmlns=\"http:\/\/www.w3.org\/2000\/svg\" width=\"12\" height=\"12\" fill=\"none\" viewBox=\"0 0 12 12\">\n\t\t\t\t<path fill=\"#fff\" d=\"M2 0a2 2 0 0 0-2 2v2h1.5V2a.5.5 0 0 1 .5-.5h2V0H2Zm2 10.5H2a.5.5 0 0 1-.5-.5V8H0v2a2 2 0 0 0 2 2h2v-1.5ZM8 12v-1.5h2a.5.5 0 0 0 .5-.5V8H12v2a2 2 0 0 1-2 2H8Zm2-12a2 2 0 0 1 2 2v2h-1.5V2a.5.5 0 0 0-.5-.5H8V0h2Z\" \/>\n\t\t\t<\/svg>\n\t\t<\/button><\/figure>\n<\/div>\n\n\n\n<div class=\"wp-block-column is-vertically-aligned-center is-layout-flow wp-block-column-is-layout-flow\" style=\"flex-basis:50%\">\n<h3 class=\"wp-block-heading\">Descubrir los monumentos m\u00e1s bellos de Saint-Bertrand-de-Comminges<\/h3>\n\n\n\n<p>Saint-Bertrand-de-Comminges atraviesa el tiempo y las \u00e9pocas con maestr\u00eda pero, las cosas como son, \u00a1el periodo medieval impuls\u00f3 claramente al pueblo a su apogeo! Seguramente la habr\u00e1s visto nada m\u00e1s llegar: la imponente catedral de Sainte-Marie domina con majestuosidad el pueblo y sus alrededores. \u00a1No te puedes perder esta proeza arquitect\u00f3nica, declarada Patrimonio Mundial por la UNESCO en el marco de los Caminos de Santiago!  <br\/>Cruza las puertas de esta obra maestra del arte rom\u00e1nico-g\u00f3tico y admira los numerosos tesoros que se encuentran en su interior. Enseguida te fijar\u00e1s en el \u00f3rgano monumental de la catedral, declarado Monumento Hist\u00f3rico. Su detallada decoraci\u00f3n, que evoca los 12 trabajos de H\u00e9rcules, es de una finura notable, pero ser\u00e1 al asistir a uno de los conciertos cuando quedes subyugado por este instrumento excepcional. \u00a1Se entiende perfectamente por qu\u00e9 es uno de los \u00f3rganos cl\u00e1sicos m\u00e1s bellos de Europa!    <\/p>\n\n\n\n<p>Un poco apartada de la ciudad, tu paseo cultural contin\u00faa hasta la bas\u00edlica de Saint-Just de Valcabr\u00e8re, una de las iglesias rom\u00e1nicas m\u00e1s bellas de la regi\u00f3n. Los amantes de la arquitectura estar\u00e1n encantados de poder admirar este ejemplo perfecto de sobriedad y disfrutar\u00e1s de una vista impresionante de la ciudad alta y de la catedral de Saint-Bertrand-de-Comminges. <\/p>\n<\/div>\n<\/div>\n<\/section>\n\n<h3 class=\"wp-block-heading\">Impregnarse del ambiente de Saint-Bertrand-de-Comminges<\/h3>\n\n<p>Si bien el ambiente apacible de Saint-Bertrand-de-Comminges lo convierte en un lugar predilecto para desconectar, \u00a1tambi\u00e9n es un pueblo que da gusto visitar! Incluido entre los Pueblos m\u00e1s bonitos de Francia, basta con recorrer la localidad para dejarse hechizar por el encanto de Saint-Bertrand-de-Comminges. Situada sobre la colina y dominando el yacimiento antiguo y el valle, la ciudad vieja es un adorable laberinto de callejuelas. Las puertas medievales dan paso a magn\u00edficas casas de entramado de madera, t\u00edpicas de Saint-Bertrand-de-Comminges.    <\/p>\n\n<p>Acu\u00e9rdate de levantar la vista para no perderte detalles valiosos como las elegantes torretas o los objetos forjados de la Casa del Herrero. \u00daltima etapa de tu paso por Saint-Bertrand: los Olivetains, un antiguo convento transformado en oficina de turismo y centro cultural. \u00a1Es el lugar perfecto para informarte a fondo e inspirarte para tus pr\u00f3ximas visitas!  <\/p>\n\n<h3 class=\"wp-block-heading has-text-align-center\">\u2665 Nuestros favoritos en Saint-Bertrand-de-Comminges \u2665<\/h3>\n\n<ul class=\"wp-block-list\">\n<li>Los conciertos cl\u00e1sicos durante el Festival del Comminges en la catedral de Saint-Bertrand-de-Comminges, la bas\u00edlica de Saint-Just de Valcabr\u00e8re y la colegiata de Saint-Gaudens.<\/li>\n\n\n\n<li>La rica historia de la ciudad, que permite seguir la evoluci\u00f3n de Saint-Bertrand-de-Comminges desde la Antig\u00fcedad hasta nuestros d\u00edas.<\/li>\n\n\n\n<li>Los tramos de la antigua muralla galorromana que a\u00fan se pueden admirar en algunas calles del pueblo.<\/li>\n\n\n\n<li>La Via Garona GR\u00ae 861: conectada a los caminos de Santiago ya existentes \u00abConques-Toulouse\u00bb, la \u00abV\u00eda de Arl\u00e9s\u00bb y la \u00abV\u00eda del Piedemonte Pirenaico\u00bb, la Via Garona es un sendero se\u00f1alizado como GR\u00ae de 170 km que te propone unir a pie, en entre 7 y 12 etapas, el centro de Toulouse con el pueblo de Saint-Bertrand-de-Comminges.<\/li>\n<\/ul>\n\n<div class=\"wp-block-buttons is-layout-flex wp-block-buttons-is-layout-flex\">\n<div class=\"wp-block-button is-style-fill\"><a class=\"wp-block-button__link wp-element-button\" href=\"https:\/\/destination-commingespyrenees.prep.faire-savoir.eu\/es\/visitar-aurignac\/\">Visitar otro pueblo medieval<\/a><\/div>\n<\/div>\n\n<section class=\"wp-block-group alignfull pattern-media-grid has-global-padding is-layout-constrained wp-block-group-is-layout-constrained\">\n<div class=\"wp-block-columns alignwide is-layout-flex wp-container-core-columns-is-layout-28f84493 wp-block-columns-is-layout-flex\">\n<div class=\"wp-block-column is-layout-flow wp-block-column-is-layout-flow\">\n<figure data-wp-context=\"{&quot;imageId&quot;:&quot;69ff840f7af18&quot;}\" data-wp-interactive=\"core\/image\" data-wp-key=\"69ff840f7af18\" class=\"wp-block-image size-full wp-lightbox-container\"><img loading=\"lazy\" decoding=\"async\" width=\"1354\" height=\"636\" data-wp-class--hide=\"state.isContentHidden\" data-wp-class--show=\"state.isContentVisible\" data-wp-init=\"callbacks.setButtonStyles\" data-wp-on--click=\"actions.showLightbox\" data-wp-on--load=\"callbacks.setButtonStyles\" data-wp-on-window--resize=\"callbacks.setButtonStyles\" src=\"https:\/\/destination-commingespyrenees.prep.faire-savoir.eu\/wp-content\/uploads\/2026\/01\/Saint-Bertran4-1.jpg\" alt=\"Vista de Saint-Bertrand de Comminges desde Saint-Just de Valcabr&#xE8;re con la espalda de un peregrino de Santiago\" class=\"wp-image-318\" style=\"aspect-ratio:3\/2;object-fit:cover\" srcset=\"https:\/\/destination-commingespyrenees.prep.faire-savoir.eu\/wp-content\/uploads\/2026\/01\/Saint-Bertran4-1.jpg 1354w, https:\/\/destination-commingespyrenees.prep.faire-savoir.eu\/wp-content\/uploads\/2026\/01\/Saint-Bertran4-1-800x376.jpg 800w, https:\/\/destination-commingespyrenees.prep.faire-savoir.eu\/wp-content\/uploads\/2026\/01\/Saint-Bertran4-1-768x361.jpg 768w\" sizes=\"auto, (max-width: 1354px) 100vw, 1354px\" \/><button\n\t\t\tclass=\"lightbox-trigger\"\n\t\t\ttype=\"button\"\n\t\t\taria-haspopup=\"dialog\"\n\t\t\taria-label=\"Agrandar\"\n\t\t\tdata-wp-init=\"callbacks.initTriggerButton\"\n\t\t\tdata-wp-on--click=\"actions.showLightbox\"\n\t\t\tdata-wp-style--right=\"state.imageButtonRight\"\n\t\t\tdata-wp-style--top=\"state.imageButtonTop\"\n\t\t>\n\t\t\t<svg xmlns=\"http:\/\/www.w3.org\/2000\/svg\" width=\"12\" height=\"12\" fill=\"none\" viewBox=\"0 0 12 12\">\n\t\t\t\t<path fill=\"#fff\" d=\"M2 0a2 2 0 0 0-2 2v2h1.5V2a.5.5 0 0 1 .5-.5h2V0H2Zm2 10.5H2a.5.5 0 0 1-.5-.5V8H0v2a2 2 0 0 0 2 2h2v-1.5ZM8 12v-1.5h2a.5.5 0 0 0 .5-.5V8H12v2a2 2 0 0 1-2 2H8Zm2-12a2 2 0 0 1 2 2v2h-1.5V2a.5.5 0 0 0-.5-.5H8V0h2Z\" \/>\n\t\t\t<\/svg>\n\t\t<\/button><figcaption class=\"wp-element-caption\">Vista de Saint-Bertrand de Comminges desde Saint-Just de Valcabr\u00e8re<\/figcaption><\/figure>\n<\/div>\n\n\n\n<div class=\"wp-block-column is-layout-flow wp-block-column-is-layout-flow\">\n<figure data-wp-context=\"{&quot;imageId&quot;:&quot;69ff840f7b6aa&quot;}\" data-wp-interactive=\"core\/image\" data-wp-key=\"69ff840f7b6aa\" class=\"wp-block-image size-full wp-lightbox-container\"><img loading=\"lazy\" decoding=\"async\" width=\"809\" height=\"552\" data-wp-class--hide=\"state.isContentHidden\" data-wp-class--show=\"state.isContentVisible\" data-wp-init=\"callbacks.setButtonStyles\" data-wp-on--click=\"actions.showLightbox\" data-wp-on--load=\"callbacks.setButtonStyles\" data-wp-on-window--resize=\"callbacks.setButtonStyles\" src=\"https:\/\/destination-commingespyrenees.prep.faire-savoir.eu\/wp-content\/uploads\/2026\/01\/Saint-Bertrand2-1.jpg\" alt=\"Vista a&#xE9;rea de Saint-Bertrand de Comminges\" class=\"wp-image-314\" style=\"aspect-ratio:3\/2;object-fit:cover\" srcset=\"https:\/\/destination-commingespyrenees.prep.faire-savoir.eu\/wp-content\/uploads\/2026\/01\/Saint-Bertrand2-1.jpg 809w, https:\/\/destination-commingespyrenees.prep.faire-savoir.eu\/wp-content\/uploads\/2026\/01\/Saint-Bertrand2-1-800x546.jpg 800w, https:\/\/destination-commingespyrenees.prep.faire-savoir.eu\/wp-content\/uploads\/2026\/01\/Saint-Bertrand2-1-768x524.jpg 768w\" sizes=\"auto, (max-width: 809px) 100vw, 809px\" \/><button\n\t\t\tclass=\"lightbox-trigger\"\n\t\t\ttype=\"button\"\n\t\t\taria-haspopup=\"dialog\"\n\t\t\taria-label=\"Agrandar\"\n\t\t\tdata-wp-init=\"callbacks.initTriggerButton\"\n\t\t\tdata-wp-on--click=\"actions.showLightbox\"\n\t\t\tdata-wp-style--right=\"state.imageButtonRight\"\n\t\t\tdata-wp-style--top=\"state.imageButtonTop\"\n\t\t>\n\t\t\t<svg xmlns=\"http:\/\/www.w3.org\/2000\/svg\" width=\"12\" height=\"12\" fill=\"none\" viewBox=\"0 0 12 12\">\n\t\t\t\t<path fill=\"#fff\" d=\"M2 0a2 2 0 0 0-2 2v2h1.5V2a.5.5 0 0 1 .5-.5h2V0H2Zm2 10.5H2a.5.5 0 0 1-.5-.5V8H0v2a2 2 0 0 0 2 2h2v-1.5ZM8 12v-1.5h2a.5.5 0 0 0 .5-.5V8H12v2a2 2 0 0 1-2 2H8Zm2-12a2 2 0 0 1 2 2v2h-1.5V2a.5.5 0 0 0-.5-.5H8V0h2Z\" \/>\n\t\t\t<\/svg>\n\t\t<\/button><figcaption class=\"wp-element-caption\">Vista a\u00e9rea de Saint-Bertrand de Comminges<\/figcaption><\/figure>\n\n\n\n<figure data-wp-context=\"{&quot;imageId&quot;:&quot;69ff840f7bba8&quot;}\" data-wp-interactive=\"core\/image\" data-wp-key=\"69ff840f7bba8\" class=\"wp-block-image size-full wp-lightbox-container\"><img loading=\"lazy\" decoding=\"async\" width=\"419\" height=\"279\" data-wp-class--hide=\"state.isContentHidden\" data-wp-class--show=\"state.isContentVisible\" data-wp-init=\"callbacks.setButtonStyles\" data-wp-on--click=\"actions.showLightbox\" data-wp-on--load=\"callbacks.setButtonStyles\" data-wp-on-window--resize=\"callbacks.setButtonStyles\" src=\"https:\/\/destination-commingespyrenees.prep.faire-savoir.eu\/wp-content\/uploads\/2026\/01\/Saint-Bertrand3-1.jpg\" alt=\"Claustro rom&#xE1;nico de la catedral de Sainte-Marie de Saint-Bertrand de Comminges\" class=\"wp-image-325\" style=\"aspect-ratio:3\/2;object-fit:cover\"\/><button\n\t\t\tclass=\"lightbox-trigger\"\n\t\t\ttype=\"button\"\n\t\t\taria-haspopup=\"dialog\"\n\t\t\taria-label=\"Agrandar\"\n\t\t\tdata-wp-init=\"callbacks.initTriggerButton\"\n\t\t\tdata-wp-on--click=\"actions.showLightbox\"\n\t\t\tdata-wp-style--right=\"state.imageButtonRight\"\n\t\t\tdata-wp-style--top=\"state.imageButtonTop\"\n\t\t>\n\t\t\t<svg xmlns=\"http:\/\/www.w3.org\/2000\/svg\" width=\"12\" height=\"12\" fill=\"none\" viewBox=\"0 0 12 12\">\n\t\t\t\t<path fill=\"#fff\" d=\"M2 0a2 2 0 0 0-2 2v2h1.5V2a.5.5 0 0 1 .5-.5h2V0H2Zm2 10.5H2a.5.5 0 0 1-.5-.5V8H0v2a2 2 0 0 0 2 2h2v-1.5ZM8 12v-1.5h2a.5.5 0 0 0 .5-.5V8H12v2a2 2 0 0 1-2 2H8Zm2-12a2 2 0 0 1 2 2v2h-1.5V2a.5.5 0 0 0-.5-.5H8V0h2Z\" \/>\n\t\t\t<\/svg>\n\t\t<\/button><figcaption class=\"wp-element-caption\">Claustro rom\u00e1nico de la catedral de Sainte-Marie de Saint-Bertrand de Comminges<\/figcaption><\/figure>\n<\/div>\n<\/div>\n<\/section>\n\n<section class=\"wp-block-group alignfull pattern-prepare-your-visit has-global-padding is-layout-constrained wp-block-group-is-layout-constrained\">\n<section class=\"wp-block-group alignfull has-global-padding is-layout-constrained wp-block-group-is-layout-constrained\">\n<div class=\"wp-block-columns is-layout-flex wp-container-core-columns-is-layout-28f84493 wp-block-columns-is-layout-flex\">\n<div class=\"wp-block-column is-layout-flow wp-block-column-is-layout-flow\" style=\"flex-basis:50%\">\n<h2 class=\"wp-block-heading\">Prepara tu visita<\/h2>\n\n\n\n<p>El sitio de Saint Bertrand-de-Comminges \/ Valcabr\u00e8re es accesible durante todo el a\u00f1o.<\/p>\n\n\n\n<h3 class=\"wp-block-heading\">Visitas propuestas<\/h3>\n\n\n\n<ul class=\"wp-block-list\">\n<li>Visitas guiadas por gu\u00edas oficiales, con o sin comida (yacimiento antiguo, bas\u00edlica de Saint-Just, catedral de Sainte-Marie, ciudad medieval) bajo reserva.<\/li>\n\n\n\n<li>Visitas libres a la catedral de Sainte-Marie y a la bas\u00edlica de Saint-Just de Valcabr\u00e8re con ayuda de folletos o audiogu\u00edas en franc\u00e9s, ingl\u00e9s, espa\u00f1ol, italiano y alem\u00e1n.<\/li>\n<\/ul>\n\n\n\n<h4 class=\"wp-block-heading\">Para familias<\/h4>\n\n\n\n<p>Un espacio infantil en la librer\u00eda del Centro cultural y tur\u00edstico \u00abLes Oliv\u00e9tains\u00bb<\/p>\n<\/div>\n\n\n\n<div class=\"wp-block-column is-layout-flow wp-block-column-is-layout-flow\" style=\"flex-basis:50%\">\n<h3 class=\"wp-block-heading\">Informaci\u00f3n pr\u00e1ctica<\/h3>\n\n\n\n<h4 class=\"wp-block-heading\"><strong>Horarios de apertura<\/strong><\/h4>\n\n\n\n<ul class=\"wp-block-list\">\n<li><strong>Junio, julio y agosto<\/strong>: de lunes a s\u00e1bado de 10:00 a 19:00 y domingos de 14:00 a 19:00.<\/li>\n\n\n\n<li><strong>Mayo y septiembre<\/strong>: de lunes a s\u00e1bado de 10:00 a 18:00 y domingos de 14:00 a 18:00.<\/li>\n\n\n\n<li><strong>Abril y octubre: <\/strong>de lunes a s\u00e1bado de 10:00 a 12:00 y de 14:00 a 18:00, y domingos de 14:00 a 18:00.<\/li>\n\n\n\n<li><strong>De noviembre a marzo:<\/strong> de lunes a s\u00e1bado de 10:00 a 12:00 y de 14:00 a 17:00.<\/li>\n\n\n\n<li><\/li>\n<\/ul>\n\n\n\n<div class=\"wp-block-group has-accent-3-background-color has-background has-global-padding is-layout-constrained wp-container-core-group-is-layout-ea39502d wp-block-group-is-layout-constrained\" style=\"border-top-left-radius:1rem;border-top-right-radius:1rem;border-bottom-left-radius:1rem;border-bottom-right-radius:1rem;padding-top:var(--wp--preset--spacing--50);padding-right:var(--wp--preset--spacing--50);padding-bottom:var(--wp--preset--spacing--50);padding-left:var(--wp--preset--spacing--50)\">\n<h4 class=\"wp-block-heading has-accent-1-color has-text-color has-link-color wp-elements-1193d91d0f24a34f4c0f02e9d6d03f20\"><strong>Centro cultural y tur\u00edstico \u00abLes Oliv\u00e9tains\u00bb <\/strong><\/h4>\n\n\n\n<p><strong>Situado en la plaza de la catedral <\/strong>&#8211; <strong>31510 Saint-Bertrand-de-Comminges<\/strong><\/p>\n\n\n\n<p>Tel.: <a href=\"tel:0561954444\">05 61 95 44 44<\/a><br\/>Email: <a href=\"mailto:olivetains@tourismehg.com\">olivetains@tourismehg.com<\/a><br\/>Sitio web: <a href=\"https:\/\/www.tourisme-haute-garonne.com\/\" target=\"_blank\" rel=\"noreferrer noopener\">www.tourisme-haute-garonne.com<\/a><\/p>\n<\/div>\n<\/div>\n<\/div>\n<\/section>\n<\/section>\n\n<p><\/p>\n\n<div class=\"wp-block-group has-accent-3-background-color has-background has-global-padding is-layout-constrained wp-container-core-group-is-layout-ea39502d wp-block-group-is-layout-constrained\" style=\"border-top-left-radius:1rem;border-top-right-radius:1rem;border-bottom-left-radius:1rem;border-bottom-right-radius:1rem;padding-top:var(--wp--preset--spacing--50);padding-right:var(--wp--preset--spacing--50);padding-bottom:var(--wp--preset--spacing--50);padding-left:var(--wp--preset--spacing--50)\">\n<h3 class=\"wp-block-heading has-text-align-center has-accent-1-color has-text-color has-link-color wp-elements-e11182272c037c1ba070a62b4222ac08\"><strong>Ir a Saint-Bertrand-de-Comminges sin coche:<\/strong><\/h3>\n\n\n\n<p class=\"has-text-align-center has-contrast-color has-text-color has-link-color wp-elements-767755503c9b33f035e89eeae7520480\"><strong><br\/>Del 20 de julio al 18 de agosto de 2025, hay disponible una lanzadera Lipy por 2 \u20ac el trayecto, que va desde la estaci\u00f3n de Gourdan-Polignan-Montr\u00e9jeau hasta Saint-Bertrand-de-Comminges.<br\/>Para salir desde Saint-Gaudens, toma el autob\u00fas regional LIO 394 en la parada Renaissance (centro ciudad) hasta la estaci\u00f3n de Gourdan-Polignan-Montr\u00e9jeau, 2 \u20ac el trayecto.<br\/>\u00a1Atenci\u00f3n a los horarios!<\/strong><\/p>\n<\/div>\n\n<div class=\"wp-block-buttons is-layout-flex wp-block-buttons-is-layout-flex\">\n<div class=\"wp-block-button is-style-fill\"><a class=\"wp-block-button__link wp-element-button\" href=\"https:\/\/destination-commingespyrenees.prep.faire-savoir.eu\/agenda\/\">Consultez tout l&#8217;agenda de la destination<\/a><\/div>\n<\/div>\n","protected":false},"excerpt":{"rendered":"<p>Retroceder en el tiempo en Saint-Bertrand-de-Comminges Tu viaje comienza en la Antig\u00fcedad, en la ciudad romana de Lugdunum, fundada hace m\u00e1s de 2.000 a\u00f1os\u2026 \u00a1Ya en aquella \u00e9poca, la ciudad era apreciada por su ubicaci\u00f3n ideal al pie de los Pirineos, entre llanuras y monta\u00f1as! \u00bfQuieres saber m\u00e1s sobre la antigua ciudad de los Convenas? [&hellip;]<\/p>\n","protected":false},"author":2,"featured_media":3645,"parent":0,"menu_order":0,"comment_status":"closed","ping_status":"closed","template":"","meta":{"_acf_changed":false,"footnotes":""},"experience_category":[],"class_list":["post-3650","page","type-page","status-publish","has-post-thumbnail","hentry"],"acf":[],"_links":{"self":[{"href":"https:\/\/destination-commingespyrenees.prep.faire-savoir.eu\/es\/wp-json\/wp\/v2\/pages\/3650","targetHints":{"allow":["GET"]}}],"collection":[{"href":"https:\/\/destination-commingespyrenees.prep.faire-savoir.eu\/es\/wp-json\/wp\/v2\/pages"}],"about":[{"href":"https:\/\/destination-commingespyrenees.prep.faire-savoir.eu\/es\/wp-json\/wp\/v2\/types\/page"}],"author":[{"embeddable":true,"href":"https:\/\/destination-commingespyrenees.prep.faire-savoir.eu\/es\/wp-json\/wp\/v2\/users\/2"}],"replies":[{"embeddable":true,"href":"https:\/\/destination-commingespyrenees.prep.faire-savoir.eu\/es\/wp-json\/wp\/v2\/comments?post=3650"}],"version-history":[{"count":5,"href":"https:\/\/destination-commingespyrenees.prep.faire-savoir.eu\/es\/wp-json\/wp\/v2\/pages\/3650\/revisions"}],"predecessor-version":[{"id":4278,"href":"https:\/\/destination-commingespyrenees.prep.faire-savoir.eu\/es\/wp-json\/wp\/v2\/pages\/3650\/revisions\/4278"}],"wp:featuredmedia":[{"embeddable":true,"href":"https:\/\/destination-commingespyrenees.prep.faire-savoir.eu\/es\/wp-json\/wp\/v2\/media\/3645"}],"wp:attachment":[{"href":"https:\/\/destination-commingespyrenees.prep.faire-savoir.eu\/es\/wp-json\/wp\/v2\/media?parent=3650"}],"wp:term":[{"taxonomy":"experience_category","embeddable":true,"href":"https:\/\/destination-commingespyrenees.prep.faire-savoir.eu\/es\/wp-json\/wp\/v2\/experience_category?post=3650"}],"curies":[{"name":"wp","href":"https:\/\/api.w.org\/{rel}","templated":true}]}}