{"id":3631,"date":"2026-01-13T10:26:05","date_gmt":"2026-01-13T09:26:05","guid":{"rendered":"https:\/\/destination-commingespyrenees.prep.faire-savoir.eu\/museo-del-aurignaciense-la-vuelta-a-los-origenes\/"},"modified":"2026-04-22T09:14:49","modified_gmt":"2026-04-22T07:14:49","slug":"museo-del-aurignaciense-la-vuelta-a-los-origenes","status":"publish","type":"page","link":"https:\/\/destination-commingespyrenees.prep.faire-savoir.eu\/es\/museo-del-aurignaciense-la-vuelta-a-los-origenes\/","title":{"rendered":"Museo del Aurignaciense: la vuelta a los or\u00edgenes"},"content":{"rendered":"\n<section class=\"wp-block-cover alignfull pattern-hero-section\" style=\"min-height:430px;aspect-ratio:unset;\"><img loading=\"lazy\" decoding=\"async\" width=\"900\" height=\"600\" class=\"wp-block-cover__image-background wp-image-379 size-full\" alt=\"Mus\u00e9e de l'Aurignacien : le retour aux sources\" src=\"https:\/\/destination-commingespyrenees.prep.faire-savoir.eu\/wp-content\/uploads\/2026\/01\/Musee-Aurignacien-A.-Ferreira-4.jpg\" style=\"object-position:15% 32%\" data-object-fit=\"cover\" data-object-position=\"15% 32%\" srcset=\"https:\/\/destination-commingespyrenees.prep.faire-savoir.eu\/wp-content\/uploads\/2026\/01\/Musee-Aurignacien-A.-Ferreira-4.jpg 900w, https:\/\/destination-commingespyrenees.prep.faire-savoir.eu\/wp-content\/uploads\/2026\/01\/Musee-Aurignacien-A.-Ferreira-4-800x533.jpg 800w, https:\/\/destination-commingespyrenees.prep.faire-savoir.eu\/wp-content\/uploads\/2026\/01\/Musee-Aurignacien-A.-Ferreira-4-768x512.jpg 768w\" sizes=\"auto, (max-width: 900px) 100vw, 900px\" \/><span aria-hidden=\"true\" class=\"wp-block-cover__background has-background-dim-40 has-background-dim wp-block-cover__gradient-background has-background-gradient\" style=\"background:linear-gradient(180deg,rgb(0,0,0) 0%,rgba(0,0,0,0) 50%,rgba(0,0,0) 100%)\"><\/span><div class=\"wp-block-cover__inner-container has-global-padding is-layout-constrained wp-block-cover-is-layout-constrained\">\n<div class=\"wp-block-group alignwide is-layout-flow wp-block-group-is-layout-flow\"><h1 class=\"wp-block-post-title\">Museo del Aurignaciense: la vuelta a los or\u00edgenes<\/h1>\n\n\n<p class=\"has-medium-font-size\" style=\"font-style:normal;font-weight:700\">Hace 38.000 a\u00f1os en Aurignac\u2026 Al preparar tu visita al Museo de Aurignac, te dispones a descubrir toda una parte de nuestra historia. Como si fueras un aprendiz de arque\u00f3logo, \u00a1sube a la m\u00e1quina del tiempo con destino a la Prehistoria! <\/p>\n<\/div>\n<\/div><\/section>\n\n<section class=\"wp-block-group alignfull pattern-breadcrumb has-global-padding is-layout-constrained wp-block-group-is-layout-constrained\">\n<div class=\"wp-block-group alignwide is-layout-flow wp-block-group-is-layout-flow\"><nav aria-label=\"breadcrumbs\" class=\"rank-math-breadcrumb\"><p><span class=\"last\">Accueil<\/span><\/p><\/nav><\/div>\n<\/section>\n\n<section class=\"wp-block-group alignfull pattern-text has-global-padding is-layout-constrained wp-block-group-is-layout-constrained\">\n<div class=\"wp-block-group has-global-padding is-layout-constrained wp-block-group-is-layout-constrained\">\n<h3 class=\"wp-block-heading\">Volver a los or\u00edgenes<\/h3>\n\n\n\n<p>En cuanto llegues al <strong>Museo del Aurignaciense<\/strong>, probablemente te sorprender\u00e1 el dise\u00f1o del edificio. Aunque la arquitectura recuerda m\u00e1s a la de un loft californiano, \u00a1est\u00e1s en el lugar correcto!<br\/>Una vez cruces las puertas, te transportar\u00e1s a un espacio que pone en valor los diferentes elementos de la colecci\u00f3n.<br\/>El <strong>Museo de Aurignac<\/strong> est\u00e1 dedicado a la comprensi\u00f3n de la Prehistoria y de la cultura aurignaciense, que sali\u00f3 a la luz con el descubrimiento del abrigo de <strong>Aurignac<\/strong> en el siglo XIX.<br\/>Te aconsejamos elegir la visita guiada: \u00a1los comentarios del gu\u00eda te permitir\u00e1n comprender mejor la fabulosa historia del hombre de Aurignac! En la sala de exposici\u00f3n permanente, podr\u00e1s admirar una impresionante colecci\u00f3n de m\u00e1s de 300 objetos: vida cotidiana, caza y tambi\u00e9n huesos de animales ya extinguidos\u2026 Todos los aspectos del aurignaciense est\u00e1n expuestos y permiten al visitante sumergirse en la vida de este fascinante antepasado.  <\/p>\n<\/div>\n<\/section>\n\n<section class=\"wp-block-group alignfull pattern-media-text has-global-padding is-layout-constrained wp-block-group-is-layout-constrained\">\n<div class=\"wp-block-columns are-vertically-aligned-center is-layout-flex wp-container-core-columns-is-layout-28f84493 wp-block-columns-is-layout-flex\">\n<div class=\"wp-block-column is-vertically-aligned-center is-layout-flow wp-block-column-is-layout-flow\" style=\"flex-basis:50%\">\n<figure data-wp-context=\"{&quot;imageId&quot;:&quot;69ff738b787e3&quot;}\" data-wp-interactive=\"core\/image\" data-wp-key=\"69ff738b787e3\" class=\"wp-block-image aligncenter size-full is-resized wp-lightbox-container\"><img loading=\"lazy\" decoding=\"async\" width=\"900\" height=\"600\" data-wp-class--hide=\"state.isContentHidden\" data-wp-class--show=\"state.isContentVisible\" data-wp-init=\"callbacks.setButtonStyles\" data-wp-on--click=\"actions.showLightbox\" data-wp-on--load=\"callbacks.setButtonStyles\" data-wp-on-window--resize=\"callbacks.setButtonStyles\" src=\"https:\/\/destination-commingespyrenees.prep.faire-savoir.eu\/wp-content\/uploads\/2026\/01\/Musee-Aurignacien-2-A.-Ferreira-2.jpg\" alt=\"Museo del Aurignaciense: la vuelta a los or&#xED;genes. museo \" class=\"wp-image-381\" style=\"aspect-ratio:1.500064926632905;width:543px;height:auto\" srcset=\"https:\/\/destination-commingespyrenees.prep.faire-savoir.eu\/wp-content\/uploads\/2026\/01\/Musee-Aurignacien-2-A.-Ferreira-2.jpg 900w, https:\/\/destination-commingespyrenees.prep.faire-savoir.eu\/wp-content\/uploads\/2026\/01\/Musee-Aurignacien-2-A.-Ferreira-2-800x533.jpg 800w, https:\/\/destination-commingespyrenees.prep.faire-savoir.eu\/wp-content\/uploads\/2026\/01\/Musee-Aurignacien-2-A.-Ferreira-2-768x512.jpg 768w\" sizes=\"auto, (max-width: 900px) 100vw, 900px\" \/><button\n\t\t\tclass=\"lightbox-trigger\"\n\t\t\ttype=\"button\"\n\t\t\taria-haspopup=\"dialog\"\n\t\t\taria-label=\"Agrandar\"\n\t\t\tdata-wp-init=\"callbacks.initTriggerButton\"\n\t\t\tdata-wp-on--click=\"actions.showLightbox\"\n\t\t\tdata-wp-style--right=\"state.imageButtonRight\"\n\t\t\tdata-wp-style--top=\"state.imageButtonTop\"\n\t\t>\n\t\t\t<svg xmlns=\"http:\/\/www.w3.org\/2000\/svg\" width=\"12\" height=\"12\" fill=\"none\" viewBox=\"0 0 12 12\">\n\t\t\t\t<path fill=\"#fff\" d=\"M2 0a2 2 0 0 0-2 2v2h1.5V2a.5.5 0 0 1 .5-.5h2V0H2Zm2 10.5H2a.5.5 0 0 1-.5-.5V8H0v2a2 2 0 0 0 2 2h2v-1.5ZM8 12v-1.5h2a.5.5 0 0 0 .5-.5V8H12v2a2 2 0 0 1-2 2H8Zm2-12a2 2 0 0 1 2 2v2h-1.5V2a.5.5 0 0 0-.5-.5H8V0h2Z\" \/>\n\t\t\t<\/svg>\n\t\t<\/button><\/figure>\n<\/div>\n\n\n\n<div class=\"wp-block-column is-vertically-aligned-center is-layout-flow wp-block-column-is-layout-flow\" style=\"flex-basis:50%\">\n<h3 class=\"wp-block-heading\">Tras las huellas de los primeros hombres en el Museo de Aurignac<\/h3>\n\n\n\n<p>Tras la visita al museo, \u00bfpor qu\u00e9 no te pones en la piel de un aurignaciense? \u00a1El equipo lo tiene todo previsto para despertar al hombre de las cavernas que llevas dentro! En el programa, podr\u00e1s elegir entre un taller de iniciaci\u00f3n a las excavaciones arqueol\u00f3gicas y a la talla de s\u00edlex, \u00a1e incluso podr\u00e1s aprender a hacer fuego! Recuerda consultar la web antes de tu visita, ya que el calendario de actividades cambia regularmente.<br\/>Prolonga tu experiencia en el <strong>Museo de Aurignac<\/strong> acerc\u00e1ndote al yacimiento prehist\u00f3rico hom\u00f3nimo, donde todo empez\u00f3. No olvides llevar buen calzado, ya que es necesario dar un paseo de veinte minutos por el bosque antes de llegar al famoso <strong>abrigo de Aurignac<\/strong>.    <\/p>\n<\/div>\n<\/div>\n<\/section>\n\n<h3 class=\"wp-block-heading has-text-align-center\">\u2665 Nuestros favoritos en el museo de Aurignac \u2665<\/h3>\n\n<ul class=\"wp-block-list\">\n<li>El museo es incre\u00edblemente completo, lo que le ha valido el distintivo de <strong>Mus\u00e9e de France<\/strong>\u2026 <\/li>\n\n\n\n<li>\u00a1Unos v\u00eddeos cortos muy did\u00e1cticos te muestran los gestos y las t\u00e9cnicas de nuestros antepasados!<\/li>\n\n\n\n<li>Una peque\u00f1a zona de cafeter\u00eda te permite relajarte mientras tomas bebidas fr\u00edas y calientes.<\/li>\n\n\n\n<li>Una tienda con libros infantiles, juegos, minerales y reproducciones te permite llevarte un recuerdo.<\/li>\n<\/ul>\n\n<div class=\"wp-block-buttons is-layout-flex wp-block-buttons-is-layout-flex\">\n<div class=\"wp-block-button is-style-fill\"><a class=\"wp-block-button__link wp-element-button\" href=\"https:\/\/destination-commingespyrenees.prep.faire-savoir.eu\/es\/visitar-las-cuevas-de-gargas-el-pequeno-lascaux-de-los-pirineos\/\">Descubre otro museo de la prehistoria<\/a><\/div>\n<\/div>\n\n<figure class=\"wp-block-embed is-type-video is-provider-youtube wp-block-embed-youtube wp-embed-aspect-16-9 wp-has-aspect-ratio\"><div class=\"wp-block-embed__wrapper\">\n<iframe loading=\"lazy\" title=\"Aurignac et son mus\u00e9e\" width=\"500\" height=\"281\" src=\"https:\/\/www.youtube.com\/embed\/UpGaSWrGY48?feature=oembed&#038;enablejsapi=1\" frameborder=\"0\" allow=\"accelerometer; autoplay; clipboard-write; encrypted-media; gyroscope; picture-in-picture; web-share\" referrerpolicy=\"strict-origin-when-cross-origin\" allowfullscreen><\/iframe>\n<\/div><\/figure>\n\n<section class=\"wp-block-group alignfull pattern-prepare-your-visit has-global-padding is-layout-constrained wp-block-group-is-layout-constrained\">\n<section class=\"wp-block-group alignfull has-global-padding is-layout-constrained wp-block-group-is-layout-constrained\">\n<div class=\"wp-block-columns is-layout-flex wp-container-core-columns-is-layout-28f84493 wp-block-columns-is-layout-flex\">\n<div class=\"wp-block-column is-layout-flow wp-block-column-is-layout-flow\" style=\"flex-basis:50%\">\n<h2 class=\"wp-block-heading\">Prepara tu visita<\/h2>\n\n\n\n<p>El Museo del Aurignaciense est\u00e1 abierto todo el a\u00f1o.<\/p>\n\n\n\n<h3 class=\"wp-block-heading\">Visitas propuestas<\/h3>\n\n\n\n<ul class=\"wp-block-list\">\n<li>El museo ofrece <strong>audiogu\u00edas<\/strong> gratuitas en varios idiomas (franc\u00e9s, espa\u00f1ol, alem\u00e1n y audiodescripci\u00f3n). <\/li>\n\n\n\n<li><strong>Grupos y centros escolares<\/strong>: visitas guiadas a las colecciones del museo, as\u00ed como talleres demostrativos y participativos para profundizar en tu descubrimiento de la Prehistoria. <\/li>\n<\/ul>\n\n\n\n<h3 class=\"wp-block-heading\">TARIFAS<\/h3>\n\n\n\n<ul class=\"wp-block-list\">\n<li>Adultos (a partir de 18 a\u00f1os): 6 \u20ac<\/li>\n\n\n\n<li>J\u00f3venes (menores de 18 a\u00f1os): Gratis<\/li>\n\n\n\n<li>Pase d\u00fao (2 adultos): 10 \u20ac<\/li>\n\n\n\n<li>Reducida: 4 \u20ac<\/li>\n<\/ul>\n<\/div>\n\n\n\n<div class=\"wp-block-column is-layout-flow wp-block-column-is-layout-flow\" style=\"flex-basis:50%\">\n<h3 class=\"wp-block-heading\">Informaci\u00f3n pr\u00e1ctica<\/h3>\n\n\n\n<h4 class=\"wp-block-heading\"><strong>Horarios de apertura<\/strong><\/h4>\n\n\n\n<ul class=\"wp-block-list\">\n<li>Abierto de <strong>mi\u00e9rcoles a domingo de 14:00 a 18:00<\/strong>, y de <strong>martes a domingo de 10:00 a 12:30 y de 13:30 a 18:00<\/strong> durante las vacaciones escolares de la zona C (Toulouse).<\/li>\n\n\n\n<li>Cerrado en <strong>enero, el 1 de mayo, el 1 de noviembre y el 25 de diciembre.<\/strong><\/li>\n<\/ul>\n\n\n\n<h4 class=\"wp-block-heading\"><strong>Para familias<\/strong><\/h4>\n\n\n\n<p>Hay cuadernos de juegos a tu disposici\u00f3n en la recepci\u00f3n para descubrir la exposici\u00f3n permanente de forma divertida.<br\/>El cuaderno de juegos \u201cTras la pista de las huellas\u201d te invita a seguir el rastro de animales prehist\u00f3ricos por el sendero que lleva al abrigo.<\/p>\n\n\n\n<div class=\"wp-block-group has-accent-3-background-color has-background has-global-padding is-layout-constrained wp-container-core-group-is-layout-ea39502d wp-block-group-is-layout-constrained\" style=\"border-top-left-radius:1rem;border-top-right-radius:1rem;border-bottom-left-radius:1rem;border-bottom-right-radius:1rem;padding-top:var(--wp--preset--spacing--50);padding-right:var(--wp--preset--spacing--50);padding-bottom:var(--wp--preset--spacing--50);padding-left:var(--wp--preset--spacing--50)\">\n<h4 class=\"wp-block-heading has-text-align-center has-accent-1-color has-text-color has-link-color wp-elements-32269b49f2080d54b93711c818e45430\">Museo del Aurignaciense<\/h4>\n\n\n\n<p class=\"has-text-align-center\">Avenue de Benabarre \u2013 31420 Aurignac<br\/>Tel.: 05 61 90 90 72 Email <strong><a href=\"mailto:contact@musee-aurignacien.com\">contact@musee-aurignacien.com<\/a><\/strong><br\/>Sitio web: <a href=\"https:\/\/www.musee-aurignacien.com\/fr\" target=\"_blank\" rel=\"noopener\">www.musee-aurignacien.com<\/a><\/p>\n<\/div>\n<\/div>\n<\/div>\n<\/section>\n<\/section>\n\n<div class=\"wp-block-group has-accent-3-background-color has-background has-global-padding is-layout-constrained wp-container-core-group-is-layout-ea39502d wp-block-group-is-layout-constrained\" style=\"border-top-left-radius:1rem;border-top-right-radius:1rem;border-bottom-left-radius:1rem;border-bottom-right-radius:1rem;padding-top:var(--wp--preset--spacing--50);padding-right:var(--wp--preset--spacing--50);padding-bottom:var(--wp--preset--spacing--50);padding-left:var(--wp--preset--spacing--50)\">\n<h3 class=\"wp-block-heading has-text-align-center has-accent-1-color has-text-color has-link-color wp-elements-e61b7084b4d325b2c30ad748aa91f798\"><strong>C\u00f3mo llegar a AURIGNAC sin coche:<\/strong><\/h3>\n\n\n\n<p class=\"has-text-align-center has-contrast-color has-text-color has-link-color wp-elements-2b94fd07d7142e5b016aa7d0bd8ffc5b\"><a href=\"https:\/\/storage.googleapis.com\/is-wp-90-prod\/uploads-prod\/2025\/12\/31-FH-320-141225.pdf\" target=\"_blank\" rel=\"noopener\">Autob\u00fas LiO: l\u00ednea 320 Aurignac <strong>&#8212; Estaci\u00f3n SNCF Boussens<\/strong><\/a><strong><br\/><a href=\"https:\/\/storage.googleapis.com\/is-wp-90-prod\/uploads-prod\/2025\/07\/31-FH-391-092025.pdf\" target=\"_blank\" rel=\"noopener\">Autob\u00fas LiO: l\u00ednea 391 Alan &#8212; Aurignac &#8212; Saint-Gaudens<\/a><\/strong><\/p>\n<\/div>\n\n<div class=\"wp-block-buttons is-layout-flex wp-block-buttons-is-layout-flex\">\n<div class=\"wp-block-button is-style-fill\"><a class=\"wp-block-button__link wp-element-button\" href=\"https:\/\/destination-commingespyrenees.prep.faire-savoir.eu\/agenda\/\">Consultez tout l&#8217;agenda de la destination<\/a><\/div>\n<\/div>\n","protected":false},"excerpt":{"rendered":"<p>Volver a los or\u00edgenes En cuanto llegues al Museo del Aurignaciense, probablemente te sorprender\u00e1 el dise\u00f1o del edificio. Aunque la arquitectura recuerda m\u00e1s a la de un loft californiano, \u00a1est\u00e1s en el lugar correcto!Una vez cruces las puertas, te transportar\u00e1s a un espacio que pone en valor los diferentes elementos de la colecci\u00f3n.El Museo de [&hellip;]<\/p>\n","protected":false},"author":3,"featured_media":3629,"parent":0,"menu_order":0,"comment_status":"closed","ping_status":"closed","template":"","meta":{"_acf_changed":false,"footnotes":""},"experience_category":[],"class_list":["post-3631","page","type-page","status-publish","has-post-thumbnail","hentry"],"acf":[],"_links":{"self":[{"href":"https:\/\/destination-commingespyrenees.prep.faire-savoir.eu\/es\/wp-json\/wp\/v2\/pages\/3631","targetHints":{"allow":["GET"]}}],"collection":[{"href":"https:\/\/destination-commingespyrenees.prep.faire-savoir.eu\/es\/wp-json\/wp\/v2\/pages"}],"about":[{"href":"https:\/\/destination-commingespyrenees.prep.faire-savoir.eu\/es\/wp-json\/wp\/v2\/types\/page"}],"author":[{"embeddable":true,"href":"https:\/\/destination-commingespyrenees.prep.faire-savoir.eu\/es\/wp-json\/wp\/v2\/users\/3"}],"replies":[{"embeddable":true,"href":"https:\/\/destination-commingespyrenees.prep.faire-savoir.eu\/es\/wp-json\/wp\/v2\/comments?post=3631"}],"version-history":[{"count":5,"href":"https:\/\/destination-commingespyrenees.prep.faire-savoir.eu\/es\/wp-json\/wp\/v2\/pages\/3631\/revisions"}],"predecessor-version":[{"id":4295,"href":"https:\/\/destination-commingespyrenees.prep.faire-savoir.eu\/es\/wp-json\/wp\/v2\/pages\/3631\/revisions\/4295"}],"wp:featuredmedia":[{"embeddable":true,"href":"https:\/\/destination-commingespyrenees.prep.faire-savoir.eu\/es\/wp-json\/wp\/v2\/media\/3629"}],"wp:attachment":[{"href":"https:\/\/destination-commingespyrenees.prep.faire-savoir.eu\/es\/wp-json\/wp\/v2\/media?parent=3631"}],"wp:term":[{"taxonomy":"experience_category","embeddable":true,"href":"https:\/\/destination-commingespyrenees.prep.faire-savoir.eu\/es\/wp-json\/wp\/v2\/experience_category?post=3631"}],"curies":[{"name":"wp","href":"https:\/\/api.w.org\/{rel}","templated":true}]}}