{"id":3620,"date":"2026-01-13T15:36:57","date_gmt":"2026-01-13T14:36:57","guid":{"rendered":"https:\/\/destination-commingespyrenees.prep.faire-savoir.eu\/la-villa-galorromana-de-montmaurin\/"},"modified":"2026-04-22T09:14:31","modified_gmt":"2026-04-22T07:14:31","slug":"la-villa-galorromana-de-montmaurin","status":"publish","type":"page","link":"https:\/\/destination-commingespyrenees.prep.faire-savoir.eu\/es\/la-villa-galorromana-de-montmaurin\/","title":{"rendered":"La villa galorromana de Montmaurin"},"content":{"rendered":"\n<section class=\"wp-block-cover alignfull pattern-hero-section\"><img loading=\"lazy\" decoding=\"async\" width=\"680\" height=\"453\" class=\"wp-block-cover__image-background wp-image-439 size-full\" alt=\"Villa Gallo-romaine de Montmaurin\" src=\"https:\/\/destination-commingespyrenees.prep.faire-savoir.eu\/wp-content\/uploads\/2026\/01\/Vue-aerienne-de-la-villa-gallo-romaine-de-Lassalles-L.Fortin-CMN-680x453-1.jpg\" data-object-fit=\"cover\"\/><span aria-hidden=\"true\" class=\"wp-block-cover__background has-background-dim-40 has-background-dim wp-block-cover__gradient-background has-background-gradient\" style=\"background:linear-gradient(180deg,rgb(0,0,0) 0%,rgba(0,0,0,0) 50%,rgba(0,0,0) 100%)\"><\/span><div class=\"wp-block-cover__inner-container has-global-padding is-layout-constrained wp-block-cover-is-layout-constrained\">\n<div class=\"wp-block-group alignwide is-layout-flow wp-block-group-is-layout-flow\"><h1 class=\"wp-block-post-title\">La villa galorromana de Montmaurin<\/h1>\n\n\n<p class=\"has-medium-font-size\" style=\"font-style:normal;font-weight:700\">A tan solo unos veinte minutos de Saint-Gaudens, sum\u00e9rgete directamente en la \u00c9poca Antigua, descubriendo una de las villas galorromanas m\u00e1s hermosas. Pasea por las numerosas estancias de la residencia para sentir el fastuoso pasado del lugar. Direcci\u00f3n Montmaurin y su yacimiento arqueol\u00f3gico para saber m\u00e1s.  <\/p>\n\n\n\n<p><\/p>\n<\/div>\n<\/div><\/section>\n\n<section class=\"wp-block-group alignfull pattern-breadcrumb has-global-padding is-layout-constrained wp-block-group-is-layout-constrained\">\n<div class=\"wp-block-group alignwide is-layout-flow wp-block-group-is-layout-flow\"><nav aria-label=\"breadcrumbs\" class=\"rank-math-breadcrumb\"><p><span class=\"last\">Accueil<\/span><\/p><\/nav><\/div>\n<\/section>\n\n<section class=\"wp-block-group alignfull pattern-text has-global-padding is-layout-constrained wp-block-group-is-layout-constrained\">\n<div class=\"wp-block-group has-global-padding is-layout-constrained wp-block-group-is-layout-constrained\">\n<h3 class=\"wp-block-heading\">Fasto y voluptuosidad: las decoraciones de la Villa de Montmaurin<\/h3>\n\n\n\n<p>Bienvenido al peque\u00f1o pueblo de Montmaurin y m\u00e1s concretamente al yacimiento arqueol\u00f3gico de la Villa galorromana Lassalle. Datando del siglo I, esta incre\u00edble residencia aristocr\u00e1tica se extiende sobre m\u00e1s de una hect\u00e1rea: suficiente para dar un bonito paseo y sentirte como un notable romano. <br\/>Primera etapa de tu descubrimiento: la recepci\u00f3n para recoger un plano, es indispensable para poder orientarte entre las ruinas de la Villa de Montmaurin.<\/p>\n<\/div>\n<\/section>\n\n<section class=\"wp-block-group alignfull pattern-media-text has-global-padding is-layout-constrained wp-block-group-is-layout-constrained\">\n<div class=\"wp-block-group has-global-padding is-layout-constrained wp-block-group-is-layout-constrained\">\n<div class=\"wp-block-columns are-vertically-aligned-center is-layout-flex wp-container-core-columns-is-layout-28f84493 wp-block-columns-is-layout-flex\">\n<div class=\"wp-block-column is-vertically-aligned-center is-layout-flow wp-block-column-is-layout-flow\" style=\"flex-basis:50%\">\n<figure data-wp-context=\"{&quot;imageId&quot;:&quot;69ff76a2b6b53&quot;}\" data-wp-interactive=\"core\/image\" data-wp-key=\"69ff76a2b6b53\" class=\"wp-block-image size-full wp-lightbox-container\"><img loading=\"lazy\" decoding=\"async\" width=\"680\" height=\"453\" data-wp-class--hide=\"state.isContentHidden\" data-wp-class--show=\"state.isContentVisible\" data-wp-init=\"callbacks.setButtonStyles\" data-wp-on--click=\"actions.showLightbox\" data-wp-on--load=\"callbacks.setButtonStyles\" data-wp-on-window--resize=\"callbacks.setButtonStyles\" src=\"https:\/\/destination-commingespyrenees.prep.faire-savoir.eu\/wp-content\/uploads\/2026\/01\/Vue-aerienne-de-la-villa-gallo-romaine-de-Lassalles-L.Fortin-CMN-680x453-1.jpg\" alt=\"Imagen que muestra la villa galorromana vista desde el cielo\" class=\"wp-image-439\"\/><button\n\t\t\tclass=\"lightbox-trigger\"\n\t\t\ttype=\"button\"\n\t\t\taria-haspopup=\"dialog\"\n\t\t\taria-label=\"Agrandar\"\n\t\t\tdata-wp-init=\"callbacks.initTriggerButton\"\n\t\t\tdata-wp-on--click=\"actions.showLightbox\"\n\t\t\tdata-wp-style--right=\"state.imageButtonRight\"\n\t\t\tdata-wp-style--top=\"state.imageButtonTop\"\n\t\t>\n\t\t\t<svg xmlns=\"http:\/\/www.w3.org\/2000\/svg\" width=\"12\" height=\"12\" fill=\"none\" viewBox=\"0 0 12 12\">\n\t\t\t\t<path fill=\"#fff\" d=\"M2 0a2 2 0 0 0-2 2v2h1.5V2a.5.5 0 0 1 .5-.5h2V0H2Zm2 10.5H2a.5.5 0 0 1-.5-.5V8H0v2a2 2 0 0 0 2 2h2v-1.5ZM8 12v-1.5h2a.5.5 0 0 0 .5-.5V8H12v2a2 2 0 0 1-2 2H8Zm2-12a2 2 0 0 1 2 2v2h-1.5V2a.5.5 0 0 0-.5-.5H8V0h2Z\" \/>\n\t\t\t<\/svg>\n\t\t<\/button><figcaption class=\"wp-element-caption\">Vista a\u00e9rea de la villa galorromana de Montmaurin \u00a9-L.Fortin<\/figcaption><\/figure>\n<\/div>\n\n\n\n<div class=\"wp-block-column is-vertically-aligned-center is-layout-flow wp-block-column-is-layout-flow\" style=\"flex-basis:50%\">\n<h3 class=\"wp-block-heading\">Descubrir los secretos de la Villa de Montmaurin<\/h3>\n\n\n\n<p>Una vez en el yacimiento arqueol\u00f3gico, podr\u00e1s pasear a tu aire, intentando imaginar la grandeza de esta fabulosa villa. Unas cincuenta estancias (contando los ba\u00f1os) y un ala enteramente dedicada a las termas, \u00a1est\u00e1s aqu\u00ed en un aut\u00e9ntico peque\u00f1o palacio antiguo! <br\/>Escuchando atentamente los comentarios del gu\u00eda, aprender\u00e1s que exist\u00eda un sistema de calefacci\u00f3n por el suelo, agua corriente, pero tambi\u00e9n aseos (\u00a1algo raro para la \u00e9poca!). Observando los detalles de las estancias, comprobar\u00e1s que algunos suelos estaban cubiertos de mosaicos&#8230;<br\/>Tambi\u00e9n hay que poder imaginar que todas las paredes eran de m\u00e1rmol y que estanques y jardines interiores creaban peque\u00f1os oasis de frescor&#8230; \u00a1Un peque\u00f1o para\u00edso concebido para el bienestar absoluto de sus habitantes! <\/p>\n<\/div>\n<\/div>\n<\/div>\n<\/section>\n\n<section class=\"wp-block-group alignfull pattern-media-text has-global-padding is-layout-constrained wp-block-group-is-layout-constrained\">\n<div class=\"wp-block-columns are-vertically-aligned-center is-layout-flex wp-container-core-columns-is-layout-28f84493 wp-block-columns-is-layout-flex\">\n<div class=\"wp-block-column is-vertically-aligned-center is-layout-flow wp-block-column-is-layout-flow\" style=\"flex-basis:50%\">\n<h3 class=\"wp-block-heading\">Museo arqueol\u00f3gico y yacimiento de la Hillere<\/h3>\n\n\n\n<p>Desde 2020, el museo arqueol\u00f3gico, situado en el centro del pueblo, permite a los visitantes comprender la complejidad de la historia de Montmaurin y la riqueza de su patrimonio, presentando una selecci\u00f3n de objetos antiguos y prehist\u00f3ricos encontrados en el municipio y los alrededores. Repartidos en 3 salas, podr\u00e1s descubrir los objetos de la vida cotidiana de los romanos pero tambi\u00e9n reproducciones de objetos prehist\u00f3ricos locales excepcionales: la Venus de Lespugue, la mand\u00edbula preneanderthal de Montmaurin o incluso un gigantesco le\u00f3n de las cavernas encontrado en las inmediaciones del pueblo.<br\/>Como complemento a tu visita, descubre el yacimiento antiguo de la Hill\u00e8re. Segunda villa de Montmaurin, la Hill\u00e8re es un yacimiento notable, construido a la entrada de las Gargantas del Save alrededor de un resurgimiento del r\u00edo. Si esta villa es m\u00e1s fragmentaria que la notable villa de Lassalles, varios mosaicos han sido descubiertos en este yacimiento, entre ellos uno de 34 m\u00b2. Ahora se conservan en la capilla de Notre-Dame, junto al yacimiento arqueol\u00f3gico.    <\/p>\n<\/div>\n\n\n\n<div class=\"wp-block-column is-vertically-aligned-center is-layout-flow wp-block-column-is-layout-flow\" style=\"flex-basis:50%\">\n<figure data-wp-context=\"{&quot;imageId&quot;:&quot;69ff76a2c0fb6&quot;}\" data-wp-interactive=\"core\/image\" data-wp-key=\"69ff76a2c0fb6\" class=\"wp-block-image size-large wp-lightbox-container\"><img loading=\"lazy\" decoding=\"async\" width=\"1600\" height=\"1107\" data-wp-class--hide=\"state.isContentHidden\" data-wp-class--show=\"state.isContentVisible\" data-wp-init=\"callbacks.setButtonStyles\" data-wp-on--click=\"actions.showLightbox\" data-wp-on--load=\"callbacks.setButtonStyles\" data-wp-on-window--resize=\"callbacks.setButtonStyles\" src=\"https:\/\/destination-commingespyrenees.prep.faire-savoir.eu\/wp-content\/uploads\/2026\/01\/Musee-de-Montmaurin-site-archeologique-atelier-sel-15-1600x1107.jpg\" alt=\"villa galorromana museo de Montmaurin\" class=\"wp-image-447\" srcset=\"https:\/\/destination-commingespyrenees.prep.faire-savoir.eu\/wp-content\/uploads\/2026\/01\/Musee-de-Montmaurin-site-archeologique-atelier-sel-15-1600x1107.jpg 1600w, https:\/\/destination-commingespyrenees.prep.faire-savoir.eu\/wp-content\/uploads\/2026\/01\/Musee-de-Montmaurin-site-archeologique-atelier-sel-15-800x554.jpg 800w, https:\/\/destination-commingespyrenees.prep.faire-savoir.eu\/wp-content\/uploads\/2026\/01\/Musee-de-Montmaurin-site-archeologique-atelier-sel-15-768x532.jpg 768w, https:\/\/destination-commingespyrenees.prep.faire-savoir.eu\/wp-content\/uploads\/2026\/01\/Musee-de-Montmaurin-site-archeologique-atelier-sel-15-1536x1063.jpg 1536w, https:\/\/destination-commingespyrenees.prep.faire-savoir.eu\/wp-content\/uploads\/2026\/01\/Musee-de-Montmaurin-site-archeologique-atelier-sel-15-scaled.jpg 2048w\" sizes=\"auto, (max-width: 1600px) 100vw, 1600px\" \/><button\n\t\t\tclass=\"lightbox-trigger\"\n\t\t\ttype=\"button\"\n\t\t\taria-haspopup=\"dialog\"\n\t\t\taria-label=\"Agrandar\"\n\t\t\tdata-wp-init=\"callbacks.initTriggerButton\"\n\t\t\tdata-wp-on--click=\"actions.showLightbox\"\n\t\t\tdata-wp-style--right=\"state.imageButtonRight\"\n\t\t\tdata-wp-style--top=\"state.imageButtonTop\"\n\t\t>\n\t\t\t<svg xmlns=\"http:\/\/www.w3.org\/2000\/svg\" width=\"12\" height=\"12\" fill=\"none\" viewBox=\"0 0 12 12\">\n\t\t\t\t<path fill=\"#fff\" d=\"M2 0a2 2 0 0 0-2 2v2h1.5V2a.5.5 0 0 1 .5-.5h2V0H2Zm2 10.5H2a.5.5 0 0 1-.5-.5V8H0v2a2 2 0 0 0 2 2h2v-1.5ZM8 12v-1.5h2a.5.5 0 0 0 .5-.5V8H12v2a2 2 0 0 1-2 2H8Zm2-12a2 2 0 0 1 2 2v2h-1.5V2a.5.5 0 0 0-.5-.5H8V0h2Z\" \/>\n\t\t\t<\/svg>\n\t\t<\/button><\/figure>\n<\/div>\n<\/div>\n<\/section>\n\n<section class=\"wp-block-group alignfull pattern-quote has-global-padding is-layout-constrained wp-block-group-is-layout-constrained\">\n<h3 class=\"wp-block-heading has-text-align-center\">\u2665 Nuestros favoritos en la villa galorromana de Montmaurin \u2665<\/h3>\n\n\n\n<ul class=\"wp-block-list\">\n<li>La Villa de Montmaurin es una de las villas galorromanas m\u00e1s extensas conocidas en Francia.<\/li>\n\n\n\n<li>El marco buc\u00f3lico de la Villa de Montmaurin te invita a dar bonitos paseos por el campo de los alrededores.<\/li>\n\n\n\n<li>No te pierdas las jornadas tem\u00e1ticas (jornada de la arqueolog\u00eda, jornada galorromana) en Montmaurin, podr\u00e1s participar en los talleres organizados durante estos eventos.<\/li>\n<\/ul>\n<\/section>\n\n<section class=\"wp-block-group alignfull pattern-media-grid has-global-padding is-layout-constrained wp-block-group-is-layout-constrained\">\n<div class=\"wp-block-columns alignwide is-layout-flex wp-container-core-columns-is-layout-28f84493 wp-block-columns-is-layout-flex\">\n<div class=\"wp-block-column is-layout-flow wp-block-column-is-layout-flow\">\n<figure data-wp-context=\"{&quot;imageId&quot;:&quot;69ff76a2c1f4d&quot;}\" data-wp-interactive=\"core\/image\" data-wp-key=\"69ff76a2c1f4d\" class=\"wp-block-image size-full wp-lightbox-container\"><img loading=\"lazy\" decoding=\"async\" width=\"1200\" height=\"900\" data-wp-class--hide=\"state.isContentHidden\" data-wp-class--show=\"state.isContentVisible\" data-wp-init=\"callbacks.setButtonStyles\" data-wp-on--click=\"actions.showLightbox\" data-wp-on--load=\"callbacks.setButtonStyles\" data-wp-on-window--resize=\"callbacks.setButtonStyles\" src=\"https:\/\/destination-commingespyrenees.prep.faire-savoir.eu\/wp-content\/uploads\/2026\/01\/montmaurin-1200x900-1.jpg\" alt=\"Entrada principal de la villa galorromana de Montmaurin\" class=\"wp-image-438\" style=\"aspect-ratio:3\/2;object-fit:cover\" srcset=\"https:\/\/destination-commingespyrenees.prep.faire-savoir.eu\/wp-content\/uploads\/2026\/01\/montmaurin-1200x900-1.jpg 1200w, https:\/\/destination-commingespyrenees.prep.faire-savoir.eu\/wp-content\/uploads\/2026\/01\/montmaurin-1200x900-1-800x600.jpg 800w, https:\/\/destination-commingespyrenees.prep.faire-savoir.eu\/wp-content\/uploads\/2026\/01\/montmaurin-1200x900-1-768x576.jpg 768w\" sizes=\"auto, (max-width: 1200px) 100vw, 1200px\" \/><button\n\t\t\tclass=\"lightbox-trigger\"\n\t\t\ttype=\"button\"\n\t\t\taria-haspopup=\"dialog\"\n\t\t\taria-label=\"Agrandar\"\n\t\t\tdata-wp-init=\"callbacks.initTriggerButton\"\n\t\t\tdata-wp-on--click=\"actions.showLightbox\"\n\t\t\tdata-wp-style--right=\"state.imageButtonRight\"\n\t\t\tdata-wp-style--top=\"state.imageButtonTop\"\n\t\t>\n\t\t\t<svg xmlns=\"http:\/\/www.w3.org\/2000\/svg\" width=\"12\" height=\"12\" fill=\"none\" viewBox=\"0 0 12 12\">\n\t\t\t\t<path fill=\"#fff\" d=\"M2 0a2 2 0 0 0-2 2v2h1.5V2a.5.5 0 0 1 .5-.5h2V0H2Zm2 10.5H2a.5.5 0 0 1-.5-.5V8H0v2a2 2 0 0 0 2 2h2v-1.5ZM8 12v-1.5h2a.5.5 0 0 0 .5-.5V8H12v2a2 2 0 0 1-2 2H8Zm2-12a2 2 0 0 1 2 2v2h-1.5V2a.5.5 0 0 0-.5-.5H8V0h2Z\" \/>\n\t\t\t<\/svg>\n\t\t<\/button><figcaption class=\"wp-element-caption\">Entrada principal de la villa de Montmaurin \u00a9OTI Destination Comminges<\/figcaption><\/figure>\n<\/div>\n\n\n\n<div class=\"wp-block-column is-layout-flow wp-block-column-is-layout-flow\">\n<figure data-wp-context=\"{&quot;imageId&quot;:&quot;69ff76a2c2698&quot;}\" data-wp-interactive=\"core\/image\" data-wp-key=\"69ff76a2c2698\" class=\"wp-block-image size-full wp-lightbox-container\"><img loading=\"lazy\" decoding=\"async\" width=\"680\" height=\"453\" data-wp-class--hide=\"state.isContentHidden\" data-wp-class--show=\"state.isContentVisible\" data-wp-init=\"callbacks.setButtonStyles\" data-wp-on--click=\"actions.showLightbox\" data-wp-on--load=\"callbacks.setButtonStyles\" data-wp-on-window--resize=\"callbacks.setButtonStyles\" src=\"https:\/\/destination-commingespyrenees.prep.faire-savoir.eu\/wp-content\/uploads\/2026\/01\/Montmaurin-villa-Lassalles-cour-interieure-D.Bordes-CMN-680x453-1.jpg\" alt=\"villa galorromana \" class=\"wp-image-445\" style=\"aspect-ratio:3\/2;object-fit:cover\"\/><button\n\t\t\tclass=\"lightbox-trigger\"\n\t\t\ttype=\"button\"\n\t\t\taria-haspopup=\"dialog\"\n\t\t\taria-label=\"Agrandar\"\n\t\t\tdata-wp-init=\"callbacks.initTriggerButton\"\n\t\t\tdata-wp-on--click=\"actions.showLightbox\"\n\t\t\tdata-wp-style--right=\"state.imageButtonRight\"\n\t\t\tdata-wp-style--top=\"state.imageButtonTop\"\n\t\t>\n\t\t\t<svg xmlns=\"http:\/\/www.w3.org\/2000\/svg\" width=\"12\" height=\"12\" fill=\"none\" viewBox=\"0 0 12 12\">\n\t\t\t\t<path fill=\"#fff\" d=\"M2 0a2 2 0 0 0-2 2v2h1.5V2a.5.5 0 0 1 .5-.5h2V0H2Zm2 10.5H2a.5.5 0 0 1-.5-.5V8H0v2a2 2 0 0 0 2 2h2v-1.5ZM8 12v-1.5h2a.5.5 0 0 0 .5-.5V8H12v2a2 2 0 0 1-2 2H8Zm2-12a2 2 0 0 1 2 2v2h-1.5V2a.5.5 0 0 0-.5-.5H8V0h2Z\" \/>\n\t\t\t<\/svg>\n\t\t<\/button><figcaption class=\"wp-element-caption\">copyright villa galorromana <\/figcaption><\/figure>\n\n\n\n<figure data-wp-context=\"{&quot;imageId&quot;:&quot;69ff76a2c2b69&quot;}\" data-wp-interactive=\"core\/image\" data-wp-key=\"69ff76a2c2b69\" class=\"wp-block-image size-full wp-lightbox-container\"><img loading=\"lazy\" decoding=\"async\" width=\"680\" height=\"453\" data-wp-class--hide=\"state.isContentHidden\" data-wp-class--show=\"state.isContentVisible\" data-wp-init=\"callbacks.setButtonStyles\" data-wp-on--click=\"actions.showLightbox\" data-wp-on--load=\"callbacks.setButtonStyles\" data-wp-on-window--resize=\"callbacks.setButtonStyles\" src=\"https:\/\/destination-commingespyrenees.prep.faire-savoir.eu\/wp-content\/uploads\/2026\/01\/Montmaurin-mosaiques-D.Bordes-CMN-680x453-1.jpg\" alt=\"mosaicos villa galorromana\" class=\"wp-image-446\" style=\"aspect-ratio:3\/2;object-fit:cover\"\/><button\n\t\t\tclass=\"lightbox-trigger\"\n\t\t\ttype=\"button\"\n\t\t\taria-haspopup=\"dialog\"\n\t\t\taria-label=\"Agrandar\"\n\t\t\tdata-wp-init=\"callbacks.initTriggerButton\"\n\t\t\tdata-wp-on--click=\"actions.showLightbox\"\n\t\t\tdata-wp-style--right=\"state.imageButtonRight\"\n\t\t\tdata-wp-style--top=\"state.imageButtonTop\"\n\t\t>\n\t\t\t<svg xmlns=\"http:\/\/www.w3.org\/2000\/svg\" width=\"12\" height=\"12\" fill=\"none\" viewBox=\"0 0 12 12\">\n\t\t\t\t<path fill=\"#fff\" d=\"M2 0a2 2 0 0 0-2 2v2h1.5V2a.5.5 0 0 1 .5-.5h2V0H2Zm2 10.5H2a.5.5 0 0 1-.5-.5V8H0v2a2 2 0 0 0 2 2h2v-1.5ZM8 12v-1.5h2a.5.5 0 0 0 .5-.5V8H12v2a2 2 0 0 1-2 2H8Zm2-12a2 2 0 0 1 2 2v2h-1.5V2a.5.5 0 0 0-.5-.5H8V0h2Z\" \/>\n\t\t\t<\/svg>\n\t\t<\/button><figcaption class=\"wp-element-caption\"><br\/>copyright villa galorromana<\/figcaption><\/figure>\n<\/div>\n<\/div>\n<\/section>\n\n<section class=\"wp-block-group alignfull pattern-prepare-your-visit has-global-padding is-layout-constrained wp-block-group-is-layout-constrained\">\n<div class=\"wp-block-columns is-layout-flex wp-container-core-columns-is-layout-f5a44f5b wp-block-columns-is-layout-flex\">\n<div class=\"wp-block-column is-layout-flow wp-block-column-is-layout-flow\" style=\"flex-basis:50%\">\n<h2 class=\"wp-block-heading\">Prepara tu visita<\/h2>\n\n\n\n<h4 class=\"wp-block-heading\"><strong>Per\u00edodos de apertura<\/strong>:<\/h4>\n\n\n\n<p><strong>Del 1 de mayo al 31 de agosto:<\/strong><\/p>\n\n\n\n<ul class=\"wp-block-list\">\n<li>Villa de Lassalles: abierta de martes a domingo de 10:00 a 12:30 y de 14:00 a 18:00.<\/li>\n\n\n\n<li>Museo arqueol\u00f3gico: de martes a domingo de 10:00 a 18:00.<\/li>\n\n\n\n<li><strong>Villa de la Hill\u00e8re<\/strong>: <strong>del 2 de julio al 31 de agosto los mi\u00e9rcoles y s\u00e1bados a las 16:00<\/strong><br\/>Yacimiento arqueol\u00f3gico visible permanentemente desde un aparcamiento elevado.<\/li>\n<\/ul>\n\n\n\n<p><strong>A partir del 1 de septiembre: <\/strong><\/p>\n\n\n\n<ul class=\"wp-block-list\">\n<li>villa de Lassalles: abierta de mi\u00e9rcoles a domingo con reserva (por tel\u00e9fono en el 05.61.88.39.94 o directamente en la recepci\u00f3n del museo).<\/li>\n\n\n\n<li>Museo arqueol\u00f3gico: de mi\u00e9rcoles a domingo de 10:00 a 12:30 y de 14:00 a 17:30.<\/li>\n\n\n\n<li>Villa de la Hill\u00e8re: abierta de mi\u00e9rcoles a domingo con reserva (por tel\u00e9fono en el 05.61.88.39.94 o directamente en la recepci\u00f3n del museo).<\/li>\n<\/ul>\n\n\n\n<p><strong>\u00daltimo acceso 30 minutos antes del cierre<\/strong>.<\/p>\n\n\n\n<p><strong>Visitas propuestas<\/strong>:<br\/>La visita comentada dura aproximadamente 1 hora. En visita libre, cuenta aproximadamente 30 minutos (con reserva del 1 de septiembre al 30 de abril) en la villa de Lassalles y 30 minutos en el museo.<br\/>Se entrega un plano en la entrada (en franc\u00e9s, ingl\u00e9s, alem\u00e1n, espa\u00f1ol y neerland\u00e9s). <\/p>\n<\/div>\n\n\n\n<div class=\"wp-block-column is-layout-flow wp-block-column-is-layout-flow\" style=\"flex-basis:50%\">\n<h3 class=\"wp-block-heading\">Tarifas<\/h3>\n\n\n\n<ul class=\"wp-block-list\">\n<li>Tarifa completa: 5\u20ac<\/li>\n\n\n\n<li>Tarifa reducida: 4\u20ac<\/li>\n\n\n\n<li>Grupos (a partir de 20 pers.): 4\u20ac<\/li>\n\n\n\n<li>Escolares: a partir de 20\u20ac<\/li>\n\n\n\n<li><strong>Gratuidad<\/strong><\/li>\n\n\n\n<li>para menores de 18 a\u00f1os (en familia y fuera de grupos escolares)<\/li>\n\n\n\n<li>18-25 a\u00f1os (ciudadanos de pa\u00edses de la Uni\u00f3n Europea y residentes regulares no europeos en territorio franc\u00e9s)<\/li>\n\n\n\n<li>Persona con discapacidad y su acompa\u00f1ante<\/li>\n\n\n\n<li>Demandante de empleo (presentando un certificado de menos de 6 meses)<\/li>\n\n\n\n<li>Pass educaci\u00f3n (en vigor)<\/li>\n<\/ul>\n\n\n\n<h3 class=\"wp-block-heading\">Informaci\u00f3n pr\u00e1ctica<\/h3>\n\n\n\n<ul class=\"wp-block-list\">\n<li>No se admiten perros (excepto perros gu\u00eda y de asistencia)<\/li>\n\n\n\n<li>En el lugar: \u00e1rea de p\u00edcnic<\/li>\n<\/ul>\n\n\n\n<div class=\"wp-block-group has-accent-3-background-color has-background has-global-padding is-layout-constrained wp-container-core-group-is-layout-ea39502d wp-block-group-is-layout-constrained\" style=\"border-top-left-radius:1rem;border-top-right-radius:1rem;border-bottom-left-radius:1rem;border-bottom-right-radius:1rem;padding-top:var(--wp--preset--spacing--50);padding-right:var(--wp--preset--spacing--50);padding-bottom:var(--wp--preset--spacing--50);padding-left:var(--wp--preset--spacing--50)\">\n<h4 class=\"wp-block-heading has-text-align-center has-accent-1-color has-text-color has-link-color wp-elements-62ccf28f2a87e535cdce6c359f21a33e\"><strong>Villa galorromana \/ Museo arqueol\u00f3gico \/ <\/strong><br\/><strong>Yacimiento de la Hil\u00e8re<\/strong><\/h4>\n\n\n\n<p>1 route de Blajan, 31350 Montmaurin<\/p>\n\n\n\n<p>Tel: 05 61 88 39 94<\/p>\n\n\n\n<p>sitio web: <a href=\"http:\/\/www.montmaurin-archeo.fr\/\" target=\"_blank\" rel=\"noreferrer noopener\">www.montmaurin-archeo.fr<\/a> \u2013 <a href=\"https:\/\/www.facebook.com\/montmaurin.archeo\" target=\"_blank\" rel=\"noreferrer noopener\">Facebook<\/a><\/p>\n<\/div>\n<\/div>\n<\/div>\n<\/section>\n\n<div class=\"wp-block-buttons is-layout-flex wp-block-buttons-is-layout-flex\">\n<div class=\"wp-block-button is-style-fill\"><a class=\"wp-block-button__link wp-element-button\" href=\"https:\/\/destination-commingespyrenees.prep.faire-savoir.eu\/es\/saint-bertrand-de-comminges-pueblo-medieval\/\">Descubrir otro yacimiento antiguo: Saint-Bertrand-de-Comminges<\/a><\/div>\n<\/div>\n\n<p><\/p>\n\n<div class=\"wp-block-buttons is-layout-flex wp-block-buttons-is-layout-flex\">\n<div class=\"wp-block-button is-style-fill\"><a class=\"wp-block-button__link wp-element-button\" href=\"https:\/\/destination-commingespyrenees.prep.faire-savoir.eu\/agenda\/\">Consultez tout l&#8217;agenda de la destination<\/a><\/div>\n<\/div>\n","protected":false},"excerpt":{"rendered":"<p>Fasto y voluptuosidad: las decoraciones de la Villa de Montmaurin Bienvenido al peque\u00f1o pueblo de Montmaurin y m\u00e1s concretamente al yacimiento arqueol\u00f3gico de la Villa galorromana Lassalle. Datando del siglo I, esta incre\u00edble residencia aristocr\u00e1tica se extiende sobre m\u00e1s de una hect\u00e1rea: suficiente para dar un bonito paseo y sentirte como un notable romano. Primera [&hellip;]<\/p>\n","protected":false},"author":2,"featured_media":3616,"parent":0,"menu_order":0,"comment_status":"closed","ping_status":"closed","template":"","meta":{"_acf_changed":false,"footnotes":""},"experience_category":[],"class_list":["post-3620","page","type-page","status-publish","has-post-thumbnail","hentry"],"acf":[],"_links":{"self":[{"href":"https:\/\/destination-commingespyrenees.prep.faire-savoir.eu\/es\/wp-json\/wp\/v2\/pages\/3620","targetHints":{"allow":["GET"]}}],"collection":[{"href":"https:\/\/destination-commingespyrenees.prep.faire-savoir.eu\/es\/wp-json\/wp\/v2\/pages"}],"about":[{"href":"https:\/\/destination-commingespyrenees.prep.faire-savoir.eu\/es\/wp-json\/wp\/v2\/types\/page"}],"author":[{"embeddable":true,"href":"https:\/\/destination-commingespyrenees.prep.faire-savoir.eu\/es\/wp-json\/wp\/v2\/users\/2"}],"replies":[{"embeddable":true,"href":"https:\/\/destination-commingespyrenees.prep.faire-savoir.eu\/es\/wp-json\/wp\/v2\/comments?post=3620"}],"version-history":[{"count":5,"href":"https:\/\/destination-commingespyrenees.prep.faire-savoir.eu\/es\/wp-json\/wp\/v2\/pages\/3620\/revisions"}],"predecessor-version":[{"id":4265,"href":"https:\/\/destination-commingespyrenees.prep.faire-savoir.eu\/es\/wp-json\/wp\/v2\/pages\/3620\/revisions\/4265"}],"wp:featuredmedia":[{"embeddable":true,"href":"https:\/\/destination-commingespyrenees.prep.faire-savoir.eu\/es\/wp-json\/wp\/v2\/media\/3616"}],"wp:attachment":[{"href":"https:\/\/destination-commingespyrenees.prep.faire-savoir.eu\/es\/wp-json\/wp\/v2\/media?parent=3620"}],"wp:term":[{"taxonomy":"experience_category","embeddable":true,"href":"https:\/\/destination-commingespyrenees.prep.faire-savoir.eu\/es\/wp-json\/wp\/v2\/experience_category?post=3620"}],"curies":[{"name":"wp","href":"https:\/\/api.w.org\/{rel}","templated":true}]}}