{"id":3604,"date":"2026-01-12T16:35:04","date_gmt":"2026-01-12T15:35:04","guid":{"rendered":"https:\/\/destination-commingespyrenees.prep.faire-savoir.eu\/la-colegiata-romanica-de-saint-gaudens\/"},"modified":"2026-04-22T09:14:31","modified_gmt":"2026-04-22T07:14:31","slug":"la-colegiata-romanica-de-saint-gaudens","status":"publish","type":"page","link":"https:\/\/destination-commingespyrenees.prep.faire-savoir.eu\/es\/la-colegiata-romanica-de-saint-gaudens\/","title":{"rendered":"La colegiata rom\u00e1nica de Saint-Gaudens"},"content":{"rendered":"\n<section class=\"wp-block-cover alignfull pattern-hero-section\" style=\"min-height:566px;aspect-ratio:unset;\"><img loading=\"lazy\" decoding=\"async\" width=\"2048\" height=\"1467\" class=\"wp-block-cover__image-background wp-image-776 size-full\" alt=\"Coll\u00e9giale de Saint-Gaudens\" src=\"https:\/\/destination-commingespyrenees.prep.faire-savoir.eu\/wp-content\/uploads\/2026\/01\/Collegiale-leve-du-soleil-ete-2025-scaled.jpg\" data-object-fit=\"cover\" srcset=\"https:\/\/destination-commingespyrenees.prep.faire-savoir.eu\/wp-content\/uploads\/2026\/01\/Collegiale-leve-du-soleil-ete-2025-scaled.jpg 2048w, https:\/\/destination-commingespyrenees.prep.faire-savoir.eu\/wp-content\/uploads\/2026\/01\/Collegiale-leve-du-soleil-ete-2025-800x573.jpg 800w, https:\/\/destination-commingespyrenees.prep.faire-savoir.eu\/wp-content\/uploads\/2026\/01\/Collegiale-leve-du-soleil-ete-2025-1600x1146.jpg 1600w, https:\/\/destination-commingespyrenees.prep.faire-savoir.eu\/wp-content\/uploads\/2026\/01\/Collegiale-leve-du-soleil-ete-2025-768x550.jpg 768w, https:\/\/destination-commingespyrenees.prep.faire-savoir.eu\/wp-content\/uploads\/2026\/01\/Collegiale-leve-du-soleil-ete-2025-1536x1101.jpg 1536w\" sizes=\"auto, (max-width: 2048px) 100vw, 2048px\" \/><span aria-hidden=\"true\" class=\"wp-block-cover__background has-background-dim-40 has-background-dim wp-block-cover__gradient-background has-background-gradient\" style=\"background:linear-gradient(180deg,rgb(0,0,0) 0%,rgba(0,0,0,0) 50%,rgba(0,0,0) 100%)\"><\/span><div class=\"wp-block-cover__inner-container has-global-padding is-layout-constrained wp-block-cover-is-layout-constrained\">\n<div class=\"wp-block-group alignwide is-layout-flow wp-block-group-is-layout-flow\"><h1 class=\"wp-block-post-title\">La colegiata rom\u00e1nica de Saint-Gaudens<\/h1>\n\n\n<p class=\"has-medium-font-size\" style=\"font-style:normal;font-weight:700\">Todos los habitantes de Saint-Gaudens te lo dir\u00e1n: si solo tienes que visitar un monumento durante tu estancia, \u00a1es la colegiata de Saint-Pierre! Famosa por ser una de las iglesias rom\u00e1nicas m\u00e1s bellas en la ruta de los Caminos de Santiago, es uno de los s\u00edmbolos de Saint-Gaudens. <\/p>\n<\/div>\n<\/div><\/section>\n\n<section class=\"wp-block-group alignfull pattern-breadcrumb has-global-padding is-layout-constrained wp-block-group-is-layout-constrained\">\n<div class=\"wp-block-group alignwide is-layout-flow wp-block-group-is-layout-flow\"><nav aria-label=\"breadcrumbs\" class=\"rank-math-breadcrumb\"><p><span class=\"last\">Accueil<\/span><\/p><\/nav><\/div>\n<\/section>\n\n<section class=\"wp-block-group alignfull pattern-media-text has-global-padding is-layout-constrained wp-block-group-is-layout-constrained\">\n<div class=\"wp-block-columns are-vertically-aligned-center is-layout-flex wp-container-core-columns-is-layout-28f84493 wp-block-columns-is-layout-flex\">\n<div class=\"wp-block-column is-vertically-aligned-center is-layout-flow wp-block-column-is-layout-flow\" style=\"flex-basis:50%\">\n<figure data-wp-context=\"{&quot;imageId&quot;:&quot;69ff8228055a2&quot;}\" data-wp-interactive=\"core\/image\" data-wp-key=\"69ff8228055a2\" class=\"wp-block-image size-full wp-lightbox-container\"><img loading=\"lazy\" decoding=\"async\" width=\"900\" height=\"694\" data-wp-class--hide=\"state.isContentHidden\" data-wp-class--show=\"state.isContentVisible\" data-wp-init=\"callbacks.setButtonStyles\" data-wp-on--click=\"actions.showLightbox\" data-wp-on--load=\"callbacks.setButtonStyles\" data-wp-on-window--resize=\"callbacks.setButtonStyles\" src=\"https:\/\/destination-commingespyrenees.prep.faire-savoir.eu\/wp-content\/uploads\/2026\/01\/collegiale-saint-pierre-saint-gaudens-haute-garonne-comminges-pyrenees-1-1.png\" alt=\"la colegiata de Saint-Gaudens\" class=\"wp-image-391\" srcset=\"https:\/\/destination-commingespyrenees.prep.faire-savoir.eu\/wp-content\/uploads\/2026\/01\/collegiale-saint-pierre-saint-gaudens-haute-garonne-comminges-pyrenees-1-1.png 900w, https:\/\/destination-commingespyrenees.prep.faire-savoir.eu\/wp-content\/uploads\/2026\/01\/collegiale-saint-pierre-saint-gaudens-haute-garonne-comminges-pyrenees-1-1-800x617.png 800w, https:\/\/destination-commingespyrenees.prep.faire-savoir.eu\/wp-content\/uploads\/2026\/01\/collegiale-saint-pierre-saint-gaudens-haute-garonne-comminges-pyrenees-1-1-768x592.png 768w\" sizes=\"auto, (max-width: 900px) 100vw, 900px\" \/><button\n\t\t\tclass=\"lightbox-trigger\"\n\t\t\ttype=\"button\"\n\t\t\taria-haspopup=\"dialog\"\n\t\t\taria-label=\"Agrandar\"\n\t\t\tdata-wp-init=\"callbacks.initTriggerButton\"\n\t\t\tdata-wp-on--click=\"actions.showLightbox\"\n\t\t\tdata-wp-style--right=\"state.imageButtonRight\"\n\t\t\tdata-wp-style--top=\"state.imageButtonTop\"\n\t\t>\n\t\t\t<svg xmlns=\"http:\/\/www.w3.org\/2000\/svg\" width=\"12\" height=\"12\" fill=\"none\" viewBox=\"0 0 12 12\">\n\t\t\t\t<path fill=\"#fff\" d=\"M2 0a2 2 0 0 0-2 2v2h1.5V2a.5.5 0 0 1 .5-.5h2V0H2Zm2 10.5H2a.5.5 0 0 1-.5-.5V8H0v2a2 2 0 0 0 2 2h2v-1.5ZM8 12v-1.5h2a.5.5 0 0 0 .5-.5V8H12v2a2 2 0 0 1-2 2H8Zm2-12a2 2 0 0 1 2 2v2h-1.5V2a.5.5 0 0 0-.5-.5H8V0h2Z\" \/>\n\t\t\t<\/svg>\n\t\t<\/button><figcaption class=\"wp-element-caption\">\u00a9Cin\u00e9 photo club du Comminges<\/figcaption><\/figure>\n<\/div>\n\n\n\n<div class=\"wp-block-column is-vertically-aligned-center is-layout-flow wp-block-column-is-layout-flow\" style=\"flex-basis:50%\">\n<h3 class=\"wp-block-heading\">Descubrir una iglesia rom\u00e1nica en los Caminos de Santiago<\/h3>\n\n\n\n<p>En pleno coraz\u00f3n del casco antiguo, un monumento impresiona por sus dimensiones y por su imponente campanario. Los amantes de la historia y la arquitectura no se equivocar\u00e1n: la <strong>iglesia colegiata, dedicada a San Pedro y a San Gaudens,<\/strong> es una aut\u00e9ntica obra maestra del arte rom\u00e1nico, construida entre los siglos XI y XII.<br\/>Tu inmersi\u00f3n en el universo rom\u00e1nico comienza desde tu llegada ante este Monumento Hist\u00f3rico, clasificado desde 1841. Da la vuelta a la iglesia y t\u00f3mate tu tiempo para observar todos los detalles que contribuyen al encanto y a la fama de la <strong>iglesia de Saint-Pierre<\/strong>. Antes de descubrir el interior, alza la vista para admirar el magn\u00edfico crism\u00f3n del t\u00edmpano, justo encima del portal norte del edificio.   <\/p>\n<\/div>\n<\/div>\n<\/section>\n\n<section class=\"wp-block-group alignfull pattern-quote has-global-padding is-layout-constrained wp-block-group-is-layout-constrained\">\n<h3 class=\"wp-block-heading\">Admirar los tesoros de la colegiata de Saint-Pierre<\/h3>\n\n\n\n<p>Lo menos que se puede decir es que la <strong>iglesia de Saint-Pierre<\/strong> de <strong>Saint-Gaudens<\/strong> no carece de atractivos, \u00a1todo lo contrario! El campanario de <strong>Saint-Pierre<\/strong> es especialmente impresionante con sus 45 metros de altura, y alberga 36 campanas\u2026 La m\u00e1s grande, apodada la <strong>Gaudense,<\/strong> pesa por s\u00ed sola 1.130 kg. \u00a1Las campanas de la colegiata forman parte inseparable de la ciudad y marcan el ritmo del d\u00eda a d\u00eda de sus habitantes!  <\/p>\n\n\n\n<p>La colegiata posee un <strong>conjunto notable de capiteles historiados<\/strong>, datados principalmente de los <strong>siglos XI y XII<\/strong>. Estos capiteles, situados en el coro y las naves laterales, est\u00e1n <strong>finamente decorados con motivos b\u00edblicos, animales fant\u00e1sticos y escenas simb\u00f3licas<\/strong>, que ilustran el arte rom\u00e1nico del Comminges. <br\/>Estos capiteles forman parte de los elementos patrimoniales que hacen \u00fanica a la colegiata, y a menudo son citados por los historiadores del arte por su riqueza iconogr\u00e1fica y su estado de conservaci\u00f3n. <\/p>\n\n\n\n<p>En el interior de la iglesia, los aficionados se quedar\u00e1n sin aliento ante los incre\u00edbles tapices de Aubusson, tesoros inestimables que realzan la belleza de la <strong>colegiata de Saint-Pierre<\/strong> y el orgullo de todos los habitantes de <strong>Saint-Gaudens<\/strong>. Fueron tejidos por la <strong>c\u00e9lebre Manufactura Real de Aubusson<\/strong> durante el siglo XVIII y se encuentran en un estado de conservaci\u00f3n excepcional. <\/p>\n\n\n\n<p class=\"has-text-align-left\">Otro bonito descubrimiento que admirar: la caja del \u00f3rgano, clasificada como <strong>Monumento hist\u00f3rico<\/strong> desde 1971. \u00a1Seguro que la ver\u00e1s nada m\u00e1s entrar en la colegiata! Este magn\u00edfico instrumento de estilo <strong>Luis XIV<\/strong> cobra una dimensi\u00f3n totalmente distinta durante los conciertos de m\u00fasica cl\u00e1sica o los oficios religiosos. \u00a1No te lo pierdas bajo ning\u00fan concepto!    <\/p>\n\n\n\n<h3 class=\"wp-block-heading has-text-align-center\">\u2665 Nuestros favoritos en la colegiata de Saint-Pierre \u2665<\/h3>\n\n\n\n<ul class=\"wp-block-list\">\n<li>Es la iglesia rom\u00e1nica m\u00e1s grande del Comminges<\/li>\n\n\n\n<li>El bonito claustro, ideal para pasear mientras admiras la arquitectura del lugar<\/li>\n\n\n\n<li>\u00a1La gymkhana para ni\u00f1os, propuesta por la oficina de turismo, que permite a los m\u00e1s peque\u00f1os descubrir la colegiata de Saint-Pierre divirti\u00e9ndose!<\/li>\n<\/ul>\n<\/section>\n\n<section class=\"wp-block-group alignfull pattern-media-grid has-global-padding is-layout-constrained wp-block-group-is-layout-constrained\">\n<div class=\"wp-block-columns alignwide is-layout-flex wp-container-core-columns-is-layout-28f84493 wp-block-columns-is-layout-flex\">\n<div class=\"wp-block-column is-layout-flow wp-block-column-is-layout-flow\">\n<figure data-wp-context=\"{&quot;imageId&quot;:&quot;69ff8228067e2&quot;}\" data-wp-interactive=\"core\/image\" data-wp-key=\"69ff8228067e2\" class=\"wp-block-image size-full wp-lightbox-container\"><img loading=\"lazy\" decoding=\"async\" width=\"1200\" height=\"798\" data-wp-class--hide=\"state.isContentHidden\" data-wp-class--show=\"state.isContentVisible\" data-wp-init=\"callbacks.setButtonStyles\" data-wp-on--click=\"actions.showLightbox\" data-wp-on--load=\"callbacks.setButtonStyles\" data-wp-on-window--resize=\"callbacks.setButtonStyles\" src=\"https:\/\/destination-commingespyrenees.prep.faire-savoir.eu\/wp-content\/uploads\/2026\/01\/Collegiale-Officedetourismesaintgaudinois-1-.jpg\" alt=\"claustro de Saint-Gaudens\" class=\"wp-image-393\" style=\"aspect-ratio:3\/2;object-fit:cover\" srcset=\"https:\/\/destination-commingespyrenees.prep.faire-savoir.eu\/wp-content\/uploads\/2026\/01\/Collegiale-Officedetourismesaintgaudinois-1-.jpg 1200w, https:\/\/destination-commingespyrenees.prep.faire-savoir.eu\/wp-content\/uploads\/2026\/01\/Collegiale-Officedetourismesaintgaudinois-1--800x532.jpg 800w, https:\/\/destination-commingespyrenees.prep.faire-savoir.eu\/wp-content\/uploads\/2026\/01\/Collegiale-Officedetourismesaintgaudinois-1--768x511.jpg 768w\" sizes=\"auto, (max-width: 1200px) 100vw, 1200px\" \/><button\n\t\t\tclass=\"lightbox-trigger\"\n\t\t\ttype=\"button\"\n\t\t\taria-haspopup=\"dialog\"\n\t\t\taria-label=\"Agrandar\"\n\t\t\tdata-wp-init=\"callbacks.initTriggerButton\"\n\t\t\tdata-wp-on--click=\"actions.showLightbox\"\n\t\t\tdata-wp-style--right=\"state.imageButtonRight\"\n\t\t\tdata-wp-style--top=\"state.imageButtonTop\"\n\t\t>\n\t\t\t<svg xmlns=\"http:\/\/www.w3.org\/2000\/svg\" width=\"12\" height=\"12\" fill=\"none\" viewBox=\"0 0 12 12\">\n\t\t\t\t<path fill=\"#fff\" d=\"M2 0a2 2 0 0 0-2 2v2h1.5V2a.5.5 0 0 1 .5-.5h2V0H2Zm2 10.5H2a.5.5 0 0 1-.5-.5V8H0v2a2 2 0 0 0 2 2h2v-1.5ZM8 12v-1.5h2a.5.5 0 0 0 .5-.5V8H12v2a2 2 0 0 1-2 2H8Zm2-12a2 2 0 0 1 2 2v2h-1.5V2a.5.5 0 0 0-.5-.5H8V0h2Z\" \/>\n\t\t\t<\/svg>\n\t\t<\/button><\/figure>\n<\/div>\n\n\n\n<div class=\"wp-block-column is-layout-flow wp-block-column-is-layout-flow\">\n<figure data-wp-context=\"{&quot;imageId&quot;:&quot;69ff822806ed8&quot;}\" data-wp-interactive=\"core\/image\" data-wp-key=\"69ff822806ed8\" class=\"wp-block-image size-full wp-lightbox-container\"><img loading=\"lazy\" decoding=\"async\" width=\"1200\" height=\"798\" data-wp-class--hide=\"state.isContentHidden\" data-wp-class--show=\"state.isContentVisible\" data-wp-init=\"callbacks.setButtonStyles\" data-wp-on--click=\"actions.showLightbox\" data-wp-on--load=\"callbacks.setButtonStyles\" data-wp-on-window--resize=\"callbacks.setButtonStyles\" src=\"https:\/\/destination-commingespyrenees.prep.faire-savoir.eu\/wp-content\/uploads\/2026\/01\/Collegiale-Officedetourismesaintgaudinois-2-1200x798-1.jpg\" alt=\"interior de la colegiata\" class=\"wp-image-394\" style=\"aspect-ratio:3\/2;object-fit:cover\" srcset=\"https:\/\/destination-commingespyrenees.prep.faire-savoir.eu\/wp-content\/uploads\/2026\/01\/Collegiale-Officedetourismesaintgaudinois-2-1200x798-1.jpg 1200w, https:\/\/destination-commingespyrenees.prep.faire-savoir.eu\/wp-content\/uploads\/2026\/01\/Collegiale-Officedetourismesaintgaudinois-2-1200x798-1-800x532.jpg 800w, https:\/\/destination-commingespyrenees.prep.faire-savoir.eu\/wp-content\/uploads\/2026\/01\/Collegiale-Officedetourismesaintgaudinois-2-1200x798-1-768x511.jpg 768w\" sizes=\"auto, (max-width: 1200px) 100vw, 1200px\" \/><button\n\t\t\tclass=\"lightbox-trigger\"\n\t\t\ttype=\"button\"\n\t\t\taria-haspopup=\"dialog\"\n\t\t\taria-label=\"Agrandar\"\n\t\t\tdata-wp-init=\"callbacks.initTriggerButton\"\n\t\t\tdata-wp-on--click=\"actions.showLightbox\"\n\t\t\tdata-wp-style--right=\"state.imageButtonRight\"\n\t\t\tdata-wp-style--top=\"state.imageButtonTop\"\n\t\t>\n\t\t\t<svg xmlns=\"http:\/\/www.w3.org\/2000\/svg\" width=\"12\" height=\"12\" fill=\"none\" viewBox=\"0 0 12 12\">\n\t\t\t\t<path fill=\"#fff\" d=\"M2 0a2 2 0 0 0-2 2v2h1.5V2a.5.5 0 0 1 .5-.5h2V0H2Zm2 10.5H2a.5.5 0 0 1-.5-.5V8H0v2a2 2 0 0 0 2 2h2v-1.5ZM8 12v-1.5h2a.5.5 0 0 0 .5-.5V8H12v2a2 2 0 0 1-2 2H8Zm2-12a2 2 0 0 1 2 2v2h-1.5V2a.5.5 0 0 0-.5-.5H8V0h2Z\" \/>\n\t\t\t<\/svg>\n\t\t<\/button><\/figure>\n\n\n\n<figure data-wp-context=\"{&quot;imageId&quot;:&quot;69ff82280732a&quot;}\" data-wp-interactive=\"core\/image\" data-wp-key=\"69ff82280732a\" class=\"wp-block-image size-full wp-lightbox-container\"><img loading=\"lazy\" decoding=\"async\" width=\"1200\" height=\"800\" data-wp-class--hide=\"state.isContentHidden\" data-wp-class--show=\"state.isContentVisible\" data-wp-init=\"callbacks.setButtonStyles\" data-wp-on--click=\"actions.showLightbox\" data-wp-on--load=\"callbacks.setButtonStyles\" data-wp-on-window--resize=\"callbacks.setButtonStyles\" src=\"https:\/\/destination-commingespyrenees.prep.faire-savoir.eu\/wp-content\/uploads\/2026\/01\/Stalle-Collegiale-Officedetourismesaintgaudinois-1200x800-1.jpg\" alt=\"asientos de la colegiata&#10;\" class=\"wp-image-395\" style=\"aspect-ratio:3\/2;object-fit:cover\" srcset=\"https:\/\/destination-commingespyrenees.prep.faire-savoir.eu\/wp-content\/uploads\/2026\/01\/Stalle-Collegiale-Officedetourismesaintgaudinois-1200x800-1.jpg 1200w, https:\/\/destination-commingespyrenees.prep.faire-savoir.eu\/wp-content\/uploads\/2026\/01\/Stalle-Collegiale-Officedetourismesaintgaudinois-1200x800-1-800x533.jpg 800w, https:\/\/destination-commingespyrenees.prep.faire-savoir.eu\/wp-content\/uploads\/2026\/01\/Stalle-Collegiale-Officedetourismesaintgaudinois-1200x800-1-768x512.jpg 768w\" sizes=\"auto, (max-width: 1200px) 100vw, 1200px\" \/><button\n\t\t\tclass=\"lightbox-trigger\"\n\t\t\ttype=\"button\"\n\t\t\taria-haspopup=\"dialog\"\n\t\t\taria-label=\"Agrandar\"\n\t\t\tdata-wp-init=\"callbacks.initTriggerButton\"\n\t\t\tdata-wp-on--click=\"actions.showLightbox\"\n\t\t\tdata-wp-style--right=\"state.imageButtonRight\"\n\t\t\tdata-wp-style--top=\"state.imageButtonTop\"\n\t\t>\n\t\t\t<svg xmlns=\"http:\/\/www.w3.org\/2000\/svg\" width=\"12\" height=\"12\" fill=\"none\" viewBox=\"0 0 12 12\">\n\t\t\t\t<path fill=\"#fff\" d=\"M2 0a2 2 0 0 0-2 2v2h1.5V2a.5.5 0 0 1 .5-.5h2V0H2Zm2 10.5H2a.5.5 0 0 1-.5-.5V8H0v2a2 2 0 0 0 2 2h2v-1.5ZM8 12v-1.5h2a.5.5 0 0 0 .5-.5V8H12v2a2 2 0 0 1-2 2H8Zm2-12a2 2 0 0 1 2 2v2h-1.5V2a.5.5 0 0 0-.5-.5H8V0h2Z\" \/>\n\t\t\t<\/svg>\n\t\t<\/button><\/figure>\n<\/div>\n<\/div>\n<\/section>\n\n<section class=\"wp-block-group alignwide pattern-prepare-your-visit has-global-padding is-layout-constrained wp-block-group-is-layout-constrained\">\n<div class=\"wp-block-columns is-layout-flex wp-container-core-columns-is-layout-f5a44f5b wp-block-columns-is-layout-flex\">\n<div class=\"wp-block-column is-vertically-aligned-center is-layout-flow wp-block-column-is-layout-flow\" style=\"flex-basis:50%\">\n<h2 class=\"wp-block-heading\">Prepara tu visita<\/h2>\n\n\n\n<h4 class=\"wp-block-heading\">PERIODO DE APERTURA Y HORARIOS<\/h4>\n\n\n\n<p class=\"has-contrast-color has-text-color has-link-color wp-elements-d8a9b8d87bd8873402d42f3329200bbf\"><strong>Abierto todo el a\u00f1o<\/strong> de 9:00 a 12:00 y de 14:00 a 18:00. <strong>Fuera de las misas.<\/strong> <br\/>Entrada libre<\/p>\n\n\n\n<h4 class=\"wp-block-heading\"><strong>Para familias<\/strong>:<\/h4>\n\n\n\n<ul class=\"wp-block-list\">\n<li>Gymkhanas disponibles en la oficina de turismo<\/li>\n\n\n\n<li>Paseo con cuestionario digital, c\u00f3digo QR para escanear en la fachada de la oficina de turismo<\/li>\n<\/ul>\n<\/div>\n\n\n\n<div class=\"wp-block-column is-vertically-aligned-center is-layout-flow wp-block-column-is-layout-flow\" style=\"flex-basis:50%\">\n<h4 class=\"wp-block-heading\">VISITAS PROPUESTAS<\/h4>\n\n\n\n<ul class=\"wp-block-list\">\n<li>Visita con cuestionario digital, c\u00f3digo QR para escanear en la fachada de la oficina de turismo situada frente a la colegiata<\/li>\n\n\n\n<li>Visita guiada para grupos. Propuesta personalizada llamando a la oficina de turismo <\/li>\n<\/ul>\n\n\n\n<div class=\"wp-block-group has-accent-3-background-color has-background has-global-padding is-layout-constrained wp-container-core-group-is-layout-ea39502d wp-block-group-is-layout-constrained\" style=\"border-top-left-radius:1rem;border-top-right-radius:1rem;border-bottom-left-radius:1rem;border-bottom-right-radius:1rem;padding-top:var(--wp--preset--spacing--50);padding-right:var(--wp--preset--spacing--50);padding-bottom:var(--wp--preset--spacing--50);padding-left:var(--wp--preset--spacing--50)\">\n<h4 class=\"wp-block-heading has-accent-1-color has-text-color has-link-color wp-elements-cc8c9510e57ac2653ca8df56ead605d6\">Oficina de Turismo de Destination Comminges Pyr\u00e9n\u00e9es &#8211; Oficina de Saint-Gaudens<\/h4>\n\n\n\n<p>Tel.: <a href=\"tel:05%2061%2094%2077%2061\">05 61 94 77 61<\/a><br\/>correo: <a href=\"mailto:info@destination-commingespyrenees.com\">info@destination-commingespyrenees.com<\/a><\/p>\n<\/div>\n<\/div>\n<\/div>\n<\/section>\n\n<div class=\"wp-block-group has-accent-3-background-color has-background has-global-padding is-layout-constrained wp-container-core-group-is-layout-ea39502d wp-block-group-is-layout-constrained\" style=\"border-top-left-radius:1rem;border-top-right-radius:1rem;border-bottom-left-radius:1rem;border-bottom-right-radius:1rem;padding-top:var(--wp--preset--spacing--50);padding-right:var(--wp--preset--spacing--50);padding-bottom:var(--wp--preset--spacing--50);padding-left:var(--wp--preset--spacing--50)\">\n<h3 class=\"wp-block-heading has-text-align-center has-accent-1-color has-text-color has-link-color wp-elements-d17ab203007ac6d7a908cf388a3c7311\"><strong>Llegar a Saint-Gaudens sin coche:<\/strong><\/h3>\n\n\n\n<p class=\"has-text-align-center\"><a href=\"https:\/\/www.ter.sncf.com\/occitanie\" target=\"_blank\" rel=\"noopener\">SNCF TER Occitanie &#8211; Horarios, informaci\u00f3n de tr\u00e1fico, compra de billetes y abonos<\/a><\/p>\n\n\n\n<p class=\"has-text-align-center\"><a href=\"https:\/\/www.lio-occitanie.fr\/horaires-et-plans\/\" target=\"_blank\" rel=\"noopener\">Bus LIO: horarios y planos<\/a><\/p>\n<\/div>\n\n<aside class=\"wp-block-group pattern-did-you-know has-accent-3-background-color has-background is-vertical is-content-justification-center is-layout-flex wp-container-core-group-is-layout-65a0e5ff wp-block-group-is-layout-flex\" style=\"border-top-left-radius:1rem;border-top-right-radius:1rem;border-bottom-left-radius:1rem;border-bottom-right-radius:1rem;margin-top:var(--wp--preset--spacing--70);padding-top:var(--wp--preset--spacing--60);padding-right:var(--wp--preset--spacing--60);padding-bottom:var(--wp--preset--spacing--60);padding-left:var(--wp--preset--spacing--60)\">\n<svg\n\tclass=\"icon icon-quote wp-elements-0e7d5973b9a3897fcd4137c72a89dc1e wp-block-bedrock-icon has-text-color has-accent-1-color has-x-large-font-size\"\taria-hidden=\"true\" focusable=\"false\">\n\t\t<use href=\"https:\/\/destination-commingespyrenees.prep.faire-savoir.eu\/wp-content\/themes\/bedrock\/assets\/icons\/sprite.svg#quote\"><\/use>\n<\/svg>\n\n\n\n<h3 class=\"wp-block-heading has-text-align-center\">\u00bfLo sab\u00edas?<\/h3>\n\n\n\n<p class=\"has-text-align-center\"><strong>Otro sitio excepcional del arte rom\u00e1nico est\u00e1 por descubrir muy cerca<\/strong>, <\/p>\n\n\n\n<p class=\"has-text-align-center\"><strong>en Valcabr\u00e8re, a dos pasos del yacimiento antiguo y medieval de Saint-Bertrand de Comminges.<\/strong><\/p>\n\n\n\n<div class=\"wp-block-buttons is-content-justification-center is-layout-flex wp-container-core-buttons-is-layout-a89b3969 wp-block-buttons-is-layout-flex\">\n<div class=\"wp-block-button has-icon\"><a class=\"wp-block-button__link wp-element-button\" href=\"https:\/\/destination-commingespyrenees.prep.faire-savoir.eu\/es\/saint-bertrand-de-comminges-pueblo-medieval\/\">descubrirlos<svg class=\"icon icon-arrow-next\" aria-hidden=\"true\" focusable=\"false\"><use href=\"https:\/\/destination-commingespyrenees.prep.faire-savoir.eu\/wp-content\/themes\/bedrock\/assets\/icons\/sprite.svg#arrow-next\"><\/use><\/svg><\/a><\/div>\n<\/div>\n<\/aside>\n\n<div class=\"wp-block-buttons is-layout-flex wp-block-buttons-is-layout-flex\">\n<div class=\"wp-block-button is-style-fill\"><a class=\"wp-block-button__link wp-element-button\" href=\"https:\/\/destination-commingespyrenees.prep.faire-savoir.eu\/agenda\/\">Consultez tout l&#8217;agenda de la destination<\/a><\/div>\n<\/div>\n","protected":false},"excerpt":{"rendered":"<p>Descubrir una iglesia rom\u00e1nica en los Caminos de Santiago En pleno coraz\u00f3n del casco antiguo, un monumento impresiona por sus dimensiones y por su imponente campanario. Los amantes de la historia y la arquitectura no se equivocar\u00e1n: la iglesia colegiata, dedicada a San Pedro y a San Gaudens, es una aut\u00e9ntica obra maestra del arte [&hellip;]<\/p>\n","protected":false},"author":3,"featured_media":3603,"parent":0,"menu_order":0,"comment_status":"closed","ping_status":"closed","template":"","meta":{"_acf_changed":false,"footnotes":""},"experience_category":[],"class_list":["post-3604","page","type-page","status-publish","has-post-thumbnail","hentry"],"acf":[],"_links":{"self":[{"href":"https:\/\/destination-commingespyrenees.prep.faire-savoir.eu\/es\/wp-json\/wp\/v2\/pages\/3604","targetHints":{"allow":["GET"]}}],"collection":[{"href":"https:\/\/destination-commingespyrenees.prep.faire-savoir.eu\/es\/wp-json\/wp\/v2\/pages"}],"about":[{"href":"https:\/\/destination-commingespyrenees.prep.faire-savoir.eu\/es\/wp-json\/wp\/v2\/types\/page"}],"author":[{"embeddable":true,"href":"https:\/\/destination-commingespyrenees.prep.faire-savoir.eu\/es\/wp-json\/wp\/v2\/users\/3"}],"replies":[{"embeddable":true,"href":"https:\/\/destination-commingespyrenees.prep.faire-savoir.eu\/es\/wp-json\/wp\/v2\/comments?post=3604"}],"version-history":[{"count":5,"href":"https:\/\/destination-commingespyrenees.prep.faire-savoir.eu\/es\/wp-json\/wp\/v2\/pages\/3604\/revisions"}],"predecessor-version":[{"id":4263,"href":"https:\/\/destination-commingespyrenees.prep.faire-savoir.eu\/es\/wp-json\/wp\/v2\/pages\/3604\/revisions\/4263"}],"wp:featuredmedia":[{"embeddable":true,"href":"https:\/\/destination-commingespyrenees.prep.faire-savoir.eu\/es\/wp-json\/wp\/v2\/media\/3603"}],"wp:attachment":[{"href":"https:\/\/destination-commingespyrenees.prep.faire-savoir.eu\/es\/wp-json\/wp\/v2\/media?parent=3604"}],"wp:term":[{"taxonomy":"experience_category","embeddable":true,"href":"https:\/\/destination-commingespyrenees.prep.faire-savoir.eu\/es\/wp-json\/wp\/v2\/experience_category?post=3604"}],"curies":[{"name":"wp","href":"https:\/\/api.w.org\/{rel}","templated":true}]}}