{"id":3586,"date":"2026-01-13T15:46:03","date_gmt":"2026-01-13T14:46:03","guid":{"rendered":"https:\/\/destination-commingespyrenees.prep.faire-savoir.eu\/jardines-de-la-poterie-hillen\/"},"modified":"2026-04-22T09:14:27","modified_gmt":"2026-04-22T07:14:27","slug":"jardines-de-la-poterie-hillen","status":"publish","type":"page","link":"https:\/\/destination-commingespyrenees.prep.faire-savoir.eu\/es\/jardines-de-la-poterie-hillen\/","title":{"rendered":"Jardines de la Poterie Hillen"},"content":{"rendered":"\n<section class=\"wp-block-cover alignfull pattern-hero-section\"><img loading=\"lazy\" decoding=\"async\" width=\"1200\" height=\"803\" class=\"wp-block-cover__image-background wp-image-450 size-full\" alt=\"Les jardins d'Hillen, v\u00e9ritable jardin d'Eden\" src=\"https:\/\/destination-commingespyrenees.prep.faire-savoir.eu\/wp-content\/uploads\/2026\/01\/jardins-poterie-hillenjpg-1200x803-1.jpg\" data-object-fit=\"cover\" srcset=\"https:\/\/destination-commingespyrenees.prep.faire-savoir.eu\/wp-content\/uploads\/2026\/01\/jardins-poterie-hillenjpg-1200x803-1.jpg 1200w, https:\/\/destination-commingespyrenees.prep.faire-savoir.eu\/wp-content\/uploads\/2026\/01\/jardins-poterie-hillenjpg-1200x803-1-800x535.jpg 800w, https:\/\/destination-commingespyrenees.prep.faire-savoir.eu\/wp-content\/uploads\/2026\/01\/jardins-poterie-hillenjpg-1200x803-1-768x514.jpg 768w\" sizes=\"auto, (max-width: 1200px) 100vw, 1200px\" \/><span aria-hidden=\"true\" class=\"wp-block-cover__background has-background-dim-40 has-background-dim wp-block-cover__gradient-background has-background-gradient\" style=\"background:linear-gradient(180deg,rgb(0,0,0) 0%,rgba(0,0,0,0) 50%,rgba(0,0,0) 100%)\"><\/span><div class=\"wp-block-cover__inner-container has-global-padding is-layout-constrained wp-block-cover-is-layout-constrained\">\n<div class=\"wp-block-group alignwide is-layout-flow wp-block-group-is-layout-flow\"><h1 class=\"wp-block-post-title\">Jardines de la Poterie Hillen<\/h1>\n\n\n<h3 class=\"wp-block-heading\">El Ed\u00e9n a dos pasos de Boulogne-sur-Gesse<\/h3>\n\n\n\n<p class=\"has-medium-font-size\" style=\"font-style:normal;font-weight:700\">Para los<strong> amantes de las plantas y de los jardines bonitos<\/strong>, la localidad de Thermes Magnoac alberga un lugar especialmente apreciado. En casi 5 hect\u00e1reas de verdor, ven a perderte por los senderos de los <strong>Jardines de la Poterie Hillen<\/strong>, un lugar ideal para la calma y el sosiego. <\/p>\n<\/div>\n<\/div><\/section>\n\n<section class=\"wp-block-group alignfull pattern-breadcrumb has-global-padding is-layout-constrained wp-block-group-is-layout-constrained\">\n<div class=\"wp-block-group alignwide is-layout-flow wp-block-group-is-layout-flow\"><nav aria-label=\"breadcrumbs\" class=\"rank-math-breadcrumb\"><p><span class=\"last\">Accueil<\/span><\/p><\/nav><\/div>\n<\/section>\n\n<section class=\"wp-block-group alignfull pattern-text has-global-padding is-layout-constrained wp-block-group-is-layout-constrained\">\n<div class=\"wp-block-group has-global-padding is-layout-constrained wp-block-group-is-layout-constrained\">\n<h3 class=\"wp-block-heading\">Explora el pa\u00eds de las maravillas en los Jardines de la Poterie Hillen<\/h3>\n\n\n\n<p><strong>Conoce a Renate y Lutz, que te recibir\u00e1n con los brazos abiertos en su jungla con aires de jard\u00edn del Ed\u00e9n. Los propietarios compartir\u00e1n su historia contigo y te explicar\u00e1n por qu\u00e9 eligieron acondicionar este inmenso terreno. Como aut\u00e9nticos apasionados, tambi\u00e9n te hablar\u00e1n de su decisi\u00f3n de mantener los jardines de forma ecol\u00f3gica. Aqu\u00ed se dice no a cualquier producto qu\u00edmico, en favor de los m\u00e9todos de la agricultura ecol\u00f3gica.   <\/strong><\/p>\n<\/div>\n<\/section>\n\n<section class=\"wp-block-group alignfull pattern-media-text has-global-padding is-layout-constrained wp-block-group-is-layout-constrained\">\n<div class=\"wp-block-columns are-vertically-aligned-center is-layout-flex wp-container-core-columns-is-layout-28f84493 wp-block-columns-is-layout-flex\">\n<div class=\"wp-block-column is-vertically-aligned-center is-layout-flow wp-block-column-is-layout-flow\" style=\"flex-basis:50%\">\n<figure data-wp-context=\"{&quot;imageId&quot;:&quot;69ff76a6697f8&quot;}\" data-wp-interactive=\"core\/image\" data-wp-key=\"69ff76a6697f8\" class=\"wp-block-image size-full wp-lightbox-container\"><img loading=\"lazy\" decoding=\"async\" width=\"1600\" height=\"1065\" data-wp-class--hide=\"state.isContentHidden\" data-wp-class--show=\"state.isContentVisible\" data-wp-init=\"callbacks.setButtonStyles\" data-wp-on--click=\"actions.showLightbox\" data-wp-on--load=\"callbacks.setButtonStyles\" data-wp-on-window--resize=\"callbacks.setButtonStyles\" src=\"https:\/\/destination-commingespyrenees.prep.faire-savoir.eu\/wp-content\/uploads\/2026\/01\/contemporain-persicaria.jpg\" alt=\"los Jardines de la Poterie Hillen\" class=\"wp-image-455\" srcset=\"https:\/\/destination-commingespyrenees.prep.faire-savoir.eu\/wp-content\/uploads\/2026\/01\/contemporain-persicaria.jpg 1600w, https:\/\/destination-commingespyrenees.prep.faire-savoir.eu\/wp-content\/uploads\/2026\/01\/contemporain-persicaria-800x533.jpg 800w, https:\/\/destination-commingespyrenees.prep.faire-savoir.eu\/wp-content\/uploads\/2026\/01\/contemporain-persicaria-768x511.jpg 768w, https:\/\/destination-commingespyrenees.prep.faire-savoir.eu\/wp-content\/uploads\/2026\/01\/contemporain-persicaria-1536x1022.jpg 1536w\" sizes=\"auto, (max-width: 1600px) 100vw, 1600px\" \/><button\n\t\t\tclass=\"lightbox-trigger\"\n\t\t\ttype=\"button\"\n\t\t\taria-haspopup=\"dialog\"\n\t\t\taria-label=\"Agrandar\"\n\t\t\tdata-wp-init=\"callbacks.initTriggerButton\"\n\t\t\tdata-wp-on--click=\"actions.showLightbox\"\n\t\t\tdata-wp-style--right=\"state.imageButtonRight\"\n\t\t\tdata-wp-style--top=\"state.imageButtonTop\"\n\t\t>\n\t\t\t<svg xmlns=\"http:\/\/www.w3.org\/2000\/svg\" width=\"12\" height=\"12\" fill=\"none\" viewBox=\"0 0 12 12\">\n\t\t\t\t<path fill=\"#fff\" d=\"M2 0a2 2 0 0 0-2 2v2h1.5V2a.5.5 0 0 1 .5-.5h2V0H2Zm2 10.5H2a.5.5 0 0 1-.5-.5V8H0v2a2 2 0 0 0 2 2h2v-1.5ZM8 12v-1.5h2a.5.5 0 0 0 .5-.5V8H12v2a2 2 0 0 1-2 2H8Zm2-12a2 2 0 0 1 2 2v2h-1.5V2a.5.5 0 0 0-.5-.5H8V0h2Z\" \/>\n\t\t\t<\/svg>\n\t\t<\/button><figcaption class=\"wp-element-caption\">copyright Jardines de Hillen<\/figcaption><\/figure>\n<\/div>\n\n\n\n<div class=\"wp-block-column is-vertically-aligned-center is-layout-flow wp-block-column-is-layout-flow\" style=\"flex-basis:50%\">\n<h3 class=\"wp-block-heading\">Disfruta del placer de pasear por los Jardines de la Poterie Hillen<\/h3>\n\n\n\n<p>Una vez en los Jardines de la Poterie Hillen, es seguro que no te apetecer\u00e1 marcharte. A medida que avances en tu paseo, no dudes en parar para pedir m\u00e1s informaci\u00f3n sobre algunas plantas: los propietarios estar\u00e1n encantados de contarte todos sus secretos. Incluso tendr\u00e1s la posibilidad de probar variedades bastante curiosas. Ostra, chicle o incluso pi\u00f1a\u2026 Sabores sorprendentes que te dejar\u00e1n con la boca abierta.   <br\/>Clasificados como Jardines Notables desde 2010, los Jardines de la Poterie Hillen se visitan como si hicieras un viaje. Desde el jard\u00edn ex\u00f3tico que invita a evadirse hasta el bosque de bamb\u00fa que te transporta directamente a Asia, te sentir\u00e1s al otro lado del mundo en cuesti\u00f3n de segundos. Para terminar la visita, haz una pausa golosa en el sal\u00f3n de t\u00e9 \u201cLes D\u00e9lices d\u2019Elisa\u201d: te recomendamos elegir una de sus deliciosas tartas caseras. \u00a1Probada y aprobada!   <\/p>\n<\/div>\n<\/div>\n<\/section>\n\n<section class=\"wp-block-group alignfull pattern-quote has-global-padding is-layout-constrained wp-block-group-is-layout-constrained\">\n<h3 class=\"wp-block-heading has-text-align-center\">\u2665 Nuestros favoritos en los jardines de Thermes-Magnoac \u2665<\/h3>\n\n\n\n<p>Las 12.000 plantaciones de los Jardines de la Poterie Hillen son una muy buena raz\u00f3n para venir a mejorar tus conocimientos de bot\u00e1nica.<br\/>En los Jardines de la Poterie Hillen se han habilitado espacios propicios para la contemplaci\u00f3n, perfectos para una pausa de lectura, meditaci\u00f3n o simplemente para descansar en un entorno natural.<br\/>Las obras de cer\u00e1mica, realizadas por Renate y Lutz, ceramistas de formaci\u00f3n, realzan el lugar y aportan una dimensi\u00f3n art\u00edstica a los Jardines de la Poterie Hillen.<\/p>\n<\/section>\n\n<section class=\"wp-block-group alignfull pattern-media-grid has-global-padding is-layout-constrained wp-block-group-is-layout-constrained\">\n<div class=\"wp-block-columns alignwide is-layout-flex wp-container-core-columns-is-layout-28f84493 wp-block-columns-is-layout-flex\">\n<div class=\"wp-block-column is-layout-flow wp-block-column-is-layout-flow\">\n<figure data-wp-context=\"{&quot;imageId&quot;:&quot;69ff76a66aaea&quot;}\" data-wp-interactive=\"core\/image\" data-wp-key=\"69ff76a66aaea\" class=\"wp-block-image size-full wp-lightbox-container\"><img loading=\"lazy\" decoding=\"async\" width=\"1094\" height=\"614\" data-wp-class--hide=\"state.isContentHidden\" data-wp-class--show=\"state.isContentVisible\" data-wp-init=\"callbacks.setButtonStyles\" data-wp-on--click=\"actions.showLightbox\" data-wp-on--load=\"callbacks.setButtonStyles\" data-wp-on-window--resize=\"callbacks.setButtonStyles\" src=\"https:\/\/destination-commingespyrenees.prep.faire-savoir.eu\/wp-content\/uploads\/2026\/01\/bassin-contemporain.jpg\" alt=\"los jardines de la poterie hillen\" class=\"wp-image-453\" style=\"aspect-ratio:3\/2;object-fit:cover\" srcset=\"https:\/\/destination-commingespyrenees.prep.faire-savoir.eu\/wp-content\/uploads\/2026\/01\/bassin-contemporain.jpg 1094w, https:\/\/destination-commingespyrenees.prep.faire-savoir.eu\/wp-content\/uploads\/2026\/01\/bassin-contemporain-800x449.jpg 800w, https:\/\/destination-commingespyrenees.prep.faire-savoir.eu\/wp-content\/uploads\/2026\/01\/bassin-contemporain-768x431.jpg 768w\" sizes=\"auto, (max-width: 1094px) 100vw, 1094px\" \/><button\n\t\t\tclass=\"lightbox-trigger\"\n\t\t\ttype=\"button\"\n\t\t\taria-haspopup=\"dialog\"\n\t\t\taria-label=\"Agrandar\"\n\t\t\tdata-wp-init=\"callbacks.initTriggerButton\"\n\t\t\tdata-wp-on--click=\"actions.showLightbox\"\n\t\t\tdata-wp-style--right=\"state.imageButtonRight\"\n\t\t\tdata-wp-style--top=\"state.imageButtonTop\"\n\t\t>\n\t\t\t<svg xmlns=\"http:\/\/www.w3.org\/2000\/svg\" width=\"12\" height=\"12\" fill=\"none\" viewBox=\"0 0 12 12\">\n\t\t\t\t<path fill=\"#fff\" d=\"M2 0a2 2 0 0 0-2 2v2h1.5V2a.5.5 0 0 1 .5-.5h2V0H2Zm2 10.5H2a.5.5 0 0 1-.5-.5V8H0v2a2 2 0 0 0 2 2h2v-1.5ZM8 12v-1.5h2a.5.5 0 0 0 .5-.5V8H12v2a2 2 0 0 1-2 2H8Zm2-12a2 2 0 0 1 2 2v2h-1.5V2a.5.5 0 0 0-.5-.5H8V0h2Z\" \/>\n\t\t\t<\/svg>\n\t\t<\/button><figcaption class=\"wp-element-caption\">copyright Jardines de Hillen<\/figcaption><\/figure>\n<\/div>\n\n\n\n<div class=\"wp-block-column is-layout-flow wp-block-column-is-layout-flow\">\n<figure data-wp-context=\"{&quot;imageId&quot;:&quot;69ff76a66b251&quot;}\" data-wp-interactive=\"core\/image\" data-wp-key=\"69ff76a66b251\" class=\"wp-block-image size-full wp-lightbox-container\"><img loading=\"lazy\" decoding=\"async\" width=\"1600\" height=\"1063\" data-wp-class--hide=\"state.isContentHidden\" data-wp-class--show=\"state.isContentVisible\" data-wp-init=\"callbacks.setButtonStyles\" data-wp-on--click=\"actions.showLightbox\" data-wp-on--load=\"callbacks.setButtonStyles\" data-wp-on-window--resize=\"callbacks.setButtonStyles\" src=\"https:\/\/destination-commingespyrenees.prep.faire-savoir.eu\/wp-content\/uploads\/2026\/01\/lac-exotique.jpg\" alt=\"los jardines de la poterie hillen\" class=\"wp-image-452\" style=\"aspect-ratio:3\/2;object-fit:cover\" srcset=\"https:\/\/destination-commingespyrenees.prep.faire-savoir.eu\/wp-content\/uploads\/2026\/01\/lac-exotique.jpg 1600w, https:\/\/destination-commingespyrenees.prep.faire-savoir.eu\/wp-content\/uploads\/2026\/01\/lac-exotique-800x532.jpg 800w, https:\/\/destination-commingespyrenees.prep.faire-savoir.eu\/wp-content\/uploads\/2026\/01\/lac-exotique-768x510.jpg 768w, https:\/\/destination-commingespyrenees.prep.faire-savoir.eu\/wp-content\/uploads\/2026\/01\/lac-exotique-1536x1020.jpg 1536w\" sizes=\"auto, (max-width: 1600px) 100vw, 1600px\" \/><button\n\t\t\tclass=\"lightbox-trigger\"\n\t\t\ttype=\"button\"\n\t\t\taria-haspopup=\"dialog\"\n\t\t\taria-label=\"Agrandar\"\n\t\t\tdata-wp-init=\"callbacks.initTriggerButton\"\n\t\t\tdata-wp-on--click=\"actions.showLightbox\"\n\t\t\tdata-wp-style--right=\"state.imageButtonRight\"\n\t\t\tdata-wp-style--top=\"state.imageButtonTop\"\n\t\t>\n\t\t\t<svg xmlns=\"http:\/\/www.w3.org\/2000\/svg\" width=\"12\" height=\"12\" fill=\"none\" viewBox=\"0 0 12 12\">\n\t\t\t\t<path fill=\"#fff\" d=\"M2 0a2 2 0 0 0-2 2v2h1.5V2a.5.5 0 0 1 .5-.5h2V0H2Zm2 10.5H2a.5.5 0 0 1-.5-.5V8H0v2a2 2 0 0 0 2 2h2v-1.5ZM8 12v-1.5h2a.5.5 0 0 0 .5-.5V8H12v2a2 2 0 0 1-2 2H8Zm2-12a2 2 0 0 1 2 2v2h-1.5V2a.5.5 0 0 0-.5-.5H8V0h2Z\" \/>\n\t\t\t<\/svg>\n\t\t<\/button><figcaption class=\"wp-element-caption\">copyright Jardines de Hillen<\/figcaption><\/figure>\n<\/div>\n<\/div>\n<\/section>\n\n<section class=\"wp-block-group alignfull pattern-prepare-your-visit has-global-padding is-layout-constrained wp-block-group-is-layout-constrained\">\n<div class=\"wp-block-columns is-layout-flex wp-container-core-columns-is-layout-f5a44f5b wp-block-columns-is-layout-flex\">\n<div class=\"wp-block-column is-layout-flow wp-block-column-is-layout-flow\" style=\"flex-basis:50%\">\n<h2 class=\"wp-block-heading\">Prepara tu visita<\/h2>\n\n\n\n<h4 class=\"wp-block-heading\"><strong>Horario de apertura<\/strong> :  <\/h4>\n\n\n\n<p><br\/>A partir del martes 14 de mayo de 14:00 hasta el 30 de septiembre a las 18:00<br\/>Apertura de mi\u00e9rcoles a domingo de 14:00 a 18:00. Idealmente en <strong> <\/strong><a href=\"https:\/\/les-jardins-de-la-poterie-hillen.blogspot.com\/p\/tarifs-et-ouverture.html\" target=\"_blank\" rel=\"noopener\"><strong>reserva<\/strong><\/a> para poder disfrutar de los jardines.<br\/>Cierre semanal: lunes y martes<br\/><strong>Se recomienda encarecidamente llamar antes de venir a los jardines en caso de meteorolog\u00eda incierta: lluvia, tormentas, temporal, ola de calor, y si vienes de lejos, incluso si has hecho una reserva. <\/strong><br\/>Las zonas de p\u00edcnic abren a las 12:00 y est\u00e1n reservadas a los visitantes del jard\u00edn<br\/>Con <strong>reserva por correo<\/strong> a <a href=\"mailto:lespritdelisa@gmail.com\"><strong>lespritdelisa@gmail.com<\/strong><\/a> (debido a un peque\u00f1o espacio de restauraci\u00f3n), podr\u00e1s disfrutar del sal\u00f3n de t\u00e9 y de las delicias<strong> \u00ab Les d\u00e9lices d\u2019Elisa \u00bb <\/strong>(tienda online, reservas y pago online). Recogida in situ viernes, s\u00e1bado y domingo con cita previa. <br\/><a href=\"https:\/\/www.lespritdelisa.fr\/\" target=\"_blank\" rel=\"noopener\"><strong>L\u2019Esprit d\u2019Elisa<\/strong><\/a> es tambi\u00e9n un <strong>restaurante gastron\u00f3mico y ecol\u00f3gico<\/strong> en el que la <strong>chef Renate-Elisa Hillen<\/strong> te propone una <strong>cocina refinada<\/strong> y <strong>sabrosa<\/strong> a partir de <strong>productos de agricultura ecol\u00f3gica<\/strong>, de <strong>su huerto ecol\u00f3gico<\/strong>; todo es <strong>casero<\/strong>. Solo con reserva en <a href=\"mailto:lespritdelisa@gmail.com\"><strong>lespritdelisa@gmail.com<\/strong><\/a>. <\/p>\n<\/div>\n\n\n\n<div class=\"wp-block-column is-layout-flow wp-block-column-is-layout-flow\" style=\"flex-basis:50%\">\n<h3 class=\"wp-block-heading\">tarifas<\/h3>\n\n\n\n<ul class=\"wp-block-list\">\n<li>Adulto: 9,50 \u20ac<\/li>\n\n\n\n<li>Ni\u00f1o de 6 a 11 a\u00f1os: 4,50 \u20ac<\/li>\n\n\n\n<li>Adolescente de 12 a 16 a\u00f1os: 5,50 \u20ac<\/li>\n\n\n\n<li>Gratis para los ni\u00f1os menores de 6 a\u00f1os acompa\u00f1ados por sus familias<\/li>\n<\/ul>\n\n\n\n<h3 class=\"wp-block-heading\">Informaci\u00f3n pr\u00e1ctica<\/h3>\n\n\n\n<ul class=\"wp-block-list\">\n<li>Aparcamiento en el recinto<\/li>\n\n\n\n<li>Visita de grupos solo con cita previa<\/li>\n\n\n\n<li>Nuestros amigos los perros no est\u00e1n admitidos en el jard\u00edn, ni siquiera con correa.<\/li>\n\n\n\n<li>No aceptamos tarjetas bancarias ni cheques vacaciones<\/li>\n<\/ul>\n\n\n\n<div class=\"wp-block-group has-accent-3-background-color has-background has-global-padding is-layout-constrained wp-container-core-group-is-layout-ea39502d wp-block-group-is-layout-constrained\" style=\"border-top-left-radius:1rem;border-top-right-radius:1rem;border-bottom-left-radius:1rem;border-bottom-right-radius:1rem;padding-top:var(--wp--preset--spacing--50);padding-right:var(--wp--preset--spacing--50);padding-bottom:var(--wp--preset--spacing--50);padding-left:var(--wp--preset--spacing--50)\">\n<h4 class=\"wp-block-heading has-accent-1-color has-text-color has-link-color wp-elements-0129db83ee74bbffd4062cd405978f63\">Los Jardines de la Poterie Hillen<\/h4>\n\n\n\n<p>A orillas del Gimone \u2013 65230 Thermes-Magnoac<br\/>Tel.: <a href=\"tel:05%2062%2039%2083%2048\">05 62 39 83 48<\/a><br\/>Sitio web: <a href=\"http:\/\/les-jardins-de-la-poterie-hillen.blogspot.com\/\" target=\"_blank\" rel=\"noreferrer noopener\">les-jardins-de-la-poterie-hillen.blogspot.com<\/a><\/p>\n<\/div>\n<\/div>\n<\/div>\n<\/section>\n\n<p><\/p>\n\n<aside class=\"wp-block-group pattern-did-you-know has-accent-3-background-color has-background is-vertical is-content-justification-center is-layout-flex wp-container-core-group-is-layout-65a0e5ff wp-block-group-is-layout-flex\" style=\"border-top-left-radius:1rem;border-top-right-radius:1rem;border-bottom-left-radius:1rem;border-bottom-right-radius:1rem;margin-top:var(--wp--preset--spacing--70);padding-top:var(--wp--preset--spacing--60);padding-right:var(--wp--preset--spacing--60);padding-bottom:var(--wp--preset--spacing--60);padding-left:var(--wp--preset--spacing--60)\">\n<svg\n\tclass=\"icon icon-quote wp-elements-0e7d5973b9a3897fcd4137c72a89dc1e wp-block-bedrock-icon has-text-color has-accent-1-color has-x-large-font-size\"\taria-hidden=\"true\" focusable=\"false\">\n\t\t<use href=\"https:\/\/destination-commingespyrenees.prep.faire-savoir.eu\/wp-content\/themes\/bedrock\/assets\/icons\/sprite.svg#quote\"><\/use>\n<\/svg>\n\n\n\n<h3 class=\"wp-block-heading has-text-align-center\">\u00bfLo sab\u00edas?<\/h3>\n\n\n\n<p class=\"has-text-align-center\"><strong>Los jardines de la finca de Valmirande han sido clasificados como \u00abJard\u00edn notable\u00bb.<\/strong><\/p>\n\n\n\n<div class=\"wp-block-buttons is-content-justification-center is-layout-flex wp-container-core-buttons-is-layout-a89b3969 wp-block-buttons-is-layout-flex\">\n<div class=\"wp-block-button has-icon\"><a class=\"wp-block-button__link wp-element-button\" href=\"https:\/\/destination-commingespyrenees.prep.faire-savoir.eu\/es\/castillo-de-valmirande-impresionante\/\">descubrir la finca<svg class=\"icon icon-arrow-next\" aria-hidden=\"true\" focusable=\"false\"><use href=\"https:\/\/destination-commingespyrenees.prep.faire-savoir.eu\/wp-content\/themes\/bedrock\/assets\/icons\/sprite.svg#arrow-next\"><\/use><\/svg><\/a><\/div>\n<\/div>\n<\/aside>\n\n<div class=\"wp-block-buttons is-layout-flex wp-block-buttons-is-layout-flex\">\n<div class=\"wp-block-button is-style-fill\"><a class=\"wp-block-button__link wp-element-button\" href=\"https:\/\/destination-commingespyrenees.prep.faire-savoir.eu\/agenda\/\">Consultez tout l&#8217;agenda de la destination<\/a><\/div>\n<\/div>\n","protected":false},"excerpt":{"rendered":"<p>Explora el pa\u00eds de las maravillas en los Jardines de la Poterie Hillen Conoce a Renate y Lutz, que te recibir\u00e1n con los brazos abiertos en su jungla con aires de jard\u00edn del Ed\u00e9n. Los propietarios compartir\u00e1n su historia contigo y te explicar\u00e1n por qu\u00e9 eligieron acondicionar este inmenso terreno. Como aut\u00e9nticos apasionados, tambi\u00e9n te [&hellip;]<\/p>\n","protected":false},"author":2,"featured_media":3585,"parent":0,"menu_order":0,"comment_status":"closed","ping_status":"closed","template":"","meta":{"_acf_changed":false,"footnotes":""},"experience_category":[],"class_list":["post-3586","page","type-page","status-publish","has-post-thumbnail","hentry"],"acf":[],"_links":{"self":[{"href":"https:\/\/destination-commingespyrenees.prep.faire-savoir.eu\/es\/wp-json\/wp\/v2\/pages\/3586","targetHints":{"allow":["GET"]}}],"collection":[{"href":"https:\/\/destination-commingespyrenees.prep.faire-savoir.eu\/es\/wp-json\/wp\/v2\/pages"}],"about":[{"href":"https:\/\/destination-commingespyrenees.prep.faire-savoir.eu\/es\/wp-json\/wp\/v2\/types\/page"}],"author":[{"embeddable":true,"href":"https:\/\/destination-commingespyrenees.prep.faire-savoir.eu\/es\/wp-json\/wp\/v2\/users\/2"}],"replies":[{"embeddable":true,"href":"https:\/\/destination-commingespyrenees.prep.faire-savoir.eu\/es\/wp-json\/wp\/v2\/comments?post=3586"}],"version-history":[{"count":4,"href":"https:\/\/destination-commingespyrenees.prep.faire-savoir.eu\/es\/wp-json\/wp\/v2\/pages\/3586\/revisions"}],"predecessor-version":[{"id":4257,"href":"https:\/\/destination-commingespyrenees.prep.faire-savoir.eu\/es\/wp-json\/wp\/v2\/pages\/3586\/revisions\/4257"}],"wp:featuredmedia":[{"embeddable":true,"href":"https:\/\/destination-commingespyrenees.prep.faire-savoir.eu\/es\/wp-json\/wp\/v2\/media\/3585"}],"wp:attachment":[{"href":"https:\/\/destination-commingespyrenees.prep.faire-savoir.eu\/es\/wp-json\/wp\/v2\/media?parent=3586"}],"wp:term":[{"taxonomy":"experience_category","embeddable":true,"href":"https:\/\/destination-commingespyrenees.prep.faire-savoir.eu\/es\/wp-json\/wp\/v2\/experience_category?post=3586"}],"curies":[{"name":"wp","href":"https:\/\/api.w.org\/{rel}","templated":true}]}}