{"id":3561,"date":"2026-01-12T12:34:02","date_gmt":"2026-01-12T11:34:02","guid":{"rendered":"https:\/\/destination-commingespyrenees.prep.faire-savoir.eu\/castillo-de-valmirande-impresionante\/"},"modified":"2026-04-20T12:23:38","modified_gmt":"2026-04-20T10:23:38","slug":"castillo-de-valmirande-impresionante","status":"publish","type":"page","link":"https:\/\/destination-commingespyrenees.prep.faire-savoir.eu\/es\/castillo-de-valmirande-impresionante\/","title":{"rendered":"Castillo de Valmirande, impresionante"},"content":{"rendered":"\n<section class=\"wp-block-cover alignfull pattern-hero-section\"><img loading=\"lazy\" decoding=\"async\" width=\"2048\" height=\"1365\" class=\"wp-block-cover__image-background wp-image-430 size-full\" alt=\"Ch\u00e2teau de Valmirande Montr\u00e9jeau\" src=\"https:\/\/destination-commingespyrenees.prep.faire-savoir.eu\/wp-content\/uploads\/2026\/01\/Visite-Valmirande-Chateau.-@M.Berges-OTIDestinationCommingesPyrenees-88-scaled.jpg\" data-object-fit=\"cover\" srcset=\"https:\/\/destination-commingespyrenees.prep.faire-savoir.eu\/wp-content\/uploads\/2026\/01\/Visite-Valmirande-Chateau.-@M.Berges-OTIDestinationCommingesPyrenees-88-scaled.jpg 2048w, https:\/\/destination-commingespyrenees.prep.faire-savoir.eu\/wp-content\/uploads\/2026\/01\/Visite-Valmirande-Chateau.-@M.Berges-OTIDestinationCommingesPyrenees-88-800x533.jpg 800w, https:\/\/destination-commingespyrenees.prep.faire-savoir.eu\/wp-content\/uploads\/2026\/01\/Visite-Valmirande-Chateau.-@M.Berges-OTIDestinationCommingesPyrenees-88-1600x1067.jpg 1600w, https:\/\/destination-commingespyrenees.prep.faire-savoir.eu\/wp-content\/uploads\/2026\/01\/Visite-Valmirande-Chateau.-@M.Berges-OTIDestinationCommingesPyrenees-88-768x512.jpg 768w, https:\/\/destination-commingespyrenees.prep.faire-savoir.eu\/wp-content\/uploads\/2026\/01\/Visite-Valmirande-Chateau.-@M.Berges-OTIDestinationCommingesPyrenees-88-1536x1024.jpg 1536w\" sizes=\"auto, (max-width: 2048px) 100vw, 2048px\" \/><span aria-hidden=\"true\" class=\"wp-block-cover__background has-background-dim-40 has-background-dim wp-block-cover__gradient-background has-background-gradient\" style=\"background:linear-gradient(180deg,rgb(0,0,0) 0%,rgba(0,0,0,0) 50%,rgba(0,0,0) 100%)\"><\/span><div class=\"wp-block-cover__inner-container has-global-padding is-layout-constrained wp-block-cover-is-layout-constrained\">\n<div class=\"wp-block-group alignwide is-layout-flow wp-block-group-is-layout-flow\"><h1 class=\"wp-block-post-title\">Castillo de Valmirande, impresionante<\/h1>\n\n\n<p class=\"has-medium-font-size\" style=\"font-style:normal;font-weight:700\">El peque\u00f1o Chambord de los Pirineos<\/p>\n\n\n\n<p>En Montr\u00e9jeau se encuentra un verdadero tesoro, \u00a1y muy afortunado ser\u00e1 quien logre vislumbrarlo desde la carretera! Protegido por hileras de \u00e1rboles majestuosos, el castillo de Valmirande se oculta de las miradas, en los confines de los valles pirenaicos, a dos pasos de <a href=\"https:\/\/destination-commingespyrenees.prep.faire-savoir.eu\/wp-admin\/post.php?post=257&amp;action=edit\">Saint-Bertrand de Comminges<\/a>. <\/p>\n<\/div>\n<\/div><\/section>\n\n<section class=\"wp-block-group alignfull pattern-breadcrumb has-global-padding is-layout-constrained wp-block-group-is-layout-constrained\">\n<div class=\"wp-block-group alignwide is-layout-flow wp-block-group-is-layout-flow\"><nav aria-label=\"breadcrumbs\" class=\"rank-math-breadcrumb\"><p><span class=\"last\">Accueil<\/span><\/p><\/nav><\/div>\n<\/section>\n\n<h3 class=\"wp-block-heading\">Descubrir un aut\u00e9ntico castillo de cuento de hadas<\/h3>\n\n<p>El castillo de Valmirande tiene todo lo de los grandes y no tiene nada que envidiar a sus primos del Loira.<br \/>Inspirado en el castillo de Chambord, Valmirande surgi\u00f3 en solo tres a\u00f1os, bajo los rasgos geniales de su arquitecto, el bordel\u00e9s Louis Garros. Esta creaci\u00f3n ex-nihilo pudo imaginarse a finales del siglo XIX, gracias al bar\u00f3n Bertrand de Lassus, cuya familia sigue siendo propietaria del lugar. Aunque el interior no se visita, podr\u00e1s contemplar la incre\u00edble arquitectura del lugar&#8230; No dejes de echar un vistazo a la peque\u00f1a capilla g\u00f3tica, sus vidrieras y sus m\u00e1rmoles la convierten en un lugar \u00fanico en la finca.  <\/p>\n\n<section class=\"wp-block-group alignfull pattern-media-text has-global-padding is-layout-constrained wp-block-group-is-layout-constrained\">\n<div class=\"wp-block-columns are-vertically-aligned-center is-layout-flex wp-container-core-columns-is-layout-28f84493 wp-block-columns-is-layout-flex\">\n<div class=\"wp-block-column is-vertically-aligned-center is-layout-flow wp-block-column-is-layout-flow\" style=\"flex-basis:50%\">\n<figure data-wp-context=\"{&quot;imageId&quot;:&quot;69ff8a1371aa2&quot;}\" data-wp-interactive=\"core\/image\" data-wp-key=\"69ff8a1371aa2\" class=\"wp-block-image size-large wp-lightbox-container\"><img loading=\"lazy\" decoding=\"async\" width=\"1600\" height=\"1067\" data-wp-class--hide=\"state.isContentHidden\" data-wp-class--show=\"state.isContentVisible\" data-wp-init=\"callbacks.setButtonStyles\" data-wp-on--click=\"actions.showLightbox\" data-wp-on--load=\"callbacks.setButtonStyles\" data-wp-on-window--resize=\"callbacks.setButtonStyles\" src=\"https:\/\/destination-commingespyrenees.prep.faire-savoir.eu\/wp-content\/uploads\/2026\/01\/VI49AF1-1600x1067.jpg\" alt=\"\" class=\"wp-image-157\" srcset=\"https:\/\/destination-commingespyrenees.prep.faire-savoir.eu\/wp-content\/uploads\/2026\/01\/VI49AF1-1600x1067.jpg 1600w, https:\/\/destination-commingespyrenees.prep.faire-savoir.eu\/wp-content\/uploads\/2026\/01\/VI49AF1-800x533.jpg 800w, https:\/\/destination-commingespyrenees.prep.faire-savoir.eu\/wp-content\/uploads\/2026\/01\/VI49AF1-768x512.jpg 768w, https:\/\/destination-commingespyrenees.prep.faire-savoir.eu\/wp-content\/uploads\/2026\/01\/VI49AF1-1536x1024.jpg 1536w, https:\/\/destination-commingespyrenees.prep.faire-savoir.eu\/wp-content\/uploads\/2026\/01\/VI49AF1-scaled.jpg 2048w\" sizes=\"auto, (max-width: 1600px) 100vw, 1600px\" \/><button\n\t\t\tclass=\"lightbox-trigger\"\n\t\t\ttype=\"button\"\n\t\t\taria-haspopup=\"dialog\"\n\t\t\taria-label=\"Agrandar\"\n\t\t\tdata-wp-init=\"callbacks.initTriggerButton\"\n\t\t\tdata-wp-on--click=\"actions.showLightbox\"\n\t\t\tdata-wp-style--right=\"state.imageButtonRight\"\n\t\t\tdata-wp-style--top=\"state.imageButtonTop\"\n\t\t>\n\t\t\t<svg xmlns=\"http:\/\/www.w3.org\/2000\/svg\" width=\"12\" height=\"12\" fill=\"none\" viewBox=\"0 0 12 12\">\n\t\t\t\t<path fill=\"#fff\" d=\"M2 0a2 2 0 0 0-2 2v2h1.5V2a.5.5 0 0 1 .5-.5h2V0H2Zm2 10.5H2a.5.5 0 0 1-.5-.5V8H0v2a2 2 0 0 0 2 2h2v-1.5ZM8 12v-1.5h2a.5.5 0 0 0 .5-.5V8H12v2a2 2 0 0 1-2 2H8Zm2-12a2 2 0 0 1 2 2v2h-1.5V2a.5.5 0 0 0-.5-.5H8V0h2Z\" \/>\n\t\t\t<\/svg>\n\t\t<\/button><\/figure>\n<\/div>\n\n\n\n<div class=\"wp-block-column is-vertically-aligned-center is-layout-flow wp-block-column-is-layout-flow\" style=\"flex-basis:50%\">\n<h3 class=\"wp-block-heading\">Pasear por los jardines del castillo de Valmirande<\/h3>\n\n\n\n<p>Quien dice parque gigantesco (\u00a141 hect\u00e1reas nada menos!) dice necesariamente jardines excepcionales, y el castillo de Valmirande no es una excepci\u00f3n. El bar\u00f3n Bertrand de Lassus recurri\u00f3 a los hermanos B\u00fclher (los paisajistas que realizaron el Parc Bordelais o el Parc de la T\u00eate d&#8217;Or en Lyon, entre otros) para imaginar magn\u00edficos jardines. Pasea entre las avenidas de este peque\u00f1o para\u00edso y admira el follaje de los \u00e1rboles ahora centenarios. Tu paseo vegetal te llevar\u00e1 entre estatuas, esculturas, puentes, pero tambi\u00e9n fuentes y grutas&#8230; \u00a1Una inmersi\u00f3n en el imaginario que hace la unanimidad entre los visitantes! Los jardines del castillo de Valmirande son, por cierto, una fuente perfecta de inspiraci\u00f3n para escritores y cineastas en ciernes.    <\/p>\n\n\n\n<div class=\"wp-block-buttons is-layout-flex wp-block-buttons-is-layout-flex\">\n<div class=\"wp-block-button is-style-fill\"><a class=\"wp-block-button__link wp-element-button\" href=\"https:\/\/www.parcsetjardins.fr\/jardins\/503-parc-du-chateau-de-valmirande\" target=\"_blank\" rel=\"noopener\">Saber m\u00e1s<\/a><\/div>\n<\/div>\n<\/div>\n<\/div>\n<\/section>\n\n<h3 class=\"wp-block-heading has-text-align-center\">\u2665 Tres an\u00e9cdotas que debes saber sobre el castillo de Valmirande \u2665<\/h3>\n\n<ul class=\"wp-block-list\">\n<li>El incre\u00edble parque acondicionado cuenta con cerca de 180 especies de \u00e1rboles&#8230; \u00a1Para repasar los cl\u00e1sicos de bot\u00e1nica! Un verdadero arboreto de m\u00e1s de 180 especies con \u00e1rboles ahora centenarios, entre ellos ocho <a href=\"https:\/\/fr.wikipedia.org\/wiki\/Tulipier_de_Virginie\" target=\"_blank\" rel=\"noopener\">tuliperos de Virginia<\/a>, <a href=\"https:\/\/fr.wikipedia.org\/wiki\/C%C3%A8dre_du_Liban\" target=\"_blank\" rel=\"noopener\">cedros del L\u00edbano<\/a>, <a href=\"https:\/\/fr.wikipedia.org\/wiki\/C%C3%A8dre_de_l%27Atlas\" target=\"_blank\" rel=\"noopener\">del Atlas<\/a> o <a href=\"https:\/\/fr.wikipedia.org\/wiki\/C%C3%A8dre_de_l%27Himalaya\" target=\"_blank\" rel=\"noopener\">del Himalaya<\/a>, <a href=\"https:\/\/fr.wikipedia.org\/wiki\/Cypr%C3%A8s_chauve\" target=\"_blank\" rel=\"noopener\">cipreses calvos<\/a> de Luisiana, <em><a href=\"https:\/\/fr.wikipedia.org\/wiki\/Magnolia_grandiflora\" target=\"_blank\" rel=\"noopener\">magnolia grandiflora<\/a><\/em>, un <a href=\"https:\/\/fr.wikipedia.org\/wiki\/Tilleul\" target=\"_blank\" rel=\"noopener\">tilo<\/a> llor\u00f3n o arbustos como el <em><a href=\"https:\/\/fr.wikipedia.org\/wiki\/Citronnier_%C3%A9pineux\" target=\"_blank\" rel=\"noopener\">citrus poncirus<\/a><\/em>, el <a href=\"https:\/\/fr.wikipedia.org\/wiki\/Laurier_du_Portugal\" target=\"_blank\" rel=\"noopener\">laurel de Portugal<\/a>; la mayor\u00eda de estos ejemplares fueron plantados a los veinte a\u00f1os, de ah\u00ed su envergadura actual. <\/li>\n\n\n\n<li>En 1912, el hijo del paisajista <a href=\"https:\/\/fr.wikipedia.org\/wiki\/%C3%89douard_Andr%C3%A9_(1840-1911)\" target=\"_blank\" rel=\"noopener\">\u00c9douard Andr\u00e9<\/a> insert\u00f3 dos <a href=\"https:\/\/fr.wikipedia.org\/wiki\/Jardin_%C3%A0_la_fran%C3%A7aise\" target=\"_blank\" rel=\"noopener\">parterres \u00aba la francesa\u00bb<\/a>: uno al norte, otro al sur del castillo, desde el cual se descubre la vista de la cordillera de los Pirineos m\u00e1s all\u00e1 del valle del <a href=\"https:\/\/fr.wikipedia.org\/wiki\/Neste\" target=\"_blank\" rel=\"noopener\">Neste<\/a> y de <a href=\"https:\/\/fr.wikipedia.org\/wiki\/Saint-Bertrand_de_Comminges\" target=\"_blank\" rel=\"noopener\">Saint-Bertrand de Comminges<\/a>.<\/li>\n\n\n\n<li>El parque y los <a href=\"https:\/\/fr.wikipedia.org\/wiki\/Jardin\" target=\"_blank\" rel=\"noopener\">jardines<\/a> del <a href=\"https:\/\/fr.wikipedia.org\/wiki\/Ch%C3%A2teau\" target=\"_blank\" rel=\"noopener\">castillo<\/a> fueron clasificados como \u00ab<a href=\"https:\/\/fr.wikipedia.org\/wiki\/Jardin_remarquable\" target=\"_blank\" rel=\"noopener\">Jard\u00edn notable<\/a>\u00bb por el ministerio de cultura hasta 2017.<\/li>\n\n\n\n<li>Solo para el muro de recinto, hicieron falta unos cincuenta alba\u00f1iles para realizar la obra.<\/li>\n\n\n\n<li>La caballeriza del castillo de Valmirande es una de las m\u00e1s bellas de Francia y rar\u00edsima, est\u00e1 \u00edntegramente en m\u00e1rmol.<\/li>\n<\/ul>\n\n<section class=\"wp-block-group alignfull pattern-media-grid has-global-padding is-layout-constrained wp-block-group-is-layout-constrained\">\n<div class=\"wp-block-columns alignwide is-layout-flex wp-container-core-columns-is-layout-28f84493 wp-block-columns-is-layout-flex\">\n<div class=\"wp-block-column is-layout-flow wp-block-column-is-layout-flow\">\n<figure data-wp-context=\"{&quot;imageId&quot;:&quot;69ff8a137309e&quot;}\" data-wp-interactive=\"core\/image\" data-wp-key=\"69ff8a137309e\" class=\"wp-block-image size-large wp-lightbox-container\"><img loading=\"lazy\" decoding=\"async\" width=\"1600\" height=\"1067\" data-wp-class--hide=\"state.isContentHidden\" data-wp-class--show=\"state.isContentVisible\" data-wp-init=\"callbacks.setButtonStyles\" data-wp-on--click=\"actions.showLightbox\" data-wp-on--load=\"callbacks.setButtonStyles\" data-wp-on-window--resize=\"callbacks.setButtonStyles\" src=\"https:\/\/destination-commingespyrenees.prep.faire-savoir.eu\/wp-content\/uploads\/2026\/01\/Visite-Vlamirande-Chateau.-@M.Berges-OTIDestinationCommingesPyrenees-8-1600x1067.jpg\" alt=\"Lago de la finca de Valmirande en Montr&#xE9;jeau\" class=\"wp-image-432\" style=\"aspect-ratio:3\/2;object-fit:cover\" srcset=\"https:\/\/destination-commingespyrenees.prep.faire-savoir.eu\/wp-content\/uploads\/2026\/01\/Visite-Vlamirande-Chateau.-@M.Berges-OTIDestinationCommingesPyrenees-8-1600x1067.jpg 1600w, https:\/\/destination-commingespyrenees.prep.faire-savoir.eu\/wp-content\/uploads\/2026\/01\/Visite-Vlamirande-Chateau.-@M.Berges-OTIDestinationCommingesPyrenees-8-800x533.jpg 800w, https:\/\/destination-commingespyrenees.prep.faire-savoir.eu\/wp-content\/uploads\/2026\/01\/Visite-Vlamirande-Chateau.-@M.Berges-OTIDestinationCommingesPyrenees-8-768x512.jpg 768w, https:\/\/destination-commingespyrenees.prep.faire-savoir.eu\/wp-content\/uploads\/2026\/01\/Visite-Vlamirande-Chateau.-@M.Berges-OTIDestinationCommingesPyrenees-8-1536x1024.jpg 1536w, https:\/\/destination-commingespyrenees.prep.faire-savoir.eu\/wp-content\/uploads\/2026\/01\/Visite-Vlamirande-Chateau.-@M.Berges-OTIDestinationCommingesPyrenees-8-scaled.jpg 2048w\" sizes=\"auto, (max-width: 1600px) 100vw, 1600px\" \/><button\n\t\t\tclass=\"lightbox-trigger\"\n\t\t\ttype=\"button\"\n\t\t\taria-haspopup=\"dialog\"\n\t\t\taria-label=\"Agrandar\"\n\t\t\tdata-wp-init=\"callbacks.initTriggerButton\"\n\t\t\tdata-wp-on--click=\"actions.showLightbox\"\n\t\t\tdata-wp-style--right=\"state.imageButtonRight\"\n\t\t\tdata-wp-style--top=\"state.imageButtonTop\"\n\t\t>\n\t\t\t<svg xmlns=\"http:\/\/www.w3.org\/2000\/svg\" width=\"12\" height=\"12\" fill=\"none\" viewBox=\"0 0 12 12\">\n\t\t\t\t<path fill=\"#fff\" d=\"M2 0a2 2 0 0 0-2 2v2h1.5V2a.5.5 0 0 1 .5-.5h2V0H2Zm2 10.5H2a.5.5 0 0 1-.5-.5V8H0v2a2 2 0 0 0 2 2h2v-1.5ZM8 12v-1.5h2a.5.5 0 0 0 .5-.5V8H12v2a2 2 0 0 1-2 2H8Zm2-12a2 2 0 0 1 2 2v2h-1.5V2a.5.5 0 0 0-.5-.5H8V0h2Z\" \/>\n\t\t\t<\/svg>\n\t\t<\/button><\/figure>\n<\/div>\n\n\n\n<div class=\"wp-block-column is-layout-flow wp-block-column-is-layout-flow\">\n<figure data-wp-context=\"{&quot;imageId&quot;:&quot;69ff8a137389d&quot;}\" data-wp-interactive=\"core\/image\" data-wp-key=\"69ff8a137389d\" class=\"wp-block-image size-large wp-lightbox-container\"><img loading=\"lazy\" decoding=\"async\" width=\"1600\" height=\"1067\" data-wp-class--hide=\"state.isContentHidden\" data-wp-class--show=\"state.isContentVisible\" data-wp-init=\"callbacks.setButtonStyles\" data-wp-on--click=\"actions.showLightbox\" data-wp-on--load=\"callbacks.setButtonStyles\" data-wp-on-window--resize=\"callbacks.setButtonStyles\" src=\"https:\/\/destination-commingespyrenees.prep.faire-savoir.eu\/wp-content\/uploads\/2026\/01\/Visite-Vlamirande-Chateau.-@M.Berges-OTIDestinationCommingesPyrenees-23-1600x1067.jpg\" alt=\"Castillo de Valmirande fachada sur\" class=\"wp-image-433\" style=\"aspect-ratio:3\/2;object-fit:cover\" srcset=\"https:\/\/destination-commingespyrenees.prep.faire-savoir.eu\/wp-content\/uploads\/2026\/01\/Visite-Vlamirande-Chateau.-@M.Berges-OTIDestinationCommingesPyrenees-23-1600x1067.jpg 1600w, https:\/\/destination-commingespyrenees.prep.faire-savoir.eu\/wp-content\/uploads\/2026\/01\/Visite-Vlamirande-Chateau.-@M.Berges-OTIDestinationCommingesPyrenees-23-800x533.jpg 800w, https:\/\/destination-commingespyrenees.prep.faire-savoir.eu\/wp-content\/uploads\/2026\/01\/Visite-Vlamirande-Chateau.-@M.Berges-OTIDestinationCommingesPyrenees-23-768x512.jpg 768w, https:\/\/destination-commingespyrenees.prep.faire-savoir.eu\/wp-content\/uploads\/2026\/01\/Visite-Vlamirande-Chateau.-@M.Berges-OTIDestinationCommingesPyrenees-23-1536x1024.jpg 1536w, https:\/\/destination-commingespyrenees.prep.faire-savoir.eu\/wp-content\/uploads\/2026\/01\/Visite-Vlamirande-Chateau.-@M.Berges-OTIDestinationCommingesPyrenees-23-scaled.jpg 2048w\" sizes=\"auto, (max-width: 1600px) 100vw, 1600px\" \/><button\n\t\t\tclass=\"lightbox-trigger\"\n\t\t\ttype=\"button\"\n\t\t\taria-haspopup=\"dialog\"\n\t\t\taria-label=\"Agrandar\"\n\t\t\tdata-wp-init=\"callbacks.initTriggerButton\"\n\t\t\tdata-wp-on--click=\"actions.showLightbox\"\n\t\t\tdata-wp-style--right=\"state.imageButtonRight\"\n\t\t\tdata-wp-style--top=\"state.imageButtonTop\"\n\t\t>\n\t\t\t<svg xmlns=\"http:\/\/www.w3.org\/2000\/svg\" width=\"12\" height=\"12\" fill=\"none\" viewBox=\"0 0 12 12\">\n\t\t\t\t<path fill=\"#fff\" d=\"M2 0a2 2 0 0 0-2 2v2h1.5V2a.5.5 0 0 1 .5-.5h2V0H2Zm2 10.5H2a.5.5 0 0 1-.5-.5V8H0v2a2 2 0 0 0 2 2h2v-1.5ZM8 12v-1.5h2a.5.5 0 0 0 .5-.5V8H12v2a2 2 0 0 1-2 2H8Zm2-12a2 2 0 0 1 2 2v2h-1.5V2a.5.5 0 0 0-.5-.5H8V0h2Z\" \/>\n\t\t\t<\/svg>\n\t\t<\/button><\/figure>\n\n\n\n<figure data-wp-context=\"{&quot;imageId&quot;:&quot;69ff8a1373db0&quot;}\" data-wp-interactive=\"core\/image\" data-wp-key=\"69ff8a1373db0\" class=\"wp-block-image size-full wp-lightbox-container\"><img loading=\"lazy\" decoding=\"async\" width=\"2048\" height=\"1536\" data-wp-class--hide=\"state.isContentHidden\" data-wp-class--show=\"state.isContentVisible\" data-wp-init=\"callbacks.setButtonStyles\" data-wp-on--click=\"actions.showLightbox\" data-wp-on--load=\"callbacks.setButtonStyles\" data-wp-on-window--resize=\"callbacks.setButtonStyles\" src=\"https:\/\/destination-commingespyrenees.prep.faire-savoir.eu\/wp-content\/uploads\/2026\/01\/Domaine-Valmirande-Montrejeau-2020-OTI-38-scaled.jpg\" alt=\"Caballerizas del castillo de Valmirande\" class=\"wp-image-164\" style=\"aspect-ratio:3\/2;object-fit:cover\" srcset=\"https:\/\/destination-commingespyrenees.prep.faire-savoir.eu\/wp-content\/uploads\/2026\/01\/Domaine-Valmirande-Montrejeau-2020-OTI-38-scaled.jpg 2048w, https:\/\/destination-commingespyrenees.prep.faire-savoir.eu\/wp-content\/uploads\/2026\/01\/Domaine-Valmirande-Montrejeau-2020-OTI-38-800x600.jpg 800w, https:\/\/destination-commingespyrenees.prep.faire-savoir.eu\/wp-content\/uploads\/2026\/01\/Domaine-Valmirande-Montrejeau-2020-OTI-38-1600x1200.jpg 1600w, https:\/\/destination-commingespyrenees.prep.faire-savoir.eu\/wp-content\/uploads\/2026\/01\/Domaine-Valmirande-Montrejeau-2020-OTI-38-768x576.jpg 768w, https:\/\/destination-commingespyrenees.prep.faire-savoir.eu\/wp-content\/uploads\/2026\/01\/Domaine-Valmirande-Montrejeau-2020-OTI-38-1536x1152.jpg 1536w\" sizes=\"auto, (max-width: 2048px) 100vw, 2048px\" \/><button\n\t\t\tclass=\"lightbox-trigger\"\n\t\t\ttype=\"button\"\n\t\t\taria-haspopup=\"dialog\"\n\t\t\taria-label=\"Agrandar\"\n\t\t\tdata-wp-init=\"callbacks.initTriggerButton\"\n\t\t\tdata-wp-on--click=\"actions.showLightbox\"\n\t\t\tdata-wp-style--right=\"state.imageButtonRight\"\n\t\t\tdata-wp-style--top=\"state.imageButtonTop\"\n\t\t>\n\t\t\t<svg xmlns=\"http:\/\/www.w3.org\/2000\/svg\" width=\"12\" height=\"12\" fill=\"none\" viewBox=\"0 0 12 12\">\n\t\t\t\t<path fill=\"#fff\" d=\"M2 0a2 2 0 0 0-2 2v2h1.5V2a.5.5 0 0 1 .5-.5h2V0H2Zm2 10.5H2a.5.5 0 0 1-.5-.5V8H0v2a2 2 0 0 0 2 2h2v-1.5ZM8 12v-1.5h2a.5.5 0 0 0 .5-.5V8H12v2a2 2 0 0 1-2 2H8Zm2-12a2 2 0 0 1 2 2v2h-1.5V2a.5.5 0 0 0-.5-.5H8V0h2Z\" \/>\n\t\t\t<\/svg>\n\t\t<\/button><\/figure>\n<\/div>\n<\/div>\n<\/section>\n\n<section class=\"wp-block-group alignfull pattern-prepare-your-visit has-global-padding is-layout-constrained wp-block-group-is-layout-constrained\">\n<div class=\"wp-block-columns is-layout-flex wp-container-core-columns-is-layout-f5a44f5b wp-block-columns-is-layout-flex\">\n<div class=\"wp-block-column is-layout-flow wp-block-column-is-layout-flow\" style=\"flex-basis:50%\">\n<h2 class=\"wp-block-heading\">Prepara tu visita<\/h2>\n\n\n\n<p>La finca de Valmirande en Montr\u00e9jeau es una propiedad privada.<\/p>\n\n\n\n<p>Las visitas propuestas son visitas comentadas en franc\u00e9s (folleto en ingl\u00e9s\/espa\u00f1ol proporcionado)<\/p>\n\n\n\n<p><strong><mark class=\"has-inline-color has-accent-1-color\">Periodos de apertura<\/mark><\/strong><br \/>&#8211; Del 14 de julio al 31 de agosto: una visita todos los d\u00edas a las 10h y a las 16h.<br \/>Otras vacaciones escolares: una visita por semana, seg\u00fan la demanda.<br \/>&#8211; Del 1 al 15 de septiembre: una visita el jueves en funci\u00f3n de la demanda.<br \/>Jornadas Europeas del Patrimonio abierto de 10h a 19h<br \/><br \/>Todo el a\u00f1o para grupos de m\u00e1s de 10 personas (reserva obligatoria) en el 06 21 05 40 16.<\/p>\n<\/div>\n\n\n\n<div class=\"wp-block-column is-layout-flow wp-block-column-is-layout-flow\" style=\"flex-basis:50%\">\n<h4 class=\"wp-block-heading\">TARIFAS<\/h4>\n\n\n\n<ul class=\"wp-block-list\">\n<li>Tarifa normal adulto: 10\u20ac<\/li>\n\n\n\n<li>Tarifa reducida (grupo) a partir de 10 personas: 8\u20ac<\/li>\n\n\n\n<li>Tarifa ni\u00f1o \u2013 12 a\u00f1os: 5\u20ac<\/li>\n\n\n\n<li>Tarifa reducida Jornadas Europeas del Patrimonio adulto: 5\u20ac<\/li>\n\n\n\n<li>Tarifa reducida Jornadas Europeas del Patrimonio ni\u00f1o: 3\u20ac<\/li>\n\n\n\n<li>No se acepta pago con tarjeta bancaria<\/li>\n<\/ul>\n\n\n\n<div class=\"wp-block-group has-accent-3-background-color has-background has-global-padding is-layout-constrained wp-container-core-group-is-layout-ea39502d wp-block-group-is-layout-constrained\" style=\"border-top-left-radius:1rem;border-top-right-radius:1rem;border-bottom-left-radius:1rem;border-bottom-right-radius:1rem;padding-top:var(--wp--preset--spacing--50);padding-right:var(--wp--preset--spacing--50);padding-bottom:var(--wp--preset--spacing--50);padding-left:var(--wp--preset--spacing--50)\">\n<h4 class=\"wp-block-heading has-accent-1-color has-text-color has-link-color wp-elements-c9bffbaa71772070a71ba07c38a63663\"><strong>Finca de Valmirande<\/strong><\/h4>\n\n\n\n<p>Presentarse 10 min antes de la hora de visita delante de las rejas de la finca de Valmirande (RD 817- Direcci\u00f3n Tarbes)<\/p>\n<\/div>\n<\/div>\n<\/div>\n<\/section>\n\n<aside class=\"wp-block-group pattern-did-you-know has-accent-3-background-color has-background is-vertical is-content-justification-center is-layout-flex wp-container-core-group-is-layout-65a0e5ff wp-block-group-is-layout-flex\" style=\"border-top-left-radius:1rem;border-top-right-radius:1rem;border-bottom-left-radius:1rem;border-bottom-right-radius:1rem;margin-top:var(--wp--preset--spacing--70);padding-top:var(--wp--preset--spacing--60);padding-right:var(--wp--preset--spacing--60);padding-bottom:var(--wp--preset--spacing--60);padding-left:var(--wp--preset--spacing--60)\">\n<svg\n\tclass=\"icon icon-quote wp-elements-0e7d5973b9a3897fcd4137c72a89dc1e wp-block-bedrock-icon has-text-color has-accent-1-color has-x-large-font-size\"\taria-hidden=\"true\" focusable=\"false\">\n\t\t<use href=\"https:\/\/destination-commingespyrenees.prep.faire-savoir.eu\/wp-content\/themes\/bedrock\/assets\/icons\/sprite.svg#quote\"><\/use>\n<\/svg>\n\n\n\n<h3 class=\"wp-block-heading has-text-align-center\">\u00bfLo sab\u00edas?<\/h3>\n\n\n\n<p class=\"has-text-align-center\"><strong>Los jardines de la alfarer\u00eda de Hillen se visitan y est\u00e1n clasificados como \u00abJard\u00edn notable\u00bb<\/strong><\/p>\n\n\n\n<div class=\"wp-block-buttons is-content-justification-center is-layout-flex wp-container-core-buttons-is-layout-a89b3969 wp-block-buttons-is-layout-flex\">\n<div class=\"wp-block-button has-icon\"><a class=\"wp-block-button__link wp-element-button\" href=\"https:\/\/destination-commingespyrenees.prep.faire-savoir.eu\/es\/jardines-de-la-poterie-hillen\/\">Descubre este lugar \u00fanico<svg class=\"icon icon-arrow-next\" aria-hidden=\"true\" focusable=\"false\"><use href=\"https:\/\/destination-commingespyrenees.prep.faire-savoir.eu\/wp-content\/themes\/bedrock\/assets\/icons\/sprite.svg#arrow-next\"><\/use><\/svg><\/a><\/div>\n<\/div>\n<\/aside>\n","protected":false},"excerpt":{"rendered":"<p>Descubrir un aut\u00e9ntico castillo de cuento de hadas El castillo de Valmirande tiene todo lo de los grandes y no tiene nada que envidiar a sus primos del Loira.Inspirado en el castillo de Chambord, Valmirande surgi\u00f3 en solo tres a\u00f1os, bajo los rasgos geniales de su arquitecto, el bordel\u00e9s Louis Garros. Esta creaci\u00f3n ex-nihilo pudo [&hellip;]<\/p>\n","protected":false},"author":2,"featured_media":3560,"parent":0,"menu_order":98,"comment_status":"closed","ping_status":"closed","template":"","meta":{"_acf_changed":false,"footnotes":""},"experience_category":[],"class_list":["post-3561","page","type-page","status-publish","has-post-thumbnail","hentry"],"acf":[],"_links":{"self":[{"href":"https:\/\/destination-commingespyrenees.prep.faire-savoir.eu\/es\/wp-json\/wp\/v2\/pages\/3561","targetHints":{"allow":["GET"]}}],"collection":[{"href":"https:\/\/destination-commingespyrenees.prep.faire-savoir.eu\/es\/wp-json\/wp\/v2\/pages"}],"about":[{"href":"https:\/\/destination-commingespyrenees.prep.faire-savoir.eu\/es\/wp-json\/wp\/v2\/types\/page"}],"author":[{"embeddable":true,"href":"https:\/\/destination-commingespyrenees.prep.faire-savoir.eu\/es\/wp-json\/wp\/v2\/users\/2"}],"replies":[{"embeddable":true,"href":"https:\/\/destination-commingespyrenees.prep.faire-savoir.eu\/es\/wp-json\/wp\/v2\/comments?post=3561"}],"version-history":[{"count":3,"href":"https:\/\/destination-commingespyrenees.prep.faire-savoir.eu\/es\/wp-json\/wp\/v2\/pages\/3561\/revisions"}],"predecessor-version":[{"id":3589,"href":"https:\/\/destination-commingespyrenees.prep.faire-savoir.eu\/es\/wp-json\/wp\/v2\/pages\/3561\/revisions\/3589"}],"wp:featuredmedia":[{"embeddable":true,"href":"https:\/\/destination-commingespyrenees.prep.faire-savoir.eu\/es\/wp-json\/wp\/v2\/media\/3560"}],"wp:attachment":[{"href":"https:\/\/destination-commingespyrenees.prep.faire-savoir.eu\/es\/wp-json\/wp\/v2\/media?parent=3561"}],"wp:term":[{"taxonomy":"experience_category","embeddable":true,"href":"https:\/\/destination-commingespyrenees.prep.faire-savoir.eu\/es\/wp-json\/wp\/v2\/experience_category?post=3561"}],"curies":[{"name":"wp","href":"https:\/\/api.w.org\/{rel}","templated":true}]}}