{"id":3553,"date":"2026-01-13T14:11:32","date_gmt":"2026-01-13T13:11:32","guid":{"rendered":"https:\/\/destination-commingespyrenees.prep.faire-savoir.eu\/bagneres-de-luchon-en-el-corazon-de-los-pirineos\/"},"modified":"2026-04-20T12:19:38","modified_gmt":"2026-04-20T10:19:38","slug":"bagneres-de-luchon-en-el-corazon-de-los-pirineos","status":"publish","type":"page","link":"https:\/\/destination-commingespyrenees.prep.faire-savoir.eu\/es\/bagneres-de-luchon-en-el-corazon-de-los-pirineos\/","title":{"rendered":"Bagn\u00e8res-de-Luchon: en el coraz\u00f3n de los Pirineos"},"content":{"rendered":"\n<section class=\"wp-block-cover alignfull pattern-hero-section\" style=\"min-height:100vh;aspect-ratio:unset;\"><img loading=\"lazy\" decoding=\"async\" width=\"903\" height=\"677\" class=\"wp-block-cover__image-background wp-image-421 size-full\" alt=\"Lac d'O\u00f4 - lac embl\u00e9matique des Pyr\u00e9n\u00e9es\" src=\"https:\/\/destination-commingespyrenees.prep.faire-savoir.eu\/wp-content\/uploads\/2026\/01\/bagneres_de_luchon_-_grand_site_de_midi-pyrenees_lac_doo-2.jpg\" data-object-fit=\"cover\" srcset=\"https:\/\/destination-commingespyrenees.prep.faire-savoir.eu\/wp-content\/uploads\/2026\/01\/bagneres_de_luchon_-_grand_site_de_midi-pyrenees_lac_doo-2.jpg 903w, https:\/\/destination-commingespyrenees.prep.faire-savoir.eu\/wp-content\/uploads\/2026\/01\/bagneres_de_luchon_-_grand_site_de_midi-pyrenees_lac_doo-2-800x600.jpg 800w, https:\/\/destination-commingespyrenees.prep.faire-savoir.eu\/wp-content\/uploads\/2026\/01\/bagneres_de_luchon_-_grand_site_de_midi-pyrenees_lac_doo-2-768x576.jpg 768w\" sizes=\"auto, (max-width: 903px) 100vw, 903px\" \/><span aria-hidden=\"true\" class=\"wp-block-cover__background has-background-dim-40 has-background-dim wp-block-cover__gradient-background has-background-gradient\" style=\"background:linear-gradient(180deg,rgb(0,0,0) 0%,rgba(0,0,0,0) 50%,rgba(0,0,0) 100%)\"><\/span><div class=\"wp-block-cover__inner-container has-global-padding is-layout-constrained wp-block-cover-is-layout-constrained\">\n<div class=\"wp-block-group alignwide is-layout-flow wp-block-group-is-layout-flow\"><h1 class=\"wp-block-post-title\">Bagn\u00e8res-de-Luchon: en el coraz\u00f3n de los Pirineos<\/h1>\n\n\n<p class=\"has-medium-font-size\" style=\"font-style:normal;font-weight:700\">En los Pirineos, cuando quieres planificar un fin de semana en la monta\u00f1a y recargar pilas, la ciudad de Bagn\u00e8res-de-Luchon ocupa el primer lugar, \u00a1y con raz\u00f3n! La Reina de los Pirineos es famosa por la calidad de sus termas. <\/p>\n<\/div>\n<\/div><\/section>\n\n<section class=\"wp-block-group alignfull pattern-breadcrumb has-global-padding is-layout-constrained wp-block-group-is-layout-constrained\">\n<div class=\"wp-block-group alignwide is-layout-flow wp-block-group-is-layout-flow\"><nav aria-label=\"breadcrumbs\" class=\"rank-math-breadcrumb\"><p><span class=\"last\">Accueil<\/span><\/p><\/nav><\/div>\n<\/section>\n\n<section class=\"wp-block-group alignfull pattern-text has-global-padding is-layout-constrained wp-block-group-is-layout-constrained\">\n<div class=\"wp-block-group has-global-padding is-layout-constrained wp-block-group-is-layout-constrained\">\n<h3 class=\"wp-block-heading\">Disfruta de un ba\u00f1o de juventud en Bagn\u00e8res-de-Luchon<\/h3>\n\n\n\n<p><strong>Los <strong>romanos<\/strong> no se equivocaron y ya en el siglo I <strong>a. C.<\/strong> descubrieron los beneficios del termalismo. Destino predilecto de los grandes de este mundo unos siglos m\u00e1s tarde,<strong> Bagn\u00e8res-de-Luchon<\/strong> acogi\u00f3, entre otros, a la <strong>emperatriz Eugenia<\/strong>, a <strong>Alexandre Dumas<\/strong> y tambi\u00e9n a <strong>Gustave Flaubert<\/strong>. \u00a1Tantas personalidades que contribuyeron al renombre de la villa termal! Al pasear por las calles de la ciudad, no dejes de admirar la arquitectura tan t\u00edpica de la Belle \u00c9poque y las creaciones arquitect\u00f3nicas termales: aunque el casino y el teatro son dignos de ver, \u00a1es realmente la villa Edmond Rostand la que merece una visita!<br\/>\u00a1Ser\u00eda una pena venir a <strong>Luchon<\/strong> sin deleitarte con el agua termal, la m\u00e1s sulfurosa de los <strong>Pirineos<\/strong>! Ac\u00e9rcate a \u201c<a href=\"https:\/\/www.thermes-luchon.fr\/ressources-vous\/\" target=\"_blank\" rel=\"noreferrer noopener\">Ressources &amp; Vous<\/a>\u201d para disfrutar de un momento de relajaci\u00f3n absoluta.   <\/strong><\/p>\n<\/div>\n<\/section>\n\n<section class=\"wp-block-group alignfull pattern-media-text has-global-padding is-layout-constrained wp-block-group-is-layout-constrained\">\n<div class=\"wp-block-columns are-vertically-aligned-center is-layout-flex wp-container-core-columns-is-layout-28f84493 wp-block-columns-is-layout-flex\">\n<div class=\"wp-block-column is-vertically-aligned-center is-layout-flow wp-block-column-is-layout-flow\" style=\"flex-basis:50%\">\n<figure data-wp-context=\"{&quot;imageId&quot;:&quot;69ff87afda1bc&quot;}\" data-wp-interactive=\"core\/image\" data-wp-key=\"69ff87afda1bc\" class=\"wp-block-image size-full wp-lightbox-container\"><img loading=\"lazy\" decoding=\"async\" width=\"1500\" height=\"1235\" data-wp-class--hide=\"state.isContentHidden\" data-wp-class--show=\"state.isContentVisible\" data-wp-init=\"callbacks.setButtonStyles\" data-wp-on--click=\"actions.showLightbox\" data-wp-on--load=\"callbacks.setButtonStyles\" data-wp-on-window--resize=\"callbacks.setButtonStyles\" src=\"https:\/\/destination-commingespyrenees.prep.faire-savoir.eu\/wp-content\/uploads\/2026\/01\/490482407_1285488693022436_3235018723307550107_n.jpg\" alt=\"\" class=\"wp-image-424\" srcset=\"https:\/\/destination-commingespyrenees.prep.faire-savoir.eu\/wp-content\/uploads\/2026\/01\/490482407_1285488693022436_3235018723307550107_n.jpg 1500w, https:\/\/destination-commingespyrenees.prep.faire-savoir.eu\/wp-content\/uploads\/2026\/01\/490482407_1285488693022436_3235018723307550107_n-800x659.jpg 800w, https:\/\/destination-commingespyrenees.prep.faire-savoir.eu\/wp-content\/uploads\/2026\/01\/490482407_1285488693022436_3235018723307550107_n-768x632.jpg 768w\" sizes=\"auto, (max-width: 1500px) 100vw, 1500px\" \/><button\n\t\t\tclass=\"lightbox-trigger\"\n\t\t\ttype=\"button\"\n\t\t\taria-haspopup=\"dialog\"\n\t\t\taria-label=\"Agrandar\"\n\t\t\tdata-wp-init=\"callbacks.initTriggerButton\"\n\t\t\tdata-wp-on--click=\"actions.showLightbox\"\n\t\t\tdata-wp-style--right=\"state.imageButtonRight\"\n\t\t\tdata-wp-style--top=\"state.imageButtonTop\"\n\t\t>\n\t\t\t<svg xmlns=\"http:\/\/www.w3.org\/2000\/svg\" width=\"12\" height=\"12\" fill=\"none\" viewBox=\"0 0 12 12\">\n\t\t\t\t<path fill=\"#fff\" d=\"M2 0a2 2 0 0 0-2 2v2h1.5V2a.5.5 0 0 1 .5-.5h2V0H2Zm2 10.5H2a.5.5 0 0 1-.5-.5V8H0v2a2 2 0 0 0 2 2h2v-1.5ZM8 12v-1.5h2a.5.5 0 0 0 .5-.5V8H12v2a2 2 0 0 1-2 2H8Zm2-12a2 2 0 0 1 2 2v2h-1.5V2a.5.5 0 0 0-.5-.5H8V0h2Z\" \/>\n\t\t\t<\/svg>\n\t\t<\/button><figcaption class=\"wp-element-caption\">Copyright Thermes de Luchon<\/figcaption><\/figure>\n<\/div>\n\n\n\n<div class=\"wp-block-column is-vertically-aligned-center is-layout-flow wp-block-column-is-layout-flow\" style=\"flex-basis:50%\">\n<h3 class=\"wp-block-heading\">Bienestar termal \u2013 Las Termas de Luchon \u00ab Ressources &amp; Vous \u00bb<\/h3>\n\n\n\n<p><strong>\u00a1Disfruta de un <strong>espacio dedicado a los deportistas<\/strong> (cardiotraining, musculaci\u00f3n y sauna), 200 m\u00b2 imprescindibles para la preparaci\u00f3n y recuperaci\u00f3n del deportista!<br\/>En el <strong>espacio termol\u00fadico<\/strong>, aprovecha los beneficios de las aguas termales: <strong>piscina interior<\/strong>, <strong>jacuzzi<\/strong>, <strong>tres saunas<\/strong>, un <strong>tepidarium<\/strong>, un <strong>cielo de nieve<\/strong>, un <strong>muro de hielo<\/strong>, una <strong>fuente de hielo<\/strong>, <strong>seis duchas sensoriales<\/strong>, <strong>bancos calefactados<\/strong> y una <strong>piscina en la azotea<\/strong> con su <strong>sol\u00e1rium<\/strong> para sentirte relajado en profundidad. No dudes tampoco en consultar el programa de curas termales, famosas desde hace much\u00edsimo tiempo. <\/strong><\/p>\n\n\n\n<div class=\"wp-block-buttons is-layout-flex wp-block-buttons-is-layout-flex\">\n<div class=\"wp-block-button\"><a class=\"wp-block-button__link wp-element-button\" href=\"https:\/\/www.thermes-luchon.fr\/ressources-vous\/\" target=\"_blank\" rel=\"noopener\">Saber m\u00e1s<\/a><\/div>\n<\/div>\n<\/div>\n<\/div>\n\n\n\n<p><\/p>\n\n\n\n<div class=\"wp-block-columns are-vertically-aligned-center is-layout-flex wp-container-core-columns-is-layout-28f84493 wp-block-columns-is-layout-flex\">\n<div class=\"wp-block-column is-vertically-aligned-center is-layout-flow wp-block-column-is-layout-flow\" style=\"flex-basis:50%\">\n<h3 class=\"wp-block-heading\">Escala cumbres en Bagn\u00e8res-de-Luchon<\/h3>\n\n\n\n<p>Si bien Bagn\u00e8res-de-Luchon es una estaci\u00f3n termal con una reputaci\u00f3n consolidada, tambi\u00e9n es un peque\u00f1o para\u00edso para disfrutar de la monta\u00f1a, tanto en verano como en invierno. Cuando hace buen tiempo, \u00a1coge lo necesario para caminar por m\u00e1s de 1.000 kil\u00f3metros de senderos se\u00f1alizados y refr\u00e9scate inici\u00e1ndote en los deportes de aguas bravas! \u00bfEn familia? Te esperan numerosas actividades: tiro con arco, paintball o espeleolog\u00eda, actividades ideales para estrechar los lazos de tu peque\u00f1a tribu.<br\/>Para los aficionados a los deportes de deslizamiento, \u00a1Bagn\u00e8res-de-Luchon tiene muchas posibilidades de convertirse en tu cuartel general! Recorre el dominio esquiable en esqu\u00eds, por supuesto, pero tambi\u00e9n en trineos tirados por perros o con raquetas&#8230; Los m\u00e1s temerarios podr\u00e1n incluso probar el alpinismo, pero para quienes solo deseen relajarse suavemente, \u00a1el trineo ser\u00e1 la actividad ideal! <br\/><\/p>\n\n\n\n<div class=\"wp-block-buttons is-layout-flex wp-block-buttons-is-layout-flex\">\n<div class=\"wp-block-button\"><a class=\"wp-block-button__link wp-element-button\" href=\"https:\/\/www.haute-garonne-montagne.com\/luchon-superbagneres-hiver\/\" target=\"_blank\" rel=\"noopener\">Saber m\u00e1s<\/a><\/div>\n<\/div>\n<\/div>\n\n\n\n<div class=\"wp-block-column is-vertically-aligned-center is-layout-flow wp-block-column-is-layout-flow\" style=\"flex-basis:50%\">\n<figure class=\"wp-block-gallery has-nested-images columns-default is-cropped wp-block-gallery-1 is-layout-flex wp-block-gallery-is-layout-flex\">\n<figure data-wp-context=\"{&quot;imageId&quot;:&quot;69ff87afdb5e3&quot;}\" data-wp-interactive=\"core\/image\" data-wp-key=\"69ff87afdb5e3\" class=\"wp-block-image size-full wp-lightbox-container\"><img loading=\"lazy\" decoding=\"async\" width=\"1000\" height=\"667\" data-wp-class--hide=\"state.isContentHidden\" data-wp-class--show=\"state.isContentVisible\" data-wp-init=\"callbacks.setButtonStyles\" data-wp-on--click=\"actions.showLightbox\" data-wp-on--load=\"callbacks.setButtonStyles\" data-wp-on-window--resize=\"callbacks.setButtonStyles\" data-id=\"554\" src=\"https:\/\/destination-commingespyrenees.prep.faire-savoir.eu\/wp-content\/uploads\/2026\/01\/Luchon-ciel-Pyrenees-edited.jpg\" alt=\"\" class=\"wp-image-554\" srcset=\"https:\/\/destination-commingespyrenees.prep.faire-savoir.eu\/wp-content\/uploads\/2026\/01\/Luchon-ciel-Pyrenees-edited.jpg 1000w, https:\/\/destination-commingespyrenees.prep.faire-savoir.eu\/wp-content\/uploads\/2026\/01\/Luchon-ciel-Pyrenees-edited-800x534.jpg 800w, https:\/\/destination-commingespyrenees.prep.faire-savoir.eu\/wp-content\/uploads\/2026\/01\/Luchon-ciel-Pyrenees-edited-768x512.jpg 768w\" sizes=\"auto, (max-width: 1000px) 100vw, 1000px\" \/><button\n\t\t\tclass=\"lightbox-trigger\"\n\t\t\ttype=\"button\"\n\t\t\taria-haspopup=\"dialog\"\n\t\t\taria-label=\"Agrandar\"\n\t\t\tdata-wp-init=\"callbacks.initTriggerButton\"\n\t\t\tdata-wp-on--click=\"actions.showLightbox\"\n\t\t\tdata-wp-style--right=\"state.imageButtonRight\"\n\t\t\tdata-wp-style--top=\"state.imageButtonTop\"\n\t\t>\n\t\t\t<svg xmlns=\"http:\/\/www.w3.org\/2000\/svg\" width=\"12\" height=\"12\" fill=\"none\" viewBox=\"0 0 12 12\">\n\t\t\t\t<path fill=\"#fff\" d=\"M2 0a2 2 0 0 0-2 2v2h1.5V2a.5.5 0 0 1 .5-.5h2V0H2Zm2 10.5H2a.5.5 0 0 1-.5-.5V8H0v2a2 2 0 0 0 2 2h2v-1.5ZM8 12v-1.5h2a.5.5 0 0 0 .5-.5V8H12v2a2 2 0 0 1-2 2H8Zm2-12a2 2 0 0 1 2 2v2h-1.5V2a.5.5 0 0 0-.5-.5H8V0h2Z\" \/>\n\t\t\t<\/svg>\n\t\t<\/button><\/figure>\n<\/figure>\n<\/div>\n<\/div>\n<\/section>\n\n<section class=\"wp-block-group alignfull pattern-quote has-global-padding is-layout-constrained wp-block-group-is-layout-constrained\">\n<h3 class=\"wp-block-heading has-text-align-center\">\u2665 Nuestros favoritos en Bagn\u00e8res-de-Luchon \u2665<\/h3>\n\n\n\n<ul class=\"wp-block-list\">\n<li>El legado <strong>Belle \u00c9poque<\/strong> de <strong>Bagn\u00e8res-de-Luchon<\/strong> est\u00e1 presente en toda la ciudad; no dudes en pasear al azar por las calles y callejuelas para descubrir las fachadas m\u00e1s bonitas.<\/li>\n\n\n\n<li>El <strong>agua termal<\/strong> de la estaci\u00f3n est\u00e1 a 34 grados: ba\u00f1arse en ella es la mejor manera de relajar los m\u00fasculos doloridos. Ni\u00f1os a partir de 4 a\u00f1os (fecha de cumplea\u00f1os). <em>M\u00e1s informaci\u00f3n:<\/em> <a href=\"https:\/\/www.thermes-luchon.fr\/ressources-vous\/\" target=\"_blank\" rel=\"noreferrer noopener\">www.thermes-luchon.fr\/ressources-vous<\/a> <\/li>\n\n\n\n<li>El <strong>macizo de Luchon<\/strong> concentra <strong>14 cumbres que superan los 3.000 metros<\/strong>. \u00a1Un aut\u00e9ntico terreno de juego para los amantes de los paseos, el senderismo de altura, la escalada o el alpinismo! \u00a1Sin olvidar los descensos en BTT tan apreciados por los aventureros de la monta\u00f1a!  <\/li>\n<\/ul>\n<\/section>\n\n<section class=\"wp-block-group alignfull pattern-prepare-your-visit has-global-padding is-layout-constrained wp-block-group-is-layout-constrained\">\n<div class=\"wp-block-columns is-layout-flex wp-container-core-columns-is-layout-f5a44f5b wp-block-columns-is-layout-flex\">\n<div class=\"wp-block-column is-layout-flow wp-block-column-is-layout-flow\" style=\"flex-basis:50%\">\n<h2 class=\"wp-block-heading\">Prepara tu visita<\/h2>\n\n\n\n<h3 class=\"wp-block-heading\">Informaci\u00f3n pr\u00e1ctica<\/h3>\n\n\n\n<ul class=\"wp-block-list\">\n<li>Horario: de 13:00 a 20:00, abierto los 7 d\u00edas de la semana y festivos<\/li>\n\n\n\n<li><strong>Horario durante las vacaciones de febrero:<\/strong> <strong>de 11:00 a 20:00<\/strong><\/li>\n\n\n\n<li>Acceso libre (sin reserva)<\/li>\n\n\n\n<li>Espacio accesible a partir de 4 a\u00f1os (previa presentaci\u00f3n de un justificante). Los ni\u00f1os est\u00e1n bajo la responsabilidad de sus padres. No pueden quedarse solos. Ressources &amp; Vous es un lugar de relajaci\u00f3n; est\u00e1 prohibido correr, saltar o gritar.   <\/li>\n\n\n\n<li>Desalojo de las piscinas 15 minutos antes de la hora de cierre<\/li>\n\n\n\n<li>El \u00faltimo acceso al establecimiento ser\u00e1 a las 17:45<\/li>\n\n\n\n<li>Solo se permiten trajes de ba\u00f1o de 1 o 2 piezas para las mujeres y ba\u00f1ador tipo slip o b\u00f3xer de elastano para los hombres<\/li>\n\n\n\n<li>Pelo recogido o uso de gorro<\/li>\n\n\n\n<li>Se recomienda quitarse las joyas<\/li>\n\n\n\n<li>Toalla de ba\u00f1o y chanclas muy recomendadas \u2013 no suministradas.<\/li>\n<\/ul>\n<\/div>\n\n\n\n<div class=\"wp-block-column is-layout-flow wp-block-column-is-layout-flow\" style=\"flex-basis:50%\">\n<p><\/p>\n\n\n\n<p><\/p>\n\n\n\n<h3 class=\"wp-block-heading\">Tarifas<\/h3>\n\n\n\n<ul class=\"wp-block-list\">\n<li>Tarifa a partir de 20 \u20ac las 2 h<\/li>\n\n\n\n<li>Pago solo con TARJETA y EFECTIVO.<\/li>\n<\/ul>\n\n\n\n<div class=\"wp-block-group has-accent-3-background-color has-background has-global-padding is-layout-constrained wp-container-core-group-is-layout-ea39502d wp-block-group-is-layout-constrained\" style=\"border-top-left-radius:1rem;border-top-right-radius:1rem;border-bottom-left-radius:1rem;border-bottom-right-radius:1rem;padding-top:var(--wp--preset--spacing--50);padding-right:var(--wp--preset--spacing--50);padding-bottom:var(--wp--preset--spacing--50);padding-left:var(--wp--preset--spacing--50)\">\n<h4 class=\"wp-block-heading has-accent-1-color has-text-color has-link-color wp-elements-2f7885e67ca8cab7f538a02925ce0f2e\"><strong>Oficina de turismo Pyr\u00e9n\u00e9es 31<\/strong><\/h4>\n\n\n\n<p>18, all\u00e9e d\u2019Etigny \u2013 31110 Bagn\u00e8res-de-Luchon<br\/>Tel.: <a href=\"tel:05%2061%2079%2021%2021\">05 61 79 21 21<\/a><br\/>Correo: <a href=\"mailto:info@pyrenees31.com\" target=\"_blank\" rel=\"noreferrer noopener\">info@pyrenees31.com<\/a><br\/>Sitio web: <a href=\"http:\/\/www.luchon.com\/\" target=\"_blank\" rel=\"noreferrer noopener\">www.luchon.com<\/a><\/p>\n<\/div>\n<\/div>\n<\/div>\n<\/section>\n\n<div class=\"wp-block-group has-accent-3-background-color has-background has-global-padding is-layout-constrained wp-container-core-group-is-layout-ea39502d wp-block-group-is-layout-constrained\" style=\"border-top-left-radius:1rem;border-top-right-radius:1rem;border-bottom-left-radius:1rem;border-bottom-right-radius:1rem;padding-top:var(--wp--preset--spacing--50);padding-right:var(--wp--preset--spacing--50);padding-bottom:var(--wp--preset--spacing--50);padding-left:var(--wp--preset--spacing--50)\">\n<h3 class=\"wp-block-heading has-text-align-center has-accent-1-color has-text-color has-link-color wp-elements-c29e4c3962fa00d12f96719974dcd792\"><strong>Ir a Luchon sin coche:<\/strong><\/h3>\n\n\n\n<p class=\"has-text-align-center has-contrast-color has-text-color has-link-color wp-elements-5f5f124dac0f770c21256c75317ae13c\"><strong><br\/><a href=\"https:\/\/storage.googleapis.com\/is-wp-90-prod\/uploads-prod\/2025\/12\/31-FH-394-05012026.pdf\" target=\"_blank\" rel=\"noopener\">Autob\u00fas LIO 394: Luchon-Montr\u00e9jeau-Saint-Gaudens<\/a><\/strong><\/p>\n\n\n\n<p class=\"has-text-align-center\"><a href=\"https:\/\/www.ter.sncf.com\/occitanie\" target=\"_blank\" rel=\"noopener\">Tren TER Occitanie<\/a><\/p>\n\n\n\n<p class=\"has-text-align-center\">Hay lanzaderas disponibles (seg\u00fan la temporada) para acceder al centro de la ciudad desde la estaci\u00f3n de la SNCF.<\/p>\n<\/div>\n","protected":false},"excerpt":{"rendered":"<p>Disfruta de un ba\u00f1o de juventud en Bagn\u00e8res-de-Luchon Los romanos no se equivocaron y ya en el siglo I a. C. descubrieron los beneficios del termalismo. Destino predilecto de los grandes de este mundo unos siglos m\u00e1s tarde, Bagn\u00e8res-de-Luchon acogi\u00f3, entre otros, a la emperatriz Eugenia, a Alexandre Dumas y tambi\u00e9n a Gustave Flaubert. \u00a1Tantas [&hellip;]<\/p>\n","protected":false},"author":2,"featured_media":3552,"parent":0,"menu_order":99,"comment_status":"closed","ping_status":"closed","template":"","meta":{"_acf_changed":false,"footnotes":""},"experience_category":[],"class_list":["post-3553","page","type-page","status-publish","has-post-thumbnail","hentry"],"acf":[],"_links":{"self":[{"href":"https:\/\/destination-commingespyrenees.prep.faire-savoir.eu\/es\/wp-json\/wp\/v2\/pages\/3553","targetHints":{"allow":["GET"]}}],"collection":[{"href":"https:\/\/destination-commingespyrenees.prep.faire-savoir.eu\/es\/wp-json\/wp\/v2\/pages"}],"about":[{"href":"https:\/\/destination-commingespyrenees.prep.faire-savoir.eu\/es\/wp-json\/wp\/v2\/types\/page"}],"author":[{"embeddable":true,"href":"https:\/\/destination-commingespyrenees.prep.faire-savoir.eu\/es\/wp-json\/wp\/v2\/users\/2"}],"replies":[{"embeddable":true,"href":"https:\/\/destination-commingespyrenees.prep.faire-savoir.eu\/es\/wp-json\/wp\/v2\/comments?post=3553"}],"version-history":[{"count":2,"href":"https:\/\/destination-commingespyrenees.prep.faire-savoir.eu\/es\/wp-json\/wp\/v2\/pages\/3553\/revisions"}],"predecessor-version":[{"id":3557,"href":"https:\/\/destination-commingespyrenees.prep.faire-savoir.eu\/es\/wp-json\/wp\/v2\/pages\/3553\/revisions\/3557"}],"wp:featuredmedia":[{"embeddable":true,"href":"https:\/\/destination-commingespyrenees.prep.faire-savoir.eu\/es\/wp-json\/wp\/v2\/media\/3552"}],"wp:attachment":[{"href":"https:\/\/destination-commingespyrenees.prep.faire-savoir.eu\/es\/wp-json\/wp\/v2\/media?parent=3553"}],"wp:term":[{"taxonomy":"experience_category","embeddable":true,"href":"https:\/\/destination-commingespyrenees.prep.faire-savoir.eu\/es\/wp-json\/wp\/v2\/experience_category?post=3553"}],"curies":[{"name":"wp","href":"https:\/\/api.w.org\/{rel}","templated":true}]}}