{"id":3485,"date":"2026-03-10T09:29:08","date_gmt":"2026-03-10T08:29:08","guid":{"rendered":"https:\/\/destination-commingespyrenees.prep.faire-savoir.eu\/turismo-sostenible\/a-pleno-pulmon\/"},"modified":"2026-04-20T12:02:02","modified_gmt":"2026-04-20T10:02:02","slug":"a-pleno-pulmon","status":"publish","type":"page","link":"https:\/\/destination-commingespyrenees.prep.faire-savoir.eu\/es\/turismo-sostenible\/las-experiencias\/a-pleno-pulmon\/","title":{"rendered":"A pleno pulm\u00f3n"},"content":{"rendered":"\n<section class=\"wp-block-cover alignfull pattern-hero-section\"><img loading=\"lazy\" decoding=\"async\" width=\"640\" height=\"480\" class=\"wp-block-cover__image-background wp-image-1619 size-full\" alt=\"A plein poumons : une balade dans la for\u00eat de Cardeilhac\" src=\"https:\/\/destination-commingespyrenees.prep.faire-savoir.eu\/wp-content\/uploads\/2026\/03\/ARBORETUM-Cardeilhac-3-640x480-1.jpg\" style=\"object-position:100% 0%\" data-object-fit=\"cover\" data-object-position=\"100% 0%\" \/><span aria-hidden=\"true\" class=\"wp-block-cover__background has-background-dim-40 has-background-dim wp-block-cover__gradient-background has-background-gradient\" style=\"background:linear-gradient(316deg,rgba(0,0,0,0) 0%,rgba(0,0,0,0.75) 100%)\"><\/span><div class=\"wp-block-cover__inner-container has-global-padding is-layout-constrained wp-block-cover-is-layout-constrained\">\n<div class=\"wp-block-group alignwide is-layout-flow wp-block-group-is-layout-flow\"><h1 class=\"wp-block-post-title\">A pleno pulm\u00f3n<\/h1>\n\n\n<p class=\"has-medium-font-size\" style=\"font-style:normal;font-weight:700\">El arboreto de Cardeilhac: \u00a1respira la naturaleza!<\/p>\n\n\n\n<p>Un lugar ideal para dar un paseo o hacer una ruta de senderismo en plena naturaleza.<br \/>D\u00e9jate llevar por los aromas de las especies que te rodean y por la belleza del lugar <\/p>\n<\/div>\n\n\n\n<section class=\"wp-block-group alignfull pattern-breadcrumb has-global-padding is-layout-constrained wp-block-group-is-layout-constrained\">\n<div class=\"wp-block-group alignwide is-layout-flow wp-block-group-is-layout-flow\"><nav aria-label=\"breadcrumbs\" class=\"rank-math-breadcrumb\"><p><span class=\"last\">Accueil<\/span><\/p><\/nav><\/div>\n<\/section>\n<\/div><\/section>\n\n<section class=\"wp-block-group alignfull pattern-breadcrumb has-global-padding is-layout-constrained wp-block-group-is-layout-constrained\">\n<div class=\"wp-block-group alignwide is-layout-flow wp-block-group-is-layout-flow\"><nav aria-label=\"breadcrumbs\" class=\"rank-math-breadcrumb\"><p><span class=\"last\">Accueil<\/span><\/p><\/nav><\/div>\n<\/section>\n\n<p>El Arboreto de Cardeilhac se cre\u00f3 en 1913. Ofrece m\u00e1s de 150 especies de \u00e1rboles. Naturaleza preservada para disfrutarla a pleno pulm\u00f3n \u2665  <\/p>\n\n<p>Es un espacio abierto de 13 hect\u00e1reas. <br \/>El Arboreto est\u00e1 enclavado en medio de 187 hect\u00e1reas de bosque estatal y unas 1.000 hect\u00e1reas de 5 bosques comunales de los alrededores (Larroque, Lodes, Le Cuing, Saint-Plancard y Cardeilhac).<\/p>\n\n<p>En 1913, la Administraci\u00f3n de Aguas y Bosques quiere probar nuevas especies de \u00e1rboles para repoblar otras zonas de bosques atacadas por el o\u00eddio, un hongo pat\u00f3geno del roble. De una explotaci\u00f3n agr\u00edcola, el lugar es totalmente modelado por el hombre para crear un arboreto. Se construye con grandes avenidas, como los jardines a la francesa. El arboreto de Cardeilhac ofrece un centenar de especies de \u00e1rboles de todo el mundo: roble rojo procedente de Norteam\u00e9rica, cipr\u00e9s de Lawson, una colecci\u00f3n de unos cincuenta robles, cipr\u00e9s calvo, secuoyas gigantes de 35 m de altura.   <\/p>\n\n<h3 class=\"wp-block-heading\">Idea de paseo y senderismo<\/h3>\n\n<p><a href=\"https:\/\/rando.coeurcoteaux-comminges.fr\/trek\/8873-Sentier-de-l-Arboretum---foret-de-Cardeilhac\" target=\"_blank\" rel=\"noopener\">El sendero bot\u00e1nico del arboreto<\/a>: una caminata tranquila y familiar de 2 h, a la sombra, muy agradable todo el a\u00f1o.<\/p>\n\n<p><a href=\"https:\/\/rando.coeurcoteaux-comminges.fr\/trek\/14678-Cardeilhac-Sentier-des-Serres\" target=\"_blank\" rel=\"noopener\">El Sendero de las Serres<\/a>: para quienes est\u00e1n m\u00e1s acostumbrados a hacer senderismo, un recorrido circular de 4 h 30 min de nivel dif\u00edcil, pero se puede acortar pasando por el pueblo de Cardeilhac. Agudiza el o\u00eddo y escucha a los p\u00e1jaros: podr\u00edas encontrarte con cornejas negras, cuyo canto te dar\u00e1 la motivaci\u00f3n para seguir y terminar la ruta. <\/p>\n\n<h3 class=\"wp-block-heading\">Informaci\u00f3n pr\u00e1ctica<\/h3>\n\n<p>Acceso libre y gratuito al espacio forestal todo el a\u00f1o.<\/p>\n\n<p>La Casa del Arboreto est\u00e1 abierta de mayo a octubre y ofrece talleres y exposiciones relacionados con la naturaleza.<br \/>Consulta <a href=\"https:\/\/docs.google.com\/document\/d\/18yUMPmNKkmfIqKq0JlhbG2Kp7wvnUHj9yic8WZnZVD0\/edit?tab=t.0\" target=\"_blank\" rel=\"noopener\">la agenda<\/a> para conocer las actividades y los horarios de apertura del lugar<\/p>\n\n<blockquote class=\"wp-block-quote is-layout-flow wp-block-quote-is-layout-flow\">\n<p><strong>Paseos por el bosque: a partir del 15 de abril de 2026, \u00a1es obligatorio llevar a tu perro con correa!<\/strong><\/p>\n<svg class=\"icon icon-quote\" aria-hidden=\"true\" focusable=\"false\"><use href=\"https:\/\/destination-commingespyrenees.prep.faire-savoir.eu\/wp-content\/themes\/bedrock\/assets\/icons\/sprite.svg#quote\"><\/use><\/svg><\/blockquote>\n\n<figure class=\"wp-block-gallery has-nested-images columns-default is-cropped wp-block-gallery-1 is-layout-flex wp-block-gallery-is-layout-flex\">\n<figure data-wp-context=\"{&quot;imageId&quot;:&quot;69ff76bcd2a1f&quot;}\" data-wp-interactive=\"core\/image\" data-wp-key=\"69ff76bcd2a1f\" class=\"wp-block-image size-full wp-lightbox-container\"><img loading=\"lazy\" decoding=\"async\" width=\"1200\" height=\"1600\" data-wp-class--hide=\"state.isContentHidden\" data-wp-class--show=\"state.isContentVisible\" data-wp-init=\"callbacks.setButtonStyles\" data-wp-on--click=\"actions.showLightbox\" data-wp-on--load=\"callbacks.setButtonStyles\" data-wp-on-window--resize=\"callbacks.setButtonStyles\" data-id=\"1621\" src=\"https:\/\/destination-commingespyrenees.prep.faire-savoir.eu\/wp-content\/uploads\/2026\/03\/ARBORETUM-Cardeilhac-6-.jpg\" alt=\"A pleno pulm&#xF3;n. Cardeilhac Oto&#xF1;o bosque \" class=\"wp-image-1621\" srcset=\"https:\/\/destination-commingespyrenees.prep.faire-savoir.eu\/wp-content\/uploads\/2026\/03\/ARBORETUM-Cardeilhac-6-.jpg 1200w, https:\/\/destination-commingespyrenees.prep.faire-savoir.eu\/wp-content\/uploads\/2026\/03\/ARBORETUM-Cardeilhac-6--800x1067.jpg 800w, https:\/\/destination-commingespyrenees.prep.faire-savoir.eu\/wp-content\/uploads\/2026\/03\/ARBORETUM-Cardeilhac-6--768x1024.jpg 768w, https:\/\/destination-commingespyrenees.prep.faire-savoir.eu\/wp-content\/uploads\/2026\/03\/ARBORETUM-Cardeilhac-6--1152x1536.jpg 1152w\" sizes=\"auto, (max-width: 1200px) 100vw, 1200px\" \/><button\n\t\t\tclass=\"lightbox-trigger\"\n\t\t\ttype=\"button\"\n\t\t\taria-haspopup=\"dialog\"\n\t\t\taria-label=\"Agrandar\"\n\t\t\tdata-wp-init=\"callbacks.initTriggerButton\"\n\t\t\tdata-wp-on--click=\"actions.showLightbox\"\n\t\t\tdata-wp-style--right=\"state.imageButtonRight\"\n\t\t\tdata-wp-style--top=\"state.imageButtonTop\"\n\t\t>\n\t\t\t<svg xmlns=\"http:\/\/www.w3.org\/2000\/svg\" width=\"12\" height=\"12\" fill=\"none\" viewBox=\"0 0 12 12\">\n\t\t\t\t<path fill=\"#fff\" d=\"M2 0a2 2 0 0 0-2 2v2h1.5V2a.5.5 0 0 1 .5-.5h2V0H2Zm2 10.5H2a.5.5 0 0 1-.5-.5V8H0v2a2 2 0 0 0 2 2h2v-1.5ZM8 12v-1.5h2a.5.5 0 0 0 .5-.5V8H12v2a2 2 0 0 1-2 2H8Zm2-12a2 2 0 0 1 2 2v2h-1.5V2a.5.5 0 0 0-.5-.5H8V0h2Z\" \/>\n\t\t\t<\/svg>\n\t\t<\/button><\/figure>\n\n\n\n<figure data-wp-context=\"{&quot;imageId&quot;:&quot;69ff76bcd2edb&quot;}\" data-wp-interactive=\"core\/image\" data-wp-key=\"69ff76bcd2edb\" class=\"wp-block-image size-large wp-lightbox-container\"><img loading=\"lazy\" decoding=\"async\" width=\"640\" height=\"480\" data-wp-class--hide=\"state.isContentHidden\" data-wp-class--show=\"state.isContentVisible\" data-wp-init=\"callbacks.setButtonStyles\" data-wp-on--click=\"actions.showLightbox\" data-wp-on--load=\"callbacks.setButtonStyles\" data-wp-on-window--resize=\"callbacks.setButtonStyles\" data-id=\"1622\" src=\"https:\/\/destination-commingespyrenees.prep.faire-savoir.eu\/wp-content\/uploads\/2026\/03\/Mare-ARBORETUM-Cardeilhac-1-640x480-1.jpg\" alt=\"A pleno pulm&#xF3;n Cardeilhac pasarela\" class=\"wp-image-1622\" \/><button\n\t\t\tclass=\"lightbox-trigger\"\n\t\t\ttype=\"button\"\n\t\t\taria-haspopup=\"dialog\"\n\t\t\taria-label=\"Agrandar\"\n\t\t\tdata-wp-init=\"callbacks.initTriggerButton\"\n\t\t\tdata-wp-on--click=\"actions.showLightbox\"\n\t\t\tdata-wp-style--right=\"state.imageButtonRight\"\n\t\t\tdata-wp-style--top=\"state.imageButtonTop\"\n\t\t>\n\t\t\t<svg xmlns=\"http:\/\/www.w3.org\/2000\/svg\" width=\"12\" height=\"12\" fill=\"none\" viewBox=\"0 0 12 12\">\n\t\t\t\t<path fill=\"#fff\" d=\"M2 0a2 2 0 0 0-2 2v2h1.5V2a.5.5 0 0 1 .5-.5h2V0H2Zm2 10.5H2a.5.5 0 0 1-.5-.5V8H0v2a2 2 0 0 0 2 2h2v-1.5ZM8 12v-1.5h2a.5.5 0 0 0 .5-.5V8H12v2a2 2 0 0 1-2 2H8Zm2-12a2 2 0 0 1 2 2v2h-1.5V2a.5.5 0 0 0-.5-.5H8V0h2Z\" \/>\n\t\t\t<\/svg>\n\t\t<\/button><\/figure>\n\n\n\n<figure data-wp-context=\"{&quot;imageId&quot;:&quot;69ff76bcd3341&quot;}\" data-wp-interactive=\"core\/image\" data-wp-key=\"69ff76bcd3341\" class=\"wp-block-image size-large wp-lightbox-container\"><img loading=\"lazy\" decoding=\"async\" width=\"640\" height=\"480\" data-wp-class--hide=\"state.isContentHidden\" data-wp-class--show=\"state.isContentVisible\" data-wp-init=\"callbacks.setButtonStyles\" data-wp-on--click=\"actions.showLightbox\" data-wp-on--load=\"callbacks.setButtonStyles\" data-wp-on-window--resize=\"callbacks.setButtonStyles\" data-id=\"1623\" src=\"https:\/\/destination-commingespyrenees.prep.faire-savoir.eu\/wp-content\/uploads\/2026\/03\/ARBORETUM-Cardeilhac-2-640x480-1.jpg\" alt=\"A pleno pulm&#xF3;n Cardeilhac bosque\" class=\"wp-image-1623\" \/><button\n\t\t\tclass=\"lightbox-trigger\"\n\t\t\ttype=\"button\"\n\t\t\taria-haspopup=\"dialog\"\n\t\t\taria-label=\"Agrandar\"\n\t\t\tdata-wp-init=\"callbacks.initTriggerButton\"\n\t\t\tdata-wp-on--click=\"actions.showLightbox\"\n\t\t\tdata-wp-style--right=\"state.imageButtonRight\"\n\t\t\tdata-wp-style--top=\"state.imageButtonTop\"\n\t\t>\n\t\t\t<svg xmlns=\"http:\/\/www.w3.org\/2000\/svg\" width=\"12\" height=\"12\" fill=\"none\" viewBox=\"0 0 12 12\">\n\t\t\t\t<path fill=\"#fff\" d=\"M2 0a2 2 0 0 0-2 2v2h1.5V2a.5.5 0 0 1 .5-.5h2V0H2Zm2 10.5H2a.5.5 0 0 1-.5-.5V8H0v2a2 2 0 0 0 2 2h2v-1.5ZM8 12v-1.5h2a.5.5 0 0 0 .5-.5V8H12v2a2 2 0 0 1-2 2H8Zm2-12a2 2 0 0 1 2 2v2h-1.5V2a.5.5 0 0 0-.5-.5H8V0h2Z\" \/>\n\t\t\t<\/svg>\n\t\t<\/button><\/figure>\n\n\n\n<figure data-wp-context=\"{&quot;imageId&quot;:&quot;69ff76bcd8a42&quot;}\" data-wp-interactive=\"core\/image\" data-wp-key=\"69ff76bcd8a42\" class=\"wp-block-image size-large wp-lightbox-container\"><img loading=\"lazy\" decoding=\"async\" width=\"1600\" height=\"1067\" data-wp-class--hide=\"state.isContentHidden\" data-wp-class--show=\"state.isContentVisible\" data-wp-init=\"callbacks.setButtonStyles\" data-wp-on--click=\"actions.showLightbox\" data-wp-on--load=\"callbacks.setButtonStyles\" data-wp-on-window--resize=\"callbacks.setButtonStyles\" data-id=\"1624\" src=\"https:\/\/destination-commingespyrenees.prep.faire-savoir.eu\/wp-content\/uploads\/2026\/03\/Cardeilhac-automne-96-1600x1067.jpg\" alt=\"A pleno pulm&#xF3;n. Cardeilhac arroyo oto&#xF1;o \" class=\"wp-image-1624\" srcset=\"https:\/\/destination-commingespyrenees.prep.faire-savoir.eu\/wp-content\/uploads\/2026\/03\/Cardeilhac-automne-96-1600x1067.jpg 1600w, https:\/\/destination-commingespyrenees.prep.faire-savoir.eu\/wp-content\/uploads\/2026\/03\/Cardeilhac-automne-96-800x533.jpg 800w, https:\/\/destination-commingespyrenees.prep.faire-savoir.eu\/wp-content\/uploads\/2026\/03\/Cardeilhac-automne-96-768x512.jpg 768w, https:\/\/destination-commingespyrenees.prep.faire-savoir.eu\/wp-content\/uploads\/2026\/03\/Cardeilhac-automne-96-1536x1024.jpg 1536w, https:\/\/destination-commingespyrenees.prep.faire-savoir.eu\/wp-content\/uploads\/2026\/03\/Cardeilhac-automne-96-scaled.jpg 2048w\" sizes=\"auto, (max-width: 1600px) 100vw, 1600px\" \/><button\n\t\t\tclass=\"lightbox-trigger\"\n\t\t\ttype=\"button\"\n\t\t\taria-haspopup=\"dialog\"\n\t\t\taria-label=\"Agrandar\"\n\t\t\tdata-wp-init=\"callbacks.initTriggerButton\"\n\t\t\tdata-wp-on--click=\"actions.showLightbox\"\n\t\t\tdata-wp-style--right=\"state.imageButtonRight\"\n\t\t\tdata-wp-style--top=\"state.imageButtonTop\"\n\t\t>\n\t\t\t<svg xmlns=\"http:\/\/www.w3.org\/2000\/svg\" width=\"12\" height=\"12\" fill=\"none\" viewBox=\"0 0 12 12\">\n\t\t\t\t<path fill=\"#fff\" d=\"M2 0a2 2 0 0 0-2 2v2h1.5V2a.5.5 0 0 1 .5-.5h2V0H2Zm2 10.5H2a.5.5 0 0 1-.5-.5V8H0v2a2 2 0 0 0 2 2h2v-1.5ZM8 12v-1.5h2a.5.5 0 0 0 .5-.5V8H12v2a2 2 0 0 1-2 2H8Zm2-12a2 2 0 0 1 2 2v2h-1.5V2a.5.5 0 0 0-.5-.5H8V0h2Z\" \/>\n\t\t\t<\/svg>\n\t\t<\/button><\/figure>\n<\/figure>\n\n<p><\/p>\n","protected":false},"excerpt":{"rendered":"<p>El Arboreto de Cardeilhac se cre\u00f3 en 1913. Ofrece m\u00e1s de 150 especies de \u00e1rboles. Naturaleza preservada para disfrutarla a pleno pulm\u00f3n \u2665 Es un espacio abierto de 13 hect\u00e1reas. El Arboreto est\u00e1 enclavado en medio de 187 hect\u00e1reas de bosque estatal y unas 1.000 hect\u00e1reas de 5 bosques comunales de los alrededores (Larroque, Lodes, [&hellip;]<\/p>\n","protected":false},"author":4,"featured_media":3484,"parent":3277,"menu_order":0,"comment_status":"closed","ping_status":"closed","template":"sustainable-development","meta":{"_acf_changed":false,"footnotes":""},"experience_category":[24],"class_list":["post-3485","page","type-page","status-publish","has-post-thumbnail","hentry","experience_category-naturaleza"],"acf":[],"_links":{"self":[{"href":"https:\/\/destination-commingespyrenees.prep.faire-savoir.eu\/es\/wp-json\/wp\/v2\/pages\/3485","targetHints":{"allow":["GET"]}}],"collection":[{"href":"https:\/\/destination-commingespyrenees.prep.faire-savoir.eu\/es\/wp-json\/wp\/v2\/pages"}],"about":[{"href":"https:\/\/destination-commingespyrenees.prep.faire-savoir.eu\/es\/wp-json\/wp\/v2\/types\/page"}],"author":[{"embeddable":true,"href":"https:\/\/destination-commingespyrenees.prep.faire-savoir.eu\/es\/wp-json\/wp\/v2\/users\/4"}],"replies":[{"embeddable":true,"href":"https:\/\/destination-commingespyrenees.prep.faire-savoir.eu\/es\/wp-json\/wp\/v2\/comments?post=3485"}],"version-history":[{"count":2,"href":"https:\/\/destination-commingespyrenees.prep.faire-savoir.eu\/es\/wp-json\/wp\/v2\/pages\/3485\/revisions"}],"predecessor-version":[{"id":3489,"href":"https:\/\/destination-commingespyrenees.prep.faire-savoir.eu\/es\/wp-json\/wp\/v2\/pages\/3485\/revisions\/3489"}],"up":[{"embeddable":true,"href":"https:\/\/destination-commingespyrenees.prep.faire-savoir.eu\/es\/wp-json\/wp\/v2\/pages\/3277"}],"wp:featuredmedia":[{"embeddable":true,"href":"https:\/\/destination-commingespyrenees.prep.faire-savoir.eu\/es\/wp-json\/wp\/v2\/media\/3484"}],"wp:attachment":[{"href":"https:\/\/destination-commingespyrenees.prep.faire-savoir.eu\/es\/wp-json\/wp\/v2\/media?parent=3485"}],"wp:term":[{"taxonomy":"experience_category","embeddable":true,"href":"https:\/\/destination-commingespyrenees.prep.faire-savoir.eu\/es\/wp-json\/wp\/v2\/experience_category?post=3485"}],"curies":[{"name":"wp","href":"https:\/\/api.w.org\/{rel}","templated":true}]}}