{"id":3412,"date":"2026-03-06T16:36:37","date_gmt":"2026-03-06T15:36:37","guid":{"rendered":"https:\/\/destination-commingespyrenees.prep.faire-savoir.eu\/grupos-y-seminarios\/"},"modified":"2026-04-22T09:14:22","modified_gmt":"2026-04-22T07:14:22","slug":"grupos-y-seminarios","status":"publish","type":"page","link":"https:\/\/destination-commingespyrenees.prep.faire-savoir.eu\/es\/seminarios-y-congresos\/grupos-y-seminarios\/","title":{"rendered":"Grupos y seminarios"},"content":{"rendered":"\n<section class=\"wp-block-cover alignfull pattern-hero-section\"><img loading=\"lazy\" decoding=\"async\" width=\"1536\" height=\"1024\" class=\"wp-block-cover__image-background wp-image-1570 size-full\" alt=\"Groupes et s\u00e9minaires\" src=\"https:\/\/destination-commingespyrenees.prep.faire-savoir.eu\/wp-content\/uploads\/2026\/03\/Equipe-en-plein-effort-dans-la-nature.png\" data-object-fit=\"cover\" srcset=\"https:\/\/destination-commingespyrenees.prep.faire-savoir.eu\/wp-content\/uploads\/2026\/03\/Equipe-en-plein-effort-dans-la-nature.png 1536w, https:\/\/destination-commingespyrenees.prep.faire-savoir.eu\/wp-content\/uploads\/2026\/03\/Equipe-en-plein-effort-dans-la-nature-800x533.png 800w, https:\/\/destination-commingespyrenees.prep.faire-savoir.eu\/wp-content\/uploads\/2026\/03\/Equipe-en-plein-effort-dans-la-nature-768x512.png 768w\" sizes=\"auto, (max-width: 1536px) 100vw, 1536px\" \/><span aria-hidden=\"true\" class=\"wp-block-cover__background has-background-dim-40 has-background-dim wp-block-cover__gradient-background has-background-gradient\" style=\"background:linear-gradient(180deg,rgb(0,0,0) 0%,rgba(0,0,0,0) 50%,rgba(0,0,0) 100%)\"><\/span><div class=\"wp-block-cover__inner-container has-global-padding is-layout-constrained wp-block-cover-is-layout-constrained\">\n<div class=\"wp-block-group alignwide is-layout-flow wp-block-group-is-layout-flow\"><h1 class=\"is-style-decorated wp-block-post-title\">Grupos y seminarios<\/h1>\n\n\n<p class=\"has-medium-font-size\" style=\"font-style:normal;font-weight:700\">Empresa, asociaci\u00f3n, autocarista, nuestro servicio de Grupos organiza sus estancias inolvidables en Comminges Pyr\u00e9n\u00e9es<\/p>\n\n\n\n<p><\/p>\n<\/div>\n<\/div><\/section>\n\n<section class=\"wp-block-group alignfull pattern-breadcrumb has-global-padding is-layout-constrained wp-block-group-is-layout-constrained\">\n<div class=\"wp-block-group alignwide is-layout-flow wp-block-group-is-layout-flow\"><nav aria-label=\"breadcrumbs\" class=\"rank-math-breadcrumb\"><p><span class=\"last\">Accueil<\/span><\/p><\/nav><\/div>\n<\/section>\n\n<section class=\"wp-block-group alignfull pattern-top-item has-global-padding is-layout-constrained wp-block-group-is-layout-constrained\">\n<div class=\"wp-block-columns alignwide are-vertically-aligned-center is-layout-flex wp-container-core-columns-is-layout-28f84493 wp-block-columns-is-layout-flex\">\n<div class=\"wp-block-column is-vertically-aligned-center pattern-top-item__text is-layout-flow wp-block-column-is-layout-flow\">\n<h2 class=\"wp-block-heading\">grupos de ocio<\/h2>\n\n\n\n<p><strong>Ofrezca a su grupo una experiencia \u00fanica en Comminges Pyr\u00e9n\u00e9es<\/strong><\/p>\n\n\n\n<p>Organizar una excursi\u00f3n o una estancia para un grupo es a veces un verdadero desaf\u00edo: horarios, reservas, accesibilidad\u2026 \u00a1Nuestro Servicio de Grupos le simplifica la tarea! Ya sea una asociaci\u00f3n, un club deportivo, una pe\u00f1a de jubilados, un grupo de amigos, un comit\u00e9 de empresa o una estructura que acoge a personas con discapacidad, dise\u00f1amos con usted un programa adaptado a sus deseos, a su ritmo y a su presupuesto. <\/p>\n\n\n\n<p>Ya sea una visita sencilla, de media jornada o una estancia completa, nos encargamos del transporte, las actividades, el alojamiento o la restauraci\u00f3n. <\/p>\n\n\n\n<p>Un \u00fanico interlocutor, disponible en todo momento para no preocuparse de nada y disfrutar plenamente de la experiencia elegida.<\/p>\n\n\n\n<div class=\"wp-block-buttons is-layout-flex wp-block-buttons-is-layout-flex\">\n<div class=\"wp-block-button\"><a class=\"wp-block-button__link wp-element-button\" href=\"https:\/\/destination-commingespyrenees.prep.faire-savoir.eu\/es\/seminarios-y-congresos\/grupos-de-ocio\/\">Saber m\u00e1s<\/a><\/div>\n<\/div>\n<\/div>\n\n\n\n<div class=\"wp-block-column is-vertically-aligned-center pattern-top-item__media is-layout-flow wp-block-column-is-layout-flow\">\n<figure data-wp-context=\"{&quot;imageId&quot;:&quot;69ff71d34e809&quot;}\" data-wp-interactive=\"core\/image\" data-wp-key=\"69ff71d34e809\" class=\"wp-block-image size-full wp-lightbox-container\"><img loading=\"lazy\" decoding=\"async\" width=\"2048\" height=\"1365\" data-wp-class--hide=\"state.isContentHidden\" data-wp-class--show=\"state.isContentVisible\" data-wp-init=\"callbacks.setButtonStyles\" data-wp-on--click=\"actions.showLightbox\" data-wp-on--load=\"callbacks.setButtonStyles\" data-wp-on-window--resize=\"callbacks.setButtonStyles\" src=\"https:\/\/destination-commingespyrenees.prep.faire-savoir.eu\/wp-content\/uploads\/2026\/03\/Visite-guidee-Aurignac-juin-2024-33-scaled.jpg\" alt=\"\" class=\"wp-image-1572\" style=\"aspect-ratio:1;object-fit:cover\" srcset=\"https:\/\/destination-commingespyrenees.prep.faire-savoir.eu\/wp-content\/uploads\/2026\/03\/Visite-guidee-Aurignac-juin-2024-33-scaled.jpg 2048w, https:\/\/destination-commingespyrenees.prep.faire-savoir.eu\/wp-content\/uploads\/2026\/03\/Visite-guidee-Aurignac-juin-2024-33-800x533.jpg 800w, https:\/\/destination-commingespyrenees.prep.faire-savoir.eu\/wp-content\/uploads\/2026\/03\/Visite-guidee-Aurignac-juin-2024-33-1600x1067.jpg 1600w, https:\/\/destination-commingespyrenees.prep.faire-savoir.eu\/wp-content\/uploads\/2026\/03\/Visite-guidee-Aurignac-juin-2024-33-768x512.jpg 768w, https:\/\/destination-commingespyrenees.prep.faire-savoir.eu\/wp-content\/uploads\/2026\/03\/Visite-guidee-Aurignac-juin-2024-33-1536x1024.jpg 1536w\" sizes=\"auto, (max-width: 2048px) 100vw, 2048px\" \/><button\n\t\t\tclass=\"lightbox-trigger\"\n\t\t\ttype=\"button\"\n\t\t\taria-haspopup=\"dialog\"\n\t\t\taria-label=\"Agrandar\"\n\t\t\tdata-wp-init=\"callbacks.initTriggerButton\"\n\t\t\tdata-wp-on--click=\"actions.showLightbox\"\n\t\t\tdata-wp-style--right=\"state.imageButtonRight\"\n\t\t\tdata-wp-style--top=\"state.imageButtonTop\"\n\t\t>\n\t\t\t<svg xmlns=\"http:\/\/www.w3.org\/2000\/svg\" width=\"12\" height=\"12\" fill=\"none\" viewBox=\"0 0 12 12\">\n\t\t\t\t<path fill=\"#fff\" d=\"M2 0a2 2 0 0 0-2 2v2h1.5V2a.5.5 0 0 1 .5-.5h2V0H2Zm2 10.5H2a.5.5 0 0 1-.5-.5V8H0v2a2 2 0 0 0 2 2h2v-1.5ZM8 12v-1.5h2a.5.5 0 0 0 .5-.5V8H12v2a2 2 0 0 1-2 2H8Zm2-12a2 2 0 0 1 2 2v2h-1.5V2a.5.5 0 0 0-.5-.5H8V0h2Z\" \/>\n\t\t\t<\/svg>\n\t\t<\/button><\/figure>\n<\/div>\n<\/div>\n<\/section>\n\n<section class=\"wp-block-group alignfull pattern-top-item has-global-padding is-layout-constrained wp-block-group-is-layout-constrained\">\n<div class=\"wp-block-columns alignwide are-vertically-aligned-center is-layout-flex wp-container-core-columns-is-layout-28f84493 wp-block-columns-is-layout-flex\">\n<div class=\"wp-block-column is-vertically-aligned-center pattern-top-item__text is-layout-flow wp-block-column-is-layout-flow\">\n<h2 class=\"wp-block-heading\">seminarios y congresos<\/h2>\n\n\n\n<p><strong>Ofrezca a su grupo una experiencia \u00fanica en Comminges Pyr\u00e9n\u00e9es<\/strong><\/p>\n\n\n\n<p>Si desea organizar una reuni\u00f3n en un entorno inusual, un seminario de empresa, un congreso o incluso desafiar a sus equipos o recompensar a sus clientes en un entorno original, nuestro Servicio de Grupos est\u00e1 a su disposici\u00f3n para crear su evento a medida y satisfacer sus expectativas. <\/p>\n\n\n\n<p>Acompa\u00f1amos sus proyectos en cada etapa para crear experiencias profesionales y l\u00fadicas de calidad.<\/p>\n\n\n\n<div class=\"wp-block-buttons is-layout-flex wp-block-buttons-is-layout-flex\">\n<div class=\"wp-block-button\"><a class=\"wp-block-button__link wp-element-button\">Saber m\u00e1s<\/a><\/div>\n<\/div>\n<\/div>\n\n\n\n<div class=\"wp-block-column is-vertically-aligned-center pattern-top-item__media is-layout-flow wp-block-column-is-layout-flow\">\n<figure data-wp-context=\"{&quot;imageId&quot;:&quot;69ff71d34fa81&quot;}\" data-wp-interactive=\"core\/image\" data-wp-key=\"69ff71d34fa81\" class=\"wp-block-image size-full wp-lightbox-container\"><img loading=\"lazy\" decoding=\"async\" width=\"1200\" height=\"1600\" data-wp-class--hide=\"state.isContentHidden\" data-wp-class--show=\"state.isContentVisible\" data-wp-init=\"callbacks.setButtonStyles\" data-wp-on--click=\"actions.showLightbox\" data-wp-on--load=\"callbacks.setButtonStyles\" data-wp-on-window--resize=\"callbacks.setButtonStyles\" src=\"https:\/\/destination-commingespyrenees.prep.faire-savoir.eu\/wp-content\/uploads\/2026\/03\/image-6.png\" alt=\"Grupos y seminarios en Comminges Pyr&#xE9;n&#xE9;es\" class=\"wp-image-1576\" style=\"aspect-ratio:1;object-fit:cover\" srcset=\"https:\/\/destination-commingespyrenees.prep.faire-savoir.eu\/wp-content\/uploads\/2026\/03\/image-6.png 1200w, https:\/\/destination-commingespyrenees.prep.faire-savoir.eu\/wp-content\/uploads\/2026\/03\/image-6-800x1067.png 800w, https:\/\/destination-commingespyrenees.prep.faire-savoir.eu\/wp-content\/uploads\/2026\/03\/image-6-768x1024.png 768w, https:\/\/destination-commingespyrenees.prep.faire-savoir.eu\/wp-content\/uploads\/2026\/03\/image-6-1152x1536.png 1152w\" sizes=\"auto, (max-width: 1200px) 100vw, 1200px\" \/><button\n\t\t\tclass=\"lightbox-trigger\"\n\t\t\ttype=\"button\"\n\t\t\taria-haspopup=\"dialog\"\n\t\t\taria-label=\"Agrandar\"\n\t\t\tdata-wp-init=\"callbacks.initTriggerButton\"\n\t\t\tdata-wp-on--click=\"actions.showLightbox\"\n\t\t\tdata-wp-style--right=\"state.imageButtonRight\"\n\t\t\tdata-wp-style--top=\"state.imageButtonTop\"\n\t\t>\n\t\t\t<svg xmlns=\"http:\/\/www.w3.org\/2000\/svg\" width=\"12\" height=\"12\" fill=\"none\" viewBox=\"0 0 12 12\">\n\t\t\t\t<path fill=\"#fff\" d=\"M2 0a2 2 0 0 0-2 2v2h1.5V2a.5.5 0 0 1 .5-.5h2V0H2Zm2 10.5H2a.5.5 0 0 1-.5-.5V8H0v2a2 2 0 0 0 2 2h2v-1.5ZM8 12v-1.5h2a.5.5 0 0 0 .5-.5V8H12v2a2 2 0 0 1-2 2H8Zm2-12a2 2 0 0 1 2 2v2h-1.5V2a.5.5 0 0 0-.5-.5H8V0h2Z\" \/>\n\t\t\t<\/svg>\n\t\t<\/button><\/figure>\n<\/div>\n<\/div>\n<\/section>\n\n<p><\/p>\n\n<div class=\"wp-block-buttons is-layout-flex wp-block-buttons-is-layout-flex\">\n<div class=\"wp-block-button is-style-fill\"><a class=\"wp-block-button__link wp-element-button\" href=\"https:\/\/destination-commingespyrenees.prep.faire-savoir.eu\/agenda\/\">Consulte la agenda antes de su estancia<\/a><\/div>\n<\/div>\n\n<p><\/p>\n","protected":false},"excerpt":{"rendered":"<p>grupos de ocio Ofrezca a su grupo una experiencia \u00fanica en Comminges Pyr\u00e9n\u00e9es Organizar una excursi\u00f3n o una estancia para un grupo es a veces un verdadero desaf\u00edo: horarios, reservas, accesibilidad\u2026 \u00a1Nuestro Servicio de Grupos le simplifica la tarea! Ya sea una asociaci\u00f3n, un club deportivo, una pe\u00f1a de jubilados, un grupo de amigos, un [&hellip;]<\/p>\n","protected":false},"author":2,"featured_media":3411,"parent":3424,"menu_order":0,"comment_status":"closed","ping_status":"closed","template":"","meta":{"_acf_changed":false,"footnotes":""},"experience_category":[],"class_list":["post-3412","page","type-page","status-publish","has-post-thumbnail","hentry"],"acf":[],"_links":{"self":[{"href":"https:\/\/destination-commingespyrenees.prep.faire-savoir.eu\/es\/wp-json\/wp\/v2\/pages\/3412","targetHints":{"allow":["GET"]}}],"collection":[{"href":"https:\/\/destination-commingespyrenees.prep.faire-savoir.eu\/es\/wp-json\/wp\/v2\/pages"}],"about":[{"href":"https:\/\/destination-commingespyrenees.prep.faire-savoir.eu\/es\/wp-json\/wp\/v2\/types\/page"}],"author":[{"embeddable":true,"href":"https:\/\/destination-commingespyrenees.prep.faire-savoir.eu\/es\/wp-json\/wp\/v2\/users\/2"}],"replies":[{"embeddable":true,"href":"https:\/\/destination-commingespyrenees.prep.faire-savoir.eu\/es\/wp-json\/wp\/v2\/comments?post=3412"}],"version-history":[{"count":5,"href":"https:\/\/destination-commingespyrenees.prep.faire-savoir.eu\/es\/wp-json\/wp\/v2\/pages\/3412\/revisions"}],"predecessor-version":[{"id":4253,"href":"https:\/\/destination-commingespyrenees.prep.faire-savoir.eu\/es\/wp-json\/wp\/v2\/pages\/3412\/revisions\/4253"}],"up":[{"embeddable":true,"href":"https:\/\/destination-commingespyrenees.prep.faire-savoir.eu\/es\/wp-json\/wp\/v2\/pages\/3424"}],"wp:featuredmedia":[{"embeddable":true,"href":"https:\/\/destination-commingespyrenees.prep.faire-savoir.eu\/es\/wp-json\/wp\/v2\/media\/3411"}],"wp:attachment":[{"href":"https:\/\/destination-commingespyrenees.prep.faire-savoir.eu\/es\/wp-json\/wp\/v2\/media?parent=3412"}],"wp:term":[{"taxonomy":"experience_category","embeddable":true,"href":"https:\/\/destination-commingespyrenees.prep.faire-savoir.eu\/es\/wp-json\/wp\/v2\/experience_category?post=3412"}],"curies":[{"name":"wp","href":"https:\/\/api.w.org\/{rel}","templated":true}]}}