{"id":3396,"date":"2026-01-16T14:29:11","date_gmt":"2026-01-16T13:29:11","guid":{"rendered":"https:\/\/destination-commingespyrenees.prep.faire-savoir.eu\/numeros-de-emergencia\/"},"modified":"2026-04-22T09:14:40","modified_gmt":"2026-04-22T07:14:40","slug":"numeros-de-emergencia","status":"publish","type":"page","link":"https:\/\/destination-commingespyrenees.prep.faire-savoir.eu\/es\/numeros-de-emergencia\/","title":{"rendered":"N\u00fameros de emergencia"},"content":{"rendered":"\n<section class=\"wp-block-cover alignfull pattern-hero-section\"><img loading=\"lazy\" decoding=\"async\" width=\"1920\" height=\"490\" class=\"wp-block-cover__image-background wp-image-993 size-full\" alt=\"num\u00e9ros d'urgence camions pompiers\n\" src=\"https:\/\/destination-commingespyrenees.prep.faire-savoir.eu\/wp-content\/uploads\/2026\/01\/camions-pompiers.avif\" data-object-fit=\"cover\" srcset=\"https:\/\/destination-commingespyrenees.prep.faire-savoir.eu\/wp-content\/uploads\/2026\/01\/camions-pompiers.avif 1920w, https:\/\/destination-commingespyrenees.prep.faire-savoir.eu\/wp-content\/uploads\/2026\/01\/camions-pompiers-800x204.avif 800w, https:\/\/destination-commingespyrenees.prep.faire-savoir.eu\/wp-content\/uploads\/2026\/01\/camions-pompiers-1600x408.avif 1600w, https:\/\/destination-commingespyrenees.prep.faire-savoir.eu\/wp-content\/uploads\/2026\/01\/camions-pompiers-768x196.avif 768w, https:\/\/destination-commingespyrenees.prep.faire-savoir.eu\/wp-content\/uploads\/2026\/01\/camions-pompiers-1536x392.avif 1536w\" sizes=\"auto, (max-width: 1920px) 100vw, 1920px\" \/><span aria-hidden=\"true\" class=\"wp-block-cover__background has-background-dim-40 has-background-dim wp-block-cover__gradient-background has-background-gradient\" style=\"background:linear-gradient(180deg,rgb(0,0,0) 0%,rgba(0,0,0,0) 50%,rgba(0,0,0) 100%)\"><\/span><div class=\"wp-block-cover__inner-container has-global-padding is-layout-constrained wp-block-cover-is-layout-constrained\">\n<div class=\"wp-block-group alignwide is-layout-flow wp-block-group-is-layout-flow\"><h1 class=\"wp-block-post-title\">N\u00fameros de emergencia<\/h1>\n\n\n<p class=\"has-medium-font-size\" style=\"font-style:normal;font-weight:700\">N\u00fameros de emergencia y servicios m\u00e9dicos<\/p>\n\n\n\n<p class=\"has-medium-font-size\" style=\"font-style:normal;font-weight:700\">En caso de emergencia durante su estancia, es esencial conocer los n\u00fameros de emergencia y servicios a contactar. A continuaci\u00f3n, encontrar\u00e1 los principales contactos disponibles 24 horas al d\u00eda. <\/p>\n<\/div>\n<\/div><\/section>\n\n<section class=\"wp-block-group alignfull pattern-breadcrumb has-global-padding is-layout-constrained wp-block-group-is-layout-constrained\">\n<div class=\"wp-block-group alignwide is-layout-flow wp-block-group-is-layout-flow\"><nav aria-label=\"breadcrumbs\" class=\"rank-math-breadcrumb\"><p><span class=\"last\">Accueil<\/span><\/p><\/nav><\/div>\n<\/section>\n\n<section class=\"wp-block-group alignfull pattern-text has-global-padding is-layout-constrained wp-block-group-is-layout-constrained\">\n<div class=\"wp-block-group has-global-padding is-layout-constrained wp-block-group-is-layout-constrained\">\n<h3 class=\"wp-block-heading\"><a href=\"https:\/\/www.service-public.gouv.fr\/particuliers\/vosdroits\/F33954\" target=\"_blank\" rel=\"noopener\">N\u00fameros de emergencia y servicios m\u00e9dicos<\/a><\/h3>\n\n\n\n<p>En caso de emergencia durante su estancia, es esencial conocer los n\u00fameros y servicios a contactar. A continuaci\u00f3n, encontrar\u00e1 los principales contactos disponibles 24 horas al d\u00eda. <\/p>\n\n\n\n<div class=\"wp-block-columns is-layout-flex wp-container-core-columns-is-layout-28f84493 wp-block-columns-is-layout-flex\">\n<div class=\"wp-block-column is-layout-flow wp-block-column-is-layout-flow\">\n<h4 class=\"wp-block-heading\">Emergencias m\u00e9dicas y socorro<\/h4>\n\n\n\n<p>Polic\u00eda: <a href=\"tel:17\" target=\"_blank\" rel=\"noreferrer noopener nofollow\">17<\/a><br\/>Bomberos: <a href=\"tel:18\" target=\"_blank\" rel=\"noreferrer noopener nofollow\">18<\/a><br\/>SAMU: <a href=\"tel:15\" target=\"_blank\" rel=\"noreferrer noopener nofollow\">15 <\/a><br\/>Llamada de emergencia europea: <a href=\"tel:112\" target=\"_blank\" rel=\"noreferrer noopener nofollow\">112<\/a><br\/><br\/>Centro de toxicolog\u00eda de Toulouse: <a href=\"tel:+33561777447\" target=\"_blank\" rel=\"noreferrer noopener nofollow\">05 61 77 74 47<\/a><\/p>\n<\/div>\n\n\n\n<div class=\"wp-block-column is-layout-flow wp-block-column-is-layout-flow\">\n<h4 class=\"wp-block-heading\">Hospitales y farmacias de guardia<\/h4>\n\n\n\n<p>Centro hospitalario Comminges Pyr\u00e9n\u00e9es: <a href=\"tel:+33562004000\" target=\"_blank\" rel=\"noreferrer noopener nofollow\">05 62 00 40 00<\/a><br\/>Farmacia de guardia: <a href=\"tel:3237\" target=\"_blank\" rel=\"noreferrer noopener nofollow\">3237<\/a><\/p>\n<\/div>\n\n\n\n<div class=\"wp-block-column is-layout-flow wp-block-column-is-layout-flow\">\n<h4 class=\"wp-block-heading\">Servicios sociales y asistencia<\/h4>\n\n\n\n<p><strong>Violencia, violencia de g\u00e9nero o agresiones sexuales: <a href=\"tel:3919\" target=\"_blank\" rel=\"noreferrer noopener nofollow\">3919<\/a><\/strong><br\/>Emergencias sociales: <a href=\"tel:115\" target=\"_blank\" rel=\"noreferrer noopener nofollow\">115<\/a><br\/>Infancia en peligro: <a href=\"tel:119\" target=\"_blank\" rel=\"noreferrer noopener nofollow\">119<\/a><br\/>Personas sordas o con discapacidad auditiva: <a href=\"tel:114\" target=\"_blank\" rel=\"noreferrer noopener nofollow\">114<\/a><\/p>\n<\/div>\n\n\n\n<div class=\"wp-block-column is-layout-flow wp-block-column-is-layout-flow\">\n<figure data-wp-context=\"{&quot;imageId&quot;:&quot;69ff826462d41&quot;}\" data-wp-interactive=\"core\/image\" data-wp-key=\"69ff826462d41\" class=\"wp-block-image size-full wp-lightbox-container\"><img loading=\"lazy\" decoding=\"async\" width=\"366\" height=\"349\" data-wp-class--hide=\"state.isContentHidden\" data-wp-class--show=\"state.isContentVisible\" data-wp-init=\"callbacks.setButtonStyles\" data-wp-on--click=\"actions.showLightbox\" data-wp-on--load=\"callbacks.setButtonStyles\" data-wp-on-window--resize=\"callbacks.setButtonStyles\" src=\"https:\/\/destination-commingespyrenees.prep.faire-savoir.eu\/wp-content\/uploads\/2026\/01\/numero-durgence-image.png\" alt=\"\" class=\"wp-image-986\"\/><button\n\t\t\tclass=\"lightbox-trigger\"\n\t\t\ttype=\"button\"\n\t\t\taria-haspopup=\"dialog\"\n\t\t\taria-label=\"Agrandar\"\n\t\t\tdata-wp-init=\"callbacks.initTriggerButton\"\n\t\t\tdata-wp-on--click=\"actions.showLightbox\"\n\t\t\tdata-wp-style--right=\"state.imageButtonRight\"\n\t\t\tdata-wp-style--top=\"state.imageButtonTop\"\n\t\t>\n\t\t\t<svg xmlns=\"http:\/\/www.w3.org\/2000\/svg\" width=\"12\" height=\"12\" fill=\"none\" viewBox=\"0 0 12 12\">\n\t\t\t\t<path fill=\"#fff\" d=\"M2 0a2 2 0 0 0-2 2v2h1.5V2a.5.5 0 0 1 .5-.5h2V0H2Zm2 10.5H2a.5.5 0 0 1-.5-.5V8H0v2a2 2 0 0 0 2 2h2v-1.5ZM8 12v-1.5h2a.5.5 0 0 0 .5-.5V8H12v2a2 2 0 0 1-2 2H8Zm2-12a2 2 0 0 1 2 2v2h-1.5V2a.5.5 0 0 0-.5-.5H8V0h2Z\" \/>\n\t\t\t<\/svg>\n\t\t<\/button><\/figure>\n<\/div>\n<\/div>\n<\/div>\n<\/section>\n\n<h4 class=\"wp-block-heading\">Consejos pr\u00e1cticos<\/h4>\n\n<ul class=\"wp-block-list\">\n<li>Indique siempre su <strong>ubicaci\u00f3n precisa<\/strong><\/li>\n\n\n\n<li>Mantenga la calma y <strong>siga las instrucciones<\/strong> del operador<\/li>\n\n\n\n<li>No cuelgue hasta que se lo indiquen<\/li>\n<\/ul>\n\n<p><strong>\u00bfNecesita ayuda o informaci\u00f3n adicional?<br\/><\/strong>El equipo de la Oficina de Turismo est\u00e1 a su disposici\u00f3n para orientarle y acompa\u00f1arle.<\/p>\n\n<div class=\"wp-block-buttons is-layout-flex wp-block-buttons-is-layout-flex\">\n<div class=\"wp-block-button is-style-fill\"><a class=\"wp-block-button__link wp-element-button\" href=\"https:\/\/destination-commingespyrenees.prep.faire-savoir.eu\/es\/la-oficina-de-turismo\/\">Las oficinas de la Oficina de Turismo<\/a><\/div>\n<\/div>\n","protected":false},"excerpt":{"rendered":"<p>N\u00fameros de emergencia y servicios m\u00e9dicos En caso de emergencia durante su estancia, es esencial conocer los n\u00fameros y servicios a contactar. A continuaci\u00f3n, encontrar\u00e1 los principales contactos disponibles 24 horas al d\u00eda. Emergencias m\u00e9dicas y socorro Polic\u00eda: 17Bomberos: 18SAMU: 15 Llamada de emergencia europea: 112 Centro de toxicolog\u00eda de Toulouse: 05 61 77 74 [&hellip;]<\/p>\n","protected":false},"author":3,"featured_media":3394,"parent":0,"menu_order":0,"comment_status":"closed","ping_status":"closed","template":"","meta":{"_acf_changed":false,"footnotes":""},"experience_category":[],"class_list":["post-3396","page","type-page","status-publish","has-post-thumbnail","hentry"],"acf":[],"_links":{"self":[{"href":"https:\/\/destination-commingespyrenees.prep.faire-savoir.eu\/es\/wp-json\/wp\/v2\/pages\/3396","targetHints":{"allow":["GET"]}}],"collection":[{"href":"https:\/\/destination-commingespyrenees.prep.faire-savoir.eu\/es\/wp-json\/wp\/v2\/pages"}],"about":[{"href":"https:\/\/destination-commingespyrenees.prep.faire-savoir.eu\/es\/wp-json\/wp\/v2\/types\/page"}],"author":[{"embeddable":true,"href":"https:\/\/destination-commingespyrenees.prep.faire-savoir.eu\/es\/wp-json\/wp\/v2\/users\/3"}],"replies":[{"embeddable":true,"href":"https:\/\/destination-commingespyrenees.prep.faire-savoir.eu\/es\/wp-json\/wp\/v2\/comments?post=3396"}],"version-history":[{"count":4,"href":"https:\/\/destination-commingespyrenees.prep.faire-savoir.eu\/es\/wp-json\/wp\/v2\/pages\/3396\/revisions"}],"predecessor-version":[{"id":4276,"href":"https:\/\/destination-commingespyrenees.prep.faire-savoir.eu\/es\/wp-json\/wp\/v2\/pages\/3396\/revisions\/4276"}],"wp:featuredmedia":[{"embeddable":true,"href":"https:\/\/destination-commingespyrenees.prep.faire-savoir.eu\/es\/wp-json\/wp\/v2\/media\/3394"}],"wp:attachment":[{"href":"https:\/\/destination-commingespyrenees.prep.faire-savoir.eu\/es\/wp-json\/wp\/v2\/media?parent=3396"}],"wp:term":[{"taxonomy":"experience_category","embeddable":true,"href":"https:\/\/destination-commingespyrenees.prep.faire-savoir.eu\/es\/wp-json\/wp\/v2\/experience_category?post=3396"}],"curies":[{"name":"wp","href":"https:\/\/api.w.org\/{rel}","templated":true}]}}