{"id":3384,"date":"2026-01-14T15:25:32","date_gmt":"2026-01-14T14:25:32","guid":{"rendered":"https:\/\/destination-commingespyrenees.prep.faire-savoir.eu\/la-oficina-de-turismo\/nuestros-compromisos\/"},"modified":"2026-04-20T11:29:52","modified_gmt":"2026-04-20T09:29:52","slug":"nuestros-compromisos","status":"publish","type":"page","link":"https:\/\/destination-commingespyrenees.prep.faire-savoir.eu\/es\/la-oficina-de-turismo\/nuestros-compromisos\/","title":{"rendered":"Nuestros compromisos"},"content":{"rendered":"\n<div class=\"wp-block-media-text alignfull has-media-on-the-right is-stacked-on-mobile is-vertically-aligned-center has-contrast-color has-sustainable-base-background-color has-text-color has-background has-link-color wp-elements-aff6360de2a07e5f95ddf9114c739c49\"><div class=\"wp-block-media-text__content\">\n<div class=\"wp-block-group alignwide is-layout-flow wp-block-group-is-layout-flow\"><h1 class=\"wp-block-post-title\">Nuestros compromisos<\/h1>\n\n\n<p class=\"has-medium-font-size\" style=\"font-style:normal;font-weight:700\">La Oficina de Turismo est\u00e1 comprometida con diferentes procesos de mejora para optimizar la acogida de todos sus visitantes.<\/p>\n\n\n\n<p>Los esfuerzos de los equipos de Destino Comminges Pirineos se ven recompensados con la obtenci\u00f3n de sellos y marcas. \u00a1Descubre nuestros compromisos! <\/p>\n<\/div>\n<\/div><figure class=\"wp-block-media-text__media\"><img loading=\"lazy\" decoding=\"async\" width=\"1600\" height=\"1067\" src=\"https:\/\/destination-commingespyrenees.prep.faire-savoir.eu\/wp-content\/uploads\/2026\/01\/Vue-du-ciel-automne-2023-Laetitia-GONI-LIZOAIN-2-1600x1067.jpg\" alt=\"Vista a\u00e9rea en Destino Comminges Pirineos\" class=\"wp-image-704 size-full\" srcset=\"https:\/\/destination-commingespyrenees.prep.faire-savoir.eu\/wp-content\/uploads\/2026\/01\/Vue-du-ciel-automne-2023-Laetitia-GONI-LIZOAIN-2-1600x1067.jpg 1600w, https:\/\/destination-commingespyrenees.prep.faire-savoir.eu\/wp-content\/uploads\/2026\/01\/Vue-du-ciel-automne-2023-Laetitia-GONI-LIZOAIN-2-800x533.jpg 800w, https:\/\/destination-commingespyrenees.prep.faire-savoir.eu\/wp-content\/uploads\/2026\/01\/Vue-du-ciel-automne-2023-Laetitia-GONI-LIZOAIN-2-768x512.jpg 768w, https:\/\/destination-commingespyrenees.prep.faire-savoir.eu\/wp-content\/uploads\/2026\/01\/Vue-du-ciel-automne-2023-Laetitia-GONI-LIZOAIN-2-1536x1024.jpg 1536w, https:\/\/destination-commingespyrenees.prep.faire-savoir.eu\/wp-content\/uploads\/2026\/01\/Vue-du-ciel-automne-2023-Laetitia-GONI-LIZOAIN-2-scaled.jpg 2048w\" sizes=\"auto, (max-width: 1600px) 100vw, 1600px\" \/><\/figure><\/div>\n\n<section class=\"wp-block-group alignfull pattern-breadcrumb has-global-padding is-layout-constrained wp-block-group-is-layout-constrained\">\n<div class=\"wp-block-group alignwide is-layout-flow wp-block-group-is-layout-flow\"><nav aria-label=\"breadcrumbs\" class=\"rank-math-breadcrumb\"><p><span class=\"last\">Accueil<\/span><\/p><\/nav><\/div>\n<\/section>\n\n<div class=\"wp-block-columns is-layout-flex wp-container-core-columns-is-layout-28f84493 wp-block-columns-is-layout-flex\">\n<div class=\"wp-block-column is-layout-flow wp-block-column-is-layout-flow\">\n<h3 class=\"wp-block-heading\">NUESTRAS MARCAS, sellos y COMPROMISOS<\/h3>\n<\/div>\n\n\n\n<div class=\"wp-block-column is-layout-flow wp-block-column-is-layout-flow\"><\/div>\n<\/div>\n\n<div class=\"wp-block-columns is-layout-flex wp-container-core-columns-is-layout-28f84493 wp-block-columns-is-layout-flex\">\n<div class=\"wp-block-column is-layout-flow wp-block-column-is-layout-flow\">\n<div class=\"wp-block-media-text is-stacked-on-mobile is-vertically-aligned-center\" style=\"grid-template-columns:24% auto\"><figure class=\"wp-block-media-text__media\"><img loading=\"lazy\" decoding=\"async\" width=\"560\" height=\"560\" src=\"https:\/\/destination-commingespyrenees.prep.faire-savoir.eu\/wp-content\/uploads\/2026\/01\/Qualite-tourisme-coul_cartouche-RF-560x560.jpg\" alt=\"Marca Qualit\u00e9 Tourisme\" class=\"wp-image-710 size-thumbnail\" \/><\/figure><div class=\"wp-block-media-text__content\">\n<p>La oficina de turismo se ha comprometido en un proceso de mejora y obtuvo en 2017 la marca Qualit\u00e9 Tourisme, que reconoce sus competencias de acogida y sus servicios. La marca se renov\u00f3 en 2025. <\/p>\n\n\n\n<p>Nuestra Oficina de Turismo est\u00e1 clasificada en Categor\u00eda I, la distinci\u00f3n m\u00e1s alta.<\/p>\n\n\n\n<p><\/p>\n\n\n\n<div class=\"wp-block-buttons is-layout-flex wp-block-buttons-is-layout-flex\">\n<div class=\"wp-block-button is-style-fill\"><a class=\"wp-block-button__link wp-element-button\" href=\"https:\/\/destination-commingespyrenees.prep.faire-savoir.eu\/wp-content\/uploads\/2026\/01\/Nos-engagements.pdf\">Consulta nuestros compromisos<\/a><\/div>\n<\/div>\n<\/div><\/div>\n\n\n\n<div class=\"wp-block-media-text is-stacked-on-mobile is-vertically-aligned-center\" style=\"grid-template-columns:24% auto\"><figure class=\"wp-block-media-text__media\"><img loading=\"lazy\" decoding=\"async\" width=\"752\" height=\"601\" src=\"https:\/\/destination-commingespyrenees.prep.faire-savoir.eu\/wp-content\/uploads\/2026\/01\/TH-logo.jpg\" alt=\"\" class=\"wp-image-713 size-thumbnail\" \/><\/figure><div class=\"wp-block-media-text__content\">\n<p>Todas las oficinas pueden acoger a visitantes con discapacidad. Y la oficina de Montr\u00e9jeau cuenta con el sello Tourisme &amp; Handicap para las 4 discapacidades: auditiva, mental, motora y visual. <\/p>\n\n\n\n<p><a href=\"https:\/\/destination-commingespyrenees.prep.faire-savoir.eu\/wp-content\/uploads\/2026\/01\/guide-des-offres-touristiques-et-services-adaptes-a-montrejeau-1.pdf\" data-type=\"attachment\" data-id=\"719\">Consulta la gu\u00eda Tourisme &amp; Handicap<\/a><\/p>\n\n\n\n<p><a href=\"https:\/\/destination-commingespyrenees.prep.faire-savoir.eu\/wp-content\/uploads\/2026\/01\/2024-presenation-du-bureau-information-touristique-de-montrejeau-2.pdf\" data-type=\"attachment\" data-id=\"718\">Consulta la gu\u00eda Tourisme &amp; Handicap de la oficina de Montr\u00e9jeau<\/a><\/p>\n\n\n\n<p><a href=\"https:\/\/tourisme-handicaps.org\/espace-grand-public\/les-structures-labellisees\/\" target=\"_blank\" rel=\"noopener\">Todo lo que debes saber sobre la marca Tourisme &amp; Handicap<\/a><\/p>\n<\/div><\/div>\n<\/div>\n\n\n\n<div class=\"wp-block-column is-layout-flow wp-block-column-is-layout-flow\">\n<p><\/p>\n\n\n\n<div class=\"wp-block-media-text is-stacked-on-mobile\" style=\"grid-template-columns:32% auto\"><figure class=\"wp-block-media-text__media\"><img loading=\"lazy\" decoding=\"async\" width=\"617\" height=\"463\" src=\"https:\/\/destination-commingespyrenees.prep.faire-savoir.eu\/wp-content\/uploads\/2026\/01\/Accueil-velo-logo.jpg\" alt=\"Logo Accueil V\u00e9lo\" class=\"wp-image-720 size-full\" \/><\/figure><div class=\"wp-block-media-text__content\">\n<p>Nuestras 5 oficinas de informaci\u00f3n tur\u00edstica cuentan con el sello Accueil V\u00e9lo. Podemos acoger a todos los ciclistas y bikers para rellenar sus bidones, reparar un pinchazo, una rueda o incluso lavar sus bicicletas. <\/p>\n<\/div><\/div>\n<\/div>\n<\/div>\n\n<figure data-wp-context=\"{&quot;imageId&quot;:&quot;69ff76ab5ef59&quot;}\" data-wp-interactive=\"core\/image\" data-wp-key=\"69ff76ab5ef59\" class=\"wp-block-image aligncenter size-full wp-lightbox-container\"><img loading=\"lazy\" decoding=\"async\" width=\"406\" height=\"439\" data-wp-class--hide=\"state.isContentHidden\" data-wp-class--show=\"state.isContentVisible\" data-wp-init=\"callbacks.setButtonStyles\" data-wp-on--click=\"actions.showLightbox\" data-wp-on--load=\"callbacks.setButtonStyles\" data-wp-on-window--resize=\"callbacks.setButtonStyles\" src=\"https:\/\/destination-commingespyrenees.prep.faire-savoir.eu\/wp-content\/uploads\/2026\/04\/image.png\" alt=\"\" class=\"wp-image-3136\" style=\"aspect-ratio:3\/2;object-fit:cover\" \/><button\n\t\t\tclass=\"lightbox-trigger\"\n\t\t\ttype=\"button\"\n\t\t\taria-haspopup=\"dialog\"\n\t\t\taria-label=\"Agrandar\"\n\t\t\tdata-wp-init=\"callbacks.initTriggerButton\"\n\t\t\tdata-wp-on--click=\"actions.showLightbox\"\n\t\t\tdata-wp-style--right=\"state.imageButtonRight\"\n\t\t\tdata-wp-style--top=\"state.imageButtonTop\"\n\t\t>\n\t\t\t<svg xmlns=\"http:\/\/www.w3.org\/2000\/svg\" width=\"12\" height=\"12\" fill=\"none\" viewBox=\"0 0 12 12\">\n\t\t\t\t<path fill=\"#fff\" d=\"M2 0a2 2 0 0 0-2 2v2h1.5V2a.5.5 0 0 1 .5-.5h2V0H2Zm2 10.5H2a.5.5 0 0 1-.5-.5V8H0v2a2 2 0 0 0 2 2h2v-1.5ZM8 12v-1.5h2a.5.5 0 0 0 .5-.5V8H12v2a2 2 0 0 1-2 2H8Zm2-12a2 2 0 0 1 2 2v2h-1.5V2a.5.5 0 0 0-.5-.5H8V0h2Z\" \/>\n\t\t\t<\/svg>\n\t\t<\/button><\/figure>\n\n<p>La Oficina de Turismo est\u00e1 comprometida con el proceso de obtenci\u00f3n del sello \u201cDestination d\u2019Excellence\u201d. Este nuevo sello busca reforzar la calidad en todo el \u00e1mbito de la oferta tur\u00edstica: alojamientos, restauraci\u00f3n, lugares de visita o de ocio, puntos de informaci\u00f3n tur\u00edstica (oficinas de turismo, en particular), transportes. Adem\u00e1s del reto de la calidad de la acogida y de los servicios, que impulsa al sector, este sello reforzar\u00e1 especialmente el nivel de exigencia en materia de ecorresponsabilidad.  <\/p>\n\n<p><\/p>\n\n<p><\/p>\n\n<div class=\"wp-block-media-text is-stacked-on-mobile\" style=\"grid-template-columns:31% auto\"><figure class=\"wp-block-media-text__media\"><img loading=\"lazy\" decoding=\"async\" width=\"1600\" height=\"1200\" src=\"https:\/\/destination-commingespyrenees.prep.faire-savoir.eu\/wp-content\/uploads\/2026\/01\/Abri-\u00a9Musee-de-lAurignacien-1600x1200.jpg\" alt=\"Abri d'Aurignac\" class=\"wp-image-579 size-full\" srcset=\"https:\/\/destination-commingespyrenees.prep.faire-savoir.eu\/wp-content\/uploads\/2026\/01\/Abri-\u00a9Musee-de-lAurignacien-1600x1200.jpg 1600w, https:\/\/destination-commingespyrenees.prep.faire-savoir.eu\/wp-content\/uploads\/2026\/01\/Abri-\u00a9Musee-de-lAurignacien-800x600.jpg 800w, https:\/\/destination-commingespyrenees.prep.faire-savoir.eu\/wp-content\/uploads\/2026\/01\/Abri-\u00a9Musee-de-lAurignacien-768x576.jpg 768w, https:\/\/destination-commingespyrenees.prep.faire-savoir.eu\/wp-content\/uploads\/2026\/01\/Abri-\u00a9Musee-de-lAurignacien-1536x1152.jpg 1536w, https:\/\/destination-commingespyrenees.prep.faire-savoir.eu\/wp-content\/uploads\/2026\/01\/Abri-\u00a9Musee-de-lAurignacien-scaled.jpg 2048w\" sizes=\"auto, (max-width: 1600px) 100vw, 1600px\" \/><\/figure><div class=\"wp-block-media-text__content\">\n<p>En un territorio muy natural y preservado, la Oficina de Turismo tambi\u00e9n debe actuar para reducir su impacto ecol\u00f3gico, tanto en los documentos impresos como en su funcionamiento diario:<\/p>\n\n\n\n<ul class=\"wp-block-list\">\n<li>coche compartido y uso de un veh\u00edculo de servicio 100% el\u00e9ctrico<\/li>\n\n\n\n<li>ahorro de energ\u00eda y de papel,<\/li>\n\n\n\n<li>separaci\u00f3n de residuos,<\/li>\n<\/ul>\n\n\n\n<p>Pero nuestras oficinas tambi\u00e9n son sensibles a las cuestiones sociales y societales y llevan a cabo a diario acciones para el bienestar de sus empleados.<\/p>\n\n\n\n<p><\/p>\n\n\n\n<p><\/p>\n\n\n\n<p><\/p>\n<\/div><\/div>\n\n<h3 class=\"wp-block-heading\">No hay vacaciones para los eco-gestos <\/h3>\n\n<h4 class=\"wp-block-heading\">No lo olvides&#8230;<\/h4>\n\n<p>Para reducir el impacto en el medio ambiente, aqu\u00ed tienes algunos gestos sencillos que cada uno de nosotros puede hacer para disminuir las distintas contaminaciones.<\/p>\n\n<h4 class=\"wp-block-heading\">Separaci\u00f3n selectiva de residuos<\/h4>\n\n<p>Seg\u00fan tu lugar de residencia, tienes a tu disposici\u00f3n contenedores espec\u00edficos para separar los residuos. Si no, hay columnas de reciclaje para el dep\u00f3sito voluntario de residuos separados repartidas por todo el territorio. Para conocer los lugares y d\u00edas de recogida, contacta con Communaut\u00e9 de Communes Coeur et Coteaux du Comminges, Servicio de residuos: 05 61 89 05 42  <\/p>\n\n<div class=\"wp-block-buttons is-layout-flex wp-block-buttons-is-layout-flex\">\n<div class=\"wp-block-button is-style-fill\"><a class=\"wp-block-button__link wp-element-button\" href=\"https:\/\/www.coeurcoteaux-comminges.fr\/vivre-bouger\/dechets-menagers\/dechetteries-655\" target=\"_blank\" rel=\"noopener\">Acceso a los puntos limpios<\/a><\/div>\n<\/div>\n\n<h4 class=\"wp-block-heading\">Ahorro de agua<\/h4>\n\n<p>Algunos consejos para consumirla mejor y contribuir a protegerla de la contaminaci\u00f3n:<\/p>\n\n<ul class=\"wp-block-list\">\n<li>Bebo agua del grifo en lugar de agua embotellada<\/li>\n\n\n\n<li>Cierro el grifo cuando me lavo los dientes<\/li>\n\n\n\n<li>Utilizo el agua de lavar las verduras para regar las plantas\u2026<\/li>\n<\/ul>\n","protected":false},"excerpt":{"rendered":"<p>NUESTRAS MARCAS, sellos y COMPROMISOS La oficina de turismo se ha comprometido en un proceso de mejora y obtuvo en 2017 la marca Qualit\u00e9 Tourisme, que reconoce sus competencias de acogida y sus servicios. La marca se renov\u00f3 en 2025. Nuestra Oficina de Turismo est\u00e1 clasificada en Categor\u00eda I, la distinci\u00f3n m\u00e1s alta. Todas las [&hellip;]<\/p>\n","protected":false},"author":2,"featured_media":3381,"parent":3367,"menu_order":0,"comment_status":"closed","ping_status":"closed","template":"","meta":{"_acf_changed":false,"footnotes":""},"experience_category":[],"class_list":["post-3384","page","type-page","status-publish","has-post-thumbnail","hentry"],"acf":[],"_links":{"self":[{"href":"https:\/\/destination-commingespyrenees.prep.faire-savoir.eu\/es\/wp-json\/wp\/v2\/pages\/3384","targetHints":{"allow":["GET"]}}],"collection":[{"href":"https:\/\/destination-commingespyrenees.prep.faire-savoir.eu\/es\/wp-json\/wp\/v2\/pages"}],"about":[{"href":"https:\/\/destination-commingespyrenees.prep.faire-savoir.eu\/es\/wp-json\/wp\/v2\/types\/page"}],"author":[{"embeddable":true,"href":"https:\/\/destination-commingespyrenees.prep.faire-savoir.eu\/es\/wp-json\/wp\/v2\/users\/2"}],"replies":[{"embeddable":true,"href":"https:\/\/destination-commingespyrenees.prep.faire-savoir.eu\/es\/wp-json\/wp\/v2\/comments?post=3384"}],"version-history":[{"count":2,"href":"https:\/\/destination-commingespyrenees.prep.faire-savoir.eu\/es\/wp-json\/wp\/v2\/pages\/3384\/revisions"}],"predecessor-version":[{"id":3387,"href":"https:\/\/destination-commingespyrenees.prep.faire-savoir.eu\/es\/wp-json\/wp\/v2\/pages\/3384\/revisions\/3387"}],"up":[{"embeddable":true,"href":"https:\/\/destination-commingespyrenees.prep.faire-savoir.eu\/es\/wp-json\/wp\/v2\/pages\/3367"}],"wp:featuredmedia":[{"embeddable":true,"href":"https:\/\/destination-commingespyrenees.prep.faire-savoir.eu\/es\/wp-json\/wp\/v2\/media\/3381"}],"wp:attachment":[{"href":"https:\/\/destination-commingespyrenees.prep.faire-savoir.eu\/es\/wp-json\/wp\/v2\/media?parent=3384"}],"wp:term":[{"taxonomy":"experience_category","embeddable":true,"href":"https:\/\/destination-commingespyrenees.prep.faire-savoir.eu\/es\/wp-json\/wp\/v2\/experience_category?post=3384"}],"curies":[{"name":"wp","href":"https:\/\/api.w.org\/{rel}","templated":true}]}}