{"id":3367,"date":"2026-03-17T14:36:36","date_gmt":"2026-03-17T13:36:36","guid":{"rendered":"https:\/\/destination-commingespyrenees.prep.faire-savoir.eu\/la-oficina-de-turismo\/"},"modified":"2026-04-20T11:29:52","modified_gmt":"2026-04-20T09:29:52","slug":"la-oficina-de-turismo","status":"publish","type":"page","link":"https:\/\/destination-commingespyrenees.prep.faire-savoir.eu\/es\/la-oficina-de-turismo\/","title":{"rendered":"La oficina de turismo"},"content":{"rendered":"\n<section class=\"wp-block-cover alignfull pattern-hero-section\"><img loading=\"lazy\" decoding=\"async\" width=\"1373\" height=\"2048\" class=\"wp-block-cover__image-background wp-image-2309 size-full\" alt=\"Office de tourisme Destination Comminges Pyr\u00e9n\u00e9es\" src=\"https:\/\/destination-commingespyrenees.prep.faire-savoir.eu\/wp-content\/uploads\/2026\/03\/Office-de-tourisme-Destination-Comminges-Pyrenees-bureau-saint-gaudens-scaled.jpg\" style=\"object-position:35% 21%\" data-object-fit=\"cover\" data-object-position=\"35% 21%\" srcset=\"https:\/\/destination-commingespyrenees.prep.faire-savoir.eu\/wp-content\/uploads\/2026\/03\/Office-de-tourisme-Destination-Comminges-Pyrenees-bureau-saint-gaudens-scaled.jpg 1373w, https:\/\/destination-commingespyrenees.prep.faire-savoir.eu\/wp-content\/uploads\/2026\/03\/Office-de-tourisme-Destination-Comminges-Pyrenees-bureau-saint-gaudens-800x1193.jpg 800w, https:\/\/destination-commingespyrenees.prep.faire-savoir.eu\/wp-content\/uploads\/2026\/03\/Office-de-tourisme-Destination-Comminges-Pyrenees-bureau-saint-gaudens-1600x2386.jpg 1600w, https:\/\/destination-commingespyrenees.prep.faire-savoir.eu\/wp-content\/uploads\/2026\/03\/Office-de-tourisme-Destination-Comminges-Pyrenees-bureau-saint-gaudens-768x1146.jpg 768w, https:\/\/destination-commingespyrenees.prep.faire-savoir.eu\/wp-content\/uploads\/2026\/03\/Office-de-tourisme-Destination-Comminges-Pyrenees-bureau-saint-gaudens-1030x1536.jpg 1030w\" sizes=\"auto, (max-width: 1373px) 100vw, 1373px\" \/><span aria-hidden=\"true\" class=\"wp-block-cover__background has-background-dim-40 has-background-dim wp-block-cover__gradient-background has-background-gradient\" style=\"background:linear-gradient(180deg,rgb(0,0,0) 0%,rgba(0,0,0,0) 50%,rgba(0,0,0) 100%)\"><\/span><div class=\"wp-block-cover__inner-container has-global-padding is-layout-constrained wp-block-cover-is-layout-constrained\">\n<div class=\"wp-block-group alignwide is-layout-flow wp-block-group-is-layout-flow\"><h1 class=\"has-text-align-left wp-block-post-title\">La oficina de turismo<\/h1>\n\n\n<p class=\"has-medium-font-size\" style=\"font-style:normal;font-weight:700\">\u00a1Bienvenido a la Destinaci\u00f3n Comminges Pyr\u00e9n\u00e9es!<\/p>\n\n\n\n<p class=\"has-medium-font-size\" style=\"font-style:normal;font-weight:700\">5 oficinas de informaci\u00f3n permanentes y 2 oficinas de temporada durante la estaci\u00f3n estival. \u00a1Ven a vernos \u2663 <br \/><\/p>\n<\/div>\n<\/div><\/section>\n\n<section class=\"wp-block-group alignfull pattern-breadcrumb has-global-padding is-layout-constrained wp-block-group-is-layout-constrained\">\n<div class=\"wp-block-group alignwide is-layout-flow wp-block-group-is-layout-flow\"><nav aria-label=\"breadcrumbs\" class=\"rank-math-breadcrumb\"><p><span class=\"last\">Accueil<\/span><\/p><\/nav><\/div>\n<\/section>\n\n<section class=\"wp-block-group alignfull pattern-text has-global-padding is-layout-constrained wp-block-group-is-layout-constrained\">\n<div class=\"wp-block-group has-global-padding is-layout-constrained wp-block-group-is-layout-constrained\">\n<h3 class=\"wp-block-heading\">Encontr\u00e9monos\u2026<\/h3>\n\n\n\n<p>Hablemos de tus deseos, construyamos juntos tu estancia: planes del momento, ocio en la naturaleza, descubrimientos gastron\u00f3micos, visitas a medida, buenas direcciones locales\u2026 \u00a1Vive la Destinaci\u00f3n Comminges Pyr\u00e9n\u00e9es! Te esperamos en uno de nuestros 5 puntos de informaci\u00f3n. <\/p>\n<\/div>\n<\/section>\n\n<figure data-wp-context=\"{&quot;imageId&quot;:&quot;69ff76a8e48f1&quot;}\" data-wp-interactive=\"core\/image\" data-wp-key=\"69ff76a8e48f1\" class=\"wp-block-image size-full wp-lightbox-container\"><img loading=\"lazy\" decoding=\"async\" width=\"1195\" height=\"259\" data-wp-class--hide=\"state.isContentHidden\" data-wp-class--show=\"state.isContentVisible\" data-wp-init=\"callbacks.setButtonStyles\" data-wp-on--click=\"actions.showLightbox\" data-wp-on--load=\"callbacks.setButtonStyles\" data-wp-on-window--resize=\"callbacks.setButtonStyles\" src=\"https:\/\/destination-commingespyrenees.prep.faire-savoir.eu\/wp-content\/uploads\/2026\/03\/Les-explorateurs-du-temps.jpg\" alt=\"Los exploradores del tiempo\" class=\"wp-image-2312\" srcset=\"https:\/\/destination-commingespyrenees.prep.faire-savoir.eu\/wp-content\/uploads\/2026\/03\/Les-explorateurs-du-temps.jpg 1195w, https:\/\/destination-commingespyrenees.prep.faire-savoir.eu\/wp-content\/uploads\/2026\/03\/Les-explorateurs-du-temps-800x173.jpg 800w, https:\/\/destination-commingespyrenees.prep.faire-savoir.eu\/wp-content\/uploads\/2026\/03\/Les-explorateurs-du-temps-768x166.jpg 768w\" sizes=\"auto, (max-width: 1195px) 100vw, 1195px\" \/><button\n\t\t\tclass=\"lightbox-trigger\"\n\t\t\ttype=\"button\"\n\t\t\taria-haspopup=\"dialog\"\n\t\t\taria-label=\"Agrandar\"\n\t\t\tdata-wp-init=\"callbacks.initTriggerButton\"\n\t\t\tdata-wp-on--click=\"actions.showLightbox\"\n\t\t\tdata-wp-style--right=\"state.imageButtonRight\"\n\t\t\tdata-wp-style--top=\"state.imageButtonTop\"\n\t\t>\n\t\t\t<svg xmlns=\"http:\/\/www.w3.org\/2000\/svg\" width=\"12\" height=\"12\" fill=\"none\" viewBox=\"0 0 12 12\">\n\t\t\t\t<path fill=\"#fff\" d=\"M2 0a2 2 0 0 0-2 2v2h1.5V2a.5.5 0 0 1 .5-.5h2V0H2Zm2 10.5H2a.5.5 0 0 1-.5-.5V8H0v2a2 2 0 0 0 2 2h2v-1.5ZM8 12v-1.5h2a.5.5 0 0 0 .5-.5V8H12v2a2 2 0 0 1-2 2H8Zm2-12a2 2 0 0 1 2 2v2h-1.5V2a.5.5 0 0 0-.5-.5H8V0h2Z\" \/>\n\t\t\t<\/svg>\n\t\t<\/button><\/figure>\n\n<section class=\"wp-block-group alignfull pattern-text has-global-padding is-layout-constrained wp-block-group-is-layout-constrained\">\n<div class=\"wp-block-group has-global-padding is-layout-constrained wp-block-group-is-layout-constrained\">\n<h3 class=\"wp-block-heading has-text-align-center\">Nuestros 5 puntos de informaci\u00f3n<\/h3>\n\n\n\n<h4 class=\"wp-block-heading\"><strong>Oficina de Saint-Gaudens<\/strong><\/h4>\n\n\n\n<p>\ud83d\udccd 2 rue Thiers, 31800 Saint-Gaudens<br \/><strong>Galer\u00edas de exposiciones<\/strong>: <a rel=\"noreferrer noopener\" href=\"https:\/\/www.tourisme-stgaudens.com\/patrimoine-culturel\/espace-photographies\/\" target=\"_blank\">espacio de fotos de la oficina de Saint-Gaudens<\/a><br \/>\ud83c\udd7f <a rel=\"noreferrer noopener\" href=\"https:\/\/www.google.com\/maps\/dir\/\/Parking+Barbastro,+31800+Saint-Gaudens\/@43.1077721,0.7237441,17z\/data=!4m8!4m7!1m0!1m5!1m1!1s0x12a8fd783f1e35d7:0x325b554bffa25771!2m2!1d0.7264007!2d43.1077383\" target=\"_blank\">Parking Barbastro<\/a> o <a rel=\"noreferrer noopener\" href=\"https:\/\/www.google.com\/maps\/dir\/\/Pl.+Nationale+Jean+Jaur%C3%A8s,+31800+Saint-Gaudens\/@43.107869,0.7223953,17z\/data=!4m8!4m7!1m0!1m5!1m1!1s0x12a8fc8e277c75cb:0x5e084861065bc3ca!2m2!1d0.724584!2d43.107869\" target=\"_blank\">Place Jean Jaur\u00e8s<\/a> con disco de estacionamiento<br \/>\ud83d\udd50 <a rel=\"noreferrer noopener\" href=\"https:\/\/www.google.com\/maps\/place\/Office+de+Tourisme+Saint-Gaudens+%F0%9D%97%96%F0%9D%97%BC%F0%9D%97%BA%F0%9D%97%BA%F0%9D%97%B6%F0%9D%97%BB%F0%9D%97%B4%F0%9D%97%B2%F0%9D%98%80+%F0%9D%97%A3%F0%9D%98%86%F0%9D%97%BF%F0%9D%97%B2%CC%81%F0%9D%97%BB%F0%9D%97%B2%CC%81%F0%9D%97%B2%F0%9D%98%80\/@43.107925,0.725207,15z\/data=!4m5!3m4!1s0x0:0x6040a9e31db76a08!8m2!3d43.1079245!4d0.7252117\" target=\"_blank\">Ver d\u00edas y horarios<\/a><\/p>\n\n\n\n<h4 class=\"wp-block-heading\"><strong>Oficina de Aurignac<\/strong><\/h4>\n\n\n\n<p>\ud83d\udccd 3 place de la Mairie, 31420 Aurignac<br \/>\ud83c\udd7f <a rel=\"noreferrer noopener\" href=\"https:\/\/www.google.com\/maps\/dir\/\/Pl.+de+la+Mairie,+31420+Aurignac\/@43.2172093,0.8792078,17z\/data=!4m8!4m7!1m0!1m5!1m1!1s0x12a91f0e86da3325:0x91661fc118caab71!2m2!1d0.8813965!2d43.2172093\" target=\"_blank\">plaza de la Mairie<\/a><br \/>\ud83d\udd50 <a rel=\"noreferrer noopener\" href=\"https:\/\/www.google.com\/maps\/place\/Bureau+d&#039;Information+Touristique+d&#039;Aurignac+%F0%9D%97%96%F0%9D%97%BC%F0%9D%97%BA%F0%9D%97%BA%F0%9D%97%B6%F0%9D%97%BB%F0%9D%97%B4%F0%9D%97%B2%F0%9D%98%80+%F0%9D%97%A3%F0%9D%98%86%F0%9D%97%BF%F0%9D%97%B2%CC%81%F0%9D%97%BB%F0%9D%97%B2%CC%81%F0%9D%97%B2%F0%9D%98%80\/@43.2172093,0.8792078,17z\/data=!3m1!4b1!4m5!3m4!1s0x12a91f0e618482b9:0x845835fc2d6d3afa!8m2!3d43.2172093!4d0.8813965\" target=\"_blank\">Ver d\u00edas y horarios<\/a><\/p>\n\n\n\n<p>\ud83d\udccd<a href=\"https:\/\/www.google.com\/maps\/dir\/43.219257,0.8818505\/Table+d&#039;orientation+Donjon+d&#039;Aurignac,+31420+Aurignac\/@43.2187469,0.8788947,18z\/data=!4m9!4m8!1m0!1m5!1m1!1s0x12a91f98a8c32b6f:0xe4c3b6e52f305bb5!2m2!1d0.8800133!2d43.2197124!3e0?entry=ttu&amp;g_ep=EgoyMDI1MDcxNS4xIKXMDSoASAFQAw%3D%3D\" target=\"_blank\" rel=\"noopener\">Punto de informaci\u00f3n de temporada en la torre del homenaje de Aurignac<\/a> \u2013 (abierto en per\u00edodo estival)<\/p>\n\n\n\n<h4 class=\"wp-block-heading\"><strong>Oficina de Boulogne-sur-Gesse<\/strong><\/h4>\n\n\n\n<p>\ud83d\udccd place de la Mairie, 31350 Boulogne-sur-Gesse<br \/>\ud83c\udd7f <a rel=\"noreferrer noopener\" href=\"https:\/\/www.google.com\/maps\/dir\/\/Pl.+de+la+Mairie,+31350+Boulogne-sur-Gesse\/@43.2905855,0.6436708,17z\/data=!4m16!1m7!3m6!1s0x12a906564155f491:0xa77ccd9d69984ccc!2sPl.+de+la+Mairie,+31350+Boulogne-sur-Gesse!3b1!8m2!3d43.2905855!4d0.6458595!4m7!1m0!1m5!1m1!1s0x12a906564155f491:0xa77ccd9d69984ccc!2m2!1d0.6458595!2d43.2905855\" target=\"_blank\">plaza de la Mairie<\/a> con disco de estacionamiento<br \/>\ud83d\udd50 <a rel=\"noreferrer noopener\" href=\"https:\/\/www.google.com\/maps\/place\/Bureau+d&#039;Information+Touristique+de+Boulogne-sur-Gesse+%F0%9D%97%96%F0%9D%97%BC%F0%9D%97%BA%F0%9D%97%BA%F0%9D%97%B6%F0%9D%97%BB%F0%9D%97%B4%F0%9D%97%B2%F0%9D%98%80+%F0%9D%97%A3%F0%9D%98%86%F0%9D%97%BF%F0%9D%97%B2%CC%81%F0%9D%97%BB%F0%9D%97%B2%CC%81%F0%9D%97%B2%F0%9D%98%80\/@43.2905153,0.6435455,17z\/data=!3m1!4b1!4m5!3m4!1s0x12a90656521d45bd:0xb318415a6896718e!8m2!3d43.2905513!4d0.6457925\" target=\"_blank\">Ver d\u00edas y horarios<\/a><\/p>\n\n\n\n<h4 class=\"wp-block-heading\"><strong>Oficina de Montr\u00e9jeau<\/strong><\/h4>\n\n\n\n<p>\ud83d\udccd 6, rue du Barry, 31210 Montr\u00e9jeau<br \/>Galer\u00eda de exposici\u00f3n: <a rel=\"noreferrer noopener\" href=\"https:\/\/www.tourisme-stgaudens.com\/patrimoine-culturel\/espace-andre-marquerie\/\" target=\"_blank\">espacio Andr\u00e9 Marquerie en Montr\u00e9jeau<\/a><br \/>\ud83c\udd7f<a rel=\"noreferrer noopener\" href=\"https:\/\/www.google.com\/maps\/dir\/\/Pl.+Valentin+Abeille,+31210+Montr%C3%A9jeau\/@43.0858393,0.5662006,17z\/data=!4m8!4m7!1m0!1m5!1m1!1s0x12a85664ac9344a1:0xac02ed4e955acdc9!2m2!1d0.5683893!2d43.0858393\" target=\"_blank\"> Plaza Valentin Abeille<\/a><br \/>\ud83d\udd50 <a rel=\"noreferrer noopener\" href=\"https:\/\/www.google.com\/maps\/place\/Bureau+d&#039;Information+Touristique+de+Boulogne-sur-Gesse+%F0%9D%97%96%F0%9D%97%BC%F0%9D%97%BA%F0%9D%97%BA%F0%9D%97%B6%F0%9D%97%BB%F0%9D%97%B4%F0%9D%97%B2%F0%9D%98%80+%F0%9D%97%A3%F0%9D%98%86%F0%9D%97%BF%F0%9D%97%B2%CC%81%F0%9D%97%BB%F0%9D%97%B2%CC%81%F0%9D%97%B2%F0%9D%98%80\/@43.2905153,0.6435455,17z\/data=!3m1!4b1!4m5!3m4!1s0x12a90656521d45bd:0xb318415a6896718e!8m2!3d43.2905513!4d0.6457925\" target=\"_blank\">Ver d\u00edas y horarios<\/a><strong><br \/><\/strong>La oficina de Montr\u00e9jeau est\u00e1 <strong>marcada Turismo &amp; Discapacidad<\/strong>, <a rel=\"noreferrer noopener\" href=\"https:\/\/www.tourisme-stgaudens.com\/decouvrir\/pratique\/marques-et-engagements\/\" target=\"_blank\">saber m\u00e1s<\/a><\/p>\n\n\n\n<figure data-wp-context=\"{&quot;imageId&quot;:&quot;69ff76a8e548f&quot;}\" data-wp-interactive=\"core\/image\" data-wp-key=\"69ff76a8e548f\" class=\"wp-block-image is-resized wp-lightbox-container\"><img decoding=\"async\" data-wp-class--hide=\"state.isContentHidden\" data-wp-class--show=\"state.isContentVisible\" data-wp-init=\"callbacks.setButtonStyles\" data-wp-on--click=\"actions.showLightbox\" data-wp-on--load=\"callbacks.setButtonStyles\" data-wp-on-window--resize=\"callbacks.setButtonStyles\" src=\"https:\/\/www.tourisme-stgaudens.com\/wp-content\/uploads\/2024\/11\/tourisme-et-handicap.jpg\" alt=\"\" class=\"wp-image-390076\" style=\"width:113px;height:auto\" \/><button\n\t\t\tclass=\"lightbox-trigger\"\n\t\t\ttype=\"button\"\n\t\t\taria-haspopup=\"dialog\"\n\t\t\taria-label=\"Agrandar\"\n\t\t\tdata-wp-init=\"callbacks.initTriggerButton\"\n\t\t\tdata-wp-on--click=\"actions.showLightbox\"\n\t\t\tdata-wp-style--right=\"state.imageButtonRight\"\n\t\t\tdata-wp-style--top=\"state.imageButtonTop\"\n\t\t>\n\t\t\t<svg xmlns=\"http:\/\/www.w3.org\/2000\/svg\" width=\"12\" height=\"12\" fill=\"none\" viewBox=\"0 0 12 12\">\n\t\t\t\t<path fill=\"#fff\" d=\"M2 0a2 2 0 0 0-2 2v2h1.5V2a.5.5 0 0 1 .5-.5h2V0H2Zm2 10.5H2a.5.5 0 0 1-.5-.5V8H0v2a2 2 0 0 0 2 2h2v-1.5ZM8 12v-1.5h2a.5.5 0 0 0 .5-.5V8H12v2a2 2 0 0 1-2 2H8Zm2-12a2 2 0 0 1 2 2v2h-1.5V2a.5.5 0 0 0-.5-.5H8V0h2Z\" \/>\n\t\t\t<\/svg>\n\t\t<\/button><\/figure>\n\n\n\n<p>\ud83d\udccd <a href=\"https:\/\/www.google.com\/maps\/dir\/\/Pl.+Valentin+Abeille,+31210+Montr%C3%A9jeau\/@43.0858393,0.5662006,17z\/data=!4m8!4m7!1m0!1m5!1m1!1s0x12a85664ac9344a1:0xac02ed4e955acdc9!2m2!1d0.5683893!2d43.0858393?entry=ttu&amp;g_ep=EgoyMDI1MDcxNS4xIKXMDSoASAFQAw%3D%3D\" target=\"_blank\" rel=\"noopener\">Punto de informaci\u00f3n de temporada del lago de Montr\u00e9jeau <\/a>\u2013 (abierto en per\u00edodo estival)<\/p>\n\n\n\n<h4 class=\"wp-block-heading\"><strong>Oficina de L\u2019Isle-en-Dodon<\/strong><\/h4>\n\n\n\n<p>\ud83d\udccd 30, boulevard des Martyrs de Meilhan, 31230 L\u2019Isle-en-Dodon<br \/>\ud83c\udd7f <a href=\"https:\/\/www.google.com\/maps\/dir\/43.2439296,0.0098304\/place+de+la+mairie+isle+en+dodon\/@43.2431359,-0.1373444,9z\/data=!3m1!4b1!4m9!4m8!1m1!4e1!1m5!1m1!1s0x12a916c91d2f6c2d:0xac7c588e0125f7a!2m2!1d0.8368026!2d43.3812846\" target=\"_blank\" rel=\"noreferrer noopener\">plaza de la Mairie<\/a><br \/>\ud83d\udd50 <a href=\"https:\/\/www.google.com\/maps\/place\/Office+de+Tourisme+de+la+Destination+Comminges+Pyr%C3%A9n%C3%A9es+-+Bureau+de+L&#039;Isle-en-Dodon\/@43.3816399,0.837512,15z\/data=!4m2!3m1!1s0x0:0xc4bea778597e27d8?sa=X&amp;ved=2ahUKEwiRtfbCw5P2AhUJ3hoKHVXBDr0Q_BJ6BAg0EAU\" target=\"_blank\" rel=\"noreferrer noopener\">Ver d\u00edas y horarios<\/a><\/p>\n<\/div>\n<\/section>\n\n<div class=\"wp-block-columns is-layout-flex wp-container-core-columns-is-layout-28f84493 wp-block-columns-is-layout-flex\">\n<div class=\"wp-block-column is-layout-flow wp-block-column-is-layout-flow\" style=\"flex-basis:100%\">\n<section class=\"wp-block-group alignfull pattern-media-text has-global-padding is-layout-constrained wp-block-group-is-layout-constrained\">\n<div class=\"wp-block-columns is-layout-flex wp-container-core-columns-is-layout-28f84493 wp-block-columns-is-layout-flex\">\n<div class=\"wp-block-column is-layout-flow wp-block-column-is-layout-flow\" style=\"flex-basis:100%\"><\/div>\n<\/div>\n<\/section>\n<\/div>\n<\/div>\n\n<blockquote class=\"wp-block-quote is-layout-flow wp-block-quote-is-layout-flow\">\n<p class=\"has-text-align-left\">La oficina de turismo est\u00e1 comprometida con el <strong>proceso de Calidad Tur\u00edstica desde 2017<\/strong>, <a href=\"https:\/\/destination-commingespyrenees.prep.faire-savoir.eu\/es\/nos-engagements\/\" target=\"_blank\" rel=\"noreferrer noopener\">saber m\u00e1s<\/a>.<\/p>\n<svg class=\"icon icon-quote\" aria-hidden=\"true\" focusable=\"false\"><use href=\"https:\/\/destination-commingespyrenees.prep.faire-savoir.eu\/wp-content\/themes\/bedrock\/assets\/icons\/sprite.svg#quote\"><\/use><\/svg><\/blockquote>\n\n<section class=\"wp-block-group alignfull pattern-prepare-your-visit has-global-padding is-layout-constrained wp-block-group-is-layout-constrained\">\n<div class=\"wp-block-columns is-layout-flex wp-container-core-columns-is-layout-f5a44f5b wp-block-columns-is-layout-flex\">\n<div class=\"wp-block-column is-vertically-aligned-center is-layout-flow wp-block-column-is-layout-flow\" style=\"flex-basis:50%\">\n<h3 class=\"wp-block-heading\">informaci\u00f3n pr\u00e1ctica<\/h3>\n\n\n\n<ul class=\"wp-block-list\">\n<li>Acceso <strong>wifi seguro y gratuito<\/strong> en cada oficina de atenci\u00f3n<\/li>\n\n\n\n<li><a href=\"https:\/\/www.tourisme-stgaudens.com\/lagenda\/billetteries\/\" target=\"_blank\" rel=\"noreferrer noopener\">Venta de entradas<\/a> (<em>pagos con cheque o efectivo<\/em>)<\/li>\n<\/ul>\n<\/div>\n\n\n\n<div class=\"wp-block-column is-vertically-aligned-center is-layout-flow wp-block-column-is-layout-flow\" style=\"flex-basis:50%\">\n<div class=\"wp-block-group has-accent-3-background-color has-background has-global-padding is-layout-constrained wp-container-core-group-is-layout-ea39502d wp-block-group-is-layout-constrained\" style=\"border-top-left-radius:1rem;border-top-right-radius:1rem;border-bottom-left-radius:1rem;border-bottom-right-radius:1rem;padding-top:var(--wp--preset--spacing--50);padding-right:var(--wp--preset--spacing--50);padding-bottom:var(--wp--preset--spacing--50);padding-left:var(--wp--preset--spacing--50)\">\n<h4 class=\"wp-block-heading has-accent-1-color has-text-color has-link-color wp-elements-af560308ceff33dbc8e44749506ca655\">Oficina de Turismo de la Destinaci\u00f3n Comminges Pyr\u00e9n\u00e9es <\/h4>\n\n\n\n<p>Tel: <a href=\"tel:05%2061%2094%2077%2061\">05 61 94 77 61<\/a> \u2013 <br \/>correo electr\u00f3nico: <a href=\"mailto:info@destination-commingespyrenees.com\">info@destination-commingespyrenees.com<\/a><\/p>\n<\/div>\n<\/div>\n<\/div>\n\n\n\n<p><\/p>\n<\/section>\n\n<p><\/p>\n","protected":false},"excerpt":{"rendered":"<p>Encontr\u00e9monos\u2026 Hablemos de tus deseos, construyamos juntos tu estancia: planes del momento, ocio en la naturaleza, descubrimientos gastron\u00f3micos, visitas a medida, buenas direcciones locales\u2026 \u00a1Vive la Destinaci\u00f3n Comminges Pyr\u00e9n\u00e9es! Te esperamos en uno de nuestros 5 puntos de informaci\u00f3n. Nuestros 5 puntos de informaci\u00f3n Oficina de Saint-Gaudens \ud83d\udccd 2 rue Thiers, 31800 Saint-GaudensGaler\u00edas de exposiciones: [&hellip;]<\/p>\n","protected":false},"author":2,"featured_media":0,"parent":0,"menu_order":0,"comment_status":"closed","ping_status":"closed","template":"","meta":{"_acf_changed":false,"footnotes":""},"experience_category":[],"class_list":["post-3367","page","type-page","status-publish","hentry"],"acf":[],"_links":{"self":[{"href":"https:\/\/destination-commingespyrenees.prep.faire-savoir.eu\/es\/wp-json\/wp\/v2\/pages\/3367","targetHints":{"allow":["GET"]}}],"collection":[{"href":"https:\/\/destination-commingespyrenees.prep.faire-savoir.eu\/es\/wp-json\/wp\/v2\/pages"}],"about":[{"href":"https:\/\/destination-commingespyrenees.prep.faire-savoir.eu\/es\/wp-json\/wp\/v2\/types\/page"}],"author":[{"embeddable":true,"href":"https:\/\/destination-commingespyrenees.prep.faire-savoir.eu\/es\/wp-json\/wp\/v2\/users\/2"}],"replies":[{"embeddable":true,"href":"https:\/\/destination-commingespyrenees.prep.faire-savoir.eu\/es\/wp-json\/wp\/v2\/comments?post=3367"}],"version-history":[{"count":3,"href":"https:\/\/destination-commingespyrenees.prep.faire-savoir.eu\/es\/wp-json\/wp\/v2\/pages\/3367\/revisions"}],"predecessor-version":[{"id":3388,"href":"https:\/\/destination-commingespyrenees.prep.faire-savoir.eu\/es\/wp-json\/wp\/v2\/pages\/3367\/revisions\/3388"}],"wp:attachment":[{"href":"https:\/\/destination-commingespyrenees.prep.faire-savoir.eu\/es\/wp-json\/wp\/v2\/media?parent=3367"}],"wp:term":[{"taxonomy":"experience_category","embeddable":true,"href":"https:\/\/destination-commingespyrenees.prep.faire-savoir.eu\/es\/wp-json\/wp\/v2\/experience_category?post=3367"}],"curies":[{"name":"wp","href":"https:\/\/api.w.org\/{rel}","templated":true}]}}