{"id":3298,"date":"2026-03-17T10:08:12","date_gmt":"2026-03-17T09:08:12","guid":{"rendered":"https:\/\/destination-commingespyrenees.prep.faire-savoir.eu\/los-momentos-destacados-del-destino\/festivales\/"},"modified":"2026-04-20T09:46:04","modified_gmt":"2026-04-20T07:46:04","slug":"festivales","status":"publish","type":"page","link":"https:\/\/destination-commingespyrenees.prep.faire-savoir.eu\/es\/los-momentos-destacados-del-destino\/festivales\/","title":{"rendered":"Festivales"},"content":{"rendered":"\n<section class=\"wp-block-cover alignfull pattern-hero-section\" style=\"min-height:430px;aspect-ratio:unset;\"><img loading=\"lazy\" decoding=\"async\" width=\"2048\" height=\"1365\" class=\"wp-block-cover__image-background wp-image-2060 size-full\" alt=\"Festivals : Jazz en Comminges Destination Comminges Pyr\u00e9n\u00e9es \u00e0 Saint-Gaudens\" src=\"https:\/\/destination-commingespyrenees.prep.faire-savoir.eu\/wp-content\/uploads\/2026\/03\/Arturo-Sandoval-2-scaled.jpg\" data-object-fit=\"cover\" srcset=\"https:\/\/destination-commingespyrenees.prep.faire-savoir.eu\/wp-content\/uploads\/2026\/03\/Arturo-Sandoval-2-scaled.jpg 2048w, https:\/\/destination-commingespyrenees.prep.faire-savoir.eu\/wp-content\/uploads\/2026\/03\/Arturo-Sandoval-2-800x533.jpg 800w, https:\/\/destination-commingespyrenees.prep.faire-savoir.eu\/wp-content\/uploads\/2026\/03\/Arturo-Sandoval-2-1600x1067.jpg 1600w, https:\/\/destination-commingespyrenees.prep.faire-savoir.eu\/wp-content\/uploads\/2026\/03\/Arturo-Sandoval-2-768x512.jpg 768w, https:\/\/destination-commingespyrenees.prep.faire-savoir.eu\/wp-content\/uploads\/2026\/03\/Arturo-Sandoval-2-1536x1024.jpg 1536w\" sizes=\"auto, (max-width: 2048px) 100vw, 2048px\" \/><span aria-hidden=\"true\" class=\"wp-block-cover__background has-background-dim-40 has-background-dim wp-block-cover__gradient-background has-background-gradient\" style=\"background:linear-gradient(180deg,rgb(0,0,0) 0%,rgba(0,0,0,0) 50%,rgba(0,0,0) 100%)\"><\/span><div class=\"wp-block-cover__inner-container has-global-padding is-layout-constrained wp-block-cover-is-layout-constrained\">\n<div class=\"wp-block-group alignwide is-layout-flow wp-block-group-is-layout-flow\"><h1 class=\"wp-block-post-title\">Festivales<\/h1>\n\n\n<p class=\"has-medium-font-size\" style=\"font-style:normal;font-weight:700\"><strong>Una escena cultural entre m\u00fasica, cine y artes vivas<\/strong> en el coraz\u00f3n del destino Comminges Pyr\u00e9n\u00e9es<\/p>\n<\/div>\n<\/div><\/section>\n\n<section class=\"wp-block-group alignfull pattern-breadcrumb has-global-padding is-layout-constrained wp-block-group-is-layout-constrained\">\n<div class=\"wp-block-group alignwide is-layout-flow wp-block-group-is-layout-flow\"><nav aria-label=\"breadcrumbs\" class=\"rank-math-breadcrumb\"><p><span class=\"last\">Accueil<\/span><\/p><\/nav><\/div>\n<\/section>\n\n<h3 class=\"wp-block-heading\">Los festivales que no te puedes perder en Comminges Pyr\u00e9n\u00e9es<\/h3>\n\n<p>A lo largo de todo el a\u00f1o, el destino Comminges Pyr\u00e9n\u00e9es se transforma en un escenario abierto con sus festivales y eventos culturales. M\u00fasica, espect\u00e1culos en vivo y cine de autor se suceden en lugares emblem\u00e1ticos o ins\u00f3litos, para ofrecerte momentos de intercambio y descubrimiento inolvidables. <\/p>\n\n<div class=\"wp-block-buttons is-layout-flex wp-block-buttons-is-layout-flex\">\n<div class=\"wp-block-button is-style-fill\"><a class=\"wp-block-button__link wp-element-button\" href=\"https:\/\/destination-commingespyrenees.prep.faire-savoir.eu\/accueil\/espace-pro\/mon-evenement\/\">Consulta toda la agenda<\/a><\/div>\n<\/div>\n\n<p>BLOQUE DE MINIATURAS DE MOMENTOS DESTACADOS INTRODUCIDOS Y P\u00c1GINAS CREADAS MINIATURAS DE FMA INTRODUCIDAS<\/p>\n","protected":false},"excerpt":{"rendered":"<p>Los festivales que no te puedes perder en Comminges Pyr\u00e9n\u00e9es A lo largo de todo el a\u00f1o, el destino Comminges Pyr\u00e9n\u00e9es se transforma en un escenario abierto con sus festivales y eventos culturales. M\u00fasica, espect\u00e1culos en vivo y cine de autor se suceden en lugares emblem\u00e1ticos o ins\u00f3litos, para ofrecerte momentos de intercambio y descubrimiento [&hellip;]<\/p>\n","protected":false},"author":3,"featured_media":3297,"parent":3289,"menu_order":0,"comment_status":"closed","ping_status":"closed","template":"","meta":{"_acf_changed":false,"footnotes":""},"experience_category":[],"class_list":["post-3298","page","type-page","status-publish","has-post-thumbnail","hentry"],"acf":[],"_links":{"self":[{"href":"https:\/\/destination-commingespyrenees.prep.faire-savoir.eu\/es\/wp-json\/wp\/v2\/pages\/3298","targetHints":{"allow":["GET"]}}],"collection":[{"href":"https:\/\/destination-commingespyrenees.prep.faire-savoir.eu\/es\/wp-json\/wp\/v2\/pages"}],"about":[{"href":"https:\/\/destination-commingespyrenees.prep.faire-savoir.eu\/es\/wp-json\/wp\/v2\/types\/page"}],"author":[{"embeddable":true,"href":"https:\/\/destination-commingespyrenees.prep.faire-savoir.eu\/es\/wp-json\/wp\/v2\/users\/3"}],"replies":[{"embeddable":true,"href":"https:\/\/destination-commingespyrenees.prep.faire-savoir.eu\/es\/wp-json\/wp\/v2\/comments?post=3298"}],"version-history":[{"count":5,"href":"https:\/\/destination-commingespyrenees.prep.faire-savoir.eu\/es\/wp-json\/wp\/v2\/pages\/3298\/revisions"}],"predecessor-version":[{"id":3303,"href":"https:\/\/destination-commingespyrenees.prep.faire-savoir.eu\/es\/wp-json\/wp\/v2\/pages\/3298\/revisions\/3303"}],"up":[{"embeddable":true,"href":"https:\/\/destination-commingespyrenees.prep.faire-savoir.eu\/es\/wp-json\/wp\/v2\/pages\/3289"}],"wp:featuredmedia":[{"embeddable":true,"href":"https:\/\/destination-commingespyrenees.prep.faire-savoir.eu\/es\/wp-json\/wp\/v2\/media\/3297"}],"wp:attachment":[{"href":"https:\/\/destination-commingespyrenees.prep.faire-savoir.eu\/es\/wp-json\/wp\/v2\/media?parent=3298"}],"wp:term":[{"taxonomy":"experience_category","embeddable":true,"href":"https:\/\/destination-commingespyrenees.prep.faire-savoir.eu\/es\/wp-json\/wp\/v2\/experience_category?post=3298"}],"curies":[{"name":"wp","href":"https:\/\/api.w.org\/{rel}","templated":true}]}}