{"id":3289,"date":"2026-03-13T09:59:04","date_gmt":"2026-03-13T08:59:04","guid":{"rendered":"https:\/\/destination-commingespyrenees.prep.faire-savoir.eu\/los-momentos-destacados-del-destino\/"},"modified":"2026-04-21T10:55:56","modified_gmt":"2026-04-21T08:55:56","slug":"los-momentos-destacados-del-destino","status":"publish","type":"page","link":"https:\/\/destination-commingespyrenees.prep.faire-savoir.eu\/es\/los-momentos-destacados-del-destino\/","title":{"rendered":"Los momentos destacados del destino"},"content":{"rendered":"\n<section class=\"wp-block-cover alignfull pattern-hero-section\" style=\"min-height:430px;aspect-ratio:unset;\"><img loading=\"lazy\" decoding=\"async\" width=\"1128\" height=\"741\" class=\"wp-block-cover__image-background wp-image-2045 size-full\" alt=\"temps forts de la destination. manifestations\n\" src=\"https:\/\/destination-commingespyrenees.prep.faire-savoir.eu\/wp-content\/uploads\/2026\/03\/folkolor-festival-montrejeau.png\" style=\"object-position:36% 27%\" data-object-fit=\"cover\" data-object-position=\"36% 27%\" srcset=\"https:\/\/destination-commingespyrenees.prep.faire-savoir.eu\/wp-content\/uploads\/2026\/03\/folkolor-festival-montrejeau.png 1128w, https:\/\/destination-commingespyrenees.prep.faire-savoir.eu\/wp-content\/uploads\/2026\/03\/folkolor-festival-montrejeau-800x526.png 800w, https:\/\/destination-commingespyrenees.prep.faire-savoir.eu\/wp-content\/uploads\/2026\/03\/folkolor-festival-montrejeau-768x505.png 768w\" sizes=\"auto, (max-width: 1128px) 100vw, 1128px\" \/><span aria-hidden=\"true\" class=\"wp-block-cover__background has-background-dim-40 has-background-dim wp-block-cover__gradient-background has-background-gradient\" style=\"background:linear-gradient(180deg,rgb(0,0,0) 0%,rgba(0,0,0,0) 50%,rgba(0,0,0) 100%)\"><\/span><div class=\"wp-block-cover__inner-container has-global-padding is-layout-constrained wp-block-cover-is-layout-constrained\">\n<div class=\"wp-block-group alignwide is-layout-flow wp-block-group-is-layout-flow\"><h1 class=\"wp-block-post-title\">Los momentos destacados del destino<\/h1>\n\n\n<p class=\"has-medium-font-size\" style=\"font-style:normal;font-weight:700\"><strong>Descubre los momentos destacados culturales, deportivos y gastron\u00f3micos que animan nuestro territorio durante todo el a\u00f1o. \u00a1Tantas citas en las que tenemos ganas de verte!<\/strong><\/p>\n<\/div>\n<\/div><\/section>\n\n<section class=\"wp-block-group alignfull pattern-breadcrumb has-global-padding is-layout-constrained wp-block-group-is-layout-constrained\">\n<div class=\"wp-block-group alignwide is-layout-flow wp-block-group-is-layout-flow\"><nav aria-label=\"breadcrumbs\" class=\"rank-math-breadcrumb\"><p><span class=\"last\">Accueil<\/span><\/p><\/nav><\/div>\n<\/section>\n\n<p>Ven a Comminges Pyr\u00e9n\u00e9es, seguro que encontrar\u00e1s con qu\u00e9 entretenerte con los momentos destacados del destino. Durante todo el a\u00f1o, el destino Comminges Pyr\u00e9n\u00e9es vibra al ritmo de sus eventos y tradiciones. Festivales, fiestas de pueblo, citas deportivas, mercados gastron\u00f3micos o eventos culturales: tantas ocasiones para descubrir la autenticidad y la convivencia del territorio. <br\/>Los momentos destacados ponen en valor las manifestaciones imprescindibles que dan vida al destino y re\u00fanen a habitantes y visitantes en un ambiente festivo y acogedor.<br\/><br\/>Entonces, \u00bfcu\u00e1ndo vendr\u00e1s?<\/p>\n\n<div class=\"wp-block-buttons is-layout-flex wp-block-buttons-is-layout-flex\">\n<div class=\"wp-block-button is-style-fill\"><a class=\"wp-block-button__link wp-element-button\" href=\"https:\/\/destination-commingespyrenees.prep.faire-savoir.eu\/espace-pro\/mon-evenement\/\">Consulta la agenda completa<\/a><\/div>\n\n\n\n<div class=\"wp-block-button is-style-fill\"><a class=\"wp-block-button__link wp-element-button\" href=\"https:\/\/www.coeurcoteaux-comminges.fr\/agenda-133\" target=\"_blank\" rel=\"noopener\">+ agenda de la comunidad de municipios<\/a><\/div>\n<\/div>\n\n<p>A\u00d1ADIR BLOQUE VI\u00d1ETAS PARA TODOS LOS TIPOS MOMENTOS DESTACADOS QUE ENLACE A CADA P\u00c1GINA CREADA<\/p>\n\n<p><\/p>\n","protected":false},"excerpt":{"rendered":"<p>Ven a Comminges Pyr\u00e9n\u00e9es, seguro que encontrar\u00e1s con qu\u00e9 entretenerte con los momentos destacados del destino. Durante todo el a\u00f1o, el destino Comminges Pyr\u00e9n\u00e9es vibra al ritmo de sus eventos y tradiciones. Festivales, fiestas de pueblo, citas deportivas, mercados gastron\u00f3micos o eventos culturales: tantas ocasiones para descubrir la autenticidad y la convivencia del territorio. Los [&hellip;]<\/p>\n","protected":false},"author":3,"featured_media":3288,"parent":0,"menu_order":0,"comment_status":"closed","ping_status":"closed","template":"","meta":{"_acf_changed":false,"footnotes":""},"experience_category":[],"class_list":["post-3289","page","type-page","status-publish","has-post-thumbnail","hentry"],"acf":[],"_links":{"self":[{"href":"https:\/\/destination-commingespyrenees.prep.faire-savoir.eu\/es\/wp-json\/wp\/v2\/pages\/3289","targetHints":{"allow":["GET"]}}],"collection":[{"href":"https:\/\/destination-commingespyrenees.prep.faire-savoir.eu\/es\/wp-json\/wp\/v2\/pages"}],"about":[{"href":"https:\/\/destination-commingespyrenees.prep.faire-savoir.eu\/es\/wp-json\/wp\/v2\/types\/page"}],"author":[{"embeddable":true,"href":"https:\/\/destination-commingespyrenees.prep.faire-savoir.eu\/es\/wp-json\/wp\/v2\/users\/3"}],"replies":[{"embeddable":true,"href":"https:\/\/destination-commingespyrenees.prep.faire-savoir.eu\/es\/wp-json\/wp\/v2\/comments?post=3289"}],"version-history":[{"count":4,"href":"https:\/\/destination-commingespyrenees.prep.faire-savoir.eu\/es\/wp-json\/wp\/v2\/pages\/3289\/revisions"}],"predecessor-version":[{"id":4069,"href":"https:\/\/destination-commingespyrenees.prep.faire-savoir.eu\/es\/wp-json\/wp\/v2\/pages\/3289\/revisions\/4069"}],"wp:featuredmedia":[{"embeddable":true,"href":"https:\/\/destination-commingespyrenees.prep.faire-savoir.eu\/es\/wp-json\/wp\/v2\/media\/3288"}],"wp:attachment":[{"href":"https:\/\/destination-commingespyrenees.prep.faire-savoir.eu\/es\/wp-json\/wp\/v2\/media?parent=3289"}],"wp:term":[{"taxonomy":"experience_category","embeddable":true,"href":"https:\/\/destination-commingespyrenees.prep.faire-savoir.eu\/es\/wp-json\/wp\/v2\/experience_category?post=3289"}],"curies":[{"name":"wp","href":"https:\/\/api.w.org\/{rel}","templated":true}]}}