{"id":3538,"date":"2026-01-12T12:34:02","date_gmt":"2026-01-12T11:34:02","guid":{"rendered":"https:\/\/destination-commingespyrenees.prep.faire-savoir.eu\/chateau-de-valmirande-breathtaking\/"},"modified":"2026-04-22T15:30:31","modified_gmt":"2026-04-22T13:30:31","slug":"chateau-de-valmirande-breathtaking","status":"publish","type":"page","link":"https:\/\/destination-commingespyrenees.prep.faire-savoir.eu\/en\/not-to-be-missed-%e2%99%a5\/chateau-de-valmirande-breathtaking\/","title":{"rendered":"Ch\u00e2teau de Valmirande, breathtaking"},"content":{"rendered":"\n<section class=\"wp-block-cover alignfull pattern-hero-section\"><img loading=\"lazy\" decoding=\"async\" width=\"2048\" height=\"1365\" class=\"wp-block-cover__image-background wp-image-430 size-full\" alt=\"Ch\u00e2teau de Valmirande Montr\u00e9jeau\" src=\"https:\/\/destination-commingespyrenees.prep.faire-savoir.eu\/wp-content\/uploads\/2026\/01\/Visite-Valmirande-Chateau.-@M.Berges-OTIDestinationCommingesPyrenees-88-scaled.jpg\" data-object-fit=\"cover\" srcset=\"https:\/\/destination-commingespyrenees.prep.faire-savoir.eu\/wp-content\/uploads\/2026\/01\/Visite-Valmirande-Chateau.-@M.Berges-OTIDestinationCommingesPyrenees-88-scaled.jpg 2048w, https:\/\/destination-commingespyrenees.prep.faire-savoir.eu\/wp-content\/uploads\/2026\/01\/Visite-Valmirande-Chateau.-@M.Berges-OTIDestinationCommingesPyrenees-88-800x533.jpg 800w, https:\/\/destination-commingespyrenees.prep.faire-savoir.eu\/wp-content\/uploads\/2026\/01\/Visite-Valmirande-Chateau.-@M.Berges-OTIDestinationCommingesPyrenees-88-1600x1067.jpg 1600w, https:\/\/destination-commingespyrenees.prep.faire-savoir.eu\/wp-content\/uploads\/2026\/01\/Visite-Valmirande-Chateau.-@M.Berges-OTIDestinationCommingesPyrenees-88-768x512.jpg 768w, https:\/\/destination-commingespyrenees.prep.faire-savoir.eu\/wp-content\/uploads\/2026\/01\/Visite-Valmirande-Chateau.-@M.Berges-OTIDestinationCommingesPyrenees-88-1536x1024.jpg 1536w\" sizes=\"auto, (max-width: 2048px) 100vw, 2048px\" \/><span aria-hidden=\"true\" class=\"wp-block-cover__background has-background-dim-40 has-background-dim wp-block-cover__gradient-background has-background-gradient\" style=\"background:linear-gradient(180deg,rgb(0,0,0) 0%,rgba(0,0,0,0) 50%,rgba(0,0,0) 100%)\"><\/span><div class=\"wp-block-cover__inner-container has-global-padding is-layout-constrained wp-block-cover-is-layout-constrained\">\n<div class=\"wp-block-group alignwide is-layout-flow wp-block-group-is-layout-flow\"><h1 class=\"wp-block-post-title\">Ch\u00e2teau de Valmirande, breathtaking<\/h1>\n\n\n<p class=\"has-medium-font-size\" style=\"font-style:normal;font-weight:700\">The little Chambord of the Pyrenees<\/p>\n\n\n\n<p>In Montr\u00e9jeau lies a true treasure, and lucky is the person who manages to catch a glimpse of it from the road! Protected by rows of majestic trees, the Ch\u00e2teau de Valmirande hides out of sight at the edge of the Pyrenean valleys, just a stone&#8217;s throw from <a href=\"https:\/\/destination-commingespyrenees.prep.faire-savoir.eu\/wp-admin\/post.php?post=257&amp;action=edit\">Saint-Bertrand de Comminges<\/a>. <\/p>\n<\/div>\n<\/div><\/section>\n\n<section class=\"wp-block-group alignfull pattern-breadcrumb has-global-padding is-layout-constrained wp-block-group-is-layout-constrained\">\n<div class=\"wp-block-group alignwide is-layout-flow wp-block-group-is-layout-flow\"><nav aria-label=\"breadcrumbs\" class=\"rank-math-breadcrumb\"><p><span class=\"last\">Accueil<\/span><\/p><\/nav><\/div>\n<\/section>\n\n<h3 class=\"wp-block-heading\">Discover a real fairy-tale castle<\/h3>\n\n<p>The Ch\u00e2teau de Valmirande has everything a great castle needs and has nothing to envy of its cousins in the Loire Valley!<br\/>Inspired by the Ch\u00e2teau de Chambord, Valmirande rose from the ground in just three years, thanks to the strokes of genius of its architect, Louis Garros from Bordeaux. This ex-nihilo creation was imagined at the end of the 19th century by Baron Bertrand de Lassus, whose family still owns the estate. While the interior is not open to visitors, you can still admire the incredible architecture of the grounds&#8230; Don&#8217;t miss a look at the small Gothic chapel; its stained glass windows and marble make it a place apart on the estate.  <\/p>\n\n<section class=\"wp-block-group alignfull pattern-media-text has-global-padding is-layout-constrained wp-block-group-is-layout-constrained\">\n<div class=\"wp-block-columns are-vertically-aligned-center is-layout-flex wp-container-core-columns-is-layout-28f84493 wp-block-columns-is-layout-flex\">\n<div class=\"wp-block-column is-vertically-aligned-center is-layout-flow wp-block-column-is-layout-flow\" style=\"flex-basis:50%\">\n<figure data-wp-context=\"{&quot;imageId&quot;:&quot;69ff88f47e690&quot;}\" data-wp-interactive=\"core\/image\" data-wp-key=\"69ff88f47e690\" class=\"wp-block-image size-large wp-lightbox-container\"><img loading=\"lazy\" decoding=\"async\" width=\"1600\" height=\"1067\" data-wp-class--hide=\"state.isContentHidden\" data-wp-class--show=\"state.isContentVisible\" data-wp-init=\"callbacks.setButtonStyles\" data-wp-on--click=\"actions.showLightbox\" data-wp-on--load=\"callbacks.setButtonStyles\" data-wp-on-window--resize=\"callbacks.setButtonStyles\" src=\"https:\/\/destination-commingespyrenees.prep.faire-savoir.eu\/wp-content\/uploads\/2026\/01\/VI49AF1-1600x1067.jpg\" alt=\"\" class=\"wp-image-157\" srcset=\"https:\/\/destination-commingespyrenees.prep.faire-savoir.eu\/wp-content\/uploads\/2026\/01\/VI49AF1-1600x1067.jpg 1600w, https:\/\/destination-commingespyrenees.prep.faire-savoir.eu\/wp-content\/uploads\/2026\/01\/VI49AF1-800x533.jpg 800w, https:\/\/destination-commingespyrenees.prep.faire-savoir.eu\/wp-content\/uploads\/2026\/01\/VI49AF1-768x512.jpg 768w, https:\/\/destination-commingespyrenees.prep.faire-savoir.eu\/wp-content\/uploads\/2026\/01\/VI49AF1-1536x1024.jpg 1536w, https:\/\/destination-commingespyrenees.prep.faire-savoir.eu\/wp-content\/uploads\/2026\/01\/VI49AF1-scaled.jpg 2048w\" sizes=\"auto, (max-width: 1600px) 100vw, 1600px\" \/><button\n\t\t\tclass=\"lightbox-trigger\"\n\t\t\ttype=\"button\"\n\t\t\taria-haspopup=\"dialog\"\n\t\t\taria-label=\"Enlarge\"\n\t\t\tdata-wp-init=\"callbacks.initTriggerButton\"\n\t\t\tdata-wp-on--click=\"actions.showLightbox\"\n\t\t\tdata-wp-style--right=\"state.imageButtonRight\"\n\t\t\tdata-wp-style--top=\"state.imageButtonTop\"\n\t\t>\n\t\t\t<svg xmlns=\"http:\/\/www.w3.org\/2000\/svg\" width=\"12\" height=\"12\" fill=\"none\" viewBox=\"0 0 12 12\">\n\t\t\t\t<path fill=\"#fff\" d=\"M2 0a2 2 0 0 0-2 2v2h1.5V2a.5.5 0 0 1 .5-.5h2V0H2Zm2 10.5H2a.5.5 0 0 1-.5-.5V8H0v2a2 2 0 0 0 2 2h2v-1.5ZM8 12v-1.5h2a.5.5 0 0 0 .5-.5V8H12v2a2 2 0 0 1-2 2H8Zm2-12a2 2 0 0 1 2 2v2h-1.5V2a.5.5 0 0 0-.5-.5H8V0h2Z\" \/>\n\t\t\t<\/svg>\n\t\t<\/button><\/figure>\n<\/div>\n\n\n\n<div class=\"wp-block-column is-vertically-aligned-center is-layout-flow wp-block-column-is-layout-flow\" style=\"flex-basis:50%\">\n<h3 class=\"wp-block-heading\">Stroll through the gardens of the Ch\u00e2teau de Valmirande<\/h3>\n\n\n\n<p>A gigantic park (41 hectares, no less!) inevitably means exceptional gardens, and the Ch\u00e2teau de Valmirande is no exception to the rule. Baron Bertrand de Lassus called upon the B\u00fclher brothers (the landscape architects who designed the Parc Bordelais and the Parc de la T\u00eate d\u2019Or in Lyon, among others) to design magnificent gardens. Wander through the paths of this little slice of paradise and admire the foliage of trees that are now a hundred years old. Your botanical walk will lead you past statues, sculptures, and bridges, as well as fountains and caves&#8230; An immersion into the imagination that is a hit with all visitors! The gardens of the Ch\u00e2teau de Valmirande are also a perfect source of inspiration for budding writers and filmmakers!    <\/p>\n\n\n\n<div class=\"wp-block-buttons is-layout-flex wp-block-buttons-is-layout-flex\">\n<div class=\"wp-block-button is-style-fill\"><a class=\"wp-block-button__link wp-element-button\" href=\"https:\/\/www.parcsetjardins.fr\/jardins\/503-parc-du-chateau-de-valmirande\" target=\"_blank\" rel=\"noopener\">Find out more<\/a><\/div>\n<\/div>\n<\/div>\n<\/div>\n<\/section>\n\n<h3 class=\"wp-block-heading has-text-align-center\">\u2665 Three fun facts to know about the Ch\u00e2teau de Valmirande \u2665<\/h3>\n\n<ul class=\"wp-block-list\">\n<li>The incredible landscaped park features nearly 180 species of trees&#8230; plenty to brush up on your botany classics! A true arboretum of over 180 species with trees that are now a hundred years old, including eight <a href=\"https:\/\/fr.wikipedia.org\/wiki\/Tulipier_de_Virginie\" target=\"_blank\" rel=\"noopener\">tulip trees<\/a>, <a href=\"https:\/\/fr.wikipedia.org\/wiki\/C%C3%A8dre_du_Liban\" target=\"_blank\" rel=\"noopener\">Lebanese<\/a>, <a href=\"https:\/\/fr.wikipedia.org\/wiki\/C%C3%A8dre_de_l%27Atlas\" target=\"_blank\" rel=\"noopener\">Atlas<\/a>, or <a href=\"https:\/\/fr.wikipedia.org\/wiki\/C%C3%A8dre_de_l%27Himalaya\" target=\"_blank\" rel=\"noopener\">Himalayan cedars<\/a>, <a href=\"https:\/\/fr.wikipedia.org\/wiki\/Cypr%C3%A8s_chauve\" target=\"_blank\" rel=\"noopener\">bald cypresses<\/a> from Louisiana, <em><a href=\"https:\/\/fr.wikipedia.org\/wiki\/Magnolia_grandiflora\" target=\"_blank\" rel=\"noopener\">magnolia grandiflora<\/a><\/em>, a weeping <a href=\"https:\/\/fr.wikipedia.org\/wiki\/Tilleul\" target=\"_blank\" rel=\"noopener\">linden<\/a>, or shrubs including the <em><a href=\"https:\/\/fr.wikipedia.org\/wiki\/Citronnier_%C3%A9pineux\" target=\"_blank\" rel=\"noopener\">citrus poncirus<\/a><\/em> and <a href=\"https:\/\/fr.wikipedia.org\/wiki\/Laurier_du_Portugal\" target=\"_blank\" rel=\"noopener\">Portugal laurel<\/a>; most of these specimens were planted at the age of twenty, which explains their current size. <\/li>\n\n\n\n<li>In 1912, the son of landscape architect <a href=\"https:\/\/fr.wikipedia.org\/wiki\/%C3%89douard_Andr%C3%A9_(1840-1911)\" target=\"_blank\" rel=\"noopener\">\u00c9douard Andr\u00e9<\/a> added two <a href=\"https:\/\/fr.wikipedia.org\/wiki\/Jardin_%C3%A0_la_fran%C3%A7aise\" target=\"_blank\" rel=\"noopener\">&#8220;French-style&#8221; parterres<\/a>: one to the north and the other to the south of the castle, from which you can discover the view of the Pyrenees mountain range beyond the <a href=\"https:\/\/fr.wikipedia.org\/wiki\/Neste\" target=\"_blank\" rel=\"noopener\">Neste<\/a> valley and <a href=\"https:\/\/fr.wikipedia.org\/wiki\/Saint-Bertrand_de_Comminges\" target=\"_blank\" rel=\"noopener\">Saint-Bertrand de Comminges<\/a>.<\/li>\n\n\n\n<li>The park and <a href=\"https:\/\/fr.wikipedia.org\/wiki\/Jardin\" target=\"_blank\" rel=\"noopener\">gardens<\/a> of the <a href=\"https:\/\/fr.wikipedia.org\/wiki\/Ch%C3%A2teau\" target=\"_blank\" rel=\"noopener\">castle<\/a> were classified as a &#8220;<a href=\"https:\/\/fr.wikipedia.org\/wiki\/Jardin_remarquable\" target=\"_blank\" rel=\"noopener\">Remarkable Garden<\/a>&#8221; by the Ministry of Culture until 2017.<\/li>\n\n\n\n<li>For the surrounding wall alone, it took a good fifty masons to complete the work.<\/li>\n\n\n\n<li>The stable at the Ch\u00e2teau de Valmirande is one of the most beautiful in France and extremely rare, as it is made entirely of marble.<\/li>\n<\/ul>\n\n<section class=\"wp-block-group alignfull pattern-media-grid has-global-padding is-layout-constrained wp-block-group-is-layout-constrained\">\n<div class=\"wp-block-columns alignwide is-layout-flex wp-container-core-columns-is-layout-28f84493 wp-block-columns-is-layout-flex\">\n<div class=\"wp-block-column is-layout-flow wp-block-column-is-layout-flow\">\n<figure data-wp-context=\"{&quot;imageId&quot;:&quot;69ff88f47f961&quot;}\" data-wp-interactive=\"core\/image\" data-wp-key=\"69ff88f47f961\" class=\"wp-block-image size-large wp-lightbox-container\"><img loading=\"lazy\" decoding=\"async\" width=\"1600\" height=\"1067\" data-wp-class--hide=\"state.isContentHidden\" data-wp-class--show=\"state.isContentVisible\" data-wp-init=\"callbacks.setButtonStyles\" data-wp-on--click=\"actions.showLightbox\" data-wp-on--load=\"callbacks.setButtonStyles\" data-wp-on-window--resize=\"callbacks.setButtonStyles\" src=\"https:\/\/destination-commingespyrenees.prep.faire-savoir.eu\/wp-content\/uploads\/2026\/01\/Visite-Vlamirande-Chateau.-@M.Berges-OTIDestinationCommingesPyrenees-8-1600x1067.jpg\" alt=\"Lake of the Valmirande estate in Montr&#xE9;jeau\" class=\"wp-image-432\" style=\"aspect-ratio:3\/2;object-fit:cover\" srcset=\"https:\/\/destination-commingespyrenees.prep.faire-savoir.eu\/wp-content\/uploads\/2026\/01\/Visite-Vlamirande-Chateau.-@M.Berges-OTIDestinationCommingesPyrenees-8-1600x1067.jpg 1600w, https:\/\/destination-commingespyrenees.prep.faire-savoir.eu\/wp-content\/uploads\/2026\/01\/Visite-Vlamirande-Chateau.-@M.Berges-OTIDestinationCommingesPyrenees-8-800x533.jpg 800w, https:\/\/destination-commingespyrenees.prep.faire-savoir.eu\/wp-content\/uploads\/2026\/01\/Visite-Vlamirande-Chateau.-@M.Berges-OTIDestinationCommingesPyrenees-8-768x512.jpg 768w, https:\/\/destination-commingespyrenees.prep.faire-savoir.eu\/wp-content\/uploads\/2026\/01\/Visite-Vlamirande-Chateau.-@M.Berges-OTIDestinationCommingesPyrenees-8-1536x1024.jpg 1536w, https:\/\/destination-commingespyrenees.prep.faire-savoir.eu\/wp-content\/uploads\/2026\/01\/Visite-Vlamirande-Chateau.-@M.Berges-OTIDestinationCommingesPyrenees-8-scaled.jpg 2048w\" sizes=\"auto, (max-width: 1600px) 100vw, 1600px\" \/><button\n\t\t\tclass=\"lightbox-trigger\"\n\t\t\ttype=\"button\"\n\t\t\taria-haspopup=\"dialog\"\n\t\t\taria-label=\"Enlarge\"\n\t\t\tdata-wp-init=\"callbacks.initTriggerButton\"\n\t\t\tdata-wp-on--click=\"actions.showLightbox\"\n\t\t\tdata-wp-style--right=\"state.imageButtonRight\"\n\t\t\tdata-wp-style--top=\"state.imageButtonTop\"\n\t\t>\n\t\t\t<svg xmlns=\"http:\/\/www.w3.org\/2000\/svg\" width=\"12\" height=\"12\" fill=\"none\" viewBox=\"0 0 12 12\">\n\t\t\t\t<path fill=\"#fff\" d=\"M2 0a2 2 0 0 0-2 2v2h1.5V2a.5.5 0 0 1 .5-.5h2V0H2Zm2 10.5H2a.5.5 0 0 1-.5-.5V8H0v2a2 2 0 0 0 2 2h2v-1.5ZM8 12v-1.5h2a.5.5 0 0 0 .5-.5V8H12v2a2 2 0 0 1-2 2H8Zm2-12a2 2 0 0 1 2 2v2h-1.5V2a.5.5 0 0 0-.5-.5H8V0h2Z\" \/>\n\t\t\t<\/svg>\n\t\t<\/button><\/figure>\n<\/div>\n\n\n\n<div class=\"wp-block-column is-layout-flow wp-block-column-is-layout-flow\">\n<figure data-wp-context=\"{&quot;imageId&quot;:&quot;69ff88f480004&quot;}\" data-wp-interactive=\"core\/image\" data-wp-key=\"69ff88f480004\" class=\"wp-block-image size-large wp-lightbox-container\"><img loading=\"lazy\" decoding=\"async\" width=\"1600\" height=\"1067\" data-wp-class--hide=\"state.isContentHidden\" data-wp-class--show=\"state.isContentVisible\" data-wp-init=\"callbacks.setButtonStyles\" data-wp-on--click=\"actions.showLightbox\" data-wp-on--load=\"callbacks.setButtonStyles\" data-wp-on-window--resize=\"callbacks.setButtonStyles\" src=\"https:\/\/destination-commingespyrenees.prep.faire-savoir.eu\/wp-content\/uploads\/2026\/01\/Visite-Vlamirande-Chateau.-@M.Berges-OTIDestinationCommingesPyrenees-23-1600x1067.jpg\" alt=\"Ch&#xE2;teau de Valmirande south facade\" class=\"wp-image-433\" style=\"aspect-ratio:3\/2;object-fit:cover\" srcset=\"https:\/\/destination-commingespyrenees.prep.faire-savoir.eu\/wp-content\/uploads\/2026\/01\/Visite-Vlamirande-Chateau.-@M.Berges-OTIDestinationCommingesPyrenees-23-1600x1067.jpg 1600w, https:\/\/destination-commingespyrenees.prep.faire-savoir.eu\/wp-content\/uploads\/2026\/01\/Visite-Vlamirande-Chateau.-@M.Berges-OTIDestinationCommingesPyrenees-23-800x533.jpg 800w, https:\/\/destination-commingespyrenees.prep.faire-savoir.eu\/wp-content\/uploads\/2026\/01\/Visite-Vlamirande-Chateau.-@M.Berges-OTIDestinationCommingesPyrenees-23-768x512.jpg 768w, https:\/\/destination-commingespyrenees.prep.faire-savoir.eu\/wp-content\/uploads\/2026\/01\/Visite-Vlamirande-Chateau.-@M.Berges-OTIDestinationCommingesPyrenees-23-1536x1024.jpg 1536w, https:\/\/destination-commingespyrenees.prep.faire-savoir.eu\/wp-content\/uploads\/2026\/01\/Visite-Vlamirande-Chateau.-@M.Berges-OTIDestinationCommingesPyrenees-23-scaled.jpg 2048w\" sizes=\"auto, (max-width: 1600px) 100vw, 1600px\" \/><button\n\t\t\tclass=\"lightbox-trigger\"\n\t\t\ttype=\"button\"\n\t\t\taria-haspopup=\"dialog\"\n\t\t\taria-label=\"Enlarge\"\n\t\t\tdata-wp-init=\"callbacks.initTriggerButton\"\n\t\t\tdata-wp-on--click=\"actions.showLightbox\"\n\t\t\tdata-wp-style--right=\"state.imageButtonRight\"\n\t\t\tdata-wp-style--top=\"state.imageButtonTop\"\n\t\t>\n\t\t\t<svg xmlns=\"http:\/\/www.w3.org\/2000\/svg\" width=\"12\" height=\"12\" fill=\"none\" viewBox=\"0 0 12 12\">\n\t\t\t\t<path fill=\"#fff\" d=\"M2 0a2 2 0 0 0-2 2v2h1.5V2a.5.5 0 0 1 .5-.5h2V0H2Zm2 10.5H2a.5.5 0 0 1-.5-.5V8H0v2a2 2 0 0 0 2 2h2v-1.5ZM8 12v-1.5h2a.5.5 0 0 0 .5-.5V8H12v2a2 2 0 0 1-2 2H8Zm2-12a2 2 0 0 1 2 2v2h-1.5V2a.5.5 0 0 0-.5-.5H8V0h2Z\" \/>\n\t\t\t<\/svg>\n\t\t<\/button><\/figure>\n\n\n\n<figure data-wp-context=\"{&quot;imageId&quot;:&quot;69ff88f48046e&quot;}\" data-wp-interactive=\"core\/image\" data-wp-key=\"69ff88f48046e\" class=\"wp-block-image size-full wp-lightbox-container\"><img loading=\"lazy\" decoding=\"async\" width=\"2048\" height=\"1536\" data-wp-class--hide=\"state.isContentHidden\" data-wp-class--show=\"state.isContentVisible\" data-wp-init=\"callbacks.setButtonStyles\" data-wp-on--click=\"actions.showLightbox\" data-wp-on--load=\"callbacks.setButtonStyles\" data-wp-on-window--resize=\"callbacks.setButtonStyles\" src=\"https:\/\/destination-commingespyrenees.prep.faire-savoir.eu\/wp-content\/uploads\/2026\/01\/Domaine-Valmirande-Montrejeau-2020-OTI-38-scaled.jpg\" alt=\"Stables of the Ch&#xE2;teau de Valmirande\" class=\"wp-image-164\" style=\"aspect-ratio:3\/2;object-fit:cover\" srcset=\"https:\/\/destination-commingespyrenees.prep.faire-savoir.eu\/wp-content\/uploads\/2026\/01\/Domaine-Valmirande-Montrejeau-2020-OTI-38-scaled.jpg 2048w, https:\/\/destination-commingespyrenees.prep.faire-savoir.eu\/wp-content\/uploads\/2026\/01\/Domaine-Valmirande-Montrejeau-2020-OTI-38-800x600.jpg 800w, https:\/\/destination-commingespyrenees.prep.faire-savoir.eu\/wp-content\/uploads\/2026\/01\/Domaine-Valmirande-Montrejeau-2020-OTI-38-1600x1200.jpg 1600w, https:\/\/destination-commingespyrenees.prep.faire-savoir.eu\/wp-content\/uploads\/2026\/01\/Domaine-Valmirande-Montrejeau-2020-OTI-38-768x576.jpg 768w, https:\/\/destination-commingespyrenees.prep.faire-savoir.eu\/wp-content\/uploads\/2026\/01\/Domaine-Valmirande-Montrejeau-2020-OTI-38-1536x1152.jpg 1536w\" sizes=\"auto, (max-width: 2048px) 100vw, 2048px\" \/><button\n\t\t\tclass=\"lightbox-trigger\"\n\t\t\ttype=\"button\"\n\t\t\taria-haspopup=\"dialog\"\n\t\t\taria-label=\"Enlarge\"\n\t\t\tdata-wp-init=\"callbacks.initTriggerButton\"\n\t\t\tdata-wp-on--click=\"actions.showLightbox\"\n\t\t\tdata-wp-style--right=\"state.imageButtonRight\"\n\t\t\tdata-wp-style--top=\"state.imageButtonTop\"\n\t\t>\n\t\t\t<svg xmlns=\"http:\/\/www.w3.org\/2000\/svg\" width=\"12\" height=\"12\" fill=\"none\" viewBox=\"0 0 12 12\">\n\t\t\t\t<path fill=\"#fff\" d=\"M2 0a2 2 0 0 0-2 2v2h1.5V2a.5.5 0 0 1 .5-.5h2V0H2Zm2 10.5H2a.5.5 0 0 1-.5-.5V8H0v2a2 2 0 0 0 2 2h2v-1.5ZM8 12v-1.5h2a.5.5 0 0 0 .5-.5V8H12v2a2 2 0 0 1-2 2H8Zm2-12a2 2 0 0 1 2 2v2h-1.5V2a.5.5 0 0 0-.5-.5H8V0h2Z\" \/>\n\t\t\t<\/svg>\n\t\t<\/button><\/figure>\n<\/div>\n<\/div>\n<\/section>\n\n<section class=\"wp-block-group alignfull pattern-prepare-your-visit has-global-padding is-layout-constrained wp-block-group-is-layout-constrained\">\n<div class=\"wp-block-columns is-layout-flex wp-container-core-columns-is-layout-f5a44f5b wp-block-columns-is-layout-flex\">\n<div class=\"wp-block-column is-layout-flow wp-block-column-is-layout-flow\" style=\"flex-basis:50%\">\n<h2 class=\"wp-block-heading\">Prepare your visit<\/h2>\n\n\n\n<p>The Valmirande Estate in Montr\u00e9jeau is a private property.<\/p>\n\n\n\n<p>The tours offered are guided tours in French (English\/Spanish leaflet provided)<\/p>\n\n\n\n<p><strong><mark style=\"background-color:rgba(0, 0, 0, 0)\" class=\"has-inline-color has-accent-1-color\">Opening periods<\/mark><\/strong><br\/>&#8211; From July 14 to August 31: one tour daily at 10 AM and 4 PM.<br\/>Other school holidays: one tour per week, upon request.<br\/>&#8211; From September 1 to 15: one tour on Thursdays depending on demand.<br\/>European Heritage Days: open from 10 AM to 7 PM<br\/><br\/>All year round for groups of more than 10 people (booking required) at 06 21 05 40 16.<\/p>\n<\/div>\n\n\n\n<div class=\"wp-block-column is-layout-flow wp-block-column-is-layout-flow\" style=\"flex-basis:50%\">\n<h4 class=\"wp-block-heading\">PRICES<\/h4>\n\n\n\n<ul class=\"wp-block-list\">\n<li>Standard adult rate: \u20ac10<\/li>\n\n\n\n<li>Reduced rate (group) for 10 people or more: \u20ac8<\/li>\n\n\n\n<li>Child rate (under 12): \u20ac5<\/li>\n\n\n\n<li>Reduced European Heritage Days adult rate: \u20ac5<\/li>\n\n\n\n<li>Reduced European Heritage Days child rate: \u20ac3<\/li>\n\n\n\n<li>No credit card payments<\/li>\n<\/ul>\n\n\n\n<div class=\"wp-block-group has-accent-3-background-color has-background has-global-padding is-layout-constrained wp-container-core-group-is-layout-ea39502d wp-block-group-is-layout-constrained\" style=\"border-top-left-radius:1rem;border-top-right-radius:1rem;border-bottom-left-radius:1rem;border-bottom-right-radius:1rem;padding-top:var(--wp--preset--spacing--50);padding-right:var(--wp--preset--spacing--50);padding-bottom:var(--wp--preset--spacing--50);padding-left:var(--wp--preset--spacing--50)\">\n<h4 class=\"wp-block-heading has-accent-1-color has-text-color has-link-color wp-elements-613152616b72e64efe1bbcce1a2076f7\"><strong>Valmirande Estate<\/strong><\/h4>\n\n\n\n<p>Please arrive 10 minutes before the tour time at the gates of the Valmirande Estate (RD 817 &#8211; Direction Tarbes)<\/p>\n<\/div>\n<\/div>\n<\/div>\n<\/section>\n\n<aside class=\"wp-block-group pattern-did-you-know has-accent-3-background-color has-background is-vertical is-content-justification-center is-layout-flex wp-container-core-group-is-layout-65a0e5ff wp-block-group-is-layout-flex\" style=\"border-top-left-radius:1rem;border-top-right-radius:1rem;border-bottom-left-radius:1rem;border-bottom-right-radius:1rem;margin-top:var(--wp--preset--spacing--70);padding-top:var(--wp--preset--spacing--60);padding-right:var(--wp--preset--spacing--60);padding-bottom:var(--wp--preset--spacing--60);padding-left:var(--wp--preset--spacing--60)\">\n<svg\n\tclass=\"icon icon-quote wp-elements-0e7d5973b9a3897fcd4137c72a89dc1e wp-block-bedrock-icon has-text-color has-accent-1-color has-x-large-font-size\"\taria-hidden=\"true\" focusable=\"false\">\n\t\t<use href=\"https:\/\/destination-commingespyrenees.prep.faire-savoir.eu\/wp-content\/themes\/bedrock\/assets\/icons\/sprite.svg#quote\"><\/use>\n<\/svg>\n\n\n\n<h3 class=\"wp-block-heading has-text-align-center\">Did you know?<\/h3>\n\n\n\n<p class=\"has-text-align-center\"><strong>The Hillen pottery gardens are open to visitors and are classified as a &#8220;Remarkable Garden&#8221;<\/strong><\/p>\n\n\n\n<div class=\"wp-block-buttons is-content-justification-center is-layout-flex wp-container-core-buttons-is-layout-a89b3969 wp-block-buttons-is-layout-flex\">\n<div class=\"wp-block-button has-icon\"><a class=\"wp-block-button__link wp-element-button\" href=\"https:\/\/destination-commingespyrenees.prep.faire-savoir.eu\/en\/not-to-be-missed-%e2%99%a5\/hillen-pottery-gardens\/\">Discover this unique place<svg class=\"icon icon-arrow-next\" aria-hidden=\"true\" focusable=\"false\"><use href=\"https:\/\/destination-commingespyrenees.prep.faire-savoir.eu\/wp-content\/themes\/bedrock\/assets\/icons\/sprite.svg#arrow-next\"><\/use><\/svg><\/a><\/div>\n<\/div>\n<\/aside>\n\n<div class=\"wp-block-buttons is-layout-flex wp-block-buttons-is-layout-flex\">\n<div class=\"wp-block-button is-style-fill\"><a class=\"wp-block-button__link wp-element-button\" href=\"https:\/\/destination-commingespyrenees.prep.faire-savoir.eu\/agenda\/\">View the destination&#8217;s full calendar of events<\/a><\/div>\n<\/div>\n","protected":false},"excerpt":{"rendered":"<p>Discover a real fairy-tale castle The Ch\u00e2teau de Valmirande has everything a great castle needs and has nothing to envy of its cousins in the Loire Valley!Inspired by the Ch\u00e2teau de Chambord, Valmirande rose from the ground in just three years, thanks to the strokes of genius of its architect, Louis Garros from Bordeaux. This [&hellip;]<\/p>\n","protected":false},"author":2,"featured_media":3537,"parent":4343,"menu_order":98,"comment_status":"closed","ping_status":"closed","template":"","meta":{"_acf_changed":false,"footnotes":""},"experience_category":[],"class_list":["post-3538","page","type-page","status-publish","has-post-thumbnail","hentry"],"acf":[],"_links":{"self":[{"href":"https:\/\/destination-commingespyrenees.prep.faire-savoir.eu\/en\/wp-json\/wp\/v2\/pages\/3538","targetHints":{"allow":["GET"]}}],"collection":[{"href":"https:\/\/destination-commingespyrenees.prep.faire-savoir.eu\/en\/wp-json\/wp\/v2\/pages"}],"about":[{"href":"https:\/\/destination-commingespyrenees.prep.faire-savoir.eu\/en\/wp-json\/wp\/v2\/types\/page"}],"author":[{"embeddable":true,"href":"https:\/\/destination-commingespyrenees.prep.faire-savoir.eu\/en\/wp-json\/wp\/v2\/users\/2"}],"replies":[{"embeddable":true,"href":"https:\/\/destination-commingespyrenees.prep.faire-savoir.eu\/en\/wp-json\/wp\/v2\/comments?post=3538"}],"version-history":[{"count":9,"href":"https:\/\/destination-commingespyrenees.prep.faire-savoir.eu\/en\/wp-json\/wp\/v2\/pages\/3538\/revisions"}],"predecessor-version":[{"id":4355,"href":"https:\/\/destination-commingespyrenees.prep.faire-savoir.eu\/en\/wp-json\/wp\/v2\/pages\/3538\/revisions\/4355"}],"up":[{"embeddable":true,"href":"https:\/\/destination-commingespyrenees.prep.faire-savoir.eu\/en\/wp-json\/wp\/v2\/pages\/4343"}],"wp:featuredmedia":[{"embeddable":true,"href":"https:\/\/destination-commingespyrenees.prep.faire-savoir.eu\/en\/wp-json\/wp\/v2\/media\/3537"}],"wp:attachment":[{"href":"https:\/\/destination-commingespyrenees.prep.faire-savoir.eu\/en\/wp-json\/wp\/v2\/media?parent=3538"}],"wp:term":[{"taxonomy":"experience_category","embeddable":true,"href":"https:\/\/destination-commingespyrenees.prep.faire-savoir.eu\/en\/wp-json\/wp\/v2\/experience_category?post=3538"}],"curies":[{"name":"wp","href":"https:\/\/api.w.org\/{rel}","templated":true}]}}