{"id":3530,"date":"2026-01-13T14:11:32","date_gmt":"2026-01-13T13:11:32","guid":{"rendered":"https:\/\/destination-commingespyrenees.prep.faire-savoir.eu\/bagneres-de-luchon-in-the-heart-of-the-pyrenees\/"},"modified":"2026-04-22T15:30:26","modified_gmt":"2026-04-22T13:30:26","slug":"bagneres-de-luchon-in-the-heart-of-the-pyrenees","status":"publish","type":"page","link":"https:\/\/destination-commingespyrenees.prep.faire-savoir.eu\/en\/not-to-be-missed-%e2%99%a5\/bagneres-de-luchon-in-the-heart-of-the-pyrenees\/","title":{"rendered":"Bagn\u00e8res-de-Luchon: In the Heart of the Pyrenees"},"content":{"rendered":"\n<section class=\"wp-block-cover alignfull pattern-hero-section\" style=\"min-height:100vh;aspect-ratio:unset;\"><img loading=\"lazy\" decoding=\"async\" width=\"903\" height=\"677\" class=\"wp-block-cover__image-background wp-image-421 size-full\" alt=\"Lac d'O\u00f4 - lac embl\u00e9matique des Pyr\u00e9n\u00e9es\" src=\"https:\/\/destination-commingespyrenees.prep.faire-savoir.eu\/wp-content\/uploads\/2026\/01\/bagneres_de_luchon_-_grand_site_de_midi-pyrenees_lac_doo-2.jpg\" data-object-fit=\"cover\" srcset=\"https:\/\/destination-commingespyrenees.prep.faire-savoir.eu\/wp-content\/uploads\/2026\/01\/bagneres_de_luchon_-_grand_site_de_midi-pyrenees_lac_doo-2.jpg 903w, https:\/\/destination-commingespyrenees.prep.faire-savoir.eu\/wp-content\/uploads\/2026\/01\/bagneres_de_luchon_-_grand_site_de_midi-pyrenees_lac_doo-2-800x600.jpg 800w, https:\/\/destination-commingespyrenees.prep.faire-savoir.eu\/wp-content\/uploads\/2026\/01\/bagneres_de_luchon_-_grand_site_de_midi-pyrenees_lac_doo-2-768x576.jpg 768w\" sizes=\"auto, (max-width: 903px) 100vw, 903px\" \/><span aria-hidden=\"true\" class=\"wp-block-cover__background has-background-dim-40 has-background-dim wp-block-cover__gradient-background has-background-gradient\" style=\"background:linear-gradient(180deg,rgb(0,0,0) 0%,rgba(0,0,0,0) 50%,rgba(0,0,0) 100%)\"><\/span><div class=\"wp-block-cover__inner-container has-global-padding is-layout-constrained wp-block-cover-is-layout-constrained\">\n<div class=\"wp-block-group alignwide is-layout-flow wp-block-group-is-layout-flow\"><h1 class=\"wp-block-post-title\">Bagn\u00e8res-de-Luchon: In the Heart of the Pyrenees<\/h1>\n\n\n<p class=\"has-medium-font-size\" style=\"font-style:normal;font-weight:700\">In the Pyrenees, when you want to plan a mountain weekend and recharge your batteries, the town of Bagn\u00e8res-de-Luchon comes first, and for good reason! The Queen of the Pyrenees is renowned for the quality of its thermal baths. <\/p>\n<\/div>\n<\/div><\/section>\n\n<section class=\"wp-block-group alignfull pattern-breadcrumb has-global-padding is-layout-constrained wp-block-group-is-layout-constrained\">\n<div class=\"wp-block-group alignwide is-layout-flow wp-block-group-is-layout-flow\"><nav aria-label=\"breadcrumbs\" class=\"rank-math-breadcrumb\"><p><span class=\"last\">Accueil<\/span><\/p><\/nav><\/div>\n<\/section>\n\n<section class=\"wp-block-group alignfull pattern-text has-global-padding is-layout-constrained wp-block-group-is-layout-constrained\">\n<div class=\"wp-block-group has-global-padding is-layout-constrained wp-block-group-is-layout-constrained\">\n<h3 class=\"wp-block-heading\">Experience Rejuvenation in Bagn\u00e8res-de-Luchon<\/h3>\n\n\n\n<p><strong>The <strong>Romans<\/strong> were not mistaken, and it was as early as the 1st century <strong>BC<\/strong> that they discovered the benefits of thermalism. A privileged destination for the world&#8217;s elite a few centuries later, <strong>Bagn\u00e8res-de-Luchon<\/strong> notably welcomed <strong>Empress Eug\u00e9nie<\/strong>, <strong>Alexandre Dumas<\/strong>, and <strong>Gustave Flaubert<\/strong>. All these personalities contributed to the fame of the thermal village! As you stroll through the town&#8217;s streets, be sure to admire the typical Belle \u00c9poque architecture and the thermal architectural creations: while the casino and theater are worth seeing, it is truly the Edmond Rostand villa that deserves a detour!<br\/>It would be a shame to visit <strong>Luchon<\/strong> without indulging in the thermal water, the most sulfurous in the <strong>Pyrenees<\/strong>! Head to &#8220;<a href=\"https:\/\/www.thermes-luchon.fr\/ressources-vous\/\" target=\"_blank\" rel=\"noreferrer noopener\">Ressources &amp; Vous<\/a>&#8221; for a moment of absolute relaxation.   <\/strong><\/p>\n<\/div>\n<\/section>\n\n<section class=\"wp-block-group alignfull pattern-media-text has-global-padding is-layout-constrained wp-block-group-is-layout-constrained\">\n<div class=\"wp-block-columns are-vertically-aligned-center is-layout-flex wp-container-core-columns-is-layout-28f84493 wp-block-columns-is-layout-flex\">\n<div class=\"wp-block-column is-vertically-aligned-center is-layout-flow wp-block-column-is-layout-flow\" style=\"flex-basis:50%\">\n<figure data-wp-context=\"{&quot;imageId&quot;:&quot;69ff76bb4a266&quot;}\" data-wp-interactive=\"core\/image\" data-wp-key=\"69ff76bb4a266\" class=\"wp-block-image size-full wp-lightbox-container\"><img loading=\"lazy\" decoding=\"async\" width=\"1500\" height=\"1235\" data-wp-class--hide=\"state.isContentHidden\" data-wp-class--show=\"state.isContentVisible\" data-wp-init=\"callbacks.setButtonStyles\" data-wp-on--click=\"actions.showLightbox\" data-wp-on--load=\"callbacks.setButtonStyles\" data-wp-on-window--resize=\"callbacks.setButtonStyles\" src=\"https:\/\/destination-commingespyrenees.prep.faire-savoir.eu\/wp-content\/uploads\/2026\/01\/490482407_1285488693022436_3235018723307550107_n.jpg\" alt=\"\" class=\"wp-image-424\" srcset=\"https:\/\/destination-commingespyrenees.prep.faire-savoir.eu\/wp-content\/uploads\/2026\/01\/490482407_1285488693022436_3235018723307550107_n.jpg 1500w, https:\/\/destination-commingespyrenees.prep.faire-savoir.eu\/wp-content\/uploads\/2026\/01\/490482407_1285488693022436_3235018723307550107_n-800x659.jpg 800w, https:\/\/destination-commingespyrenees.prep.faire-savoir.eu\/wp-content\/uploads\/2026\/01\/490482407_1285488693022436_3235018723307550107_n-768x632.jpg 768w\" sizes=\"auto, (max-width: 1500px) 100vw, 1500px\" \/><button\n\t\t\tclass=\"lightbox-trigger\"\n\t\t\ttype=\"button\"\n\t\t\taria-haspopup=\"dialog\"\n\t\t\taria-label=\"Enlarge\"\n\t\t\tdata-wp-init=\"callbacks.initTriggerButton\"\n\t\t\tdata-wp-on--click=\"actions.showLightbox\"\n\t\t\tdata-wp-style--right=\"state.imageButtonRight\"\n\t\t\tdata-wp-style--top=\"state.imageButtonTop\"\n\t\t>\n\t\t\t<svg xmlns=\"http:\/\/www.w3.org\/2000\/svg\" width=\"12\" height=\"12\" fill=\"none\" viewBox=\"0 0 12 12\">\n\t\t\t\t<path fill=\"#fff\" d=\"M2 0a2 2 0 0 0-2 2v2h1.5V2a.5.5 0 0 1 .5-.5h2V0H2Zm2 10.5H2a.5.5 0 0 1-.5-.5V8H0v2a2 2 0 0 0 2 2h2v-1.5ZM8 12v-1.5h2a.5.5 0 0 0 .5-.5V8H12v2a2 2 0 0 1-2 2H8Zm2-12a2 2 0 0 1 2 2v2h-1.5V2a.5.5 0 0 0-.5-.5H8V0h2Z\" \/>\n\t\t\t<\/svg>\n\t\t<\/button><figcaption class=\"wp-element-caption\">Copyright Thermes de Luchon<\/figcaption><\/figure>\n<\/div>\n\n\n\n<div class=\"wp-block-column is-vertically-aligned-center is-layout-flow wp-block-column-is-layout-flow\" style=\"flex-basis:50%\">\n<h3 class=\"wp-block-heading\">Thermal Wellness \u2013 Les Thermes de Luchon &#8220;Ressources &amp; Vous&#8221;<\/h3>\n\n\n\n<p><strong>Enjoy a <strong>space dedicated to athletes<\/strong> (cardio training, weightlifting, and sauna), an essential 200m\u00b2 for athlete preparation and recovery!<br\/>In the <strong>thermoludic area<\/strong>, enjoy the benefits of thermal waters: <strong>indoor pool<\/strong>, <strong>jacuzzi<\/strong>, <strong>three saunas<\/strong>, a <strong>tepidarium<\/strong>, a <strong>snow sky<\/strong>, an <strong>ice wall<\/strong>, an <strong>ice fountain<\/strong>, <strong>six sensory showers<\/strong>, <strong>heated benches<\/strong>, and a <strong>rooftop pool<\/strong> with its <strong>solarium<\/strong> \u2013 everything you need to feel deeply relaxed. Don&#8217;t hesitate to consult the program of thermal cures, which have been renowned for a long time. <\/strong><\/p>\n\n\n\n<div class=\"wp-block-buttons is-layout-flex wp-block-buttons-is-layout-flex\">\n<div class=\"wp-block-button\"><a class=\"wp-block-button__link wp-element-button\" href=\"https:\/\/www.thermes-luchon.fr\/ressources-vous\/\" target=\"_blank\" rel=\"noopener\">Find out more<\/a><\/div>\n<\/div>\n<\/div>\n<\/div>\n\n\n\n<p><\/p>\n\n\n\n<div class=\"wp-block-columns are-vertically-aligned-center is-layout-flex wp-container-core-columns-is-layout-28f84493 wp-block-columns-is-layout-flex\">\n<div class=\"wp-block-column is-vertically-aligned-center is-layout-flow wp-block-column-is-layout-flow\" style=\"flex-basis:50%\">\n<h3 class=\"wp-block-heading\">Climb Summits in Bagn\u00e8res-de-Luchon<\/h3>\n\n\n\n<p>While Bagn\u00e8res-de-Luchon is a spa resort whose reputation is well-established, it is also a small paradise for enjoying the mountains, both in summer and winter. On sunny days, bring your hiking gear for over 1000 kilometers of marked trails and cool off by trying white-water sports! With family? Many activities await you: archery, paintball, or caving \u2013 all activities to strengthen your little tribe&#8217;s bonds.<br\/>For winter sports enthusiasts, Bagn\u00e8res-de-Luchon is very likely to become your headquarters! Explore the ski area not only on skis but also with dog sledding or snowshoeing&#8230; The most daring can even try mountaineering, but for those who just want to relax gently, sledding will be the ideal activity! <br\/><\/p>\n\n\n\n<div class=\"wp-block-buttons is-layout-flex wp-block-buttons-is-layout-flex\">\n<div class=\"wp-block-button\"><a class=\"wp-block-button__link wp-element-button\" href=\"https:\/\/www.haute-garonne-montagne.com\/luchon-superbagneres-hiver\/\" target=\"_blank\" rel=\"noopener\">Find out more<\/a><\/div>\n<\/div>\n<\/div>\n\n\n\n<div class=\"wp-block-column is-vertically-aligned-center is-layout-flow wp-block-column-is-layout-flow\" style=\"flex-basis:50%\">\n<figure class=\"wp-block-gallery has-nested-images columns-default is-cropped wp-block-gallery-1 is-layout-flex wp-block-gallery-is-layout-flex\">\n<figure data-wp-context=\"{&quot;imageId&quot;:&quot;69ff76bb4b746&quot;}\" data-wp-interactive=\"core\/image\" data-wp-key=\"69ff76bb4b746\" class=\"wp-block-image size-full wp-lightbox-container\"><img loading=\"lazy\" decoding=\"async\" width=\"1000\" height=\"667\" data-wp-class--hide=\"state.isContentHidden\" data-wp-class--show=\"state.isContentVisible\" data-wp-init=\"callbacks.setButtonStyles\" data-wp-on--click=\"actions.showLightbox\" data-wp-on--load=\"callbacks.setButtonStyles\" data-wp-on-window--resize=\"callbacks.setButtonStyles\" data-id=\"554\" src=\"https:\/\/destination-commingespyrenees.prep.faire-savoir.eu\/wp-content\/uploads\/2026\/01\/Luchon-ciel-Pyrenees-edited.jpg\" alt=\"\" class=\"wp-image-554\" srcset=\"https:\/\/destination-commingespyrenees.prep.faire-savoir.eu\/wp-content\/uploads\/2026\/01\/Luchon-ciel-Pyrenees-edited.jpg 1000w, https:\/\/destination-commingespyrenees.prep.faire-savoir.eu\/wp-content\/uploads\/2026\/01\/Luchon-ciel-Pyrenees-edited-800x534.jpg 800w, https:\/\/destination-commingespyrenees.prep.faire-savoir.eu\/wp-content\/uploads\/2026\/01\/Luchon-ciel-Pyrenees-edited-768x512.jpg 768w\" sizes=\"auto, (max-width: 1000px) 100vw, 1000px\" \/><button\n\t\t\tclass=\"lightbox-trigger\"\n\t\t\ttype=\"button\"\n\t\t\taria-haspopup=\"dialog\"\n\t\t\taria-label=\"Enlarge\"\n\t\t\tdata-wp-init=\"callbacks.initTriggerButton\"\n\t\t\tdata-wp-on--click=\"actions.showLightbox\"\n\t\t\tdata-wp-style--right=\"state.imageButtonRight\"\n\t\t\tdata-wp-style--top=\"state.imageButtonTop\"\n\t\t>\n\t\t\t<svg xmlns=\"http:\/\/www.w3.org\/2000\/svg\" width=\"12\" height=\"12\" fill=\"none\" viewBox=\"0 0 12 12\">\n\t\t\t\t<path fill=\"#fff\" d=\"M2 0a2 2 0 0 0-2 2v2h1.5V2a.5.5 0 0 1 .5-.5h2V0H2Zm2 10.5H2a.5.5 0 0 1-.5-.5V8H0v2a2 2 0 0 0 2 2h2v-1.5ZM8 12v-1.5h2a.5.5 0 0 0 .5-.5V8H12v2a2 2 0 0 1-2 2H8Zm2-12a2 2 0 0 1 2 2v2h-1.5V2a.5.5 0 0 0-.5-.5H8V0h2Z\" \/>\n\t\t\t<\/svg>\n\t\t<\/button><\/figure>\n<\/figure>\n<\/div>\n<\/div>\n<\/section>\n\n<section class=\"wp-block-group alignfull pattern-quote has-global-padding is-layout-constrained wp-block-group-is-layout-constrained\">\n<h3 class=\"wp-block-heading has-text-align-center\">\u2665 Our Favorites in Bagn\u00e8res-de-Luchon \u2665<\/h3>\n\n\n\n<ul class=\"wp-block-list\">\n<li>The <strong>Belle \u00c9poque<\/strong> heritage of <strong>Bagn\u00e8res-de-Luchon<\/strong> is present throughout the town; feel free to wander through the streets and alleys to discover the prettiest facades.<\/li>\n\n\n\n<li>The resort&#8217;s <strong>thermal water<\/strong> is 34 degrees Celsius: bathing in it is the best way to soothe sore muscles. Children from 4 years old (birthday date). <em>More info:<\/em> <a href=\"https:\/\/www.thermes-luchon.fr\/ressources-vous\/\" target=\"_blank\" rel=\"noreferrer noopener\">www.thermes-luchon.fr\/ressources-vous<\/a> <\/li>\n\n\n\n<li>The <strong>Luchonnais massif<\/strong> concentrates <strong>14 peaks over 3000 meters high<\/strong>. A true playground for lovers of walks, high-altitude hikes, climbing, or mountaineering! Not to mention the mountain biking descents so popular with mountain adventurers!  <\/li>\n<\/ul>\n<\/section>\n\n<section class=\"wp-block-group alignfull pattern-prepare-your-visit has-global-padding is-layout-constrained wp-block-group-is-layout-constrained\">\n<div class=\"wp-block-columns is-layout-flex wp-container-core-columns-is-layout-f5a44f5b wp-block-columns-is-layout-flex\">\n<div class=\"wp-block-column is-layout-flow wp-block-column-is-layout-flow\" style=\"flex-basis:50%\">\n<h2 class=\"wp-block-heading\">Plan Your Visit<\/h2>\n\n\n\n<h3 class=\"wp-block-heading\">Practical Information<\/h3>\n\n\n\n<ul class=\"wp-block-list\">\n<li>Hours: 1:00 PM to 8:00 PM, open 7 days a week and on public holidays<\/li>\n\n\n\n<li><strong>Hours during February holidays:<\/strong> <strong>11:00 AM to 8:00 PM<\/strong><\/li>\n\n\n\n<li>Free access (no reservation required)<\/li>\n\n\n\n<li>Area accessible from 4 years old (upon presentation of proof). Children are under the responsibility of their parents. They cannot be left alone. Ressources &amp; Vous is a place of relaxation; running, jumping, and shouting are prohibited.   <\/li>\n\n\n\n<li>Pool evacuation 15 minutes before closing time<\/li>\n\n\n\n<li>Last access to the establishment will be at 5:45 PM<\/li>\n\n\n\n<li>Only 1 or 2-piece swimsuits for women and swim briefs or elastane boxers for men are permitted<\/li>\n\n\n\n<li>Hair tied back or swim cap worn<\/li>\n\n\n\n<li>It is recommended to remove your jewelry<\/li>\n\n\n\n<li>Bath linen and flip-flops highly recommended \u2013 not provided.<\/li>\n<\/ul>\n<\/div>\n\n\n\n<div class=\"wp-block-column is-layout-flow wp-block-column-is-layout-flow\" style=\"flex-basis:50%\">\n<p><\/p>\n\n\n\n<p><\/p>\n\n\n\n<h3 class=\"wp-block-heading\">Prices<\/h3>\n\n\n\n<ul class=\"wp-block-list\">\n<li>Price from \u20ac20 for 2 hours<\/li>\n\n\n\n<li>Payment by credit card and CASH only.<\/li>\n<\/ul>\n\n\n\n<div class=\"wp-block-group has-accent-3-background-color has-background has-global-padding is-layout-constrained wp-container-core-group-is-layout-ea39502d wp-block-group-is-layout-constrained\" style=\"border-top-left-radius:1rem;border-top-right-radius:1rem;border-bottom-left-radius:1rem;border-bottom-right-radius:1rem;padding-top:var(--wp--preset--spacing--50);padding-right:var(--wp--preset--spacing--50);padding-bottom:var(--wp--preset--spacing--50);padding-left:var(--wp--preset--spacing--50)\">\n<h4 class=\"wp-block-heading has-accent-1-color has-text-color has-link-color wp-elements-ed26de8d8b55a164954d200529227f3b\"><strong>Pyr\u00e9n\u00e9es 31 Tourist Office<\/strong><\/h4>\n\n\n\n<p>18, all\u00e9e d\u2019Etigny \u2013 31110 Bagn\u00e8res-de-Luchon<br\/>Tel: <a href=\"tel:05%2061%2079%2021%2021\">05 61 79 21 21<\/a><br\/>Email: <a href=\"mailto:info@pyrenees31.com\" target=\"_blank\" rel=\"noreferrer noopener\">info@pyrenees31.com<\/a><br\/>Website: <a href=\"http:\/\/www.luchon.com\/\" target=\"_blank\" rel=\"noreferrer noopener\">www.luchon.com<\/a><\/p>\n<\/div>\n<\/div>\n<\/div>\n<\/section>\n\n<div class=\"wp-block-group has-accent-3-background-color has-background has-global-padding is-layout-constrained wp-container-core-group-is-layout-ea39502d wp-block-group-is-layout-constrained\" style=\"border-top-left-radius:1rem;border-top-right-radius:1rem;border-bottom-left-radius:1rem;border-bottom-right-radius:1rem;padding-top:var(--wp--preset--spacing--50);padding-right:var(--wp--preset--spacing--50);padding-bottom:var(--wp--preset--spacing--50);padding-left:var(--wp--preset--spacing--50)\">\n<h3 class=\"wp-block-heading has-text-align-center has-accent-1-color has-text-color has-link-color wp-elements-e72293387003f28524ccdc0806b897d8\"><strong>Getting to Luchon without a car:<\/strong><\/h3>\n\n\n\n<p class=\"has-text-align-center has-contrast-color has-text-color has-link-color wp-elements-d15ae9cc1da54e64c2f539a36f4af170\"><strong><br\/><a href=\"https:\/\/storage.googleapis.com\/is-wp-90-prod\/uploads-prod\/2025\/12\/31-FH-394-05012026.pdf\" target=\"_blank\" rel=\"noopener\">LIO Bus 394: Luchon-Montr\u00e9jeau-Saint-Gaudens<\/a><\/strong><\/p>\n\n\n\n<p class=\"has-text-align-center\"><a href=\"https:\/\/www.ter.sncf.com\/occitanie\" target=\"_blank\" rel=\"noopener\">TER Occitanie Train<\/a><\/p>\n\n\n\n<p class=\"has-text-align-center\">Shuttles are available (depending on the season) to access the city center from the SNCF train station.<\/p>\n<\/div>\n","protected":false},"excerpt":{"rendered":"<p>Experience Rejuvenation in Bagn\u00e8res-de-Luchon The Romans were not mistaken, and it was as early as the 1st century BC that they discovered the benefits of thermalism. A privileged destination for the world&#8217;s elite a few centuries later, Bagn\u00e8res-de-Luchon notably welcomed Empress Eug\u00e9nie, Alexandre Dumas, and Gustave Flaubert. All these personalities contributed to the fame of [&hellip;]<\/p>\n","protected":false},"author":2,"featured_media":3529,"parent":4343,"menu_order":99,"comment_status":"closed","ping_status":"closed","template":"","meta":{"_acf_changed":false,"footnotes":""},"experience_category":[],"class_list":["post-3530","page","type-page","status-publish","has-post-thumbnail","hentry"],"acf":[],"_links":{"self":[{"href":"https:\/\/destination-commingespyrenees.prep.faire-savoir.eu\/en\/wp-json\/wp\/v2\/pages\/3530","targetHints":{"allow":["GET"]}}],"collection":[{"href":"https:\/\/destination-commingespyrenees.prep.faire-savoir.eu\/en\/wp-json\/wp\/v2\/pages"}],"about":[{"href":"https:\/\/destination-commingespyrenees.prep.faire-savoir.eu\/en\/wp-json\/wp\/v2\/types\/page"}],"author":[{"embeddable":true,"href":"https:\/\/destination-commingespyrenees.prep.faire-savoir.eu\/en\/wp-json\/wp\/v2\/users\/2"}],"replies":[{"embeddable":true,"href":"https:\/\/destination-commingespyrenees.prep.faire-savoir.eu\/en\/wp-json\/wp\/v2\/comments?post=3530"}],"version-history":[{"count":2,"href":"https:\/\/destination-commingespyrenees.prep.faire-savoir.eu\/en\/wp-json\/wp\/v2\/pages\/3530\/revisions"}],"predecessor-version":[{"id":3534,"href":"https:\/\/destination-commingespyrenees.prep.faire-savoir.eu\/en\/wp-json\/wp\/v2\/pages\/3530\/revisions\/3534"}],"up":[{"embeddable":true,"href":"https:\/\/destination-commingespyrenees.prep.faire-savoir.eu\/en\/wp-json\/wp\/v2\/pages\/4343"}],"wp:featuredmedia":[{"embeddable":true,"href":"https:\/\/destination-commingespyrenees.prep.faire-savoir.eu\/en\/wp-json\/wp\/v2\/media\/3529"}],"wp:attachment":[{"href":"https:\/\/destination-commingespyrenees.prep.faire-savoir.eu\/en\/wp-json\/wp\/v2\/media?parent=3530"}],"wp:term":[{"taxonomy":"experience_category","embeddable":true,"href":"https:\/\/destination-commingespyrenees.prep.faire-savoir.eu\/en\/wp-json\/wp\/v2\/experience_category?post=3530"}],"curies":[{"name":"wp","href":"https:\/\/api.w.org\/{rel}","templated":true}]}}