{"id":3430,"date":"2026-03-06T16:33:23","date_gmt":"2026-03-06T15:33:23","guid":{"rendered":"https:\/\/destination-commingespyrenees.prep.faire-savoir.eu\/seminars-and-conventions\/leisure-groups\/"},"modified":"2026-04-20T11:47:01","modified_gmt":"2026-04-20T09:47:01","slug":"leisure-groups","status":"publish","type":"page","link":"https:\/\/destination-commingespyrenees.prep.faire-savoir.eu\/en\/seminars-and-conventions\/leisure-groups\/","title":{"rendered":"Leisure groups"},"content":{"rendered":"\n<section class=\"wp-block-cover alignfull pattern-hero-section\"><img loading=\"lazy\" decoding=\"async\" width=\"2048\" height=\"1151\" class=\"wp-block-cover__image-background wp-image-1598 size-full\" alt=\"Visites Groupes Loisirs - coll\u00e9giale de Saint-Gaudens\" src=\"https:\/\/destination-commingespyrenees.prep.faire-savoir.eu\/wp-content\/uploads\/2026\/03\/collegiale-CC-CCC-scaled.jpg\" data-object-fit=\"cover\" srcset=\"https:\/\/destination-commingespyrenees.prep.faire-savoir.eu\/wp-content\/uploads\/2026\/03\/collegiale-CC-CCC-scaled.jpg 2048w, https:\/\/destination-commingespyrenees.prep.faire-savoir.eu\/wp-content\/uploads\/2026\/03\/collegiale-CC-CCC-800x450.jpg 800w, https:\/\/destination-commingespyrenees.prep.faire-savoir.eu\/wp-content\/uploads\/2026\/03\/collegiale-CC-CCC-1600x899.jpg 1600w, https:\/\/destination-commingespyrenees.prep.faire-savoir.eu\/wp-content\/uploads\/2026\/03\/collegiale-CC-CCC-768x432.jpg 768w, https:\/\/destination-commingespyrenees.prep.faire-savoir.eu\/wp-content\/uploads\/2026\/03\/collegiale-CC-CCC-1536x863.jpg 1536w\" sizes=\"auto, (max-width: 2048px) 100vw, 2048px\" \/><span aria-hidden=\"true\" class=\"wp-block-cover__background has-background-dim-40 has-background-dim wp-block-cover__gradient-background has-background-gradient\" style=\"background:linear-gradient(180deg,rgb(0,0,0) 0%,rgba(0,0,0,0) 50%,rgba(0,0,0) 100%)\"><\/span><div class=\"wp-block-cover__inner-container has-global-padding is-layout-constrained wp-block-cover-is-layout-constrained\">\n<div class=\"wp-block-group alignwide is-layout-flow wp-block-group-is-layout-flow\"><h1 class=\"is-style-decorated wp-block-post-title\">Leisure groups<\/h1>\n\n\n<p class=\"has-medium-font-size\" style=\"font-style:normal;font-weight:700\">Put together a unique stay in Comminges Pyr\u00e9n\u00e9es.<\/p>\n\n\n\n<p>Guided tours, group meals, accommodation and a range of activities\u2014get in touch.<\/p>\n<\/div>\n<\/div><\/section>\n\n<section class=\"wp-block-group alignfull pattern-breadcrumb has-global-padding is-layout-constrained wp-block-group-is-layout-constrained\">\n<div class=\"wp-block-group alignwide is-layout-flow wp-block-group-is-layout-flow\"><nav aria-label=\"breadcrumbs\" class=\"rank-math-breadcrumb\"><p><span class=\"last\">Accueil<\/span><\/p><\/nav><\/div>\n<\/section>\n\n<section class=\"wp-block-group alignfull pattern-media-text has-global-padding is-layout-constrained wp-block-group-is-layout-constrained\">\n<div class=\"wp-block-columns are-vertically-aligned-center is-layout-flex wp-container-core-columns-is-layout-28f84493 wp-block-columns-is-layout-flex\">\n<div class=\"wp-block-column is-vertically-aligned-center is-layout-flow wp-block-column-is-layout-flow\" style=\"flex-basis:50%\">\n<figure data-wp-context=\"{&quot;imageId&quot;:&quot;69ff82ec1cd1e&quot;}\" data-wp-interactive=\"core\/image\" data-wp-key=\"69ff82ec1cd1e\" class=\"wp-block-image size-large wp-lightbox-container\"><img decoding=\"async\" data-wp-class--hide=\"state.isContentHidden\" data-wp-class--show=\"state.isContentVisible\" data-wp-init=\"callbacks.setButtonStyles\" data-wp-on--click=\"actions.showLightbox\" data-wp-on--load=\"callbacks.setButtonStyles\" data-wp-on-window--resize=\"callbacks.setButtonStyles\" src=\"https:\/\/destination-commingespyrenees.prep.faire-savoir.eu\/wp-content\/uploads\/2026\/03\/canoe-kayak&#xA9;ARCensCIEL-6-1600x1200.jpg\" alt=\"leisure groups. Canoeing\" class=\"wp-image-1594\" \/><button\n\t\t\tclass=\"lightbox-trigger\"\n\t\t\ttype=\"button\"\n\t\t\taria-haspopup=\"dialog\"\n\t\t\taria-label=\"Enlarge\"\n\t\t\tdata-wp-init=\"callbacks.initTriggerButton\"\n\t\t\tdata-wp-on--click=\"actions.showLightbox\"\n\t\t\tdata-wp-style--right=\"state.imageButtonRight\"\n\t\t\tdata-wp-style--top=\"state.imageButtonTop\"\n\t\t>\n\t\t\t<svg xmlns=\"http:\/\/www.w3.org\/2000\/svg\" width=\"12\" height=\"12\" fill=\"none\" viewBox=\"0 0 12 12\">\n\t\t\t\t<path fill=\"#fff\" d=\"M2 0a2 2 0 0 0-2 2v2h1.5V2a.5.5 0 0 1 .5-.5h2V0H2Zm2 10.5H2a.5.5 0 0 1-.5-.5V8H0v2a2 2 0 0 0 2 2h2v-1.5ZM8 12v-1.5h2a.5.5 0 0 0 .5-.5V8H12v2a2 2 0 0 1-2 2H8Zm2-12a2 2 0 0 1 2 2v2h-1.5V2a.5.5 0 0 0-.5-.5H8V0h2Z\" \/>\n\t\t\t<\/svg>\n\t\t<\/button><\/figure>\n<\/div>\n\n\n\n<div class=\"wp-block-column is-vertically-aligned-center is-layout-flow wp-block-column-is-layout-flow\" style=\"flex-basis:50%\">\n<h2 class=\"wp-block-heading is-style-underlined\">\u00e0 la carte<\/h2>\n\n\n\n<p><strong>Heritage and culture, outdoor activities or a festive moment\u2014come and enjoy exclusive experiences in Comminges Pyr\u00e9n\u00e9es.<\/strong><\/p>\n\n\n\n<p><strong>Heritage and culture<\/strong>: guided tours of the Capital of Comminges, via the medieval village of Aurignac or the Ch\u00e2teau de Valmirande\u2014Comminges is full of treasures.<\/p>\n\n\n\n<p><strong>Nature and the outdoors<\/strong>: walking, road cycling or mountain biking, climbing, archery\u2014these are just a tiny part of the destination\u2019s outdoor activities.<\/p>\n\n\n\n<p><strong>Local flavours<\/strong>: meet all kinds of producers, and enjoy friendly meals at an inn, in local restaurants or on the farm, all year round.<\/p>\n\n\n\n<p><strong>Festive moments<\/strong>: festivals, concerts, shows, tailor-made entertainment to celebrate your reunion.<\/p>\n\n\n\n<div class=\"wp-block-buttons is-layout-flex wp-block-buttons-is-layout-flex\">\n<div class=\"wp-block-button is-style-fill\"><a class=\"wp-block-button__link wp-element-button\" href=\"https:\/\/www.calameo.com\/read\/0011731154cb919857f4b\" target=\"_blank\" rel=\"noopener\">Download the brochure<\/a><\/div>\n<\/div>\n<\/div>\n<\/div>\n<\/section>\n\n<p><\/p>\n\n<section class=\"wp-block-group alignfull pattern-media-text has-global-padding is-layout-constrained wp-block-group-is-layout-constrained\">\n<div class=\"wp-block-columns are-vertically-aligned-center is-layout-flex wp-container-core-columns-is-layout-28f84493 wp-block-columns-is-layout-flex\">\n<div class=\"wp-block-column is-vertically-aligned-center is-layout-flow wp-block-column-is-layout-flow\" style=\"flex-basis:50%\">\n<figure data-wp-context=\"{&quot;imageId&quot;:&quot;69ff82ec1e1ba&quot;}\" data-wp-interactive=\"core\/image\" data-wp-key=\"69ff82ec1e1ba\" class=\"wp-block-image size-full wp-lightbox-container\"><img loading=\"lazy\" decoding=\"async\" width=\"752\" height=\"601\" data-wp-class--hide=\"state.isContentHidden\" data-wp-class--show=\"state.isContentVisible\" data-wp-init=\"callbacks.setButtonStyles\" data-wp-on--click=\"actions.showLightbox\" data-wp-on--load=\"callbacks.setButtonStyles\" data-wp-on-window--resize=\"callbacks.setButtonStyles\" src=\"https:\/\/destination-commingespyrenees.prep.faire-savoir.eu\/wp-content\/uploads\/2026\/01\/TH-logo.jpg\" alt=\"Tourism &amp;amp; Disability label\" class=\"wp-image-713\" \/><button\n\t\t\tclass=\"lightbox-trigger\"\n\t\t\ttype=\"button\"\n\t\t\taria-haspopup=\"dialog\"\n\t\t\taria-label=\"Enlarge\"\n\t\t\tdata-wp-init=\"callbacks.initTriggerButton\"\n\t\t\tdata-wp-on--click=\"actions.showLightbox\"\n\t\t\tdata-wp-style--right=\"state.imageButtonRight\"\n\t\t\tdata-wp-style--top=\"state.imageButtonTop\"\n\t\t>\n\t\t\t<svg xmlns=\"http:\/\/www.w3.org\/2000\/svg\" width=\"12\" height=\"12\" fill=\"none\" viewBox=\"0 0 12 12\">\n\t\t\t\t<path fill=\"#fff\" d=\"M2 0a2 2 0 0 0-2 2v2h1.5V2a.5.5 0 0 1 .5-.5h2V0H2Zm2 10.5H2a.5.5 0 0 1-.5-.5V8H0v2a2 2 0 0 0 2 2h2v-1.5ZM8 12v-1.5h2a.5.5 0 0 0 .5-.5V8H12v2a2 2 0 0 1-2 2H8Zm2-12a2 2 0 0 1 2 2v2h-1.5V2a.5.5 0 0 0-.5-.5H8V0h2Z\" \/>\n\t\t\t<\/svg>\n\t\t<\/button><\/figure>\n<\/div>\n\n\n\n<div class=\"wp-block-column is-vertically-aligned-center is-layout-flow wp-block-column-is-layout-flow\" style=\"flex-basis:50%\">\n<h2 class=\"wp-block-heading is-style-underlined\">Accessibility<\/h2>\n\n\n\n<p><strong>The Tourist Office has listed many offers accessible to people with disabilities.<\/strong><\/p>\n\n\n\n<p>Many partnerships with sites, restaurants and accommodation providers have been developed to meet different types of disability (mobility, visual, hearing, intellectual), so everyone can enjoy the destination. Each stage of your stay is planned to ensure safety, accessibility and shared enjoyment.<\/p>\n\n\n\n<div class=\"wp-block-buttons is-layout-flex wp-block-buttons-is-layout-flex\">\n<div class=\"wp-block-button is-style-fill\"><a class=\"wp-block-button__link wp-element-button\" href=\"https:\/\/destination-commingespyrenees.prep.faire-savoir.eu\/en\/nos-engagements\/\">Our Commitments<\/a><\/div>\n<\/div>\n<\/div>\n<\/div>\n<\/section>\n\n<p><\/p>\n","protected":false},"excerpt":{"rendered":"<p>\u00e0 la carte Heritage and culture, outdoor activities or a festive moment\u2014come and enjoy exclusive experiences in Comminges Pyr\u00e9n\u00e9es. Heritage and culture: guided tours of the Capital of Comminges, via the medieval village of Aurignac or the Ch\u00e2teau de Valmirande\u2014Comminges is full of treasures. Nature and the outdoors: walking, road cycling or mountain biking, climbing, [&hellip;]<\/p>\n","protected":false},"author":2,"featured_media":3428,"parent":3419,"menu_order":0,"comment_status":"closed","ping_status":"closed","template":"","meta":{"_acf_changed":false,"footnotes":""},"experience_category":[],"class_list":["post-3430","page","type-page","status-publish","has-post-thumbnail","hentry"],"acf":[],"_links":{"self":[{"href":"https:\/\/destination-commingespyrenees.prep.faire-savoir.eu\/en\/wp-json\/wp\/v2\/pages\/3430","targetHints":{"allow":["GET"]}}],"collection":[{"href":"https:\/\/destination-commingespyrenees.prep.faire-savoir.eu\/en\/wp-json\/wp\/v2\/pages"}],"about":[{"href":"https:\/\/destination-commingespyrenees.prep.faire-savoir.eu\/en\/wp-json\/wp\/v2\/types\/page"}],"author":[{"embeddable":true,"href":"https:\/\/destination-commingespyrenees.prep.faire-savoir.eu\/en\/wp-json\/wp\/v2\/users\/2"}],"replies":[{"embeddable":true,"href":"https:\/\/destination-commingespyrenees.prep.faire-savoir.eu\/en\/wp-json\/wp\/v2\/comments?post=3430"}],"version-history":[{"count":2,"href":"https:\/\/destination-commingespyrenees.prep.faire-savoir.eu\/en\/wp-json\/wp\/v2\/pages\/3430\/revisions"}],"predecessor-version":[{"id":3433,"href":"https:\/\/destination-commingespyrenees.prep.faire-savoir.eu\/en\/wp-json\/wp\/v2\/pages\/3430\/revisions\/3433"}],"up":[{"embeddable":true,"href":"https:\/\/destination-commingespyrenees.prep.faire-savoir.eu\/en\/wp-json\/wp\/v2\/pages\/3419"}],"wp:featuredmedia":[{"embeddable":true,"href":"https:\/\/destination-commingespyrenees.prep.faire-savoir.eu\/en\/wp-json\/wp\/v2\/media\/3428"}],"wp:attachment":[{"href":"https:\/\/destination-commingespyrenees.prep.faire-savoir.eu\/en\/wp-json\/wp\/v2\/media?parent=3430"}],"wp:term":[{"taxonomy":"experience_category","embeddable":true,"href":"https:\/\/destination-commingespyrenees.prep.faire-savoir.eu\/en\/wp-json\/wp\/v2\/experience_category?post=3430"}],"curies":[{"name":"wp","href":"https:\/\/api.w.org\/{rel}","templated":true}]}}