{"id":3294,"date":"2026-03-17T10:08:12","date_gmt":"2026-03-17T09:08:12","guid":{"rendered":"https:\/\/destination-commingespyrenees.prep.faire-savoir.eu\/destination-highlights\/festivals\/"},"modified":"2026-04-20T09:44:39","modified_gmt":"2026-04-20T07:44:39","slug":"festivals","status":"publish","type":"page","link":"https:\/\/destination-commingespyrenees.prep.faire-savoir.eu\/en\/destination-highlights\/festivals\/","title":{"rendered":"Festivals"},"content":{"rendered":"\n<section class=\"wp-block-cover alignfull pattern-hero-section\" style=\"min-height:430px;aspect-ratio:unset;\"><img loading=\"lazy\" decoding=\"async\" width=\"2048\" height=\"1365\" class=\"wp-block-cover__image-background wp-image-2060 size-full\" alt=\"Festivals : Jazz en Comminges Destination Comminges Pyr\u00e9n\u00e9es \u00e0 Saint-Gaudens\" src=\"https:\/\/destination-commingespyrenees.prep.faire-savoir.eu\/wp-content\/uploads\/2026\/03\/Arturo-Sandoval-2-scaled.jpg\" data-object-fit=\"cover\" srcset=\"https:\/\/destination-commingespyrenees.prep.faire-savoir.eu\/wp-content\/uploads\/2026\/03\/Arturo-Sandoval-2-scaled.jpg 2048w, https:\/\/destination-commingespyrenees.prep.faire-savoir.eu\/wp-content\/uploads\/2026\/03\/Arturo-Sandoval-2-800x533.jpg 800w, https:\/\/destination-commingespyrenees.prep.faire-savoir.eu\/wp-content\/uploads\/2026\/03\/Arturo-Sandoval-2-1600x1067.jpg 1600w, https:\/\/destination-commingespyrenees.prep.faire-savoir.eu\/wp-content\/uploads\/2026\/03\/Arturo-Sandoval-2-768x512.jpg 768w, https:\/\/destination-commingespyrenees.prep.faire-savoir.eu\/wp-content\/uploads\/2026\/03\/Arturo-Sandoval-2-1536x1024.jpg 1536w\" sizes=\"auto, (max-width: 2048px) 100vw, 2048px\" \/><span aria-hidden=\"true\" class=\"wp-block-cover__background has-background-dim-40 has-background-dim wp-block-cover__gradient-background has-background-gradient\" style=\"background:linear-gradient(180deg,rgb(0,0,0) 0%,rgba(0,0,0,0) 50%,rgba(0,0,0) 100%)\"><\/span><div class=\"wp-block-cover__inner-container has-global-padding is-layout-constrained wp-block-cover-is-layout-constrained\">\n<div class=\"wp-block-group alignwide is-layout-flow wp-block-group-is-layout-flow\"><h1 class=\"wp-block-post-title\">Festivals<\/h1>\n\n\n<p class=\"has-medium-font-size\" style=\"font-style:normal;font-weight:700\"><strong>A cultural scene spanning music, cinema and live performance<\/strong> in the heart of the Comminges Pyr\u00e9n\u00e9es destination<\/p>\n<\/div>\n<\/div><\/section>\n\n<section class=\"wp-block-group alignfull pattern-breadcrumb has-global-padding is-layout-constrained wp-block-group-is-layout-constrained\">\n<div class=\"wp-block-group alignwide is-layout-flow wp-block-group-is-layout-flow\"><nav aria-label=\"breadcrumbs\" class=\"rank-math-breadcrumb\"><p><span class=\"last\">Accueil<\/span><\/p><\/nav><\/div>\n<\/section>\n\n<h3 class=\"wp-block-heading\">Festivals not to be missed in Comminges Pyr\u00e9n\u00e9es<\/h3>\n\n<p>All year round, the Comminges Pyr\u00e9n\u00e9es destination turns into an open stage with its festivals and cultural events. Music, live shows and art-house cinema follow one another in iconic or unusual venues, for unforgettable moments of sharing and discovery. <\/p>\n\n<div class=\"wp-block-buttons is-layout-flex wp-block-buttons-is-layout-flex\">\n<div class=\"wp-block-button is-style-fill\"><a class=\"wp-block-button__link wp-element-button\" href=\"https:\/\/destination-commingespyrenees.prep.faire-savoir.eu\/accueil\/espace-pro\/mon-evenement\/\">View the full calendar<\/a><\/div>\n<\/div>\n\n<p>THUMBNAIL BLOCK HIGHLIGHTS ENTERED AND PAGES CREATED THUMBNAILS OF ENTERED FMA<\/p>\n","protected":false},"excerpt":{"rendered":"<p>Festivals not to be missed in Comminges Pyr\u00e9n\u00e9es All year round, the Comminges Pyr\u00e9n\u00e9es destination turns into an open stage with its festivals and cultural events. Music, live shows and art-house cinema follow one another in iconic or unusual venues, for unforgettable moments of sharing and discovery. THUMBNAIL BLOCK HIGHLIGHTS ENTERED AND PAGES CREATED THUMBNAILS [&hellip;]<\/p>\n","protected":false},"author":3,"featured_media":3293,"parent":3283,"menu_order":0,"comment_status":"closed","ping_status":"closed","template":"","meta":{"_acf_changed":false,"footnotes":""},"experience_category":[],"class_list":["post-3294","page","type-page","status-publish","has-post-thumbnail","hentry"],"acf":[],"_links":{"self":[{"href":"https:\/\/destination-commingespyrenees.prep.faire-savoir.eu\/en\/wp-json\/wp\/v2\/pages\/3294","targetHints":{"allow":["GET"]}}],"collection":[{"href":"https:\/\/destination-commingespyrenees.prep.faire-savoir.eu\/en\/wp-json\/wp\/v2\/pages"}],"about":[{"href":"https:\/\/destination-commingespyrenees.prep.faire-savoir.eu\/en\/wp-json\/wp\/v2\/types\/page"}],"author":[{"embeddable":true,"href":"https:\/\/destination-commingespyrenees.prep.faire-savoir.eu\/en\/wp-json\/wp\/v2\/users\/3"}],"replies":[{"embeddable":true,"href":"https:\/\/destination-commingespyrenees.prep.faire-savoir.eu\/en\/wp-json\/wp\/v2\/comments?post=3294"}],"version-history":[{"count":2,"href":"https:\/\/destination-commingespyrenees.prep.faire-savoir.eu\/en\/wp-json\/wp\/v2\/pages\/3294\/revisions"}],"predecessor-version":[{"id":3296,"href":"https:\/\/destination-commingespyrenees.prep.faire-savoir.eu\/en\/wp-json\/wp\/v2\/pages\/3294\/revisions\/3296"}],"up":[{"embeddable":true,"href":"https:\/\/destination-commingespyrenees.prep.faire-savoir.eu\/en\/wp-json\/wp\/v2\/pages\/3283"}],"wp:featuredmedia":[{"embeddable":true,"href":"https:\/\/destination-commingespyrenees.prep.faire-savoir.eu\/en\/wp-json\/wp\/v2\/media\/3293"}],"wp:attachment":[{"href":"https:\/\/destination-commingespyrenees.prep.faire-savoir.eu\/en\/wp-json\/wp\/v2\/media?parent=3294"}],"wp:term":[{"taxonomy":"experience_category","embeddable":true,"href":"https:\/\/destination-commingespyrenees.prep.faire-savoir.eu\/en\/wp-json\/wp\/v2\/experience_category?post=3294"}],"curies":[{"name":"wp","href":"https:\/\/api.w.org\/{rel}","templated":true}]}}