{"id":3283,"date":"2026-03-13T09:59:04","date_gmt":"2026-03-13T08:59:04","guid":{"rendered":"https:\/\/destination-commingespyrenees.prep.faire-savoir.eu\/destination-highlights\/"},"modified":"2026-04-21T10:55:56","modified_gmt":"2026-04-21T08:55:56","slug":"destination-highlights","status":"publish","type":"page","link":"https:\/\/destination-commingespyrenees.prep.faire-savoir.eu\/en\/destination-highlights\/","title":{"rendered":"Destination Highlights"},"content":{"rendered":"\n<section class=\"wp-block-cover alignfull pattern-hero-section\" style=\"min-height:430px;aspect-ratio:unset;\"><img loading=\"lazy\" decoding=\"async\" width=\"1128\" height=\"741\" class=\"wp-block-cover__image-background wp-image-2045 size-full\" alt=\"temps forts de la destination. manifestations\n\" src=\"https:\/\/destination-commingespyrenees.prep.faire-savoir.eu\/wp-content\/uploads\/2026\/03\/folkolor-festival-montrejeau.png\" style=\"object-position:36% 27%\" data-object-fit=\"cover\" data-object-position=\"36% 27%\" srcset=\"https:\/\/destination-commingespyrenees.prep.faire-savoir.eu\/wp-content\/uploads\/2026\/03\/folkolor-festival-montrejeau.png 1128w, https:\/\/destination-commingespyrenees.prep.faire-savoir.eu\/wp-content\/uploads\/2026\/03\/folkolor-festival-montrejeau-800x526.png 800w, https:\/\/destination-commingespyrenees.prep.faire-savoir.eu\/wp-content\/uploads\/2026\/03\/folkolor-festival-montrejeau-768x505.png 768w\" sizes=\"auto, (max-width: 1128px) 100vw, 1128px\" \/><span aria-hidden=\"true\" class=\"wp-block-cover__background has-background-dim-40 has-background-dim wp-block-cover__gradient-background has-background-gradient\" style=\"background:linear-gradient(180deg,rgb(0,0,0) 0%,rgba(0,0,0,0) 50%,rgba(0,0,0) 100%)\"><\/span><div class=\"wp-block-cover__inner-container has-global-padding is-layout-constrained wp-block-cover-is-layout-constrained\">\n<div class=\"wp-block-group alignwide is-layout-flow wp-block-group-is-layout-flow\"><h1 class=\"wp-block-post-title\">Destination Highlights<\/h1>\n\n\n<p class=\"has-medium-font-size\" style=\"font-style:normal;font-weight:700\"><strong>Discover the cultural, sporting, and gourmet highlights that bring our region to life throughout the year. So many events where we can&#8217;t wait to see you!<\/strong><\/p>\n<\/div>\n<\/div><\/section>\n\n<section class=\"wp-block-group alignfull pattern-breadcrumb has-global-padding is-layout-constrained wp-block-group-is-layout-constrained\">\n<div class=\"wp-block-group alignwide is-layout-flow wp-block-group-is-layout-flow\"><nav aria-label=\"breadcrumbs\" class=\"rank-math-breadcrumb\"><p><span class=\"last\">Accueil<\/span><\/p><\/nav><\/div>\n<\/section>\n\n<p>Come to Comminges Pyr\u00e9n\u00e9es, you are sure to find entertainment with the destination&#8217;s highlights. All year long, Destination Comminges Pyr\u00e9n\u00e9es pulsates with the rhythm of its events and traditions. Festivals, village f\u00eates, sporting events, gourmet markets, or cultural events: so many opportunities to discover the authenticity and conviviality of the region. <br\/>The Highlights showcase the unmissable events that bring the destination to life and gather residents and visitors in a festive and warm atmosphere.<br\/><br\/>So, when will you visit?<\/p>\n\n<div class=\"wp-block-buttons is-layout-flex wp-block-buttons-is-layout-flex\">\n<div class=\"wp-block-button is-style-fill\"><a class=\"wp-block-button__link wp-element-button\" href=\"https:\/\/destination-commingespyrenees.prep.faire-savoir.eu\/espace-pro\/mon-evenement\/\">View the full agenda<\/a><\/div>\n\n\n\n<div class=\"wp-block-button is-style-fill\"><a class=\"wp-block-button__link wp-element-button\" href=\"https:\/\/www.coeurcoteaux-comminges.fr\/agenda-133\" target=\"_blank\" rel=\"noopener\">+ community of communes agenda<\/a><\/div>\n<\/div>\n\n<p>ADD THUMBNAIL BLOCK FOR ALL HIGHLIGHT TYPES THAT LINKS TO EACH CREATED PAGE<\/p>\n\n<p><\/p>\n","protected":false},"excerpt":{"rendered":"<p>Come to Comminges Pyr\u00e9n\u00e9es, you are sure to find entertainment with the destination&#8217;s highlights. All year long, Destination Comminges Pyr\u00e9n\u00e9es pulsates with the rhythm of its events and traditions. Festivals, village f\u00eates, sporting events, gourmet markets, or cultural events: so many opportunities to discover the authenticity and conviviality of the region. The Highlights showcase the [&hellip;]<\/p>\n","protected":false},"author":3,"featured_media":3282,"parent":0,"menu_order":0,"comment_status":"closed","ping_status":"closed","template":"","meta":{"_acf_changed":false,"footnotes":""},"experience_category":[],"class_list":["post-3283","page","type-page","status-publish","has-post-thumbnail","hentry"],"acf":[],"_links":{"self":[{"href":"https:\/\/destination-commingespyrenees.prep.faire-savoir.eu\/en\/wp-json\/wp\/v2\/pages\/3283","targetHints":{"allow":["GET"]}}],"collection":[{"href":"https:\/\/destination-commingespyrenees.prep.faire-savoir.eu\/en\/wp-json\/wp\/v2\/pages"}],"about":[{"href":"https:\/\/destination-commingespyrenees.prep.faire-savoir.eu\/en\/wp-json\/wp\/v2\/types\/page"}],"author":[{"embeddable":true,"href":"https:\/\/destination-commingespyrenees.prep.faire-savoir.eu\/en\/wp-json\/wp\/v2\/users\/3"}],"replies":[{"embeddable":true,"href":"https:\/\/destination-commingespyrenees.prep.faire-savoir.eu\/en\/wp-json\/wp\/v2\/comments?post=3283"}],"version-history":[{"count":4,"href":"https:\/\/destination-commingespyrenees.prep.faire-savoir.eu\/en\/wp-json\/wp\/v2\/pages\/3283\/revisions"}],"predecessor-version":[{"id":4068,"href":"https:\/\/destination-commingespyrenees.prep.faire-savoir.eu\/en\/wp-json\/wp\/v2\/pages\/3283\/revisions\/4068"}],"wp:featuredmedia":[{"embeddable":true,"href":"https:\/\/destination-commingespyrenees.prep.faire-savoir.eu\/en\/wp-json\/wp\/v2\/media\/3282"}],"wp:attachment":[{"href":"https:\/\/destination-commingespyrenees.prep.faire-savoir.eu\/en\/wp-json\/wp\/v2\/media?parent=3283"}],"wp:term":[{"taxonomy":"experience_category","embeddable":true,"href":"https:\/\/destination-commingespyrenees.prep.faire-savoir.eu\/en\/wp-json\/wp\/v2\/experience_category?post=3283"}],"curies":[{"name":"wp","href":"https:\/\/api.w.org\/{rel}","templated":true}]}}